{"id":18282,"date":"2024-01-31T14:16:48","date_gmt":"2024-01-31T12:16:48","guid":{"rendered":"http:\/\/labostera.lt\/?post_type=product&#038;p=18282"},"modified":"2024-01-31T15:44:43","modified_gmt":"2024-01-31T13:44:43","slug":"pastatomas-perdavimo-liukas-bioair-safethrough-pass-through-hatch","status":"publish","type":"product","link":"https:\/\/labostera.lt\/lv\/priemones-ir-iranga\/laboratorine-iranga\/pastatomas-perdavimo-liukas-bioair-safethrough-pass-through-hatch\/","title":{"rendered":"BioAir Safethrough caurlaides l\u016bka"},"content":{"rendered":"<h2><strong>BioAir SpA Safethrough p\u0101rn\u0113s\u0101jam\u0101 p\u0101rvieto\u0161anas l\u016bka<\/strong><\/h2>\n<p>\n  Sakraujamas p\u0101rvieto\u0161anas l\u016bkas aizsarg\u0101 kritiski svar\u012bgas vides, \u013caujot p\u0101rvietot materi\u0101lus no vienas telpas uz citu. Materi\u0101lus var p\u0101rvietot abos virzienos caur revers\u012bv\u0101m durv\u012bm. Safethrough iek\u0101rtas var b\u016bt pas\u012bvas vai t\u0101m var b\u016bt viens vai vair\u0101ki sanit\u0101rijas cikli (LAF; UV; iztvaic\u0113ts H2O2; \u0101r\u0113j\u0101 VHP sist\u0113ma).\n<\/p>\n<h3>SPECIFIK\u0100CIJAS<\/h3>\n<ul>\n<li>Akt\u012bv\u0101 ventil\u0101cija, HVAC vai neventil\u0113jama tipa.<\/li>\n<li>Piln\u012bb\u0101 izgatavots no ner\u016bs\u0113jo\u0161\u0101 t\u0113rauda AISI 304 vai AISI 316.<\/li>\n<li>Kameru virsmas un plaukti ar noapa\u013cotiem st\u016briem viscaur.<\/li>\n<li>Plauktu virsmu izv\u0113le: perfor\u0113ts vai ciets, \u0161\u0137idrumu saglab\u0101jo\u0161s krauk\u0161\u0137\u012bgs.<\/li>\n<li>Ner\u016bs\u0113jo\u0161\u0101 t\u0113rauda durvju r\u0101mis ar lamin\u0113tu dro\u0161\u012bbas stiklu, 6 mm biezs siets.<\/li>\n<li>Pla\u0161a virsb\u016bves izm\u0113ru izv\u0113le.<\/li>\n<\/ul>\n<h3>Ieb\u016bv\u0113t\u0101s p\u0101rs\u016bt\u012b\u0161anas l\u016bkas \u2013 <a href=\"http:\/\/labostera.lt\/lv\/product-brand\/bioair-s-p-a\/\">BioAir laboratorijas m\u0113be\u013cu grupa<\/a><\/h3>\n<p>Vair\u0101k inform\u0101cijas: <strong><a href=\"https:\/\/www.bioair.it\/en\/we-make\/products\/industrial\/safethrough.php\" target=\"_blank\" rel=\"noopener nofollow\">ra\u017eot\u0101ja t\u012bmek\u013ca vietn\u0113<\/a><\/strong> vai nos\u016btiet mums piepras\u012bjumu!<\/p>","protected":false},"excerpt":{"rendered":"<p>BioAir Safethrough \u2013 p\u0101rn\u0113s\u0101jama p\u0101rvieto\u0161anas l\u016bka. Dro\u0161a materi\u0101lu p\u0101rvieto\u0161ana starp telp\u0101m. Izgatavots no ner\u016bs\u0113jo\u0161\u0101 t\u0113rauda. Ar papildu sanit\u0101rijas cikliem.<\/p>","protected":false},"featured_media":18284,"template":"","meta":[],"product_cat":[76,121,129],"product_tag":[655,671,670],"class_list":{"0":"post-18282","1":"product","2":"type-product","3":"status-publish","4":"has-post-thumbnail","6":"product_brand-bioair-s-p-a","7":"product_cat-laboratorine-iranga","8":"product_cat-laminarai-ir-traukos-spintos","9":"product_cat-svarstykles","10":"product_tag-bioair-s-p-a","11":"product_tag-pass-through-hatches","12":"product_tag-pastatomi-perdavimo-liukai","14":"first","15":"onbackorder","16":"shipping-taxable","17":"purchasable","18":"product-type-simple"},"_links":{"self":[{"href":"https:\/\/labostera.lt\/lv\/wp-json\/wp\/v2\/product\/18282","targetHints":{"allow":["GET"]}}],"collection":[{"href":"https:\/\/labostera.lt\/lv\/wp-json\/wp\/v2\/product"}],"about":[{"href":"https:\/\/labostera.lt\/lv\/wp-json\/wp\/v2\/types\/product"}],"wp:featuredmedia":[{"embeddable":true,"href":"https:\/\/labostera.lt\/lv\/wp-json\/wp\/v2\/media\/18284"}],"wp:attachment":[{"href":"https:\/\/labostera.lt\/lv\/wp-json\/wp\/v2\/media?parent=18282"}],"wp:term":[{"taxonomy":"product_cat","embeddable":true,"href":"https:\/\/labostera.lt\/lv\/wp-json\/wp\/v2\/product_cat?post=18282"},{"taxonomy":"product_tag","embeddable":true,"href":"https:\/\/labostera.lt\/lv\/wp-json\/wp\/v2\/product_tag?post=18282"}],"curies":[{"name":"wp","href":"https:\/\/api.w.org\/{rel}","templated":true}]}}