{"id":18277,"date":"2024-01-31T13:30:59","date_gmt":"2024-01-31T11:30:59","guid":{"rendered":"http:\/\/labostera.lt\/?post_type=product&#038;p=18277"},"modified":"2024-01-31T14:49:24","modified_gmt":"2024-01-31T12:49:24","slug":"pastatomos-milteliu-svarstykles-bioair-safebooth-walk-in-powder-weighing-cabinet","status":"publish","type":"product","link":"https:\/\/labostera.lt\/lv\/priemones-ir-iranga\/laboratorine-iranga\/pastatomos-milteliu-svarstykles-bioair-safebooth-walk-in-powder-weighing-cabinet\/","title":{"rendered":"BioAir Safebooth pulveru sv\u0113r\u0161anas skapis ar ieb\u016bv\u0113tu ieeju"},"content":{"rendered":"<h2><strong>\u201eBioAir SpA Safebooth galda pulverveida svari<\/strong><\/h2>\n<p>Safebooth ir lejupv\u0113rstas pl\u016bsmas svaru sist\u0113ma pulvera satur\u0113\u0161anai paraugu un doz\u0113\u0161anas oper\u0101cij\u0101s. T\u0101 nodro\u0161ina kontrol\u0113tu vidi nesteriliz\u0113tu un neakt\u012bvu \u0137\u012bmisko un farmaceitisko produktu sv\u0113r\u0161anai, manu\u0101lai apstr\u0101dei un doz\u0113\u0161anai, operatoram atrodoties lamin\u0101r\u0101s gaisa pl\u016bsmas (LAF) zon\u0101.<\/p>\n<p>Standarta m\u0113rvien\u012bba var b\u016bt noder\u012bga, lai sasniegtu nodro\u0161in\u0101\u0161anas l\u012bmeni, kas ir lab\u0101ks par 100 \u03bcg\/m3, atkar\u012bb\u0101 no farmaceitisk\u0101 procesa; izmantojot dro\u0161\u012bbas barjeras, var sasniegt nodro\u0161in\u0101\u0161anas v\u0113rt\u012bbu, kas ir lab\u0101ka par 30 \u03bcg\/m3.<\/p>\n<h3>SPECIFIK\u0100CIJAS<\/h3>\n<ul>\n<li>Piem\u0113rots izm\u0113ru piel\u0101go\u0161anai.<\/li>\n<li>Iek\u0161telpu gaisa t\u012br\u012bbas klase: ISO5 saska\u0146\u0101 ar ISO EN14644-1.<\/li>\n<li>10% izpl\u016bde, 90% recirkul\u0101cija.<\/li>\n<li>Dzes\u0113\u0161anas spole, lai nov\u0113rstu temperat\u016bras paaugstin\u0101\u0161anos darba zon\u0101.<\/li>\n<li>Konfigur\u0113jama priek\u0161filtr\u0101cijas sist\u0113ma (l\u012bdz H13 HEPA filtriem).<\/li>\n<li>Divk\u0101r\u0161a H14 HEPA prim\u0101r\u0101 filtr\u0101cijas sist\u0113ma (LAF un izpl\u016bdes g\u0101zu sist\u0113ma).<\/li>\n<\/ul>\n<h3>Uz gr\u012bdas novietojami pulverveida svari \u2013 <a href=\"http:\/\/labostera.lt\/lv\/product-brand\/bioair-s-p-a\/\">BioAir laboratorijas m\u0113be\u013cu grupa<\/a><\/h3>\n<p>Vair\u0101k inform\u0101cijas: <strong><a href=\"https:\/\/www.bioair.it\/en\/we-make\/products\/industrial\/safebooth.php\" target=\"_blank\" rel=\"noopener nofollow\">ra\u017eot\u0101ja t\u012bmek\u013ca vietn\u0113<\/a><\/strong> vai nos\u016btiet mums piepras\u012bjumu!<\/p>","protected":false},"excerpt":{"rendered":"<p>BioAir Safebooth \u2013 uz gr\u012bdas novietojami pulverveida svari. Efekt\u012bvi pulverveida svari ar operatoru LAF (lamin\u0101r\u0101s gaisa pl\u016bsmas) zon\u0101. P\u0113c izv\u0113les regul\u0113jama filtru sist\u0113ma.<\/p>","protected":false},"featured_media":18280,"template":"","meta":[],"product_cat":[76,121,129],"product_tag":[655,668,669],"class_list":{"0":"post-18277","1":"product","2":"type-product","3":"status-publish","4":"has-post-thumbnail","6":"product_brand-bioair-s-p-a","7":"product_cat-laboratorine-iranga","8":"product_cat-laminarai-ir-traukos-spintos","9":"product_cat-svarstykles","10":"product_tag-bioair-s-p-a","11":"product_tag-pastatomos-svarstykles","12":"product_tag-weighing-cabinets","14":"first","15":"onbackorder","16":"shipping-taxable","17":"purchasable","18":"product-type-simple"},"_links":{"self":[{"href":"https:\/\/labostera.lt\/lv\/wp-json\/wp\/v2\/product\/18277","targetHints":{"allow":["GET"]}}],"collection":[{"href":"https:\/\/labostera.lt\/lv\/wp-json\/wp\/v2\/product"}],"about":[{"href":"https:\/\/labostera.lt\/lv\/wp-json\/wp\/v2\/types\/product"}],"wp:featuredmedia":[{"embeddable":true,"href":"https:\/\/labostera.lt\/lv\/wp-json\/wp\/v2\/media\/18280"}],"wp:attachment":[{"href":"https:\/\/labostera.lt\/lv\/wp-json\/wp\/v2\/media?parent=18277"}],"wp:term":[{"taxonomy":"product_cat","embeddable":true,"href":"https:\/\/labostera.lt\/lv\/wp-json\/wp\/v2\/product_cat?post=18277"},{"taxonomy":"product_tag","embeddable":true,"href":"https:\/\/labostera.lt\/lv\/wp-json\/wp\/v2\/product_tag?post=18277"}],"curies":[{"name":"wp","href":"https:\/\/api.w.org\/{rel}","templated":true}]}}