{"id":18273,"date":"2024-01-31T11:52:31","date_gmt":"2024-01-31T09:52:31","guid":{"rendered":"http:\/\/labostera.lt\/?post_type=product&#038;p=18273"},"modified":"2024-01-31T14:50:00","modified_gmt":"2024-01-31T12:50:00","slug":"saugos-spinta-robotui-bioair-safe-sp-series-safety-cabinet-for-robots","status":"publish","type":"product","link":"https:\/\/labostera.lt\/lv\/priemones-ir-iranga\/laboratorine-iranga\/saugos-spinta-robotui-bioair-safe-sp-series-safety-cabinet-for-robots\/","title":{"rendered":"BioAir Safe SP s\u0113rijas dro\u0161\u012bbas skapis robotiem"},"content":{"rendered":"<h2><strong>BioAir SpA Safe SP s\u0113rijas dro\u0161\u012bbas skapis robotam<\/strong><\/h2>\n<p>Dro\u0161as SP skapji ir izstr\u0101d\u0101ti, lai nodro\u0161in\u0101tu kontrol\u0113tu vidi \u0161\u0137idrumu apstr\u0101des robotiem. Tie nodro\u0161ina t\u0101du pa\u0161u l\u012bmeni k\u0101 II klases skapis, kas defin\u0113ts standart\u0101 EN12469:2000 (Apf &gt;105).<br \/>\nAr iek\u0161\u0113jo platumu l\u012bdz 2,4 m, Safe SP skapji nodro\u0161ina pietiekami daudz vietas \u0113rtam \u0161\u0137idrumu apstr\u0101des robotam.<br \/>\nLai atvieglotu skapja un robota uzst\u0101d\u012b\u0161anu, Safe SP ir paredz\u0113ts piln\u012bgai izjauk\u0161anai pirms pieg\u0101des un atk\u0101rtotai salik\u0161anai uz vietas klientam!<\/p>\n<h3>Galven\u0101s iez\u012bmes<\/h3>\n<ul>\n<li>Galda virsma izgatavota no ner\u016bs\u0113jo\u0161\u0101 t\u0113rauda AISI304.<\/li>\n<li>Iek\u0161\u0113j\u0101s elektr\u012bbas rozetes.<\/li>\n<li>Divi izpl\u016bdes filtri skapja s\u0101nos, lai nov\u0113rstu jumta rad\u012btos trauc\u0113jumus.<\/li>\n<li>Kabe\u013ca izvads caur s\u0101nu logu.<\/li>\n<li>HEPA H14 filtri saska\u0146\u0101 ar EN1822-1 (efektivit\u0101te &gt;99,995% da\u013ci\u0146\u0101m 0,1\u20130,2 mikroniem).<\/li>\n<li>Mikroprocesora vad\u012bts.<\/li>\n<li>LCD displejs ar membr\u0101nas vad\u012bbas elementiem ar m\u012bkstu piesk\u0101rienu.<\/li>\n<li>Paaugstin\u0101ts priek\u0161\u0113jais re\u017e\u0123a panelis nodro\u0161ina augstu efektivit\u0101ti priek\u0161pus\u0113 (Apf &gt;105).<\/li>\n<li>S\u0101nu restes uz darba virsmas lab\u0101kai iek\u0161\u0113j\u0101s gaisa pl\u016bsmas sadal\u012b\u0161anai.<\/li>\n<li>No\u0146emams priek\u0161\u0113jais re\u017e\u0123a panelis \u0113rtai robota uzst\u0101d\u012b\u0161anai\/apkopei.<\/li>\n<li>S\u0101nu kabe\u013cu p\u0101reja.<\/li>\n<li>Divas iek\u0161\u0113j\u0101s elektr\u012bbas rozetes (Shucko\/Europlug standarts).<\/li>\n<li>Piln\u012bb\u0101 izjaucams, lai atvieglotu transport\u0113\u0161anu un uzst\u0101d\u012b\u0161anu.<\/li>\n<li>Divi izm\u0113ri: kop\u0113jais platums 2,4 m un 2,8 m.<\/li>\n<\/ul>\n<h3>Robotu dro\u0161\u012bbas skapji \u2013 <a href=\"http:\/\/labostera.lt\/lv\/product-brand\/bioair-s-p-a\/\">BioAir laboratorijas m\u0113be\u013cu grupa<\/a><\/h3>\n<p>Vair\u0101k inform\u0101cijas: <strong><a href=\"https:\/\/www.bioair.it\/en\/we-make\/products\/industrial\/safe-sp.php\" target=\"_blank\" rel=\"noopener nofollow\">ra\u017eot\u0101ja t\u012bmek\u013ca vietn\u0113<\/a><\/strong> vai nos\u016btiet mums piepras\u012bjumu!<\/p>","protected":false},"excerpt":{"rendered":"<p>BioAir Safehood \u2013 aktiv\u0113t\u0101s ogles filtr\u0101cijas dro\u0161\u012bbas skapis. Jaunas paaudzes bezventil\u0101cijas d\u016bmu kamera, kas nodro\u0161ina person\u012bgo un vides aizsardz\u012bbu no da\u017e\u0101diem toksiskiem izgarojumiem un d\u016bmiem.<\/p>","protected":false},"featured_media":18276,"template":"","meta":[],"product_cat":[76,121],"product_tag":[655,667,666],"class_list":{"0":"post-18273","1":"product","2":"type-product","3":"status-publish","4":"has-post-thumbnail","6":"product_brand-bioair-s-p-a","7":"product_cat-laboratorine-iranga","8":"product_cat-laminarai-ir-traukos-spintos","9":"product_tag-bioair-s-p-a","10":"product_tag-safety-cabinets","11":"product_tag-saugos-spintos","13":"first","14":"onbackorder","15":"shipping-taxable","16":"purchasable","17":"product-type-variable"},"_links":{"self":[{"href":"https:\/\/labostera.lt\/lv\/wp-json\/wp\/v2\/product\/18273","targetHints":{"allow":["GET"]}}],"collection":[{"href":"https:\/\/labostera.lt\/lv\/wp-json\/wp\/v2\/product"}],"about":[{"href":"https:\/\/labostera.lt\/lv\/wp-json\/wp\/v2\/types\/product"}],"wp:featuredmedia":[{"embeddable":true,"href":"https:\/\/labostera.lt\/lv\/wp-json\/wp\/v2\/media\/18276"}],"wp:attachment":[{"href":"https:\/\/labostera.lt\/lv\/wp-json\/wp\/v2\/media?parent=18273"}],"wp:term":[{"taxonomy":"product_cat","embeddable":true,"href":"https:\/\/labostera.lt\/lv\/wp-json\/wp\/v2\/product_cat?post=18273"},{"taxonomy":"product_tag","embeddable":true,"href":"https:\/\/labostera.lt\/lv\/wp-json\/wp\/v2\/product_tag?post=18273"}],"curies":[{"name":"wp","href":"https:\/\/api.w.org\/{rel}","templated":true}]}}