{"id":18268,"date":"2024-01-31T10:56:00","date_gmt":"2024-01-31T08:56:00","guid":{"rendered":"http:\/\/labostera.lt\/?post_type=product&#038;p=18268"},"modified":"2024-01-31T15:58:52","modified_gmt":"2024-01-31T13:58:52","slug":"co2-inkubatorius-bioair-safegrow-pro-co2-incubator","status":"publish","type":"product","link":"https:\/\/labostera.lt\/lv\/priemones-ir-iranga\/laboratorine-iranga\/co2-inkubatorius-bioair-safegrow-pro-co2-incubator\/","title":{"rendered":"CO2 inkubators BioAir Safegrow Pro CO2 inkubators"},"content":{"rendered":"<h2><strong>\u201eBioAir SpA Safegrow Pro CO<sub>2<\/sub> inkubators<\/strong><\/h2>\n<p>BioAir SafeGrow PRO &quot;Tie\u0161\u0101 siltums&quot; CO<sub>2<\/sub> Inkubators ar autom\u0101tisko dekontamin\u0101cijas ciklu ir izstr\u0101d\u0101ts, lai nodro\u0161in\u0101tu stabiliz\u0113tu vidi, kas ir ide\u0101li piem\u0113rota \u0161\u016bnu un audu kult\u016br\u0101m.<br \/>\nTas atbilst \u0161o jomu darbinieku jaun\u0101kaj\u0101m vajadz\u012bb\u0101m, gan tiem, kas str\u0101d\u0101 ar nep\u0101rtrauktas, gan partijveida kult\u016br\u0101m. SafeGrow PRO prec\u012bzi uztur noteiktu CO2 l\u012bmeni.<sub>2<\/sub> procenti,<br \/>\nnodro\u0161inot temperat\u016bras un mitruma vienm\u0113r\u012bgumu, kas ir b\u016btisks vides stabilit\u0101tei, kura nepiecie\u0161ama \u012bpa\u0161i kritiskiem lietojumiem, piem\u0113ram, m\u0101ksl\u012bgajai apaug\u013co\u0161anai un hibridomu kult\u016br\u0101m.<\/p>\n<h3>Lab\u0101kais sav\u0101 klas\u0113 attiec\u012bb\u0101 uz iek\u0161\u0113jo izmantojamo plat\u012bbu un lielu atbalsta virsmu.<\/h3>\n<p>Viena no SafeGrow PRO stipraj\u0101m pus\u0113m ir t\u0101s liel\u0101 iek\u0161\u0113j\u0101 ietilp\u012bba \u2014 188,6 l, kas noz\u012bm\u0113 efekt\u012bvi izmantojamu plat\u012bbu \u2014 140 l (v\u0113rt\u012bba, ar kuru nevar lepoties neviens cits ra\u017eot\u0101js).<br \/>\npateicoties \u012bpa\u0161am stat\u012bvam un 4 plauktu sist\u0113mai, kas nodro\u0161ina 0,23 m2 atbalstu katram plauktam.<\/p>\n<h3>Lab\u0101kais sav\u0101 klas\u0113 optim\u0101liem aug\u0161anas apst\u0101k\u013ciem<\/h3>\n<p>4 tie\u0161i, apstiprin\u0101ti un neatkar\u012bgi vad\u0101mi sildelementi, kas izvietoti kameras 6 pus\u0113s, nodro\u0161ina temperat\u016bras precizit\u0101ti un precizit\u0101ti l\u012bdz 0,1 gr\u0101da starp\u012bbai,<br \/>\nsal\u012bdzin\u0101jum\u0101 ar fiks\u0113tu v\u0113rt\u012bbu. CO<sub>2<\/sub> Procentu\u0101l\u0101 da\u013ca tiek prec\u012bzi uztur\u0113ta, izmantojot jaun\u0101k\u0101s paaudzes IR sensoru. Mitrums 95% ier\u012bc\u0113 tiek nep\u0101rtraukti uztur\u0113ts, izmantojot 2,5 litru ner\u016bs\u0113jo\u0161\u0101 t\u0113rauda papl\u0101ti, ko silda zem\u0101k eso\u0161s elements.<br \/>\nTurkl\u0101t ier\u012bcei ir programm\u0113jams dekontamin\u0101cijas cikls \u201ep\u0113c piepras\u012bjuma\u201d, kas garant\u0113 piln\u012bgu dro\u0161\u012bbu.<\/p>\n<h3>Galven\u0101s iez\u012bmes<\/h3>\n<ul>\n<li>Tie\u0161\u0101 apkures sist\u0113ma, kas nodro\u0161ina lielu iek\u0161\u0113jo tilpumu ar samazin\u0101tiem \u0101r\u0113jiem izm\u0113riem (\u0101r\u0113jie izm\u0113ri (P x A x Dz) mm 680 x 896 x 746)<\/li>\n<li>Iek\u0161\u0113j\u0101 kamera izgatavota no elektropul\u0113ta AISI304 ner\u016bs\u0113jo\u0161\u0101 t\u0113rauda<\/li>\n<li>Nav metin\u0101jumu un noapa\u013coti st\u016bri ar platu r\u0101diusu lab\u0101kai t\u012br\u012b\u0161anai<\/li>\n<li>Plauktu atbalsta sist\u0113ma ir viegli no\u0146emama bez instrumentiem<\/li>\n<li>Stat\u012bvu sist\u0113ma, kas \u013cauj novietot 2 inkubatorus<\/li>\n<li>Cieti vai perfor\u0113ti plaukti<\/li>\n<li>Standarta dekontamin\u0101cijas cikls (125 \u00b0C 4 stundas)<\/li>\n<li>Neakt\u012bva gaisa cirkul\u0101cija bez nepiecie\u0161am\u012bbas p\u0113c filtr\u0101cijas sist\u0113m\u0101m<\/li>\n<li>Pieejams ar vien\u0101m iek\u0161\u0113j\u0101m stikla durv\u012bm vai ar 4 neatkar\u012bg\u0101m sekcij\u0101m<\/li>\n<li>Durvju atv\u0113r\u0161ana pa kreisi vai pa labi (p\u0113c p\u0101rdo\u0161anas nevar main\u012bt)<\/li>\n<li>IR neatkar\u012bga mitruma tehnolo\u0123ija CO<sub>2<\/sub> sensoriem<\/li>\n<li>CO<sub>2<\/sub> atjauno\u0161an\u0101s laiks un strauja temperat\u016bras paaugstin\u0101\u0161an\u0101s (&lt;5 min)<\/li>\n<li>Neakt\u012bva mitrin\u0101\u0161ana (\u016bdens tvertne iek\u013cauta ner\u016bs\u0113jo\u0161\u0101 t\u0113rauda korpus\u0101)<\/li>\n<li>Iek\u0161\u0113jais \u017eurn\u0101ls ar p\u0113d\u0113jo 500 notikumu att\u0113lo\u0161anu ekr\u0101n\u0101<\/li>\n<li>Iesp\u0113ja eksport\u0113t datus, izmantojot RS232 savienojumu, lai izveidotu savienojumu ar \u0101r\u0113j\u0101m uzraudz\u012bbas un datu ierakst\u012b\u0161anas sist\u0113m\u0101m (p\u0113c izv\u0113les: USB adapteris)<\/li>\n<li>Standarta kabe\u013ca ievades caurums iek\u0161\u0113jai kamerai vai papildu sensora uzst\u0101d\u012b\u0161anai<\/li>\n<\/ul>\n<h3>CO<sub>2<\/sub> Inkubatori \u2013 <a href=\"http:\/\/labostera.lt\/lv\/product-brand\/bioair-s-p-a\/\">BioAir laboratorijas m\u0113be\u013cu grupa<\/a><\/h3>\n<p>Vair\u0101k inform\u0101cijas: <strong><a href=\"https:\/\/www.bioair.it\/en\/we-make\/products\/co2-incubators\/safegrow-pro.php\" target=\"_blank\" rel=\"noopener nofollow\">ra\u017eot\u0101ja t\u012bmek\u013ca vietn\u0113<\/a><\/strong> vai nos\u016btiet mums piepras\u012bjumu!<\/p>","protected":false},"excerpt":{"rendered":"<p>BioAir Safegrow Pro \u2013 CO2 inkubators. Stabiliz\u0113jiet savu kult\u016bras vidi ar liel\u0101ko iek\u0161\u0113jo tilpumu un lielu atbalsta virsmu. Dro\u0161\u012bba un efektivit\u0101te vien\u0101!<\/p>","protected":false},"featured_media":18269,"template":"","meta":[],"product_cat":[76,117],"product_tag":[655,665,186,188],"class_list":{"0":"post-18268","1":"product","2":"type-product","3":"status-publish","4":"has-post-thumbnail","6":"product_brand-bioair-s-p-a","7":"product_cat-laboratorine-iranga","8":"product_cat-inkubatoriai-ir-klimatines-kameros","9":"product_tag-bioair-s-p-a","10":"product_tag-co2-inkubatoriai","11":"product_tag-incubators","12":"product_tag-inkubatoriai","14":"first","15":"onbackorder","16":"shipping-taxable","17":"purchasable","18":"product-type-simple"},"_links":{"self":[{"href":"https:\/\/labostera.lt\/lv\/wp-json\/wp\/v2\/product\/18268","targetHints":{"allow":["GET"]}}],"collection":[{"href":"https:\/\/labostera.lt\/lv\/wp-json\/wp\/v2\/product"}],"about":[{"href":"https:\/\/labostera.lt\/lv\/wp-json\/wp\/v2\/types\/product"}],"wp:featuredmedia":[{"embeddable":true,"href":"https:\/\/labostera.lt\/lv\/wp-json\/wp\/v2\/media\/18269"}],"wp:attachment":[{"href":"https:\/\/labostera.lt\/lv\/wp-json\/wp\/v2\/media?parent=18268"}],"wp:term":[{"taxonomy":"product_cat","embeddable":true,"href":"https:\/\/labostera.lt\/lv\/wp-json\/wp\/v2\/product_cat?post=18268"},{"taxonomy":"product_tag","embeddable":true,"href":"https:\/\/labostera.lt\/lv\/wp-json\/wp\/v2\/product_tag?post=18268"}],"curies":[{"name":"wp","href":"https:\/\/api.w.org\/{rel}","templated":true}]}}