{"id":18262,"date":"2024-01-31T10:37:25","date_gmt":"2024-01-31T08:37:25","guid":{"rendered":"http:\/\/labostera.lt\/?post_type=product&#038;p=18262"},"modified":"2024-01-31T14:50:41","modified_gmt":"2024-01-31T12:50:41","slug":"mikrobiologine-saugos-spinta-bioair-safemate-safe3-microbiological-safety-cabinet","status":"publish","type":"product","link":"https:\/\/labostera.lt\/lv\/priemones-ir-iranga\/laboratorine-iranga\/mikrobiologine-saugos-spinta-bioair-safemate-safe3-microbiological-safety-cabinet\/","title":{"rendered":"Mikrobiolo\u0123isk\u0101s dro\u0161\u012bbas skapis BioAir Safemate Safe3 mikrobiolo\u0123isk\u0101s dro\u0161\u012bbas skapis"},"content":{"rendered":"<h2><strong>BioAir SpA Safemate seifs<sup>3<\/sup> mikrobiolo\u0123isk\u0101s dro\u0161\u012bbas skapis<\/strong><\/h2>\n<p>III klases MIKROBIOLOGISK\u0100S DRO\u0160\u012aBAS SKAPIS \u2013 dro\u0161\u012bba, ko varat at\u013cauties.<\/p>\n<h3>Tehnisk\u0101s specifik\u0101cijas<\/h3>\n<ul>\n<li>Ra\u017eots saska\u0146\u0101 ar EN12469:2000 standartu<\/li>\n<li>Augstas klases mikroprocesora vad\u012bbas sist\u0113ma<\/li>\n<li>Galvenais sl\u0113dzis ar no\u0146emamu atsl\u0113gu<\/li>\n<li>M\u012bksts sk\u0101rienjut\u012bgs tausti\u0146\u0161<\/li>\n<li>Sign\u0101ls izs\u016bkt\u0101 gaisa apst\u0101k\u013cu noteik\u0161anai; past\u0101v\u012bga ekspoz\u012bcija<\/li>\n<li>Zema gaisa pl\u016bsmas trauksmes sign\u0101li<\/li>\n<li>Sl\u012bpa priek\u0161puse \u0113rtai piek\u013cuvei<\/li>\n<li>Priek\u0161\u0113j\u0101 un s\u0101nu piek\u013cuve filtra apkopei un apkalpo\u0161anai<\/li>\n<li>C-veida balsts \u0113rtai uzst\u0101d\u012b\u0161anai vienai personai<\/li>\n<li>P\u0101rnesumk\u0101rbas caurums ar ieinteres\u0113taj\u0101m durv\u012bm<\/li>\n<li>III klases korpuss ar unik\u0101lu tr\u012bs filtru dizainu.<\/li>\n<\/ul>\n<h3>Galven\u0101s specifik\u0101cijas<\/h3>\n<ul>\n<li>Vad\u012bbas ier\u012bces ir \u0113rti izvietotas acu l\u012bmen\u012b.<\/li>\n<li>Ventilatora \u0101trumu un aerodinamisko gaitu regul\u0113 mikroprocesors.<\/li>\n<li>Tr\u012bs darb\u012bbas re\u017e\u012bmi: parastais, gaid\u012b\u0161anas re\u017e\u012bms, kalibr\u0113\u0161ana<\/li>\n<li>\u0100trgaitas ve\u013cas mazg\u0101jam\u0101s ma\u0161\u012bnas iesl\u0113g\u0161anas laik\u0101<\/li>\n<li>Pa\u0161kalibr\u0101cijas un iek\u0161\u0113j\u0101s uzraudz\u012bbas cikls pirms \u201cSAFE\u201d st\u0101vok\u013ca sasnieg\u0161anas<\/li>\n<li>Vizu\u0101la \u201cDRO\u0160A\u201d un \u201cNEDRO\u0160A\u201d statusa nor\u0101de (gaismas diode un joslu diagramma)<\/li>\n<li>Pag\u0101ju\u0161\u0101 laika skait\u012bt\u0101js<\/li>\n<li>Mikroprocesora vad\u012bba ar \u0161\u0101d\u0101m specifik\u0101cij\u0101m:\n<ul>\n<li>Vair\u0101ki sign\u0101li ar rezerves funkcij\u0101m.<\/li>\n<li>Nep\u0101rtraukta darba apst\u0101k\u013cu att\u0113lo\u0161ana.<\/li>\n<li>Augsta gaisa pl\u016bsmas stabilit\u0101te gan p\u0101reju laik\u0101, gan pak\u0101peniski aizs\u0113r\u0113jot filtram<\/li>\n<li>Str\u0101vas padeves p\u0101rtraukuma trauksme<\/li>\n<\/ul>\n<\/li>\n<li>Bezsprieguma savienojums izpl\u016bdes ventilatora t\u0101lvad\u012bbai.<\/li>\n<li>Autom\u0101tiska atiestat\u012b\u0161ana str\u0101vas padeves p\u0101rtraukuma gad\u012bjum\u0101<\/li>\n<li>C-veida balsts \u0113rtai uzst\u0101d\u012b\u0161anai vienai personai<\/li>\n<li>Pretv\u0101rsts (p\u0113c izv\u0113les) d\u016bmu konfigur\u0101cijai<\/li>\n<li>Magn\u0113tisk\u0101 spir\u0101lveida indikators nep\u0101rtrauktai iek\u0161\u0113j\u0101s kameras spiediena uzraudz\u012bbai<\/li>\n<li>Viena (1) elektr\u012bbas kontaktligzda k\u0101 standarta opcija.<\/li>\n<li>UV lampa, kas uzst\u0101d\u012bta aug\u0161pus\u0113 (standarta opcija)<\/li>\n<\/ul>\n<h3>Mikrobiolo\u0123isk\u0101s dro\u0161\u012bbas skapji \u2013 <a href=\"http:\/\/labostera.lt\/lv\/product-brand\/bioair-s-p-a\/\">BioAir laboratorijas m\u0113be\u013cu grupa<\/a><\/h3>\n<p>Vair\u0101k inform\u0101cijas: <strong><a href=\"https:\/\/www.bioair.it\/en\/we-make\/products\/biosafety-cabinets\/safe3.php\" target=\"_blank\" rel=\"noopener nofollow\">ra\u017eot\u0101ja t\u012bmek\u013ca vietn\u0113<\/a><\/strong> vai nos\u016btiet mums piepras\u012bjumu!<\/p>","protected":false},"excerpt":{"rendered":"<p>BioAir Safemate Safe3 \u2013 mikrobiolo\u0123isk\u0101s dro\u0161\u012bbas skapis. Ra\u017eots saska\u0146\u0101 ar EN12469:2000 standartu ar augst\u0101k\u0101s klases mikroprocesora vad\u012bbas sist\u0113mu. \u0112rtas vad\u012bbas funkcijas un daudzfunkcion\u0101li filtri nodro\u0161ina j\u016bsu dro\u0161\u012bbu.<\/p>","protected":false},"featured_media":18265,"template":"","meta":[],"product_cat":[76,121],"product_tag":[655,659,658],"class_list":{"0":"post-18262","1":"product","2":"type-product","3":"status-publish","4":"has-post-thumbnail","6":"product_brand-bioair-s-p-a","7":"product_cat-laboratorine-iranga","8":"product_cat-laminarai-ir-traukos-spintos","9":"product_tag-bioair-s-p-a","10":"product_tag-microbiological-safety-cabinets","11":"product_tag-mikrobiologines-saugos-spintos","13":"first","14":"onbackorder","15":"shipping-taxable","16":"purchasable","17":"product-type-simple"},"_links":{"self":[{"href":"https:\/\/labostera.lt\/lv\/wp-json\/wp\/v2\/product\/18262","targetHints":{"allow":["GET"]}}],"collection":[{"href":"https:\/\/labostera.lt\/lv\/wp-json\/wp\/v2\/product"}],"about":[{"href":"https:\/\/labostera.lt\/lv\/wp-json\/wp\/v2\/types\/product"}],"wp:featuredmedia":[{"embeddable":true,"href":"https:\/\/labostera.lt\/lv\/wp-json\/wp\/v2\/media\/18265"}],"wp:attachment":[{"href":"https:\/\/labostera.lt\/lv\/wp-json\/wp\/v2\/media?parent=18262"}],"wp:term":[{"taxonomy":"product_cat","embeddable":true,"href":"https:\/\/labostera.lt\/lv\/wp-json\/wp\/v2\/product_cat?post=18262"},{"taxonomy":"product_tag","embeddable":true,"href":"https:\/\/labostera.lt\/lv\/wp-json\/wp\/v2\/product_tag?post=18262"}],"curies":[{"name":"wp","href":"https:\/\/api.w.org\/{rel}","templated":true}]}}