{"id":18258,"date":"2024-01-31T08:47:48","date_gmt":"2024-01-31T06:47:48","guid":{"rendered":"http:\/\/labostera.lt\/?post_type=product&#038;p=18258"},"modified":"2024-01-31T14:51:01","modified_gmt":"2024-01-31T12:51:01","slug":"mikrobiologine-saugos-spinta-bioair-safemate-total-series-microbiological-safety-cabinet","status":"publish","type":"product","link":"https:\/\/labostera.lt\/lv\/priemones-ir-iranga\/laboratorine-iranga\/mikrobiologine-saugos-spinta-bioair-safemate-total-series-microbiological-safety-cabinet\/","title":{"rendered":"Mikrobiolo\u0123isk\u0101s dro\u0161\u012bbas skapis BioAir Safemate Total s\u0113rijas mikrobiolo\u0123isk\u0101s dro\u0161\u012bbas skapis"},"content":{"rendered":"<h2><strong>\u201eBioAir SpA Safemate Total s\u0113rijas mikrobiolo\u0123isk\u0101s dro\u0161\u012bbas skapis<\/strong><\/h2>\n<p>Safemate TOTAL skapji ir izstr\u0101d\u0101ti, lai atbilstu NSF49 II klases B2 skapju gaisa pl\u016bsmas specifik\u0101cij\u0101m, kas paz\u012bstamas ar\u012b k\u0101 \u201epiln\u012bga izvade\u201c. 100% ies\u016bc t\u012bru gaisu no laboratorijas vai nu caur priek\u0161\u0113jo atveri, vai caur galveno iepl\u016bdes atveri. Gaisa pl\u016bsma no galven\u0101s iepl\u016bdes atveres p\u0113c tam tiek att\u012br\u012bta ar prim\u0101ro HEPA H14 filtru, lai nodro\u0161in\u0101tu ISO3 darba zonu, un apvienojas ar gaisu no priek\u0161\u0113j\u0101s atveres zem\u0101k eso\u0161aj\u0101 skap\u012b. P\u0113c tam viss gaiss cirkul\u0113 aiz skapja priek\u0161\u0113j\u0101s sienas, tiek att\u012br\u012bts ar HEPA H14 izpl\u016bdes filtru un izvad\u012bts apk\u0101rt\u0113j\u0101 vid\u0113. \u0160\u0101da veida skapis ir paredz\u0113ts stingrai savieno\u0161anai ar ventil\u0101cijas sist\u0113mu un \u013cauj dro\u0161i r\u012bkoties ar nelielu \u0137\u012bmisko vielu daudzumu, nerisk\u0113jot palielin\u0101t koncentr\u0101ciju, ko izraisa gaisa recirkul\u0101cija. \u0160im skapim IR J\u0100PIEVIENO \u0101r\u0113jai ventil\u0101cijas sist\u0113mai. Lai ieg\u016btu pla\u0161\u0101ku inform\u0101ciju, skatiet uzst\u0101d\u012b\u0161anas pras\u012bbas.<\/p>\n<h3>GALVEN\u0100S SPECIFIK\u0100CIJAS<\/h3>\n<ul>\n<li>Priek\u0161\u0113j\u0101s loga durvis ar sl\u012bpumu (5\u00b0)<\/li>\n<li>B\u012bd\u0101ms priek\u0161\u0113jais logs optim\u0101lai piek\u013cuvei t\u012br\u012b\u0161anai<\/li>\n<li>Maksim\u0101lais priek\u0161\u0113j\u0101s atveres augstums: 440 mm.<\/li>\n<li>Loga priek\u0161\u0113j\u0101 da\u013ca ir izgatavota no 6 mm dro\u0161\u012bbas stikla.<\/li>\n<li>Loga priek\u0161\u0113j\u0101 da\u013ca aizv\u0113rt\u0101 st\u0101vokl\u012b piespie\u017eas pie bl\u012bv\u0113juma, nodro\u0161inot niec\u012bgas nopl\u016bdes.<\/li>\n<li>B\u012bd\u0101m\u0101 loga sekcija ar elektrisko vad\u012bbu un pareiz\u0101s darba poz\u012bcijas autom\u0101tisku atpaz\u012b\u0161anu<\/li>\n<li>Priek\u0161\u0113jais sieti\u0146\u0161 ar V veida formu, lai rokas netrauc\u0113tu. Nav nepiecie\u0161ams lietot aproces.<\/li>\n<li>Filtra nomai\u0146a un elektrisko\/elektronisko komponentu apkope priek\u0161pus\u0113.<\/li>\n<li>\u0100r\u0113j\u0101 virsma izgatavota no epoks\u012bda kr\u0101sota t\u0113rauda.<\/li>\n<li>Darba kamera un darba virsma ir piln\u012bb\u0101 izgatavota no AISI304 ner\u016bs\u0113jo\u0161\u0101 t\u0113rauda ar SB apdari.<br \/>\nViegli t\u012br\u0101ms, k\u0101 noteikts standart\u0101 EN12469:2000.<\/li>\n<li>Darba virsma ir sadal\u012bta sektoros, pieejama gan ciet\u0101, gan perfor\u0113t\u0101 versij\u0101.<\/li>\n<li>Gaisa dekontamin\u0101ciju nodro\u0161ina, izmantojot HEPA H14 filtrus ar efektivit\u0101ti &gt;99,995% (p\u0101rbaudes MPPS saska\u0146\u0101 ar EN1822.1).<\/li>\n<li>DOP testa savienot\u0101js, kas \u013cauj viegli p\u0101rbaud\u012bt HEPA filtra integrit\u0101ti.<\/li>\n<li>Integr\u0113ti spraud\u0146i ar IP55 aizsardz\u012bbas l\u012bmeni.<\/li>\n<li>Nep\u0101rtraukta \u0161\u0101du parametru uzraudz\u012bba:\n<ul>\n<li>Lamin\u0101r\u0101s pl\u016bsmas \u0101trums (m\u0113r\u012bts ar izpl\u016bdes g\u0101zu pl\u016bsmas anemometru);<\/li>\n<li>\u0160\u016bpo\u0161an\u0101s \u0101trums (m\u0113r\u012bts ar izpl\u016bdes g\u0101zu pl\u016bsmas anemometru);<\/li>\n<li>Optisk\u0101\/ska\u0146as trauksme nepietiekamas \u0161\u016bpo\u0161an\u0101s barjeras gad\u012bjum\u0101;<\/li>\n<li>Optiska\/ska\u0146as trauksme nepietiekamas lamin\u0101r\u0101s pl\u016bsmas gad\u012bjum\u0101;<\/li>\n<li>Darb\u012bbas stundu vizualiz\u0101cija: skapis, HEPA filtri, UV.<\/li>\n<li>Bezsprieguma savienojums ventilatora t\u0101lvad\u012bbai vai piek\u013cuvei t\u0101lvad\u012bbas trauksmes sign\u0101liem.<\/li>\n<li>Izpl\u016bdes piesl\u0113gums: diametrs 315 mm.<\/li>\n<\/ul>\n<\/li>\n<\/ul>\n<h3>Mikrobiolo\u0123isk\u0101s dro\u0161\u012bbas skapji \u2013 <a href=\"http:\/\/labostera.lt\/lv\/product-brand\/bioair-s-p-a\/\">BioAir laboratorijas m\u0113be\u013cu grupa<\/a><\/h3>\n<p>Vair\u0101k inform\u0101cijas: <strong><a href=\"https:\/\/www.bioair.it\/en\/we-make\/products\/biosafety-cabinets\/safemate-total.php\" target=\"_blank\" rel=\"noopener nofollow\">ra\u017eot\u0101ja t\u012bmek\u013ca vietn\u0113<\/a><\/strong> vai nos\u016btiet mums piepras\u012bjumu!<\/p>","protected":false},"excerpt":{"rendered":"<p>BioAir Safemate Total \u2013 mikrobiolo\u0123isk\u0101s dro\u0161\u012bbas skapis. Izgatavots atbilsto\u0161i NSF49 II klases B2 tipa specifik\u0101cij\u0101m ar 100% kop\u0113jo izpl\u016bdes gaisu. Pasarg\u0101jiet sevi, str\u0101d\u0101jot ar \u0137\u012bmisk\u0101m viel\u0101m. Pievienojieties dro\u0161\u012bbas kust\u012bbai kop\u0101 ar BioAir!<\/p>","protected":false},"featured_media":18261,"template":"","meta":[],"product_cat":[76,121],"product_tag":[655,659,658],"class_list":{"0":"post-18258","1":"product","2":"type-product","3":"status-publish","4":"has-post-thumbnail","6":"product_brand-bioair-s-p-a","7":"product_cat-laboratorine-iranga","8":"product_cat-laminarai-ir-traukos-spintos","9":"product_tag-bioair-s-p-a","10":"product_tag-microbiological-safety-cabinets","11":"product_tag-mikrobiologines-saugos-spintos","13":"first","14":"onbackorder","15":"shipping-taxable","16":"purchasable","17":"product-type-variable"},"_links":{"self":[{"href":"https:\/\/labostera.lt\/lv\/wp-json\/wp\/v2\/product\/18258","targetHints":{"allow":["GET"]}}],"collection":[{"href":"https:\/\/labostera.lt\/lv\/wp-json\/wp\/v2\/product"}],"about":[{"href":"https:\/\/labostera.lt\/lv\/wp-json\/wp\/v2\/types\/product"}],"wp:featuredmedia":[{"embeddable":true,"href":"https:\/\/labostera.lt\/lv\/wp-json\/wp\/v2\/media\/18261"}],"wp:attachment":[{"href":"https:\/\/labostera.lt\/lv\/wp-json\/wp\/v2\/media?parent=18258"}],"wp:term":[{"taxonomy":"product_cat","embeddable":true,"href":"https:\/\/labostera.lt\/lv\/wp-json\/wp\/v2\/product_cat?post=18258"},{"taxonomy":"product_tag","embeddable":true,"href":"https:\/\/labostera.lt\/lv\/wp-json\/wp\/v2\/product_tag?post=18258"}],"curies":[{"name":"wp","href":"https:\/\/api.w.org\/{rel}","templated":true}]}}