{"id":18244,"date":"2024-01-30T16:04:17","date_gmt":"2024-01-30T14:04:17","guid":{"rendered":"http:\/\/labostera.lt\/?post_type=product&#038;p=18244"},"modified":"2024-01-30T16:49:06","modified_gmt":"2024-01-30T14:49:06","slug":"citotoksininiu-vaistu-saugos-spinta-bioair-safemate-cyto-series-cytotoxic-drug-safety-cabinet","status":"publish","type":"product","link":"https:\/\/labostera.lt\/lv\/priemones-ir-iranga\/laboratorine-iranga\/bendra-laboratorine-iranga\/laminarai-ir-traukos-spintos\/citotoksininiu-vaistu-saugos-spinta-bioair-safemate-cyto-series-cytotoxic-drug-safety-cabinet\/","title":{"rendered":"BioAir Safemate Cyto s\u0113rijas citotoksisko z\u0101\u013cu dro\u0161\u012bbas skapis"},"content":{"rendered":"<h2><strong>\u201eBioAir S.p.A\u201d Safemate Cyto series citotoksini\u0173 vaist\u0173 saugos spinta<\/strong><\/h2>\n<ul>\n<li>\u0136\u012bmijterapijas pretv\u0113\u017ea z\u0101\u013cu pagatavo\u0161anai<\/li>\n<li>Ra\u017eots saska\u0146\u0101 ar DIN12980 un EN12469:2000 standartiem<\/li>\n<li>M\u016bsdien\u012bga mikroprocesora vad\u012bbas sist\u0113ma<\/li>\n<li>Liels digit\u0101lais displejs, augsta iz\u0161\u0137irtsp\u0113ja<\/li>\n<li>Gaisu un da\u013ci\u0146as necaurlaid\u012bgas b\u012bd\u0101m\u0101s stikla durvis, elektriski darbin\u0101mas ar pirkstu piesk\u0101rienu<\/li>\n<li>Zema gaisa pl\u016bsmas \u0101truma un nepareiza priek\u0161\u0113j\u0101 loga poz\u012bcijas trauksmes sign\u0101li<\/li>\n<li>Pazemin\u0101tas priek\u0161\u0113j\u0101s un aizmugur\u0113j\u0101s sienas \u0113rtai piek\u013cuvei<\/li>\n<li>Priek\u0161\u0113j\u0101 piek\u013cuve terci\u0101rajam filtram apkopes un servisa veik\u0161anai<\/li>\n<li>\u201eBag-in bag-out\u201d tercijinio filtro pakeitimo technologija (pagal KTA 3601)<\/li>\n<li>Vienk\u0101r\u0161as jaunin\u0101\u0161anas iesp\u0113jas<\/li>\n<\/ul>\n<h3>Galven\u0101s specifik\u0101cijas<\/h3>\n<p>\u0160\u012bs jaun\u0101k\u0101s paaudzes citotoksisko z\u0101\u013cu apstr\u0101des skapji ir sertific\u0113ti atbilsto\u0161i stingr\u0101kajiem dro\u0161\u012bbas skapju standartiem \u0161aj\u0101 kategorij\u0101 (DIN12980, EN12469). Iek\u0161\u0113jais dizains, gaisa pl\u016bsmas aerodinamika un uzraudz\u012bba, ieb\u016bv\u0113t\u0101s dro\u0161\u012bbas funkcijas un \u013coti prec\u012bzs ra\u017eo\u0161anas process garant\u0113 augst\u0101ko veiktsp\u0113ju, atbilstot DIN 12980 un EN12469 standartiem.<\/p>\n<p>Be dviej\u0173 klasikini\u0173 H14 filtr\u0173, skirt\u0173 i\u0161siurbtam orui ir vienos krypties perpilamam oro srautui, tercijinis filtravimo etapas (su \u201ebag-in bag-out\u201d filtre kei\u010dian\u010diu protokolu pagal KTA 3601) yra \u012frengtas po darbo pavir\u0161iumi, kad u\u017etikrint\u0173 reikiam\u0105 saug\u0105 prie\u017ei\u016bros personalui, kei\u010diant \u0161\u012f filtravimo etap\u0105.<\/p>\n<p>\u010cetri dro\u0161\u012bbas l\u012bme\u0146i:<\/p>\n<ol>\n<li>Operatora dro\u0161\u012bba (\u013coti augsts atv\u0113r\u0161anas dro\u0161\u012bbas koeficients), identiska biolo\u0123isk\u0101s dro\u0161\u012bbas skapja dro\u0161\u012bbai<\/li>\n<li>Videi draudz\u012bgs (divk\u0101r\u0161a H14 filtr\u0101cijas pak\u0101pe ies\u016bk\u0161anai)<\/li>\n<li>Dro\u0161\u012bba pa\u0161am produktam un starp produktiem (100. klase darba zon\u0101)<\/li>\n<li>Saugumas in\u017einieriams kei\u010diant tercijin\u012f filtravimo etap\u0105 (\u201ebag-in bag-out\u201d proced\u016bra)<\/li>\n<\/ol>\n<h3>Tehnisk\u0101s specifik\u0101cijas<\/h3>\n<ul>\n<li>Mikroprocesora vad\u012bts motora ventilators ar izpl\u016bdes gaisa pl\u016bsmas uzraudz\u012bbas sensoru<\/li>\n<li>M\u016bsdien\u012bga mikroprocesora vad\u012bbas sist\u0113ma ar:\n<ul>\n<li>Uz liel\u0101 ekr\u0101na<\/li>\n<li>Iestat\u012bt\u0101 gaisa pl\u016bsmas \u0101truma autom\u0101tiska vad\u012bba<\/li>\n<li>B\u012bd\u0101m\u0101s stikla durvis ar vied\u0101s vad\u012bbas ier\u012bci<\/li>\n<li>HEPA filtra kalpo\u0161anas laika uzraudz\u012bba piln\u0101 laik\u0101<\/li>\n<li>Sign\u0101li. Vair\u0101ki sign\u0101li ar rezerves funkcij\u0101m.<\/li>\n<li>Nep\u0101rtraukta darba apst\u0101k\u013cu r\u0101d\u012b\u0161ana<\/li>\n<li>Augst\u0101k\u0101 gaisa pl\u016bsmas stabilit\u0101te gan \u012bslaic\u012bgu trauc\u0113jumu laik\u0101, gan pak\u0101peniskas filtra aizs\u0113r\u0113\u0161anas laik\u0101<\/li>\n<li>Pusautom\u0101tiskais fumig\u0101cijas cikls<\/li>\n<li>Nodro\u0161inot visaugst\u0101ko operatora dro\u0161\u012bbu, past\u0101v\u012bgi uzraugot priek\u0161\u0113j\u0101s barjeras gaisa pl\u016bsmu<\/li>\n<li>Zemas barjeras sign\u0101ls<\/li>\n<li>Str\u0101vas padeves p\u0101rtraukuma sign\u0101ls<\/li>\n<\/ul>\n<\/li>\n<li>Bezskr\u016bvju kontakts izpl\u016bdes ventilatora t\u0101lvad\u012bbai<\/li>\n<li>Autom\u0101tiska iepriek\u0161 iestat\u012bto st\u0101vok\u013cu atjauno\u0161ana str\u0101vas padeves p\u0101rtraukuma gad\u012bjum\u0101<\/li>\n<li>Gatavs 19 collu LCD monitora uzst\u0101d\u012b\u0161anai aizmugur\u0113 (monitors nav iek\u013cauts komplekt\u0101)<\/li>\n<\/ul>\n<ul>\n<li>B\u012bd\u0101m\u0101 priek\u0161\u0113j\u0101 da\u013ca nodro\u0161ina \u0113rtu darbu. Pazemin\u0101ta darba kameras aizmugur\u0113j\u0101 siena kontinent\u0101l\u0101s pl\u016bsmas lab\u0101kai sadalei<\/li>\n<li>Instrumenti tiek uzst\u0101d\u012bti no aug\u0161as.<\/li>\n<li>Ner\u016bs\u0113jo\u0161\u0101 t\u0113rauda iek\u0161\u0113j\u0101s virsmas ar SB apdari (ieskaitot izlie\u0161anas papl\u0101ti). Cieta vai perfor\u0113ta darba virsma (30 cm sektori) un speci\u0101li izstr\u0101d\u0101ta priek\u0161\u0113j\u0101 reste neierobe\u017eotai gaisa pl\u016bsmai<\/li>\n<li>Elektriski vad\u0101mas b\u012bd\u0101m\u0101s lamin\u0113t\u0101s dro\u0161\u012bbas stikla durvis (maksim\u0101l\u0101 atv\u0113r\u0161an\u0101s le\u0146\u0137a l\u012bdz 120\u00b0)<\/li>\n<li>\u0112rta 200 mm priek\u0161\u0113j\u0101 atvere<\/li>\n<li>Vienk\u0101r\u0161as uzst\u0101d\u012b\u0161anas iesp\u0113jas caur s\u0101niem<\/li>\n<li>Atveriet izpl\u016bdes HEPA filtru, lai var\u0113tu viegli vizu\u0101li p\u0101rbaud\u012bt t\u0101 integrit\u0101ti.<\/li>\n<li>Tr\u012bs H14 efektivit\u0101tes klases da\u013ci\u0146u filtri ar 99.999% efektivit\u0101ti 0,3 mikronu da\u013ci\u0146\u0101m (maksim\u0101lais iek\u013c\u016b\u0161anas da\u013ci\u0146u diametrs) (EN1822-1)<\/li>\n<li>Filtra mai\u0146a un apkope no priek\u0161puses<\/li>\n<li>\u201eBag-in bag-out\u201d tercijinio filtro keitimo technologija (vengiant izoliacijos nuolatinumo pertraukos darbo srityje kei\u010diant filtr\u0105 pagal KTA 3601)<\/li>\n<li>S\u016bk\u0161anas p\u0101rejas ir viegli uzst\u0101d\u012bt<\/li>\n<li>Atsl\u0113ga tiek kontrol\u0113ta. Atsl\u0113gu var iz\u0146emt, kad ier\u012bce ir SL\u0112DZ\u0112TAS re\u017e\u012bm\u0101, lai nov\u0113rstu nev\u0113lamu darb\u012bbu. Str\u0101vas padeves p\u0101rtraukuma gad\u012bjum\u0101 skapis atgrie\u017eas s\u0101kotn\u0113j\u0101 st\u0101vokl\u012b.<\/li>\n<li>Autom\u0101tiska kalibr\u0113\u0161anas cikla iesl\u0113g\u0161ana, kad skapis ir iesl\u0113gts.<\/li>\n<li>Pirms SAFE darb\u012bbas re\u017e\u012bma sasnieg\u0161anas tiek veikts \u0101trs skalo\u0161anas un iestat\u012b\u0161anas cikls.<\/li>\n<li>SAFE st\u0101vok\u013ca vizu\u0101la nor\u0101de. Br\u012bdin\u0101jums pirms faktisk\u0101 sign\u0101la st\u0101vok\u013ca sasnieg\u0161anas (vizu\u0101lie un ska\u0146as sign\u0101li)<\/li>\n<li>Standarta pakalpojumu vad\u012bbas tausti\u0146i. UV un dienasgaismas spuldzes ir savienotas kop\u0101.<\/li>\n<li>Nos\u016bk\u0161anas un recirkul\u0101cijas pl\u016bsmas \u0101trumi nodro\u0161ina 25 gaisa apmai\u0146as min\u016bt\u0113 darba zon\u0101 (30%\/70% split)<\/li>\n<li>Priek\u0161\u0113j\u0101s barjeras gaisa \u0101trums \u2265 0,5 m\/s<\/li>\n<li>Atv\u0113r\u0161anas aizsardz\u012bbas koeficients (Apf) \u2265 1,5 x 105<\/li>\n<li>Maksim\u0101l\u0101 jauda (katram baro\u0161anas punktam) 3 amp\u0113ri.<\/li>\n<li>Mikroprocesors ir apr\u012bkots ar analogu dro\u0161\u012bbas suni<\/li>\n<li>CE sertifik\u0101cija saska\u0146\u0101 ar Ma\u0161\u012bnu direkt\u012bvu 89\/392\/EEK, 91\/368\/EEK, 93\/44\/EEK un 93\/68\/EEK. Pieg\u0101d\u0101ts div\u0101s da\u013c\u0101s (div\u0101s palet\u0113s)<\/li>\n<\/ul>\n<h3>PAPILDFUNKCIJAS<\/h3>\n<ul>\n<li>Akt\u012bv\u0101 priek\u0161\u0113j\u0101 loga siksnas spriegojuma vad\u012bbas sist\u0113ma. \u0160is meh\u0101nisms ne\u013cauj v\u0113jstikla piekares siksn\u0101m izstiepties, ja notiek sadursme vai loga kust\u012bb\u0101 tiek konstat\u0113ts \u0161\u0137\u0113rslis. Tas nodro\u0161ina, ka stikls negaid\u012bti nenokr\u012bt un samazina boj\u0101jumu risku loga kust\u012bbas laik\u0101.<\/li>\n<li>EKO re\u017e\u012bms: \u0160is darb\u012bbas re\u017e\u012bms \u013cauj samazin\u0101t ener\u0123ijas pat\u0113ri\u0146u un trok\u0161\u0146a l\u012bmeni, vienlaikus saglab\u0101jot sterilu iek\u0161\u0113jo darba zonu. Aktiviz\u0113jot, priek\u0161\u0113j\u0101s stikla durvis tiks nolaistas da\u017eus centimetrus no darba virsmas un motora ventilators pal\u0113nin\u0101sies. Samazin\u0101t\u0101 atvere \u013caus maz\u0101kai gaisa pl\u016bsmai, lai priek\u0161\u0113j\u0101 barjera b\u016btu akt\u012bva. Darb\u012bba EKO re\u017e\u012bm\u0101 nav at\u013cauta.<\/li>\n<\/ul>\n<h3>VAD\u012aBAS PANELIS<\/h3>\n<p>Vad\u012bbas ier\u012bces atrodas skapja priek\u0161pus\u0113 un ietver vad\u012bbas tausti\u0146u un LCD displeju. Mikroprocesors regul\u0113s ventilatoru, lai uztur\u0113tu gaisa pl\u016bsmas iestat\u012btaj\u0101s v\u0113rt\u012bb\u0101s, pamatojoties uz datiem, kas sa\u0146emti no izpl\u016bdes ce\u013c\u0101 uzst\u0101d\u012bt\u0101 sensora. Piek\u013cuves kontroli nodro\u0161ina atsl\u0113ga lietot\u0101ja aktiviz\u0113\u0161anai\/deaktiviz\u0113\u0161anai un ciparu parole piek\u013cuvei kalibr\u0113\u0161anas un servisa izv\u0113ln\u0113m.<\/p>\n<ul>\n<li>Tiek uzraudz\u012bti \u0161\u0101di parametri:\n<ul>\n<li>Lamin\u0101ra vertik\u0101l\u0101 pl\u016bsmas \u0101trums;<\/li>\n<li>Priek\u0161\u0113j\u0101s barjeras pl\u016bsmas \u0101trums;<\/li>\n<li>Ska\u0146as\/vizu\u0101lie sign\u0101li nepietiekamas gaisa pl\u016bsmas, ventilatora atteices, priek\u0161\u0113j\u0101 loga poz\u012bcijas gad\u012bjum\u0101;<\/li>\n<li>Atliku\u0161ais UV starojuma laiks;<\/li>\n<li>Stundu skait\u012b\u0161anas vad\u012bbas ier\u012bces: skapis, HEPA filtri, UV lampa.<\/li>\n<\/ul>\n<\/li>\n<li>Tiek kontrol\u0113ti \u0161\u0101di vad\u012bbas elementi:\n<ul>\n<li>Skapja IESL\u0112G\u0160ANAS\/IZSL\u0112G\u0160ANAS poga;<\/li>\n<li>Balt\u0101 gaisma IESL\u0112GTA\/IZSL\u0112GTA;<\/li>\n<li>Iek\u0161\u0113jie kontaktdak\u0161as IESL\u0112GTS\/IZSL\u0112GTS;<\/li>\n<li>Atveriet\/aizveriet sadeg\u0161anas g\u0101zes elektromagn\u0113tiskos dro\u0161\u012bbas v\u0101rstus;<\/li>\n<li>UV gaismas taimeris;<\/li>\n<li>EKO re\u017e\u012bma aktiviz\u0113\u0161ana.<\/li>\n<\/ul>\n<\/li>\n<li>Elektronisk\u0101 plate nodro\u0161ina bezsprieguma sl\u0113dzi \u0101r\u0113j\u0101 ventilatora vai trauksmes sign\u0101la izsl\u0113g\u0161anai\/iesl\u0113g\u0161anai.<br \/>\natt\u0101lin\u0101tam darbam.<\/li>\n<\/ul>\n<h3>Citotoksinini\u0173 Vaist\u0173 Saugos Spintos \u2013 <a href=\"http:\/\/labostera.lt\/lv\/product-brand\/bioair-s-p-a\/\">BioAir laboratorijas m\u0113be\u013cu grupa<\/a><\/h3>\n<p>Vair\u0101k inform\u0101cijas: <strong><a href=\"https:\/\/www.bioair.it\/en\/we-make\/products\/biosafety-cabinets\/safemate-cyto.php\" target=\"_blank\" rel=\"noopener nofollow\">ra\u017eot\u0101ja t\u012bmek\u013ca vietn\u0113<\/a><\/strong> vai nos\u016btiet mums piepras\u012bjumu!<\/p>","protected":false},"excerpt":{"rendered":"<p>Mikrobiolo\u0123isk\u0101s dro\u0161\u012bbas skapis BioAir Safemate Cyto \u2013 dro\u0161\u012bbas skapis \u0137\u012bmijterapijas z\u0101\u013cu pagatavo\u0161anai. Uzticams un dro\u0161s.<\/p>","protected":false},"featured_media":18253,"template":"","meta":[],"product_cat":[76,121],"product_tag":[655,663,664],"class_list":{"0":"post-18244","1":"product","2":"type-product","3":"status-publish","4":"has-post-thumbnail","6":"product_brand-bioair-s-p-a","7":"product_cat-laboratorine-iranga","8":"product_cat-laminarai-ir-traukos-spintos","9":"product_tag-bioair-s-p-a","10":"product_tag-citotoksininiu-vaistu-saugos-spintos","11":"product_tag-cytotoxic-drugs-handling-cabinets","13":"first","14":"onbackorder","15":"shipping-taxable","16":"purchasable","17":"product-type-variable"},"_links":{"self":[{"href":"https:\/\/labostera.lt\/lv\/wp-json\/wp\/v2\/product\/18244","targetHints":{"allow":["GET"]}}],"collection":[{"href":"https:\/\/labostera.lt\/lv\/wp-json\/wp\/v2\/product"}],"about":[{"href":"https:\/\/labostera.lt\/lv\/wp-json\/wp\/v2\/types\/product"}],"wp:featuredmedia":[{"embeddable":true,"href":"https:\/\/labostera.lt\/lv\/wp-json\/wp\/v2\/media\/18253"}],"wp:attachment":[{"href":"https:\/\/labostera.lt\/lv\/wp-json\/wp\/v2\/media?parent=18244"}],"wp:term":[{"taxonomy":"product_cat","embeddable":true,"href":"https:\/\/labostera.lt\/lv\/wp-json\/wp\/v2\/product_cat?post=18244"},{"taxonomy":"product_tag","embeddable":true,"href":"https:\/\/labostera.lt\/lv\/wp-json\/wp\/v2\/product_tag?post=18244"}],"curies":[{"name":"wp","href":"https:\/\/api.w.org\/{rel}","templated":true}]}}