{"id":18233,"date":"2024-01-30T15:23:08","date_gmt":"2024-01-30T13:23:08","guid":{"rendered":"http:\/\/labostera.lt\/?post_type=product&#038;p=18233"},"modified":"2024-01-30T15:50:24","modified_gmt":"2024-01-30T13:50:24","slug":"mikrobiologine-saugos-spinta-bioair-safemate-eco-series-microbiological-safety-cabinet","status":"publish","type":"product","link":"https:\/\/labostera.lt\/lv\/priemones-ir-iranga\/laboratorine-iranga\/mikrobiologine-saugos-spinta-bioair-safemate-eco-series-microbiological-safety-cabinet\/","title":{"rendered":"Mikrobiolo\u0123isk\u0101s dro\u0161\u012bbas skapis BioAir Safemate ECO+ s\u0113rijas mikrobiolo\u0123isk\u0101s dro\u0161\u012bbas skapis"},"content":{"rendered":"<h2><strong>\u201eBioAir SpA Safemate ECO+ s\u0113rijas mikrobiolo\u0123isk\u0101s dro\u0161\u012bbas skapis<\/strong><\/h2>\n<ul>\n<li><strong>Galven\u0101s iez\u012bmes:<\/strong>\n<ul>\n<li>Zema ener\u0123ijas pat\u0113ri\u0146a l\u012bdzstr\u0101vas motora ventilators.<\/li>\n<li>Jaun\u0101k\u0101s paaudzes mikroprocesora vad\u012bbas sist\u0113ma.<\/li>\n<li>Liels digit\u0101lais displejs, augsta iz\u0161\u0137irtsp\u0113ja.<\/li>\n<li>Gaisu un aerosolu necaurlaid\u012bgas spiedpogas durvis, elektriski darbin\u0101mas ar pirksta piesk\u0101rienu.<\/li>\n<li>Signaliz\u0101cija zema gaisa pl\u016bsmas \u0101truma un nepareiza priek\u0161\u0113j\u0101 loga poz\u012bcijas gad\u012bjum\u0101.<\/li>\n<li>Sl\u012bpa priek\u0161\u0113j\u0101 un aizmugur\u0113j\u0101 siena \u0113rtai piek\u013cuvei.<\/li>\n<li>S\u0101nu logi.<\/li>\n<li>Priek\u0161\u0113j\u0101 piek\u013cuve filtra apkopei un apkopei.<\/li>\n<li>C-veida balsts \u0113rtai uzst\u0101d\u012b\u0161anai vienai personai.<\/li>\n<li>Atjaunin\u0101jumu ru\u013c\u013ci parasti tiek instal\u0113ti.<\/li>\n<\/ul>\n<\/li>\n<li>Safemate ECO+ skapji ir pieejami \u010detros da\u017e\u0101dos izm\u0113ros (0,9, 1,2, 1,5 un 1,8).<br \/>\n\u0160\u012bs jaun\u0101k\u0101s paaudzes II klases A2 tipa mikrobiolo\u0123isk\u0101s dro\u0161\u012bbas skapji ir sertific\u0113ti atbilsto\u0161i stingr\u0101kajiem dro\u0161\u012bbas standartiem (EN12469-2000).<br \/>\nIek\u0161\u0113jais dizains, gaisa pl\u016bsmas aerodinamika un uzraudz\u012bba, integr\u0113t\u0101s dro\u0161\u012bbas ier\u012bces un \u013coti prec\u012bzais ra\u017eo\u0161anas process nodro\u0161ina augst\u0101kos rezult\u0101tus, atbilstot EN12469 standartiem un sa\u0146emot sertifik\u0101tu no presti\u017e\u0101kaj\u0101m Eiropas dro\u0161\u012bbas skapju sertifik\u0101cijas iest\u0101d\u0113m.<\/li>\n<li>Sertific\u0113ta biodro\u0161\u012bba apvienojum\u0101 ar iespaid\u012bgi konkur\u0113tsp\u0113j\u012bg\u0101m cen\u0101m nodro\u0161ina pat\u0113r\u0113t\u0101jam pieejamu, modernu skapi, ko var nodro\u0161in\u0101t tikai pieredz\u0113jis Eiropas dizains un prec\u012bzs, augstas kvalit\u0101tes ra\u017eo\u0161anas process.<br \/>\nECO+ s\u0113rija ir m\u016bsu vislab\u0101k p\u0101rdot\u0101s s\u0113rijas sast\u0101vda\u013ca, ta\u010du t\u0101 ir videi draudz\u012bg\u0101ka: jaunie l\u012bdzstr\u0101vas motora ventilatori izce\u013cas ar augstu efektivit\u0101ti, zemu ener\u0123ijas pat\u0113ri\u0146u, un gaisa pl\u016bsmas tiek rad\u012btas, lai samazin\u0101tu trok\u0161\u0146a pies\u0101r\u0146ojumu, nodro\u0161inot augstu operatora, produkta un vides aizsardz\u012bbas l\u012bmeni, ko pieprasa EN12469-2000 standarti.<\/li>\n<li><strong>Galven\u0101s specifik\u0101cijas:<\/strong>\n<ul>\n<li>Ar mikroprocesoru vad\u0101ms l\u012bdzstr\u0101vas motora ventilators ar tilpuma sensoru izpl\u016bdes gaisa pl\u016bsmas uzraudz\u012bbai.<\/li>\n<li>M\u016bsdien\u012bga mikroprocesora vad\u012bbas sist\u0113ma, kas pied\u0101v\u0101:\n<ul>\n<li>Liela ekr\u0101na monitors.<\/li>\n<li>Autom\u0101tiska iepriek\u0161 iestat\u012btu gaisa pl\u016bsmas apjomu kontrole.<\/li>\n<li>B\u012bd\u0101ms logs ar v\u0113rtni un vied\u0101s vad\u012bbas sist\u0113mu.<\/li>\n<li>Past\u0101v\u012bga HEPA filtru kalpo\u0161anas laika uzraudz\u012bba.<\/li>\n<li>Trauksmes sign\u0101li. Daudzl\u012bme\u0146u trauksmes sign\u0101li ar redundances funkcij\u0101m.<\/li>\n<li>Past\u0101v\u012bga darba apst\u0101k\u013cu att\u0113lo\u0161ana.<\/li>\n<li>Augst\u0101k\u0101 gaisa pl\u016bsmas stabilit\u0101te gan p\u0101rejas trauc\u0113jumu gad\u012bjum\u0101, gan pak\u0101peniskas filtra aizs\u0113r\u0113\u0161anas gad\u012bjum\u0101.<\/li>\n<li>Nep\u0101rtraukta priek\u0161\u0113j\u0101s barjeras gaisa pl\u016bsmas uzraudz\u012bba, lai nodro\u0161in\u0101tu visaugst\u0101ko operatora dro\u0161\u012bbu.<\/li>\n<li>Zemas barjeras signaliz\u0101cija.<\/li>\n<li>Str\u0101vas padeves p\u0101rtraukuma trauksme.<\/li>\n<\/ul>\n<\/li>\n<li>Bezsprieguma kontakts izpl\u016bdes ventilatora t\u0101lvad\u012bbai.<\/li>\n<li>Autom\u0101tiska s\u0101kotn\u0113jo nosac\u012bjumu atiestat\u012b\u0161ana str\u0101vas padeves p\u0101rtraukuma gad\u012bjum\u0101.<\/li>\n<li>C-veida atbalsta stat\u012bvs vienk\u0101r\u0161\u0101kajai uzst\u0101d\u012b\u0161anas proced\u016brai, ko var veikt viens cilv\u0113ks.<\/li>\n<\/ul>\n<\/li>\n<li><strong>Meh\u0101nisk\u0101s un funkcion\u0101l\u0101s specifik\u0101cijas:<\/strong>\n<ul>\n<li>5\u00b0 sl\u012bp\u0101 priek\u0161\u0113j\u0101 da\u013ca palielina darba komfortu. Darba kameras sl\u012bp\u0101 aizmugur\u0113j\u0101 siena nodro\u0161ina vislab\u0101ko pl\u016bsmas sadal\u012bjumu lejupv\u0113rst\u0101 virzien\u0101.<\/li>\n<li>Komun\u0101lo pakalpojumu ievadi skap\u012b no aug\u0161as.<\/li>\n<li>Galda virsmas t\u0113rauda iek\u0161\u0113j\u0101s virsmas ar SB apdari (ieskaitot notekas papl\u0101ti). Galda vai re\u017e\u0123a strukt\u016bras darba virsma (30 cm sektori) un speci\u0101li izstr\u0101d\u0101ts priek\u0161\u0113jais re\u017e\u0123is no ner\u016bs\u0113jo\u0161\u0101 t\u0113rauda (AISI304 vai AISI316).<\/li>\n<li>Elektriski vad\u0101mi b\u012bd\u0101mi lamin\u0113ti dro\u0161\u012bbas stikla logi.<\/li>\n<li>\u0112rta 20 cm priek\u0161\u0113j\u0101 atvere.<\/li>\n<li>Viegli instal\u0113jamas jaunin\u0101\u0161anas iesp\u0113jas.<\/li>\n<li>\u0112rti s\u0101nu logi.<\/li>\n<li>\u0100r\u0113jais izpl\u016bdes HEPA filtrs \u0113rtai vizu\u0101lai integrit\u0101tes p\u0101rbaudei.<\/li>\n<li>H14 klases augstas veiktsp\u0113jas da\u013ci\u0146u filtrs ar 99,999% efektivit\u0101ti, kas atbilst 0,3 mikronu da\u013ci\u0146\u0101m (visvair\u0101k iek\u013c\u016b\u0161anas sp\u0113j\u012bgais da\u013ci\u0146u diametrs) (efektivit\u0101te &gt;= 99,995% 0,1\u20130,2 mikronu da\u013ci\u0146\u0101m MPPS saska\u0146\u0101 ar EN1822-1).<\/li>\n<li>ISO 3 (ISO14644-1) iek\u0161\u0113j\u0101s t\u012br\u012bbas l\u012bmenis.<\/li>\n<li>S\u016bk\u0161anas, iepl\u016bdes un galvenajiem filtriem ir mikrot\u012bkla membr\u0101na, kas atrodas lejup\u0113j\u0101 izl\u012bdzin\u0101\u0161anas plenuma gal\u0101 un darbojas k\u0101 gaisa \u0101truma izl\u012bdzin\u0101t\u0101ja izple\u0161an\u0101s kamera un skaidrs filtra boj\u0101juma indikators.<\/li>\n<li>Filtra nomai\u0146a un apkope no priek\u0161puses.<\/li>\n<li>Izpl\u016bdes p\u0101rejas ir viegli uzst\u0101d\u012bt.<\/li>\n<li>Atsl\u0113gas darb\u012bba. Atsl\u0113gu var iz\u0146emt, kad ier\u012bce ir DRO\u0160AJ\u0100 re\u017e\u012bm\u0101, lai nov\u0113rstu nev\u0113lamu darb\u012bbu. Str\u0101vas padeves p\u0101rtraukuma gad\u012bjum\u0101 skapis atgrie\u017eas s\u0101kotn\u0113j\u0101 st\u0101vokl\u012b.<\/li>\n<li>Pa\u0161regul\u0101cijas cikls tiek veikts, kad skapis ir iesl\u0113gts.<\/li>\n<li>Pirms SAFE darb\u012bbas st\u0101vok\u013ca sasnieg\u0161anas tiek veikts \u0101trgaitas mazg\u0101\u0161anas un iestat\u012b\u0161anas cikls.<\/li>\n<li>Vizu\u0101la SAFE statusa nor\u0101de. Br\u012bdin\u0101jums (vizu\u0101lie un ska\u0146as sign\u0101li) pirms faktisk\u0101 trauksmes st\u0101vok\u013ca sasnieg\u0161anas.<\/li>\n<li>M\u012bksti piesk\u0101riena vad\u012bbas tausti\u0146i ar tausti\u0146iem standarta servisa instrumentiem. UV un dienasgaismas spuldzes ir savstarp\u0113ji saist\u012btas.<\/li>\n<li>Izpl\u016bdes un recirkul\u0101cijas pl\u016bsmas \u0101trumi nodro\u0161ina 25 gaisa apmai\u0146as min\u016bt\u0113 darba zon\u0101 (30%\/70% dal\u012btais modelis).<\/li>\n<li>Priek\u0161\u0113j\u0101s barjeras gaisa \u0101trums \u2265 0,5 m\/s.<\/li>\n<li>Atv\u0113ruma aizsardz\u012bbas koeficients (Apf) \u2265 1,5 x 10^5.<\/li>\n<li>Maksim\u0101l\u0101 jauda (vis\u0101m elektr\u012bbas kontaktligzd\u0101m) 3 amp\u0113ri.<\/li>\n<li>Mikroprocesors, kas apr\u012bkots ar analogo sargsuni.<\/li>\n<li>BS versija ar dubultu izpl\u016bdes HEPA filtru (otrais filtrs atrodas galven\u0101s iek\u0101rtas iek\u0161pus\u0113, abi izpl\u016bdes filtri ir p\u0101rbaud\u012bti ar DOP testu).<\/li>\n<li>I klases versiju var pas\u016bt\u012bt p\u0113c piepras\u012bjuma.<\/li>\n<\/ul>\n<\/li>\n<li><strong>PAPILDFUNKCIJAS:<\/strong>\n<ul>\n<li>Akt\u012bv\u0101 logu siksnu spriegojuma vad\u012bbas sist\u0113ma. \u0160is meh\u0101nisms p\u0101rtrauc loga atv\u0113r\u0161anu, kas atrodas logu atbalsta siksn\u0101s, ja logs tiek blo\u0137\u0113ts vai ja t\u0101 kust\u012bb\u0101 tiek konstat\u0113ts \u0161\u0137\u0113rslis. Tas nodro\u0161ina, ka logs nenokr\u012bt p\u0113k\u0161\u0146i un samazina saspie\u0161anas risku loga kust\u012bbas laik\u0101.<\/li>\n<li>EKO re\u017e\u012bms: \u0160is darb\u012bbas re\u017e\u012bms \u013cauj samazin\u0101t ener\u0123ijas pat\u0113ri\u0146u un trok\u0161\u0146a l\u012bmeni, vienlaikus nodro\u0161inot sterilu darba zonu. Aktiviz\u0113jot, priek\u0161\u0113jais logs tiks nolaists da\u017eus centimetrus no darba virsmas un motors pal\u0113nin\u0101sies. Maz\u0101ka atvere nodro\u0161in\u0101s maz\u0101ku gaisa pl\u016bsmu, lai atbalst\u012btu priek\u0161\u0113jo barjeru. Darb\u012bba EKO re\u017e\u012bm\u0101 nav at\u013cauta.<\/li>\n<\/ul>\n<\/li>\n<li><strong>VAD\u012aBAS PANELIS:<\/strong>\n<ul>\n<li>Vad\u012bbas tausti\u0146i un LCD displejs atrodas korpusa priek\u0161pus\u0113.<\/li>\n<li>Mikroprocesors regul\u0113s motoru, lai uztur\u0113tu gaisa pl\u016bsmas iestat\u012btajos punktos, pamatojoties uz datiem, kas sa\u0146emti no izpl\u016bdes g\u0101zu skapja, kas apr\u012bkots ar ieb\u016bv\u0113tu v\u0113ja anemometru.<\/li>\n<li>Piek\u013cuves kontroli nodro\u0161ina atsl\u0113ga, ar kuru lietot\u0101js var p\u0101rsl\u0113gt iesl\u0113g\u0161anas\/izsl\u0113g\u0161anas sl\u0113dzi, un ciparu parole, lai piek\u013c\u016btu kalibr\u0113\u0161anas un servisa izv\u0113ln\u0113m.<\/li>\n<\/ul>\n<\/li>\n<li><strong>Tiek uzraudz\u012bti \u0161\u0101di parametri:<\/strong>\n<ul>\n<li>Lamin\u0101ra vertik\u0101l\u0101 pl\u016bsmas \u0101trums;<\/li>\n<li>Barjeras gaisa piepl\u016bdes \u0101trums;<\/li>\n<li>Ska\u0146as\/vizu\u0101lie sign\u0101li nepietiekamas gaisa pl\u016bsmas, ventilatora atteices, priek\u0161\u0113j\u0101 loga poz\u012bcijas gad\u012bjum\u0101;<\/li>\n<li>Atliku\u0161ais UV staru laiks;<\/li>\n<li>Stundu skait\u012bt\u0101ji kontrolieriem, HEPA filtriem, UV lamp\u0101m.<\/li>\n<\/ul>\n<\/li>\n<li><strong>Vad\u012bbas opcijas:<\/strong>\n<ul>\n<li>Skapja iesl\u0113g\u0161anas\/izsl\u0113g\u0161anas sl\u0113dzis;<\/li>\n<li>Balt\u0101s gaismas iesl\u0113g\u0161ana\/izsl\u0113g\u0161ana;<\/li>\n<li>Iek\u0161\u0113jo kontaktligzdu iesl\u0113g\u0161ana\/izsl\u0113g\u0161ana;<\/li>\n<li>G\u0101zes deg\u013ca soleno\u012bds \u2013 ATV\u0112RT\/AIZV\u0112RT;<\/li>\n<li>UV lampas taimeris iestat\u012b\u0161anai;<\/li>\n<li>EKO re\u017e\u012bma aktiviz\u0113\u0161ana.<\/li>\n<\/ul>\n<\/li>\n<li>Elektronisk\u0101 plate nodro\u0161ina bezsprieguma sl\u0113dzi \u0101r\u0113j\u0101 ventilatora iesl\u0113g\u0161anai\/izsl\u0113g\u0161anai vai trauksmes sign\u0101lu t\u0101lvad\u012bbai.<\/li>\n<\/ul>\n<h3>Mikrobiolo\u0123isk\u0101s dro\u0161\u012bbas skapji \u2013 <a href=\"http:\/\/labostera.lt\/lv\/product-brand\/bioair-s-p-a\/\">BioAir laboratorijas m\u0113be\u013cu grupa<\/a><\/h3>\n<p>Vair\u0101k inform\u0101cijas: <strong><a href=\"https:\/\/www.bioair.it\/en\/we-make\/products\/biosafety-cabinets\/safemate-eco.php\" target=\"_blank\" rel=\"noopener nofollow\">ra\u017eot\u0101ja t\u012bmek\u013ca vietn\u0113<\/a><\/strong> vai nos\u016btiet mums piepras\u012bjumu!<\/p>","protected":false},"excerpt":{"rendered":"<p>BioAir Safemate ECO+ \u2013 Mikrobiolo\u0123isk\u0101s dro\u0161\u012bbas skapis ar zemu ener\u0123ijas pat\u0113ri\u0146u. Sertific\u0113ts atbilsto\u0161i EN12469 standartam. Dro\u0161s, efekt\u012bvs un videi draudz\u012bgs.<\/p>","protected":false},"featured_media":18237,"template":"","meta":[],"product_cat":[76,121],"product_tag":[655,659,658],"class_list":{"0":"post-18233","1":"product","2":"type-product","3":"status-publish","4":"has-post-thumbnail","6":"product_brand-bioair-s-p-a","7":"product_cat-laboratorine-iranga","8":"product_cat-laminarai-ir-traukos-spintos","9":"product_tag-bioair-s-p-a","10":"product_tag-microbiological-safety-cabinets","11":"product_tag-mikrobiologines-saugos-spintos","13":"first","14":"onbackorder","15":"shipping-taxable","16":"purchasable","17":"product-type-variable"},"_links":{"self":[{"href":"https:\/\/labostera.lt\/lv\/wp-json\/wp\/v2\/product\/18233","targetHints":{"allow":["GET"]}}],"collection":[{"href":"https:\/\/labostera.lt\/lv\/wp-json\/wp\/v2\/product"}],"about":[{"href":"https:\/\/labostera.lt\/lv\/wp-json\/wp\/v2\/types\/product"}],"wp:featuredmedia":[{"embeddable":true,"href":"https:\/\/labostera.lt\/lv\/wp-json\/wp\/v2\/media\/18237"}],"wp:attachment":[{"href":"https:\/\/labostera.lt\/lv\/wp-json\/wp\/v2\/media?parent=18233"}],"wp:term":[{"taxonomy":"product_cat","embeddable":true,"href":"https:\/\/labostera.lt\/lv\/wp-json\/wp\/v2\/product_cat?post=18233"},{"taxonomy":"product_tag","embeddable":true,"href":"https:\/\/labostera.lt\/lv\/wp-json\/wp\/v2\/product_tag?post=18233"}],"curies":[{"name":"wp","href":"https:\/\/api.w.org\/{rel}","templated":true}]}}