{"id":18229,"date":"2024-01-30T13:14:22","date_gmt":"2024-01-30T11:14:22","guid":{"rendered":"http:\/\/labostera.lt\/?post_type=product&#038;p=18229"},"modified":"2024-01-30T15:21:12","modified_gmt":"2024-01-30T13:21:12","slug":"mikrobiologine-saugos-spinta-bioair-safemate-ez-series-microbiological-safety-cabinet","status":"publish","type":"product","link":"https:\/\/labostera.lt\/lv\/priemones-ir-iranga\/laboratorine-iranga\/mikrobiologine-saugos-spinta-bioair-safemate-ez-series-microbiological-safety-cabinet\/","title":{"rendered":"Mikrobiolo\u0123isk\u0101s dro\u0161\u012bbas skapis BioAir Safemate EZ s\u0113rijas mikrobiolo\u0123isk\u0101s dro\u0161\u012bbas skapis"},"content":{"rendered":"<h2><strong>BioAir SpA Safemate EZ s\u0113rijas mikrobiolo\u0123isk\u0101s dro\u0161\u012bbas skapis<\/strong><\/h2>\n<ul>\n<li><strong>Tehnisk\u0101s specifik\u0101cijas:<\/strong>\n<ul>\n<li>Piln\u012bb\u0101 atbilst EN12469 pras\u012bb\u0101m.<\/li>\n<li>Jaun\u0101k\u0101s paaudzes mikroprocesora vad\u012bbas sist\u0113ma.<\/li>\n<li>Liels digit\u0101lais displejs.<\/li>\n<li>Gaisu un aerosolu necaurlaid\u012bgas spiedpogas durvis, elektriski darbin\u0101mas ar pirksta piesk\u0101rienu.<\/li>\n<li>Signaliz\u0101cija zema gaisa pl\u016bsmas \u0101truma un nepareiza priek\u0161\u0113j\u0101 loga poz\u012bcijas gad\u012bjum\u0101.<\/li>\n<li>Sl\u012bpa priek\u0161\u0113j\u0101 un aizmugur\u0113j\u0101 siena \u0113rtai piek\u013cuvei.<\/li>\n<li>Priek\u0161\u0113j\u0101 piek\u013cuve filtra apkopei un apkopei.<\/li>\n<li>C-veida balsts ar regul\u0113jamu augstumu.<\/li>\n<li>Atjaunin\u0101jumu ru\u013c\u013ci parasti tiek instal\u0113ti.<\/li>\n<li>HPV ir sader\u012bgs ar steriliz\u0101ciju.<\/li>\n<\/ul>\n<\/li>\n<li>Safemate EZ skapji ir pieejami divos izm\u0113ros (1,2 m un 1,8 m).<br \/>\n\u0160\u012bs jaun\u0101k\u0101s paaudzes II klases A2 tipa mikrobiolo\u0123isk\u0101s dro\u0161\u012bbas skapji ir izstr\u0101d\u0101ti, lai atbilstu stingr\u0101kajiem dro\u0161\u012bbas standartiem (EN12469-2000).<br \/>\nIek\u0161\u0113jais dizains, gaisa pl\u016bsmas aerodinamika un uzraudz\u012bba, integr\u0113t\u0101s dro\u0161\u012bbas ier\u012bces un \u013coti prec\u012bzs ra\u017eo\u0161anas process nodro\u0161ina augst\u0101kos rezult\u0101tus, atbilstot EN12469 standartiem.<\/li>\n<li>Augsta biodro\u0161\u012bba apvienojum\u0101 ar konkur\u0113tsp\u0113j\u012bg\u0101m cen\u0101m nodro\u0161ina pat\u0113r\u0113t\u0101jam jaunu pieejamu bud\u017eetu standartu, ko var pied\u0101v\u0101t tikai pieredz\u0113jis Eiropas dizains un prec\u012bzi ra\u017eo\u0161anas procesi.<br \/>\nEZ s\u0113rija nosaka jaunu standartu s\u0101kuma l\u012bme\u0146a skapjiem, apvienojot \u013coti pievilc\u012bgu cenu ar pilnu komforta funkciju kl\u0101stu, kas iepriek\u0161 bija pieejamas tikai d\u0101rg\u0101kos skapjos.<\/li>\n<li><strong>Galven\u0101s specifik\u0101cijas:<\/strong>\n<ul>\n<li>Piln\u012bb\u0101 atbilst EN12469 pras\u012bb\u0101m.<\/li>\n<li>Ar mikroprocesoru vad\u012bts ventilators ar tilpuma sensoru nos\u016bkt\u0101 gaisa pl\u016bsmai.<\/li>\n<li>Jaun\u0101k\u0101s paaudzes mikroprocesora vad\u012bbas sist\u0113ma pied\u0101v\u0101:\n<ul>\n<li>Liels ekr\u0101ns.<\/li>\n<li>Autom\u0101tiska iestat\u012bto gaisa pl\u016bsmas \u0101trumu kontrole.<\/li>\n<li>B\u012bd\u0101mo durvju logs ar vied\u0101s vad\u012bbas funkciju.<\/li>\n<li>Nep\u0101rtraukta HEPA filtra kalpo\u0161anas laika uzraudz\u012bba.<\/li>\n<li>Trauksme. Daudzfunkcion\u0101la trauksme ar rezerves funkcij\u0101m.<\/li>\n<li>Nep\u0101rtraukta darba apst\u0101k\u013cu att\u0113lo\u0161ana.<\/li>\n<li>Augsta gaisa pl\u016bsmas stabilit\u0101te gan \u012bslaic\u012bgu trauc\u0113jumu, gan pak\u0101peniskas filtra aizs\u0113r\u0113\u0161anas gad\u012bjum\u0101.<\/li>\n<li>Nep\u0101rtraukta priek\u0161\u0113j\u0101s barjeras gaisa pl\u016bsmas uzraudz\u012bba, lai garant\u0113tu operatora dro\u0161\u012bbu.<\/li>\n<li>Zemas barjeras sign\u0101ls.<\/li>\n<\/ul>\n<\/li>\n<li>Elektrisk\u0101 ventilatora no\u0146em\u0161ana no aizmugures.<\/li>\n<li>Autom\u0101tiska atiestat\u012b\u0161ana s\u0101kotn\u0113j\u0101 st\u0101vokl\u012b, ja str\u0101vas padeve paz\u016bd.<\/li>\n<li>C-veida balsts ar regul\u0113jamu augstumu \u0113rtai uzst\u0101d\u012b\u0161anai vienai personai.<\/li>\n<\/ul>\n<\/li>\n<li><strong>Meh\u0101nisk\u0101s un funkcion\u0101l\u0101s specifik\u0101cijas:<\/strong>\n<ul>\n<li>5\u00b0 sl\u012bp\u0101 priek\u0161\u0113j\u0101 da\u013ca palielina darba komfortu. Darba kameras sl\u012bp\u0101 aizmugur\u0113j\u0101 siena nodro\u0161ina vislab\u0101ko lejupv\u0113rsto pl\u016bsmu sadal\u012bjumu.<\/li>\n<li>Komun\u0101lo pakalpojumu ievadi skap\u012b no aug\u0161as.<\/li>\n<li>Galda virsmas t\u0113rauda iek\u0161\u0113j\u0101s virsmas ar SB apdari (ieskaitot notekas papl\u0101ti). Galda vai re\u017e\u0123a strukt\u016bras darba virsma (sadal\u012bta sektoros) un \u201cV\u201d formas priek\u0161\u0113jais re\u017e\u0123is ar urb\u0161anas stieni priek\u0161\u0113j\u0101 re\u017e\u0123\u012b.<\/li>\n<li>Elektriski vad\u0101mi b\u012bd\u0101mi lamin\u0113ti dro\u0161\u012bbas stikla logi (maksim\u0101lais atv\u0113ruma le\u0146\u0137is 120\u00b0).<\/li>\n<li>\u0112rta 200 mm priek\u0161\u0113j\u0101 atvere.<\/li>\n<li>Viegli uzst\u0101d\u0101mas jaunin\u0101\u0161anas iesp\u0113jas caur s\u0101nu mal\u0101m.<\/li>\n<li>\u0100r\u0113jais izpl\u016bdes HEPA filtrs \u0113rtai vizu\u0101lai integrit\u0101tes p\u0101rbaudei.<\/li>\n<li>H14 klases augstas veiktsp\u0113jas da\u013ci\u0146u filtrs ar 99,999% efektivit\u0101ti, kas atbilst 0,3 mikronu da\u013ci\u0146\u0101m (visvair\u0101k iek\u013c\u016b\u0161anas sp\u0113j\u012bgais da\u013ci\u0146u diametrs) (efektivit\u0101te &gt;= 99,995% 0,1\u20130,2 mikronu da\u013ci\u0146\u0101m MPPS saska\u0146\u0101 ar EN1822-1).<\/li>\n<li>Iepl\u016bdes, izpl\u016bdes un galvenajiem filtriem ir mikrot\u012bkla membr\u0101na, kas atrodas lejup\u0113j\u0101 ekvalaizera plenuma gal\u0101 un darbojas k\u0101 gaisa \u0101truma ekvalaizera izple\u0161an\u0101s kameras un skaidrs filtra boj\u0101juma indikators.<\/li>\n<li>Filtra nomai\u0146a un apkope no priek\u0161puses.<\/li>\n<li>Izpl\u016bdes p\u0101rejas ir viegli uzst\u0101d\u012bt.<\/li>\n<li>Atsl\u0113gas darb\u012bba. Atsl\u0113gu var iz\u0146emt, kad ier\u012bce ir DRO\u0160AJ\u0100 re\u017e\u012bm\u0101, lai nov\u0113rstu nev\u0113lamu darb\u012bbu. Str\u0101vas padeves p\u0101rtraukuma gad\u012bjum\u0101 skapis atgrie\u017eas s\u0101kotn\u0113j\u0101 st\u0101vokl\u012b.<\/li>\n<li>Autom\u0101tiska pa\u0161regul\u0101cijas cikls, kad skapis ir iesl\u0113gts.<\/li>\n<li>Vizu\u0101la SAFE statusa nor\u0101de. Br\u012bdin\u0101jums (vizu\u0101lie un ska\u0146as sign\u0101li) pirms faktisk\u0101 trauksmes st\u0101vok\u013ca sasnieg\u0161anas.<\/li>\n<li>M\u012bksti piesk\u0101riena vad\u012bbas tausti\u0146i ar tausti\u0146iem standarta servisa instrumentiem. UV un dienasgaismas spuldzes ir savstarp\u0113ji saist\u012btas.<\/li>\n<li>Mikroprocesors ir apr\u012bkots ar analogu sargsuni.<\/li>\n<\/ul>\n<\/li>\n<li><strong>Noklus\u0113juma util\u012btas:<\/strong>\n<ul>\n<li>UV lampa uz gala sienas. Vad\u012bbas panelis ar aizkav\u0113tu startu un cikla ilgumu (maks. 1 stunda).<\/li>\n<li>Divas elektr\u012bbas kontaktdak\u0161as (Schucko\/Europlug standarta). Citi spraud\u0146u standarti ir pieejami k\u0101 opcijas.<\/li>\n<li>Lampas bez dienasgaismas spuldz\u0113m.<\/li>\n<\/ul>\n<\/li>\n<li><strong>Papildu util\u012btas:<\/strong>\n<ul>\n<li>Saspiesta gaisa\/vakuuma caurule. Uzst\u0101d\u012b\u0161ana uz lab\u0101s sienas.<\/li>\n<li>G\u0101zes aizb\u0101znis ar elektromagn\u0113tisko dro\u0161\u012bbas v\u0101rstu. Uzst\u0101d\u012b\u0161ana uz lab\u0101s sienas.<\/li>\n<li>HPV adaptera komplekts (uztver\u0161anas spraudnis kreisaj\u0101 sien\u0101 un ies\u016bk\u0161anas spraud\u0146a savienojums p\u0101rejas adapterim).<\/li>\n<li>Papildu kontaktdak\u0161as un kontaktdak\u0161u standarti (maksim\u0101l\u0101 jauda l\u012bdz 3 amp\u0113riem).<\/li>\n<li>Neakt\u012bvie un akt\u012bvie p\u0101rejas adapteri vai maksim\u0101lai ventil\u0101cijai.<\/li>\n<\/ul>\n<\/li>\n<\/ul>\n<h3>Mikrobiolo\u0123isk\u0101s dro\u0161\u012bbas skapji \u2013 <a href=\"http:\/\/labostera.lt\/lv\/product-brand\/bioair-s-p-a\/\">BioAir laboratorijas m\u0113be\u013cu grupa<\/a><\/h3>\n<p>Vair\u0101k inform\u0101cijas: <strong><a href=\"https:\/\/www.bioair.it\/en\/we-make\/products\/biosafety-cabinets\/safemate-ez.php\" target=\"_blank\" rel=\"noopener nofollow\">ra\u017eot\u0101ja t\u012bmek\u013ca vietn\u0113<\/a><\/strong> vai nos\u016btiet mums piepras\u012bjumu!<\/p>","protected":false},"excerpt":{"rendered":"<p>BioAir Safemate EZ \u2013 mikrobiolo\u0123isk\u0101s dro\u0161\u012bbas skapis, kas atbilst EN12469 standartam. Augsta kvalit\u0101te, pieejama cena ikvienam bud\u017eetam. Dro\u0161i, \u0113rti un efekt\u012bvi.<\/p>","protected":false},"featured_media":18232,"template":"","meta":[],"product_cat":[76,121],"product_tag":[655,659,658],"class_list":{"0":"post-18229","1":"product","2":"type-product","3":"status-publish","4":"has-post-thumbnail","6":"product_brand-bioair-s-p-a","7":"product_cat-laboratorine-iranga","8":"product_cat-laminarai-ir-traukos-spintos","9":"product_tag-bioair-s-p-a","10":"product_tag-microbiological-safety-cabinets","11":"product_tag-mikrobiologines-saugos-spintos","13":"first","14":"onbackorder","15":"shipping-taxable","16":"purchasable","17":"product-type-variable"},"_links":{"self":[{"href":"https:\/\/labostera.lt\/lv\/wp-json\/wp\/v2\/product\/18229","targetHints":{"allow":["GET"]}}],"collection":[{"href":"https:\/\/labostera.lt\/lv\/wp-json\/wp\/v2\/product"}],"about":[{"href":"https:\/\/labostera.lt\/lv\/wp-json\/wp\/v2\/types\/product"}],"wp:featuredmedia":[{"embeddable":true,"href":"https:\/\/labostera.lt\/lv\/wp-json\/wp\/v2\/media\/18232"}],"wp:attachment":[{"href":"https:\/\/labostera.lt\/lv\/wp-json\/wp\/v2\/media?parent=18229"}],"wp:term":[{"taxonomy":"product_cat","embeddable":true,"href":"https:\/\/labostera.lt\/lv\/wp-json\/wp\/v2\/product_cat?post=18229"},{"taxonomy":"product_tag","embeddable":true,"href":"https:\/\/labostera.lt\/lv\/wp-json\/wp\/v2\/product_tag?post=18229"}],"curies":[{"name":"wp","href":"https:\/\/api.w.org\/{rel}","templated":true}]}}