{"id":18225,"date":"2024-01-30T11:42:39","date_gmt":"2024-01-30T09:42:39","guid":{"rendered":"http:\/\/labostera.lt\/?post_type=product&#038;p=18225"},"modified":"2024-02-01T11:01:22","modified_gmt":"2024-02-01T09:01:22","slug":"laminarine-traukos-spinta-bioair-aura-pcr-laminar-flow-cabinet","status":"publish","type":"product","link":"https:\/\/labostera.lt\/lv\/priemones-ir-iranga\/laboratorine-iranga\/laminarine-traukos-spinta-bioair-aura-pcr-laminar-flow-cabinet\/","title":{"rendered":"Lamin\u0101r\u0101s pl\u016bsmas skapis BioAir Aura PCR lamin\u0101r\u0101s pl\u016bsmas skapis"},"content":{"rendered":"<h2><strong>BioAir SpA Aura PCR lamin\u0101r\u0101s pl\u016bsmas p\u0101rsegs<\/strong><\/h2>\n<ul>\n<li><strong>Tehnisk\u0101s specifik\u0101cijas:<\/strong>\n<ul>\n<li>Neakt\u012bva (neventil\u0113jama) PCR kamera.<\/li>\n<li>Autom\u0101tiska p\u0101rsl\u0113g\u0161an\u0101s no UV neitraliz\u0101cijas re\u017e\u012bma uz darba re\u017e\u012bmu (dienasgaismas spuldze).<\/li>\n<li>Viegli lietojams 60 min\u016b\u0161u taimeris ar 1 min\u016btes interv\u0101liem.<\/li>\n<li>Piln\u012bb\u0101 caursp\u012bd\u012bga darba telpa (iztur\u012bgs un dro\u0161s 6 mm biezs apsild\u0101ms stikls, kas blo\u0137\u0113 &gt;98% UV gaismu).<\/li>\n<li>Mikrosensori nodro\u0161ina, ka UV gaismu var iesl\u0113gt tikai tad, kad priek\u0161\u0113jais stikla v\u0101ks ir aizv\u0113rts.<\/li>\n<li>100% UV dro\u0161a darba telpa.<\/li>\n<li>Tr\u012bs sektoru stiklots priek\u0161\u0113jais logs.<\/li>\n<li>Iek\u0161\u0113jais r\u016bd\u012bta stikla plaukts liel\u0101kai \u0113rt\u012bbai un maksim\u0101lai telpas izmanto\u0161anai.<\/li>\n<li>Polietil\u0113na darba virsma ar augst\u0101ko \u0137\u012bmisk\u0101s iztur\u012bbas l\u012bmeni.<\/li>\n<\/ul>\n<\/li>\n<li>\u0160\u012bs modern\u0101s PCR skapji ir \u012bpa\u0161i izstr\u0101d\u0101ti paraugu sagatavo\u0161anai pirms amplifik\u0101cijas kontrol\u0113t\u0101 vid\u0113, lai izvair\u012btos no DNS nes\u0113ja.<br \/>\nJebkur\u0161 aerosols, kas rodas p\u0113c amplifik\u0101cijas parauga manipul\u0101ciju laik\u0101, nevar iek\u013c\u016bt skap\u012b; Jebkura \u0161eit eso\u0161a DNS molekula tiek neitraliz\u0113ta ar UV stariem.<\/li>\n<li><strong>Darb\u012bbas re\u017e\u012bms:<\/strong> AURA PCR ir \u013coti viegli lietojams skapis. P\u0113c parasto darba procesu pabeig\u0161anas apsild\u0101m\u0101 stikla priek\u0161\u0113jais panelis tiek aizv\u0113rts un tiek iesl\u0113gts taimeris, lai noteiktu laika periodu visas iek\u0161\u0113j\u0101s virsmas un instrumentus pak\u013cautu UV stariem.<\/li>\n<li>\u0160\u012b skapja \u0101r\u0113jais apsild\u0101mais stikla korpuss, kas darbojas k\u0101 UV staru filtrs, dro\u0161i aizsarg\u0101 apk\u0101rt\u0113jo vidi no b\u012bstamas cilv\u0113ku pak\u013cau\u0161anas \u0161iem stariem.<\/li>\n<li>PCR skapis atbilst ar\u012b elektromagn\u0113tisk\u0101s sader\u012bbas (EMS) pras\u012bb\u0101m saska\u0146\u0101 ar 89\/336EK.<br \/>\nSkapis atbilst ar\u012b laboratorijas vajadz\u012bb\u0101m paredz\u0113to elektroiek\u0101rtu dro\u0161\u012bbas pras\u012bb\u0101m saska\u0146\u0101 ar standartu EN 61010-1.<br \/>\n\u0160is ir visaptvero\u0161s un lietot\u0101jam draudz\u012bgs r\u012bks \u013coti jut\u012bgu proced\u016bru aizsardz\u012bbai, ko var nodro\u0161in\u0101t tikai pieredz\u0113jis Eiropas ra\u017eot\u0101js ar vair\u0101k nek\u0101 35 gadu pieredzi un prec\u012bzu ra\u017eo\u0161anu.<\/li>\n<li><strong>Galven\u0101s specifik\u0101cijas:<\/strong>\n<ul>\n<li>AURA PCR ir DNS nes\u0113ju blo\u0137\u0113\u0161anas skapis, kas nov\u0113r\u0161 savstarp\u0113ju pies\u0101r\u0146ojumu darba telp\u0101 un neitraliz\u0113 DNS fragmentus aerosolos.<\/li>\n<li><strong>Darb\u012bbas re\u017e\u012bms:<\/strong> Kad proced\u016bra ir pabeigta, operators aizver priek\u0161\u0113jo logu, autom\u0101tiski iedarbinot UV neitraliz\u0101cijas re\u017e\u012bmu. Kad iestat\u012btais neitraliz\u0101cijas cikls ir pabeigts, taimeris autom\u0101tiski izsl\u0113gs UV gaismu.<\/li>\n<li>Luminiscences spuldze autom\u0101tiski iesl\u0113gsies, atverot v\u0113jstiklu vai izsl\u0113dzot UV gaismu (lietot\u0101ja izv\u0113le).<\/li>\n<li>Digit\u0101ls UV gaismas taimeris ar p\u0113d\u0113j\u0101 iestat\u012bjuma atmi\u0146u.<\/li>\n<li>Elektroiek\u0101rtas atbilst starptautiskajiem standartiem un EMC direkt\u012bv\u0101m.<\/li>\n<li>Apgaismojums \u203a 600 luksi.<\/li>\n<li>Skapja aug\u0161da\u013ca ir izgatavota no kr\u0101sota t\u0113rauda.<\/li>\n<li>Darba virsma ir izgatavota no polietil\u0113na.<\/li>\n<li>S\u0101nu pane\u013ci ir izgatavoti no r\u016bd\u012bta stikla (6 mm biezs).<\/li>\n<li>CE z\u012bme.<\/li>\n<\/ul>\n<\/li>\n<\/ul>\n<h3>Lamin\u0101r\u0101s pl\u016bsmas skapji \u2013 <a href=\"http:\/\/labostera.lt\/lv\/product-brand\/bioair-s-p-a\/\">BioAir laboratorijas m\u0113be\u013cu grupa<\/a><\/h3>\n<p>Vair\u0101k inform\u0101cijas: <strong><a href=\"https:\/\/www.bioair.it\/en\/we-make\/products\/laminar-flow-cabinets\/aura-pcr.php\" target=\"_blank\" rel=\"noopener nofollow\">ra\u017eot\u0101ja t\u012bmek\u013ca vietn\u0113<\/a><\/strong> vai nos\u016btiet mums piepras\u012bjumu!<\/p>","protected":false},"excerpt":{"rendered":"<p>BioAir Aura PCR \u2013 DNS nes\u0113ju blo\u0137\u0113\u0161anas skapis ar UV neitraliz\u0101cijas re\u017e\u012bmu. Dro\u0161s un \u0113rts lieto\u0161an\u0101, paredz\u0113ts jut\u012bg\u0101m proced\u016br\u0101m. Dizains ar 35 gadu pieredzi.<\/p>","protected":false},"featured_media":18226,"template":"","meta":[],"product_cat":[76,121],"product_tag":[655,657,656],"class_list":{"0":"post-18225","1":"product","2":"type-product","3":"status-publish","4":"has-post-thumbnail","6":"product_brand-bioair-s-p-a","7":"product_cat-laboratorine-iranga","8":"product_cat-laminarai-ir-traukos-spintos","9":"product_tag-bioair-s-p-a","10":"product_tag-laminar-flow-cabinets","11":"product_tag-laminarines-traukos-spintos","13":"first","14":"onbackorder","15":"shipping-taxable","16":"purchasable","17":"product-type-simple"},"_links":{"self":[{"href":"https:\/\/labostera.lt\/lv\/wp-json\/wp\/v2\/product\/18225","targetHints":{"allow":["GET"]}}],"collection":[{"href":"https:\/\/labostera.lt\/lv\/wp-json\/wp\/v2\/product"}],"about":[{"href":"https:\/\/labostera.lt\/lv\/wp-json\/wp\/v2\/types\/product"}],"wp:featuredmedia":[{"embeddable":true,"href":"https:\/\/labostera.lt\/lv\/wp-json\/wp\/v2\/media\/18226"}],"wp:attachment":[{"href":"https:\/\/labostera.lt\/lv\/wp-json\/wp\/v2\/media?parent=18225"}],"wp:term":[{"taxonomy":"product_cat","embeddable":true,"href":"https:\/\/labostera.lt\/lv\/wp-json\/wp\/v2\/product_cat?post=18225"},{"taxonomy":"product_tag","embeddable":true,"href":"https:\/\/labostera.lt\/lv\/wp-json\/wp\/v2\/product_tag?post=18225"}],"curies":[{"name":"wp","href":"https:\/\/api.w.org\/{rel}","templated":true}]}}