{"id":18217,"date":"2024-01-30T10:38:22","date_gmt":"2024-01-30T08:38:22","guid":{"rendered":"http:\/\/labostera.lt\/?post_type=product&#038;p=18217"},"modified":"2024-01-30T11:44:10","modified_gmt":"2024-01-30T09:44:10","slug":"laminarine-traukos-spinta-bioair-aura-mini-laminar-flow-cabinet","status":"publish","type":"product","link":"https:\/\/labostera.lt\/lv\/priemones-ir-iranga\/laboratorine-iranga\/laminarine-traukos-spinta-bioair-aura-mini-laminar-flow-cabinet\/","title":{"rendered":"Lamin\u0101r\u0101s pl\u016bsmas skapis BioAir Aura Mini lamin\u0101r\u0101s pl\u016bsmas skapis"},"content":{"rendered":"<h2><strong>\u201eBioAir SpA Aura Mini lamin\u0101r\u0101s pl\u016bsmas p\u0101rsegs<\/strong><\/h2>\n<ul>\n<li><strong>Tehnisk\u0101s specifik\u0101cijas:<\/strong>\n<ul>\n<li>Kompakts, vertik\u0101ls lamin\u0101ras gaisa pl\u016bsmas skapis.<\/li>\n<li>Samazin\u0101tais izm\u0113rs \u013cauj \u0113rti uzst\u0101d\u012bt maz\u0101s vai p\u0101rpild\u012bt\u0101s laboratorij\u0101s.<\/li>\n<li>Viegli p\u0101rsl\u0113dzams starp iek\u0161\u0113j\u0101s vai \u0101r\u0113j\u0101s barjeras darb\u012bbas re\u017e\u012bmiem.<\/li>\n<li>Priek\u0161\u0113jie un s\u0101nu pane\u013ci ir izgatavoti no r\u016bd\u012bta stikla.<\/li>\n<li>H14 foto filtrs.<\/li>\n<li>Filtrete\u00ae izpl\u016bdes filtrs (vai priek\u0161\u0113jie filtri atkar\u012bb\u0101 no konfigur\u0101cijas).<\/li>\n<li>Akt\u012bv\u0101 PCR versija.<\/li>\n<li>Klusa darb\u012bba, nep\u0101rsniedzot 65 dB(A).<\/li>\n<\/ul>\n<\/li>\n<li><strong>AURA Mini skap\u012b\u0161i ir pieejami vien\u0101 kompakt\u0101 izm\u0113r\u0101 (895 mm).<\/strong><\/li>\n<li>\u0160ie modernie kompaktie foto skapji nodro\u0161ina izcilu 100. klases t\u012brtelpas darba telpu, sasniedzot augst\u0101ko produktu dro\u0161\u012bbu.<\/li>\n<li>Iek\u0161\u0113jais dizains, gaisa pl\u016bsmas aerodinamika, \u012bpa\u0161ais H14 filtrs un Filtrete\u00ae izpl\u016bdes filtrs (vai priek\u0161filtri) garant\u0113 augst\u0101kos rezult\u0101tus, iev\u0113rojot stingr\u0101k\u0101s dro\u0161\u012bbas pras\u012bbas un operatora komfortu.<\/li>\n<li>Divi darb\u012bbas re\u017e\u012bmi: iek\u0161\u0113j\u0101 gaisa barjera un \u0101r\u0113j\u0101 gaisa barjera.<\/li>\n<li><strong>Iek\u0161\u0113j\u0101 gaisa barjera:<\/strong> Gaisa barjera pl\u016bst caur priek\u0161\u0113jo atveri un tiek recirkul\u0113ta ar izpl\u016bdes gaisa pl\u016bsmu, izmantojot motora ventilatoru. 70% gaiss tiek atgriezts darba zon\u0101 caur prim\u0101ro HEPA filtru, savuk\u0101rt 30% gaiss tiek izvad\u012bts apk\u0101rt\u0113j\u0101 vid\u0113 caur Filtrete\u00ae izpl\u016bdes filtru ar 99% gravimetrisko efektivit\u0101ti uz 3 \u03bcm da\u013ci\u0146\u0101m. \u0160\u012b konfigur\u0101cija nodro\u0161ina izcilu produkta aizsardz\u012bbas l\u012bmeni un lielisku izol\u0101ciju.<\/li>\n<li><strong>\u0100r\u0113j\u0101 gaisa barjera:<\/strong> Gaisa barjeru absorb\u0113 Filtrete\u00ae priek\u0161\u0113jais filtrs, sajauc ar ien\u0101ko\u0161o recirkul\u0101cijas gaisu un p\u0113c tam filtr\u0113 caur galveno HEPA filtru darba telp\u0101: \u0161eit 30% izvada gaisu caur priek\u0161\u0113jo atveri, un 70% to recirkul\u0113. \u0160\u012b konfigur\u0101cija nodro\u0161ina visaugst\u0101ko produkta aizsardz\u012bbas l\u012bmeni.<\/li>\n<li>Vides konfigur\u0101cij\u0101 \u0161o ier\u012bci var viegli izmantot k\u0101 \u201eakt\u012bvu PCR\u201d kab\u012bni, blo\u0137\u0113jot DNS p\u0101radres\u0101ciju.<\/li>\n<li>AURA Mini ir kompakts un lietot\u0101jam draudz\u012bgs instruments \u013coti jut\u012bgu produktu aizsardz\u012bbai, ko var nodro\u0161in\u0101t tikai pieredz\u0113jis Eiropas ra\u017eot\u0101js ar vair\u0101k nek\u0101 35 gadu pieredzi un prec\u012bzu ra\u017eo\u0161anu.<\/li>\n<li><strong>Galven\u0101s specifik\u0101cijas:<\/strong>\n<ul>\n<li>Centrb\u0113dzes motora p\u016bt\u0113js ar digit\u0101lo invertoru optim\u0101lai veiktsp\u0113jai.<\/li>\n<li>Vad\u012bbas pane\u013ca programm\u0113jamie tausti\u0146i \u013cauj kontrol\u0113t ventilatoru un apgaismojumu.<\/li>\n<li>Pag\u0101ju\u0161\u0101 laika skait\u012bt\u0101js.<\/li>\n<li>Izpl\u016bdes filtrs.<\/li>\n<li>No\u0146emama, r\u016bd\u012bta darba virsma un darba kameras aizmugur\u0113j\u0101 siena, kas izgatavota no AISI 304 ner\u016bs\u0113jo\u0161\u0101 t\u0113rauda.<\/li>\n<li>Skapja \u0101r\u0113j\u0101s virsmas da\u013cas ir izgatavotas no auksti velm\u0113ta t\u0113rauda ar p\u0101rkl\u0101jumu.<\/li>\n<li>Priek\u0161\u0113jie un s\u0101nu pane\u013ci izgatavoti no 5 mm bieza r\u016bd\u012bta stikla.<\/li>\n<li>H14 klases augstas efektivit\u0101tes da\u013ci\u0146u gaisa filtri ar 99.995% efektivit\u0101ti uz 0,1\u20130,2 mikronu da\u013ci\u0146\u0101m (MPPS) (EN1822-1).<\/li>\n<li>Izpl\u016bdes filtrs (vai priek\u0161filtrs) Filtrete\u00ae tips ar gravimetrisko efektivit\u0101ti, kas augst\u0101ka par 99% uz 3 \u03bcm da\u013ci\u0146\u0101m.<\/li>\n<li>Standarta funkcijas ietver: dienasgaismas spuldzi, pag\u0101ju\u0161\u0101 laika m\u0113r\u012bt\u0101ju.<\/li>\n<li>Papildu v\u0101ks ar UV gaismu (ieskaitot dro\u0161\u012bbas sl\u0113dzi, kas \u013cauj izsl\u0113gt UV gaismu, ja v\u0101ks tiek no\u0146emts no korpusa).<\/li>\n<li>Elektroiek\u0101rtas atbilst starptautiskajiem standartiem un EMC direkt\u012bv\u0101m.<\/li>\n<li>Vad\u012bbas pane\u013ca programm\u0113jamie tausti\u0146i \u013cauj kontrol\u0113t apgaismojumu, ventilatoru un UV gaismu.<\/li>\n<li>Apgaismojums \u203a 800 luksi.<\/li>\n<li>Klusa un mier\u012bga darb\u012bba &lt;65 dB(A), pateicoties \u013coti zemas vibr\u0101cijas ventilatora piekar\u0113m.<\/li>\n<li>CE z\u012bme.<\/li>\n<\/ul>\n<\/li>\n<\/ul>\n<h3>Lamin\u0101r\u0101s pl\u016bsmas skapji \u2013 <a href=\"http:\/\/labostera.lt\/lv\/product-brand\/bioair-s-p-a\/\">BioAir laboratorijas m\u0113be\u013cu grupa<\/a><\/h3>\n<p>Vair\u0101k inform\u0101cijas: <strong><a href=\"https:\/\/www.bioair.it\/en\/we-make\/products\/laminar-flow-cabinets\/aura-mini.php\" target=\"_blank\" rel=\"noopener nofollow\">ra\u017eot\u0101ja t\u012bmek\u013ca vietn\u0113<\/a><\/strong> vai nos\u016btiet mums piepras\u012bjumu!<\/p>","protected":false},"excerpt":{"rendered":"<p>BioAir Aura Mini \u2013 kompakts lamin\u0101r\u0101s pl\u016bsmas nos\u016bc\u0113js ar H14 filtru. Dro\u0161a un klusa darb\u012bba, ide\u0101li piem\u0113rots jut\u012bgiem produktiem. Moderns dizains ar 35 gadu pieredzi.<\/p>","protected":false},"featured_media":18220,"template":"","meta":[],"product_cat":[76,121],"product_tag":[655,657,656],"class_list":{"0":"post-18217","1":"product","2":"type-product","3":"status-publish","4":"has-post-thumbnail","6":"product_brand-bioair-s-p-a","7":"product_cat-laboratorine-iranga","8":"product_cat-laminarai-ir-traukos-spintos","9":"product_tag-bioair-s-p-a","10":"product_tag-laminar-flow-cabinets","11":"product_tag-laminarines-traukos-spintos","13":"first","14":"onbackorder","15":"shipping-taxable","16":"purchasable","17":"product-type-simple"},"_links":{"self":[{"href":"https:\/\/labostera.lt\/lv\/wp-json\/wp\/v2\/product\/18217","targetHints":{"allow":["GET"]}}],"collection":[{"href":"https:\/\/labostera.lt\/lv\/wp-json\/wp\/v2\/product"}],"about":[{"href":"https:\/\/labostera.lt\/lv\/wp-json\/wp\/v2\/types\/product"}],"wp:featuredmedia":[{"embeddable":true,"href":"https:\/\/labostera.lt\/lv\/wp-json\/wp\/v2\/media\/18220"}],"wp:attachment":[{"href":"https:\/\/labostera.lt\/lv\/wp-json\/wp\/v2\/media?parent=18217"}],"wp:term":[{"taxonomy":"product_cat","embeddable":true,"href":"https:\/\/labostera.lt\/lv\/wp-json\/wp\/v2\/product_cat?post=18217"},{"taxonomy":"product_tag","embeddable":true,"href":"https:\/\/labostera.lt\/lv\/wp-json\/wp\/v2\/product_tag?post=18217"}],"curies":[{"name":"wp","href":"https:\/\/api.w.org\/{rel}","templated":true}]}}