{"id":18207,"date":"2024-01-30T09:43:09","date_gmt":"2024-01-30T07:43:09","guid":{"rendered":"http:\/\/labostera.lt\/?post_type=product&#038;p=18207"},"modified":"2024-01-30T13:44:53","modified_gmt":"2024-01-30T11:44:53","slug":"laminarine-traukos-spinta-bioair-aura-hz-series-laminar-flow-cabinet","status":"publish","type":"product","link":"https:\/\/labostera.lt\/lv\/priemones-ir-iranga\/laboratorine-iranga\/laminarine-traukos-spinta-bioair-aura-hz-series-laminar-flow-cabinet\/","title":{"rendered":"Lamin\u0101r\u0101s pl\u016bsmas skapis BioAir Aura HZ s\u0113rijas lamin\u0101r\u0101s pl\u016bsmas skapis"},"content":{"rendered":"<h2><strong>BioAir SpA Aura HZ s\u0113rijas lamin\u0101r\u0101s pl\u016bsmas nos\u016bc\u0113js<\/strong><\/h2>\n<ul>\n<li><strong>Mode\u013ci:<\/strong> Aura HZ48T, Aura HZ72T<\/li>\n<li><strong>Tehnisk\u0101s specifik\u0101cijas:<\/strong>\n<ul>\n<li>Horizont\u0101la lamin\u0101ra gaisa pl\u016bsmas skapis.<\/li>\n<li>Mikroprocesora vad\u012bba.<\/li>\n<li>Autom\u0101tiska gaisa pl\u016bsmas uzraudz\u012bba.<\/li>\n<li>H14 filtrs ar mikrore\u017e\u0123i lejupv\u0113rstas pl\u016bsmas izl\u012bdzin\u0101\u0161anai.<\/li>\n<li>S\u0101nu stikla sienas ar s\u0101nu pl\u016bsmas efekta (LFC) uzst\u0101d\u012b\u0161anu.<\/li>\n<\/ul>\n<\/li>\n<li><strong>Galven\u0101s specifik\u0101cijas:<\/strong>\n<ul>\n<li>Aura HZ ir horizont\u0101la lamin\u0101ras gaisa pl\u016bsmas skapis, kas atbilst ISO3 standartam saska\u0146\u0101 ar ISO14644-1.<\/li>\n<li>Flow Concept s\u0101nu sienas nodro\u0161ina, ka nav nopl\u016bdes no apk\u0101rt\u0113j\u0101s vides.<\/li>\n<li>Darb\u012bbas re\u017e\u012bms nodro\u0161ina \u013coti t\u012bru darba vietu, kas ir lab\u0101ka par 100. klasi, nov\u0113r\u0161ot pies\u0101r\u0146ojuma iek\u013c\u016b\u0161anu no apk\u0101rt\u0113j\u0101s vides.<\/li>\n<li>Augstas efektivit\u0101tes mazg\u0101jami poliuret\u0101na filtri no\u0146em rupj\u0101s da\u013ci\u0146as, pirms t\u0101s sasniedz H14 filtru.<\/li>\n<li>H14 klases HEPA filtrs garant\u0113 99,995% efektivit\u0101ti 0,1\u20130,2 mikronu da\u013ci\u0146\u0101m.<\/li>\n<li>Elektroiek\u0101rtas atbilst starptautiskajiem standartiem un EMC direkt\u012bv\u0101m.<\/li>\n<li>Elektroniska gaisa \u0101truma kontrole, vid\u0113j\u0101s tilpuma gaisa pl\u016bsmas kontrole.<\/li>\n<li>Vad\u012bbas pane\u013ca m\u012bkstie sk\u0101rienjut\u012bgie tausti\u0146i \u013cauj kontrol\u0113t apgaismojumu, ventilatoru un UV gaismu.<\/li>\n<li>Redzams un dzirdams trauksmes sign\u0101ls gaisa \u0101trumam un filtra aizsprostojumam.<\/li>\n<li>Sald\u0113ta t\u0113rauda \u0101r\u0113j\u0101s virsmas p\u0101rkl\u0101jums.<\/li>\n<li>Darba virsma no ner\u016bs\u0113jo\u0161\u0101 t\u0113rauda AISI304 ar iepriek\u0161 perfor\u0113tiem pane\u013ciem, lai \u0113rti uzst\u0101d\u012btu izv\u0113l\u0113t\u0101s funkcijas.<\/li>\n<li>S\u0101nu pane\u013ci izgatavoti no apsild\u0101ma stikla.<\/li>\n<li>HEPA filtra pazemin\u0101t\u0101s virsmas mikrot\u012bkla membr\u0101na nodro\u0161ina perfektu gaisa pl\u016bsmas sadal\u012bjumu.<\/li>\n<li>CE z\u012bme.<\/li>\n<li>Gaismas griestos var uzst\u0101d\u012bt l\u012bdz \u010detr\u0101m kontaktligzd\u0101m, atst\u0101jot darba virsmu br\u012bvu.<\/li>\n<li>DOP testa ports labaj\u0101 pus\u0113 \u0101trai un vienk\u0101r\u0161ai filtra integrit\u0101tes p\u0101rbaudei.<\/li>\n<li>Samazin\u0101tas pl\u016bsmas re\u017e\u012bms uztur darba vietu t\u012bru, kad ier\u012bce netiek lietota.<\/li>\n<\/ul>\n<\/li>\n<\/ul>\n<h3>Lamin\u0101r\u0101s pl\u016bsmas skapji \u2013 <a href=\"http:\/\/labostera.lt\/lv\/product-brand\/bioair-s-p-a\/\">BioAir laboratorijas m\u0113be\u013cu grupa<\/a><\/h3>\n<p>Vair\u0101k inform\u0101cijas: <strong><a href=\"https:\/\/www.bioair.it\/en\/we-make\/products\/laminar-flow-cabinets\/aura-hz.php\" target=\"_blank\" rel=\"noopener nofollow\">ra\u017eot\u0101ja t\u012bmek\u013ca vietn\u0113<\/a><\/strong> vai nos\u016btiet mums piepras\u012bjumu!<\/p>","protected":false},"excerpt":{"rendered":"<p>Lamin\u0101rais tvaiku nos\u016bc\u0113js BioAir Aura HZ \u2013 dro\u0161\u012bba un efektivit\u0101te. Horizont\u0101la gaisa pl\u016bsmas skapis ar ISO3 t\u012br\u012bbas zonu. Autom\u0101tiska gaisa pl\u016bsmas kontrole, s\u0101nu stikla sienas efekts, H14 filtrs. Izv\u0113lieties Aura HZ48T vai Aura HZ72T. Uzticams Eiropas dizains ar 35 gadu pieredzi.<\/p>","protected":false},"featured_media":18211,"template":"","meta":[],"product_cat":[76,121],"product_tag":[655,657,656],"class_list":{"0":"post-18207","1":"product","2":"type-product","3":"status-publish","4":"has-post-thumbnail","6":"product_brand-bioair-s-p-a","7":"product_cat-laboratorine-iranga","8":"product_cat-laminarai-ir-traukos-spintos","9":"product_tag-bioair-s-p-a","10":"product_tag-laminar-flow-cabinets","11":"product_tag-laminarines-traukos-spintos","13":"first","14":"onbackorder","15":"shipping-taxable","16":"purchasable","17":"product-type-variable"},"_links":{"self":[{"href":"https:\/\/labostera.lt\/lv\/wp-json\/wp\/v2\/product\/18207","targetHints":{"allow":["GET"]}}],"collection":[{"href":"https:\/\/labostera.lt\/lv\/wp-json\/wp\/v2\/product"}],"about":[{"href":"https:\/\/labostera.lt\/lv\/wp-json\/wp\/v2\/types\/product"}],"wp:featuredmedia":[{"embeddable":true,"href":"https:\/\/labostera.lt\/lv\/wp-json\/wp\/v2\/media\/18211"}],"wp:attachment":[{"href":"https:\/\/labostera.lt\/lv\/wp-json\/wp\/v2\/media?parent=18207"}],"wp:term":[{"taxonomy":"product_cat","embeddable":true,"href":"https:\/\/labostera.lt\/lv\/wp-json\/wp\/v2\/product_cat?post=18207"},{"taxonomy":"product_tag","embeddable":true,"href":"https:\/\/labostera.lt\/lv\/wp-json\/wp\/v2\/product_tag?post=18207"}],"curies":[{"name":"wp","href":"https:\/\/api.w.org\/{rel}","templated":true}]}}