{"id":18201,"date":"2024-01-29T16:02:26","date_gmt":"2024-01-29T14:02:26","guid":{"rendered":"http:\/\/labostera.lt\/?post_type=product&#038;p=18201"},"modified":"2024-01-29T16:49:48","modified_gmt":"2024-01-29T14:49:48","slug":"saules-sviesos-zondas-delta-t-bf5-sunshine-pyranometer","status":"publish","type":"product","link":"https:\/\/labostera.lt\/lv\/priemones-ir-iranga\/laboratorine-iranga\/aplinkotyra\/hidrologine-meteorologine-iranga\/saules-sviesos-zondas-delta-t-bf5-sunshine-pyranometer\/","title":{"rendered":"Saules gaismas zonde Delta-T BF5 saules gaismas piranometrs"},"content":{"rendered":"<h2><strong>\u201eDelta-T Devices Ltd. BF5 saules gaismas zondes sensora piranometrs<\/strong><\/h2>\n<ul>\n<li><strong>Izm\u0113ri:<\/strong> Kop\u0113jais un dif\u016bzais starojums (Wm-2), DNI apr\u0113\u0137ini, saules gaismas statuss<\/li>\n<li><strong>WMO saules gaismas ierobe\u017eojums:<\/strong> 120 Wm-2 tie\u0161ai starojuma pl\u016bsmai<\/li>\n<li><strong>Izejas:<\/strong> Analogie sign\u0101li glob\u0101lajam un dif\u016bzajam starojumam, digit\u0101l\u0101 izeja saules gaismas ilguma noteik\u0161anai<\/li>\n<li><strong>Funkcijas:<\/strong> Nav kust\u012bgu deta\u013cu, \u0113nu gredzenu vai motoriz\u0113tas izseko\u0161anas sist\u0113mas<\/li>\n<\/ul>\n<h3>Delta-T SPN1 piranometra funkcijas un apraksts<\/h3>\n<p>SPN1 piranometrs ir prec\u012bzs saules starojuma m\u0113r\u012b\u0161anas instruments ar stikla kupolu ilgsto\u0161ai lieto\u0161anai \u0101rpus telp\u0101m. T\u0101 ir pieejama un efekt\u012bva alternat\u012bva \u0113nu gredzenu piranometriem, pirheliotrometriem un tradicion\u0101lajiem saules gaismas nov\u0113rot\u0101jiem.<\/p>\n<p>SPN1 piranometru ir \u0101rk\u0101rt\u012bgi viegli lietot; tam nav nepiecie\u0161ama periodiska regul\u0113\u0161ana vai pol\u0101r\u0101 nor\u0101d\u012b\u0161ana, un tas darbojas jebkur\u0101 platuma gr\u0101d\u0101.<\/p>\n<p>Iek\u0161\u0113jais sild\u012bt\u0101js uztur piranometra kupolu temperat\u016br\u0101 l\u012bdz -20\u00b0C (klus\u0101 laik\u0101), nodro\u0161inot uzticamus r\u0101d\u012bjumus sare\u017e\u0123\u012btos klimatiskajos apst\u0101k\u013cos.<\/p>\n<h3>SPN1 piranometru resursu centrs<\/h3>\n<p>Resursu centr\u0101 ir sniegta da\u017e\u0101da lietojumprogrammu un tehnisk\u0101 inform\u0101cija par SPN1, tostarp DNI apr\u0113\u0137ini, novir\u017eu korekcija, veiktsp\u0113jas valid\u0101cija un cita inform\u0101cija. Apmekl\u0113jiet SPN1 resursu centru.<\/p>\n<h3>Tie\u0161ais un dif\u016bzais starojums<\/h3>\n<p>Piranometrs izmanto septi\u0146u miniat\u016bru termoelementu sensoru mas\u012bvu un datora \u0123ener\u0113tu \u0113nu gredzenu strukt\u016bru, lai m\u0113r\u012btu saules starojuma tie\u0161o un dif\u016bzo komponentu. Tas apr\u0113\u0137ina tie\u0161o starojumu, no kop\u0113j\u0101 starojuma at\u0146emot dif\u016bzo starojumu.<\/p>\n<h3>Saules gaismas ilgums<\/h3>\n<p>Gaismas gadu organiz\u0101cijas noteiktais gaismas ierobe\u017eojums ir 120 Wm-2 tie\u0161\u0101 saules starojuma. SPN1 piranometrs izmanto algoritmu, kas balst\u012bts uz tie\u0161\u0101 un dif\u016bz\u0101 starojuma attiec\u012bbu kop\u0101 ar to absol\u016btaj\u0101m v\u0113rt\u012bb\u0101m, lai nov\u0113rt\u0113tu saules gaismas ilgumu, sasniedzot tikai da\u017eus desmitus procentu no WMO standarta.<\/p>\n<p>SPN1 piranometrs nav j\u0101piel\u0101go vai j\u0101p\u0101rvieto, lai izsekotu sauli \u2013 t\u0101 ir iev\u0113rojama priek\u0161roc\u012bba sal\u012bdzin\u0101jum\u0101 ar ier\u012bc\u0113m ar \u0113nu gredzeniem. Nav sare\u017e\u0123\u012btu elektromeh\u0101nisku ier\u012b\u010du un nav nepiecie\u0161ams interpret\u0113t sadegu\u0161a pap\u012bra p\u0113das.<\/p>\n<h3>Izvades un ierakst\u012b\u0161ana<\/h3>\n<p>SPN1 piranometrs nodro\u0161ina 2 analog\u0101s ieejas sign\u0101lus glob\u0101lajam un dif\u016bzajam starojumam un digit\u0101lo izeju saules gaismas ilguma m\u0113r\u012b\u0161anai, ko var savienot ar datu re\u0123istr\u0113t\u0101jiem, piem\u0113ram, Delta-T Devices GP2 un kompakto GP1.<\/p>\n<p>Rezult\u0101tus var ieg\u016bt ar\u012b tie\u0161i no RS232 porta un apskat\u012bt\/ierakst\u012bt, izmantojot komplekt\u0101 iek\u013cauto SunData programmat\u016bru.<\/p>\n<p>Delta-T Devices GP1 datu re\u0123istr\u0113t\u0101js ir jaud\u012bga, univers\u0101la datu re\u0123istr\u0113\u0161anas ier\u012bce, kas nodro\u0161ina ekonomisku risin\u0101jumu SPN1 piranometram.<\/p>\n<h3>Adapt\u0101cija<\/h3>\n<p>SPN1 piranometrs ir ide\u0101li piem\u0113rots da\u017e\u0101diem saules starojuma m\u0113r\u012b\u0161anas lietojumiem, tostarp fotoelektrisko (PV) efektivit\u0101tes uzraudz\u012bbai, gaisa pies\u0101r\u0146ojuma p\u0113t\u012bjumiem, m\u0101ko\u0146u segas p\u0113t\u012bjumiem, ET un siltuma pl\u016bsmas p\u0113t\u012bjumiem, ka\u0146epju anal\u012bzei un \u0113ku ener\u0123ijas p\u0101rvald\u012bbas sist\u0113m\u0101m. Lai ieg\u016btu pla\u0161\u0101ku inform\u0101ciju, apmekl\u0113jiet SPN1 resursu centru.<\/p>\n<h3>SPN1 piranometra nov\u0113rt\u0113jums saules optisk\u0101 biezuma m\u0113r\u012b\u0161anai<\/h3>\n<p>Profesora Viktora Esteles saules starojuma p\u0113tniec\u012bbas grupa Valensijas Universit\u0101t\u0113 izmanto SPN1 piranometru kop\u0101 ar Cimel un Prede saules fotometriem, lai sal\u012bdzin\u0101tu to ar \u0161iem prec\u012bz\u0101kajiem, bet sare\u017e\u0123\u012bt\u0101kajiem instrumentiem. Vi\u0146u rezult\u0101ti uzr\u0101da relat\u012bvi labu atbilst\u012bbu \u2014 zin\u0101tniskie plak\u0101ti tika prezent\u0113ti Skynet konferenc\u0113 Rom\u0101 2016 un EGU V\u012bn\u0113 2016.<\/p>\n<h3>Tie\u0161\u0101 norm\u0101l\u0101 apstarojuma (DNI) apr\u0113\u0137ins<\/h3>\n<p>Tie\u0161ais norm\u0101lais apstarojums (DNI) ir saules starojuma daudzums, kas sasniedz Zemes virsmu perpendikul\u0101ri saules staru virzienam laika vien\u012bb\u0101. Tas ir \u012bpa\u0161i noder\u012bgi, sal\u012bdzinot saules modu\u013cu efektivit\u0101ti ar DNI, \u012bpa\u0161i lauka testos. SPN1 piranometra izeja \u013cauj apr\u0113\u0137in\u0101t DNI saules kust\u012bbu atpaz\u012b\u0161anas, horizont\u0101l\u0101s un sl\u012bp\u0101s instal\u0101cij\u0101s.<\/p>\n<p>DNI var apr\u0113\u0137in\u0101t divos veidos:<\/p>\n<ol>\n<li><strong>DNI programmat\u016bra:<\/strong> SPN1 piranometrs var apr\u0113\u0137in\u0101t DNI (nepiecie\u0161ama programmaparat\u016bras versija 1.08 vai jaun\u0101ka). Rezult\u0101ti ir pieejami tikai seri\u0101laj\u0101 izejas port\u0101, un to izguvei ir nepiecie\u0161amas RS232 komandas un rezult\u0101ti, izmantojot termin\u0101\u013ca lietojumprogrammu vai l\u012bdz\u012bgu programmat\u016bru. Lai ieg\u016btu papildinform\u0101ciju, l\u016bdzu, lejupiel\u0101d\u0113jiet dokumentu \u201eSPN1 programmaparat\u016bras DNI funkcijas izmanto\u0161ana\u201c. Lai atjaunin\u0101tu SPN1 programmaparat\u016bru uz nepiecie\u0161amo versiju 1.08, l\u016bdzu, sazinieties ar mums pa e-pastu techsupport@delta-T.co.uk.<\/li>\n<li><strong>DNI kalkulators:<\/strong> Varat lejupiel\u0101d\u0113t Excel pievienojumprogrammu, lai apr\u0113\u0137in\u0101tu DNI no horizont\u0101li uzst\u0101d\u012bta SPN1 piranometra izejas, izmantojot datus, kas ierakst\u012bti no analog\u0101s vai seri\u0101l\u0101s izejas. Lejupiel\u0101d\u0113jiet izkl\u0101jlapu \u0161eit.<\/li>\n<\/ol>\n<p>Piez\u012bme: Zin\u0101tniskaj\u0101 literat\u016br\u0101 SPN1 piranometru da\u017ereiz d\u0113v\u0113 par SPN1 radiometru.<\/p>\n<h3>Saules gaismas sensori \u2013 <a href=\"http:\/\/labostera.lt\/lv\/product-brand\/delta-t-devices-ltd\/\">Delta-T ier\u012b\u010du grupa<\/a><\/h3>\n<p>Vair\u0101k inform\u0101cijas: <strong><a href=\"https:\/\/delta-t.co.uk\/product\/spn1\/\" target=\"_blank\" rel=\"noopener nofollow\">ra\u017eot\u0101ja t\u012bmek\u013ca vietn\u0113<\/a><\/strong> vai nos\u016btiet mums piepras\u012bjumu!<\/p>","protected":false},"excerpt":{"rendered":"<p>Delta-T SPN1 saules gaismas zondes sensora piranometrs \u2013 m\u0113ra kop\u0113jo un dif\u016bzo starojumu, apr\u0113\u0137ina DNI un saules gaismas apst\u0101k\u013cus. Uzticams, bez kust\u012bg\u0101m deta\u013c\u0101m vai motoriz\u0113tas izseko\u0161anas sist\u0113mas.<\/p>","protected":false},"featured_media":18203,"template":"","meta":[],"product_cat":[83,108,76],"product_tag":[618,650,653,649,652,651],"class_list":{"0":"post-18201","1":"product","2":"type-product","3":"status-publish","4":"has-post-thumbnail","6":"product_brand-delta-t-devices-ltd","7":"product_cat-aplinkotyra","8":"product_cat-hidrologine-meteorologine-iranga","9":"product_cat-laboratorine-iranga","10":"product_tag-delta-t-devices-ltd","11":"product_tag-saules-sviesos-jutikliai","12":"product_tag-saules-sviesos-piranometrai","13":"product_tag-saules-sviesos-zondai","14":"product_tag-sunshine-pyranometers","15":"product_tag-sunshine-sensors","17":"first","18":"onbackorder","19":"shipping-taxable","20":"purchasable","21":"product-type-simple"},"_links":{"self":[{"href":"https:\/\/labostera.lt\/lv\/wp-json\/wp\/v2\/product\/18201","targetHints":{"allow":["GET"]}}],"collection":[{"href":"https:\/\/labostera.lt\/lv\/wp-json\/wp\/v2\/product"}],"about":[{"href":"https:\/\/labostera.lt\/lv\/wp-json\/wp\/v2\/types\/product"}],"wp:featuredmedia":[{"embeddable":true,"href":"https:\/\/labostera.lt\/lv\/wp-json\/wp\/v2\/media\/18203"}],"wp:attachment":[{"href":"https:\/\/labostera.lt\/lv\/wp-json\/wp\/v2\/media?parent=18201"}],"wp:term":[{"taxonomy":"product_cat","embeddable":true,"href":"https:\/\/labostera.lt\/lv\/wp-json\/wp\/v2\/product_cat?post=18201"},{"taxonomy":"product_tag","embeddable":true,"href":"https:\/\/labostera.lt\/lv\/wp-json\/wp\/v2\/product_tag?post=18201"}],"curies":[{"name":"wp","href":"https:\/\/api.w.org\/{rel}","templated":true}]}}