{"id":18195,"date":"2024-01-29T15:14:09","date_gmt":"2024-01-29T13:14:09","guid":{"rendered":"http:\/\/labostera.lt\/?post_type=product&#038;p=18195"},"modified":"2024-01-29T16:49:35","modified_gmt":"2024-01-29T14:49:35","slug":"saules-sviesos-zondas-delta-t-bf5-sunshine-sensor","status":"publish","type":"product","link":"https:\/\/labostera.lt\/lv\/priemones-ir-iranga\/laboratorine-iranga\/aplinkotyra\/hidrologine-meteorologine-iranga\/saules-sviesos-zondas-delta-t-bf5-sunshine-sensor\/","title":{"rendered":"Saules gaismas zonde Delta-T BF5 saules gaismas sensors"},"content":{"rendered":"<h2><strong>\u201eDelta-T Devices Ltd. BF5 saules gaismas zonde<\/strong><\/h2>\n<ul>\n<li><strong>Izm\u0113ri:<\/strong> Glob\u0101lais un dif\u016bzais starojums, saules gaismas ilgums<\/li>\n<li><strong>\u012apa\u0161as funkcijas:<\/strong> Bez kust\u012bg\u0101m da\u013c\u0101m un \u0113nu gredzeniem<\/li>\n<li><strong>Izejas:<\/strong> PAR (mmol\/m<sup>2<\/sup>s), Ener\u0123ija (W\/m\u00b2)<sup>2<\/sup>) vai Lux<\/li>\n<\/ul>\n<h3>Delta-T BF5 saules gaismas zondes funkcijas un apraksts<\/h3>\n<p>BF5 saules gaismas sensors ir univers\u0101ls saules starojuma sensors, kas m\u0113ra kr\u012bto\u0161o saules starojumu. \u0160is uzticamais sensors izmanto fotodetektoru ar unik\u0101lu datora \u0123ener\u0113tu \u0113nu gredzenu strukt\u016bru, lai m\u0113r\u012btu kr\u012bto\u0161o saules starojumu. Mikroprocesors apr\u0113\u0137ina glob\u0101l\u0101 un dif\u016bz\u0101 starojuma komponentes un nosaka saules gaismas st\u0101vokli.<\/p>\n<p>Divi analogie ieejas sign\u0101li nodro\u0161ina glob\u0101lo un dif\u016bzo starojumu, no kuriem tiek ieg\u016bti tie\u0161\u0101 un dif\u016bz\u0101 starojuma indikatori. Saules gaismas statusu nor\u0101da digit\u0101ls sign\u0101ls. Visus \u0161os datus var savienot ar GP1 vai GP2 datu re\u0123istr\u0113t\u0101jiem vai cit\u0101m izplat\u012bt\u0101m vides uzraudz\u012bbas ier\u012bc\u0113m. Iek\u0161\u0113jais sild\u012bt\u0101js uztur sensora temperat\u016bru l\u012bdz -20 \u00b0C, nov\u0113r\u0161ot rasas, sala un sniega veido\u0161anos.<\/p>\n<h3>Saules gaismas ilgums<\/h3>\n<p>BF5 saules gaismas sensors netie\u0161i m\u0113ra saules gaismas stundas, izmantojot vienk\u0101r\u0161u vien\u0101dojumu, kas balst\u012bts uz kop\u0113jo fotosint\u0113tiski akt\u012bvo starojumu (PAR) un kop\u0113j\u0101s PAR attiec\u012bbu pret tie\u0161o PAR. Tas atbilst Pasaules Meteorolo\u0123ijas organiz\u0101cijas saules gaismas ilguma ierobe\u017eojumam \u2013 120 W\/m\u00b2.<sup>2<\/sup> saules star\u0101. BF5 saules gaismas zondei nav nepiecie\u0161ams regul\u0113t vai p\u0101rvietot poz\u012bciju, lai izsekotu sauli \u2013 t\u0101 ir iev\u0113rojama priek\u0161roc\u012bba sal\u012bdzin\u0101jum\u0101 ar ier\u012bc\u0113m ar \u0113nu gredzeniem. Nav sare\u017e\u0123\u012btu elektromeh\u0101nisku ier\u012b\u010du un nav nepiecie\u0161ams interpret\u0113t sadegu\u0161a pap\u012bra p\u0113das.<\/p>\n<h3>SunScan nojumes anal\u012bzes sist\u0113ma<\/h3>\n<p>BF5 saules gaismas zondi var izmantot k\u0101 neat\u0146emamu SunScan vainagu anal\u012bzes sist\u0113mas sast\u0101vda\u013cu. SunScan zonde ir 1 m gar\u0161 gaismas sensoru mas\u012bvs, kas paredz\u0113ts vainagu seguma m\u0113r\u012b\u0161anai un lapu laukuma indeksa (LAI) nov\u0113rt\u0113\u0161anai. BF5 saules gaismas sensors uzlabo SunScan sist\u0113mas precizit\u0101ti un \u013cauj to izmantot pat main\u012bgos apgaismojuma apst\u0101k\u013cos.<\/p>\n<h3>Adapt\u0101cija<\/h3>\n<p>Papildus izmanto\u0161anai SunScan sist\u0113m\u0101, BF5 saules gaismas sensora alternat\u012bv\u0101s izejas \u013cauj to izmantot fotosint\u0113zei, apgaismojumam un saules ener\u0123ijas m\u0113r\u012bjumiem. \u0112ku ener\u0123ijas p\u0101rvald\u012bbas sist\u0113m\u0101s (BEMS) to var izmantot, lai kontrol\u0113tu \u017eal\u016bziju vai misi\u0146a sl\u0113\u0123u atv\u0113r\u0161anu un aizv\u0113r\u0161anu, rea\u0123\u0113jot uz sauli. BF5 sp\u0113ja izm\u0113r\u012bt gan tie\u0161o starojuma ener\u0123iju, gan kop\u0113jo starojumu \u013cauj optim\u0101li izmantot dabisko apgaismojumu un saules ener\u0123ijas ieguvumus, samazinot ietekmi uz \u0113kas iem\u012btniekiem.<\/p>\n<h3>Saules gaismas sensori \u2013 <a href=\"http:\/\/labostera.lt\/lv\/product-brand\/delta-t-devices-ltd\/\">Delta-T ier\u012b\u010du grupa<\/a><\/h3>\n<p>Vair\u0101k inform\u0101cijas: <strong><a href=\"https:\/\/delta-t.co.uk\/product\/ev2g-05\/\" target=\"_blank\" rel=\"noopener nofollow\">ra\u017eot\u0101ja t\u012bmek\u013ca vietn\u0113<\/a><\/strong> vai nos\u016btiet mums piepras\u012bjumu!<\/p>","protected":false},"excerpt":{"rendered":"<p>Delta-T BF5 gaismas zonde \u2013 m\u0113ra glob\u0101lo un dif\u016bzo starojumu, saules gaismas ilgumu. Uzticama, bez kust\u012bg\u0101m da\u013c\u0101m un \u0113nu gredzeniem.<\/p>","protected":false},"featured_media":18198,"template":"","meta":[],"product_cat":[83,108,76],"product_tag":[618,650,649,651],"class_list":{"0":"post-18195","1":"product","2":"type-product","3":"status-publish","4":"has-post-thumbnail","6":"product_brand-delta-t-devices-ltd","7":"product_cat-aplinkotyra","8":"product_cat-hidrologine-meteorologine-iranga","9":"product_cat-laboratorine-iranga","10":"product_tag-delta-t-devices-ltd","11":"product_tag-saules-sviesos-jutikliai","12":"product_tag-saules-sviesos-zondai","13":"product_tag-sunshine-sensors","15":"first","16":"onbackorder","17":"shipping-taxable","18":"purchasable","19":"product-type-simple"},"_links":{"self":[{"href":"https:\/\/labostera.lt\/lv\/wp-json\/wp\/v2\/product\/18195","targetHints":{"allow":["GET"]}}],"collection":[{"href":"https:\/\/labostera.lt\/lv\/wp-json\/wp\/v2\/product"}],"about":[{"href":"https:\/\/labostera.lt\/lv\/wp-json\/wp\/v2\/types\/product"}],"wp:featuredmedia":[{"embeddable":true,"href":"https:\/\/labostera.lt\/lv\/wp-json\/wp\/v2\/media\/18198"}],"wp:attachment":[{"href":"https:\/\/labostera.lt\/lv\/wp-json\/wp\/v2\/media?parent=18195"}],"wp:term":[{"taxonomy":"product_cat","embeddable":true,"href":"https:\/\/labostera.lt\/lv\/wp-json\/wp\/v2\/product_cat?post=18195"},{"taxonomy":"product_tag","embeddable":true,"href":"https:\/\/labostera.lt\/lv\/wp-json\/wp\/v2\/product_tag?post=18195"}],"curies":[{"name":"wp","href":"https:\/\/api.w.org\/{rel}","templated":true}]}}