{"id":18185,"date":"2024-01-29T14:37:32","date_gmt":"2024-01-29T12:37:32","guid":{"rendered":"http:\/\/labostera.lt\/?post_type=product&#038;p=18185"},"modified":"2024-01-29T15:13:28","modified_gmt":"2024-01-29T13:13:28","slug":"uv-spinduliuotes-zondas-delta-t-uv-radiation-sensor","status":"publish","type":"product","link":"https:\/\/labostera.lt\/lv\/priemones-ir-iranga\/laboratorine-iranga\/aplinkotyra\/hidrologine-meteorologine-iranga\/uv-spinduliuotes-zondas-delta-t-uv-radiation-sensor\/","title":{"rendered":"UV starojuma zonde Delta-T UV starojuma sensors"},"content":{"rendered":"<h2><strong>\u201eDelta-T Devices Ltd. UV starojuma zonde<\/strong><\/h2>\n<ul>\n<li><strong>Precizit\u0101te:<\/strong> \u00b17,5% pie 20\u00b0C<\/li>\n<li><strong>Sensora tips:<\/strong> Fotodiodes detektors ar transimpedances pastiprin\u0101t\u0101ju<\/li>\n<\/ul>\n<h3>UV starojuma sensori \u2013 <a href=\"http:\/\/labostera.lt\/lv\/product-brand\/delta-t-devices-ltd\/\">Delta-T ier\u012b\u010du grupa<\/a><\/h3>\n<p>Vair\u0101k inform\u0101cijas: <strong><a href=\"https:\/\/delta-t.co.uk\/product\/uv3pab-05\/\" target=\"_blank\" rel=\"noopener nofollow\">ra\u017eot\u0101ja t\u012bmek\u013ca vietn\u0113<\/a><\/strong> vai nos\u016btiet mums piepras\u012bjumu!<\/p>","protected":false},"excerpt":{"rendered":"<p>Delta-T UV3 UV starojuma zonde \u2013 precizit\u0101te \u00b17,51 TP3T pie 20\u00a0\u00b0C. Kompaktus un uzticamus UV sensorus ra\u017eo Delta-T.<\/p>","protected":false},"featured_media":18178,"template":"","meta":[],"product_cat":[83,108,76],"product_tag":[618,648,647,646],"class_list":{"0":"post-18185","1":"product","2":"type-product","3":"status-publish","4":"has-post-thumbnail","6":"product_brand-delta-t-devices-ltd","7":"product_cat-aplinkotyra","8":"product_cat-hidrologine-meteorologine-iranga","9":"product_cat-laboratorine-iranga","10":"product_tag-delta-t-devices-ltd","11":"product_tag-uv-radiation-sensors","12":"product_tag-uv-spinduliuotes-jutikliai","13":"product_tag-uv-spinduliuotes-zondai","15":"first","16":"onbackorder","17":"shipping-taxable","18":"purchasable","19":"product-type-variable"},"_links":{"self":[{"href":"https:\/\/labostera.lt\/lv\/wp-json\/wp\/v2\/product\/18185","targetHints":{"allow":["GET"]}}],"collection":[{"href":"https:\/\/labostera.lt\/lv\/wp-json\/wp\/v2\/product"}],"about":[{"href":"https:\/\/labostera.lt\/lv\/wp-json\/wp\/v2\/types\/product"}],"wp:featuredmedia":[{"embeddable":true,"href":"https:\/\/labostera.lt\/lv\/wp-json\/wp\/v2\/media\/18178"}],"wp:attachment":[{"href":"https:\/\/labostera.lt\/lv\/wp-json\/wp\/v2\/media?parent=18185"}],"wp:term":[{"taxonomy":"product_cat","embeddable":true,"href":"https:\/\/labostera.lt\/lv\/wp-json\/wp\/v2\/product_cat?post=18185"},{"taxonomy":"product_tag","embeddable":true,"href":"https:\/\/labostera.lt\/lv\/wp-json\/wp\/v2\/product_tag?post=18185"}],"curies":[{"name":"wp","href":"https:\/\/api.w.org\/{rel}","templated":true}]}}