{"id":18169,"date":"2024-01-29T13:55:19","date_gmt":"2024-01-29T11:55:19","guid":{"rendered":"http:\/\/labostera.lt\/?post_type=product&#038;p=18169"},"modified":"2024-01-29T14:48:18","modified_gmt":"2024-01-29T12:48:18","slug":"saules-spinduliuotes-zondas-delta-t-solar-radiation-sensor","status":"publish","type":"product","link":"https:\/\/labostera.lt\/lv\/priemones-ir-iranga\/laboratorine-iranga\/aplinkotyra\/hidrologine-meteorologine-iranga\/saules-spinduliuotes-zondas-delta-t-solar-radiation-sensor\/","title":{"rendered":"Saules starojuma zonde Delta-T saules starojuma sensors"},"content":{"rendered":"<h2><strong>Delta-T Devices Ltd. Saules starojuma zonde<\/strong><\/h2>\n<ul>\n<li><strong>ES2:<\/strong> Augstas kvalit\u0101tes sil\u012bcija fotodiode saules ener\u0123ijas m\u0113r\u012b\u0161anai dabisk\u0101, neaizsegt\u0101 dienasgaism\u0101. \u230030 mm x 48 mm.<\/li>\n<li><strong>5. jaut\u0101jums:<\/strong> Stabila Si fotodiode saules starojuma m\u0113r\u012b\u0161anai augiem un augu aug\u0161anai. Nodro\u0161ina PAR izeju. \u230044 mm x 48 mm.<\/li>\n<li><strong>GS1:<\/strong> Sf\u0113risks solarimetrs (piranometrs), kas balst\u012bts uz termoelementu, WMO 2. klases saules ener\u0123ijas references m\u0113r\u012bjumiem. Sf\u0113ra \u230036 mm.<\/li>\n<li><strong>GS2:<\/strong> Albedometrs, izmantojot 2 GS1 priek\u0161pus\u0113 un aizmugur\u0113 uzst\u0101d\u012btus sensorus. Paredz\u0113ts gan ien\u0101ko\u0161\u0101, gan atstarot\u0101 starojuma m\u0113r\u012b\u0161anai.<\/li>\n<li><strong>NR.2:<\/strong> Sf\u0113risks t\u012bkla radiometrs, kura pamat\u0101 ir termoelements, t\u012bkla starojuma m\u0113r\u012bjumiem.<\/li>\n<\/ul>\n<h3>Saules starojuma sensori \u2013 <a href=\"http:\/\/labostera.lt\/lv\/product-brand\/delta-t-devices-ltd\/\">Delta-T ier\u012b\u010du grupa<\/a><\/h3>\n<p>Vair\u0101k inform\u0101cijas: <strong><a href=\"https:\/\/delta-t.co.uk\/product-category\/meteorology\/met-and-environmental-sensors\/solar-radiation\/\" target=\"_blank\" rel=\"noopener nofollow\">ra\u017eot\u0101ja t\u012bmek\u013ca vietn\u0113<\/a><\/strong> vai nos\u016btiet mums piepras\u012bjumu!<\/p>","protected":false},"excerpt":{"rendered":"<p>Delta-T saules starojuma zonde \u2013 augstas kvalit\u0101tes varianti: ES2, QS5, GS1, GS2, NR2. Prec\u012bzi saules starojuma m\u0113r\u012bjumi augiem, ener\u0123ijas nov\u0113rt\u0113\u0161ana un klimata p\u0113t\u012bjumi.<\/p>","protected":false},"featured_media":18179,"template":"","meta":[],"product_cat":[83,108,76],"product_tag":[618,644,643,645],"class_list":{"0":"post-18169","1":"product","2":"type-product","3":"status-publish","4":"has-post-thumbnail","6":"product_brand-delta-t-devices-ltd","7":"product_cat-aplinkotyra","8":"product_cat-hidrologine-meteorologine-iranga","9":"product_cat-laboratorine-iranga","10":"product_tag-delta-t-devices-ltd","11":"product_tag-saules-spinduliuotes-jutikliai","12":"product_tag-saules-spinduliuotes-zondai","13":"product_tag-solar-radiation-sensors","15":"first","16":"onbackorder","17":"shipping-taxable","18":"purchasable","19":"product-type-variable"},"_links":{"self":[{"href":"https:\/\/labostera.lt\/lv\/wp-json\/wp\/v2\/product\/18169","targetHints":{"allow":["GET"]}}],"collection":[{"href":"https:\/\/labostera.lt\/lv\/wp-json\/wp\/v2\/product"}],"about":[{"href":"https:\/\/labostera.lt\/lv\/wp-json\/wp\/v2\/types\/product"}],"wp:featuredmedia":[{"embeddable":true,"href":"https:\/\/labostera.lt\/lv\/wp-json\/wp\/v2\/media\/18179"}],"wp:attachment":[{"href":"https:\/\/labostera.lt\/lv\/wp-json\/wp\/v2\/media?parent=18169"}],"wp:term":[{"taxonomy":"product_cat","embeddable":true,"href":"https:\/\/labostera.lt\/lv\/wp-json\/wp\/v2\/product_cat?post=18169"},{"taxonomy":"product_tag","embeddable":true,"href":"https:\/\/labostera.lt\/lv\/wp-json\/wp\/v2\/product_tag?post=18169"}],"curies":[{"name":"wp","href":"https:\/\/api.w.org\/{rel}","templated":true}]}}