{"id":18167,"date":"2024-01-29T11:42:38","date_gmt":"2024-01-29T09:42:38","guid":{"rendered":"http:\/\/labostera.lt\/?post_type=product&#038;p=18167"},"modified":"2024-01-29T13:54:24","modified_gmt":"2024-01-29T11:54:24","slug":"atmosferinio-slegio-zondas-delta-t-bs5-barometric-pressure-sensor-kopija","status":"publish","type":"product","link":"https:\/\/labostera.lt\/lv\/priemones-ir-iranga\/laboratorine-iranga\/aplinkotyra\/hidrologine-meteorologine-iranga\/atmosferinio-slegio-zondas-delta-t-bs5-barometric-pressure-sensor-kopija\/","title":{"rendered":"Delta-T EV2\/G iztvaiko\u0161anas sensors"},"content":{"rendered":"<h2><strong>Delta-T Devices Ltd. EV2\/G iztvaiko\u0161anas zonde<\/strong><\/h2>\n<ul>\n<li><strong>EV2\/G:<\/strong> Augstas precizit\u0101tes spiediena dev\u0113ja konstrukcija bez kust\u012bg\u0101m da\u013c\u0101m. Nav nepiecie\u0161ama laba st\u0101v\u0113\u0161ana. J\u0101lieto kop\u0101 ar EV2\/P papl\u0101ti.<\/li>\n<\/ul>\n<h3>Iztvaiko\u0161anas sensori \u2013 <a href=\"http:\/\/labostera.lt\/lv\/product-brand\/delta-t-devices-ltd\/\">Delta-T ier\u012b\u010du grupa<\/a><\/h3>\n<p>Vair\u0101k inform\u0101cijas: <strong><a href=\"https:\/\/delta-t.co.uk\/product\/ev2g-05\/\" target=\"_blank\" rel=\"noopener nofollow\">ra\u017eot\u0101ja t\u012bmek\u013ca vietn\u0113<\/a><\/strong> vai nos\u016btiet mums piepras\u012bjumu!<\/p>","protected":false},"excerpt":{"rendered":"<p>Delta-T EV2\/G iztvaiko\u0161anas zonde \u2013 augstas precizit\u0101tes spiediena sensors bez kust\u012bg\u0101m da\u013c\u0101m. Nav nepiecie\u0161ama laba st\u0101v\u0113\u0161ana. Sader\u012bgs tikai ar EV2\/P papl\u0101ti.<\/p>","protected":false},"featured_media":18168,"template":"","meta":[],"product_cat":[83,108,76],"product_tag":[618,642,641,640],"class_list":{"0":"post-18167","1":"product","2":"type-product","3":"status-publish","4":"has-post-thumbnail","6":"product_brand-delta-t-devices-ltd","7":"product_cat-aplinkotyra","8":"product_cat-hidrologine-meteorologine-iranga","9":"product_cat-laboratorine-iranga","10":"product_tag-delta-t-devices-ltd","11":"product_tag-evaporation-sensors","12":"product_tag-garavimo-jutikliai","13":"product_tag-garavimo-zondai","15":"first","16":"onbackorder","17":"shipping-taxable","18":"purchasable","19":"product-type-simple"},"_links":{"self":[{"href":"https:\/\/labostera.lt\/lv\/wp-json\/wp\/v2\/product\/18167","targetHints":{"allow":["GET"]}}],"collection":[{"href":"https:\/\/labostera.lt\/lv\/wp-json\/wp\/v2\/product"}],"about":[{"href":"https:\/\/labostera.lt\/lv\/wp-json\/wp\/v2\/types\/product"}],"wp:featuredmedia":[{"embeddable":true,"href":"https:\/\/labostera.lt\/lv\/wp-json\/wp\/v2\/media\/18168"}],"wp:attachment":[{"href":"https:\/\/labostera.lt\/lv\/wp-json\/wp\/v2\/media?parent=18167"}],"wp:term":[{"taxonomy":"product_cat","embeddable":true,"href":"https:\/\/labostera.lt\/lv\/wp-json\/wp\/v2\/product_cat?post=18167"},{"taxonomy":"product_tag","embeddable":true,"href":"https:\/\/labostera.lt\/lv\/wp-json\/wp\/v2\/product_tag?post=18167"}],"curies":[{"name":"wp","href":"https:\/\/api.w.org\/{rel}","templated":true}]}}