{"id":18155,"date":"2024-01-29T10:35:19","date_gmt":"2024-01-29T08:35:19","guid":{"rendered":"http:\/\/labostera.lt\/?post_type=product&#038;p=18155"},"modified":"2024-01-29T11:33:13","modified_gmt":"2024-01-29T09:33:13","slug":"vejo-greicio-ir-krypties-zondas-delta-t-wind-speed-and-direction-sensor","status":"publish","type":"product","link":"https:\/\/labostera.lt\/lv\/priemones-ir-iranga\/laboratorine-iranga\/aplinkotyra\/hidrologine-meteorologine-iranga\/vejo-greicio-ir-krypties-zondas-delta-t-wind-speed-and-direction-sensor\/","title":{"rendered":"Delta-T v\u0113ja \u0101truma un virziena sensors"},"content":{"rendered":"<h2><strong>Delta-T Devices Ltd. V\u0113ja \u0101truma un virziena zonde<\/strong><\/h2>\n<ul>\n<li><strong>AN-WD2:<\/strong> Kombin\u0113ts v\u0113ja \u0101truma un virziena sensors. Tr\u012bs kausu anemometra maska ir aizv\u0113rta ar magn\u0113tisku reidu sl\u0113dzi. V\u0113ja sp\u0101rns ir savienots ar 10K potenciometru. Piem\u0113rots GP2 un DL2e datu re\u0123istr\u0113t\u0101jiem.<\/li>\n<li><strong>AN1:<\/strong> Anemometrs ar dz\u012bvsudraba reida sl\u0113dzi. Tr\u012bs tas\u012b\u0161u rotors.<\/li>\n<li><strong>AN3:<\/strong> Anemometrs ar augstas iz\u0161\u0137irtsp\u0113jas tr\u012bskausu rotoru. Digit\u0101l\u0101 fotoelementa impulsa un analog\u0101s izejas.<\/li>\n<li><strong>AN4:<\/strong> Anemometrs, reida sl\u0113dzis, tiek aktiviz\u0113ts, saskaroties ar bezkontakta magn\u0113tu. Tr\u012bs tas\u012b\u0161u rotors.<\/li>\n<li><strong>WD1:<\/strong> V\u0113ja sp\u0101rns ir sp\u0113c\u012bgs un \u013coti jut\u012bgs, balstoties uz 358\u00b0 mikrogriezes momenta potenciometru.<\/li>\n<\/ul>\n<\/ul>\n<h3>V\u0113ja \u0101truma un virziena sensori \u2013 <a href=\"http:\/\/labostera.lt\/lv\/product-brand\/delta-t-devices-ltd\/\">Delta-T ier\u012b\u010du grupa<\/a><\/h3>\n<p>Vair\u0101k inform\u0101cijas: <strong><a href=\"https:\/\/delta-t.co.uk\/product-category\/meteorology\/met-and-environmental-sensors\/relative-humidity\/\" target=\"_blank\" rel=\"noopener nofollow\">ra\u017eot\u0101ja t\u012bmek\u013ca vietn\u0113<\/a><\/strong> vai nos\u016btiet mums piepras\u012bjumu!<\/p>","protected":false},"excerpt":{"rendered":"<p>Delta-T v\u0113ja \u0101truma un virziena zonde \u2013 prec\u012bza v\u0113ja m\u0113r\u012b\u0161anas iek\u0101rta ar daudz\u0101m iesp\u0113j\u0101m. Uzticama tehnolo\u0123ija ar Delta-T kvalit\u0101tes standartiem.<\/p>","protected":false},"featured_media":18159,"template":"","meta":[],"product_cat":[83,108,76],"product_tag":[618],"class_list":{"0":"post-18155","1":"product","2":"type-product","3":"status-publish","4":"has-post-thumbnail","6":"product_brand-delta-t-devices-ltd","7":"product_cat-aplinkotyra","8":"product_cat-hidrologine-meteorologine-iranga","9":"product_cat-laboratorine-iranga","10":"product_tag-delta-t-devices-ltd","12":"first","13":"onbackorder","14":"shipping-taxable","15":"purchasable","16":"product-type-variable"},"_links":{"self":[{"href":"https:\/\/labostera.lt\/lv\/wp-json\/wp\/v2\/product\/18155","targetHints":{"allow":["GET"]}}],"collection":[{"href":"https:\/\/labostera.lt\/lv\/wp-json\/wp\/v2\/product"}],"about":[{"href":"https:\/\/labostera.lt\/lv\/wp-json\/wp\/v2\/types\/product"}],"wp:featuredmedia":[{"embeddable":true,"href":"https:\/\/labostera.lt\/lv\/wp-json\/wp\/v2\/media\/18159"}],"wp:attachment":[{"href":"https:\/\/labostera.lt\/lv\/wp-json\/wp\/v2\/media?parent=18155"}],"wp:term":[{"taxonomy":"product_cat","embeddable":true,"href":"https:\/\/labostera.lt\/lv\/wp-json\/wp\/v2\/product_cat?post=18155"},{"taxonomy":"product_tag","embeddable":true,"href":"https:\/\/labostera.lt\/lv\/wp-json\/wp\/v2\/product_tag?post=18155"}],"curies":[{"name":"wp","href":"https:\/\/api.w.org\/{rel}","templated":true}]}}