{"id":18150,"date":"2024-01-29T10:05:12","date_gmt":"2024-01-29T08:05:12","guid":{"rendered":"http:\/\/labostera.lt\/?post_type=product&#038;p=18150"},"modified":"2024-01-29T13:57:59","modified_gmt":"2024-01-29T11:57:59","slug":"atmosferinio-slegio-zondas-delta-t-bs5-barometric-pressure-sensor","status":"publish","type":"product","link":"https:\/\/labostera.lt\/lv\/priemones-ir-iranga\/laboratorine-iranga\/aplinkotyra\/hidrologine-meteorologine-iranga\/atmosferinio-slegio-zondas-delta-t-bs5-barometric-pressure-sensor\/","title":{"rendered":"Atmosf\u0113ras spiediena zonde Delta-T BS5 barometrisk\u0101 spiediena sensors"},"content":{"rendered":"<h2><strong>\u201eDelta-T Devices Ltd. BS5 atmosf\u0113ras spiediena zonde<\/strong><\/h2>\n<ul>\n<li>RHT2nl: Apvienots mitruma un gaisa temperat\u016bras sensora modulis ar nomain\u0101mu sensora elementu un AT2 tipa gaisa temperat\u016bras sensoru (2 k termistoru) papildu cilindrisk\u0101 \u0161\u013c\u016btenes formas saules panel\u012b. Nepiecie\u0161ama temperat\u016bras konversijas tabula. Piem\u0113rots GP2, DL2 un DL6 datu re\u0123istr\u0113t\u0101jiem.<\/li>\n<li>RHT2v: Nomain\u0101ms kombin\u0113ts mitruma un gaisa temperat\u016bras sensora modulis papildu cilindrisk\u0101 \u0161\u013c\u016btenes formas saules panel\u012b. Temperat\u016bras sensoram ir line\u0101ra 0\u20131 V izeja, kas ieg\u016bta no PRT plat\u012bna konkurentu sensora. Piem\u0113rots GP2, GP1, DL2 un DL6 datu re\u0123istr\u0113t\u0101jiem.<\/li>\n<li>RHT4nl: Kombin\u0113ts RH un gaisa temperat\u016bras p\u0101rveidot\u0101js (10k termistors) ir pievienots zondei, kas ievietojas saules panel\u012b. RH p\u0101rveidot\u0101jam ir nepiecie\u0161ama baro\u0161ana, un tas nodro\u0161ina 0\u20131 V izejas sign\u0101lu. Nepiecie\u0161ama temperat\u016bras konversijas tabula. Piem\u0113rots lieto\u0161anai ar GP1 un GP2 ierakst\u012bt\u0101jiem.<\/li>\n<\/ul>\n<h3>Barometrisk\u0101 spiediena sensori \u2013 <a href=\"http:\/\/labostera.lt\/lv\/product-brand\/delta-t-devices-ltd\/\">Delta-T ier\u012b\u010du grupa<\/a><\/h3>\n<p>Vair\u0101k inform\u0101cijas: <strong><a href=\"https:\/\/delta-t.co.uk\/product\/bs5-03\/\" target=\"_blank\" rel=\"noopener nofollow\">ra\u017eot\u0101ja t\u012bmek\u013ca vietn\u0113<\/a><\/strong> vai nos\u016btiet mums piepras\u012bjumu!<\/p>","protected":false},"excerpt":{"rendered":"<p>Delta-T BS5 atmosf\u0113ras spiediena zonde \u2013 uzticams barometrisk\u0101 spiediena sensors ar 16 spiediena diapazoniem no 600 l\u012bdz 1100 hPa. Savietojams ar visiem Delta-T datu re\u0123istr\u0113t\u0101jiem. Uzticams un iztur\u012bgs dizains.<\/p>","protected":false},"featured_media":18154,"template":"","meta":[],"product_cat":[83,108,76],"product_tag":[636,635,639,638,637,618],"class_list":{"0":"post-18150","1":"product","2":"type-product","3":"status-publish","4":"has-post-thumbnail","6":"product_brand-delta-t-devices-ltd","7":"product_cat-aplinkotyra","8":"product_cat-hidrologine-meteorologine-iranga","9":"product_cat-laboratorine-iranga","10":"product_tag-atmosferinio-slegio-jutikliai","11":"product_tag-atmosferinio-slegio-zondai","12":"product_tag-barometric-pressure-sensors","13":"product_tag-barometrinio-slegio-jutikliai","14":"product_tag-barometrinio-slegio-zondai","15":"product_tag-delta-t-devices-ltd","17":"first","18":"onbackorder","19":"shipping-taxable","20":"purchasable","21":"product-type-simple"},"_links":{"self":[{"href":"https:\/\/labostera.lt\/lv\/wp-json\/wp\/v2\/product\/18150","targetHints":{"allow":["GET"]}}],"collection":[{"href":"https:\/\/labostera.lt\/lv\/wp-json\/wp\/v2\/product"}],"about":[{"href":"https:\/\/labostera.lt\/lv\/wp-json\/wp\/v2\/types\/product"}],"wp:featuredmedia":[{"embeddable":true,"href":"https:\/\/labostera.lt\/lv\/wp-json\/wp\/v2\/media\/18154"}],"wp:attachment":[{"href":"https:\/\/labostera.lt\/lv\/wp-json\/wp\/v2\/media?parent=18150"}],"wp:term":[{"taxonomy":"product_cat","embeddable":true,"href":"https:\/\/labostera.lt\/lv\/wp-json\/wp\/v2\/product_cat?post=18150"},{"taxonomy":"product_tag","embeddable":true,"href":"https:\/\/labostera.lt\/lv\/wp-json\/wp\/v2\/product_tag?post=18150"}],"curies":[{"name":"wp","href":"https:\/\/api.w.org\/{rel}","templated":true}]}}