{"id":18135,"date":"2024-01-29T09:27:50","date_gmt":"2024-01-29T07:27:50","guid":{"rendered":"http:\/\/labostera.lt\/?post_type=product&#038;p=18135"},"modified":"2024-01-29T11:33:43","modified_gmt":"2024-01-29T09:33:43","slug":"dremes-zondas-delta-t-relative-humidity-probe","status":"publish","type":"product","link":"https:\/\/labostera.lt\/lv\/priemones-ir-iranga\/laboratorine-iranga\/aplinkotyra\/hidrologine-meteorologine-iranga\/dremes-zondas-delta-t-relative-humidity-probe\/","title":{"rendered":"Mitruma zonde Delta-T relat\u012bv\u0101 mitruma zonde"},"content":{"rendered":"<h2><strong>Delta-T Devices Ltd. mitruma zonde<\/strong><\/h2>\n<ul>\n<li>RHT2nl: Apvienots mitruma un gaisa temperat\u016bras sensora modulis ar nomain\u0101mu sensora elementu un AT2 tipa gaisa temperat\u016bras sensoru (2 k termistoru) papildu cilindrisk\u0101 \u0161\u013c\u016btenes formas saules panel\u012b. Nepiecie\u0161ama temperat\u016bras konversijas tabula. Piem\u0113rots GP2, DL2 un DL6 datu re\u0123istr\u0113t\u0101jiem.<\/li>\n<li>RHT2v: Nomain\u0101ms kombin\u0113ts mitruma un gaisa temperat\u016bras sensora modulis papildu cilindrisk\u0101 \u0161\u013c\u016btenes formas saules panel\u012b. Temperat\u016bras sensoram ir line\u0101ra 0\u20131 V izeja, kas ieg\u016bta no PRT plat\u012bna konkurentu sensora. Piem\u0113rots GP2, GP1, DL2 un DL6 datu re\u0123istr\u0113t\u0101jiem.<\/li>\n<li>RHT4nl: Kombin\u0113ts RH un gaisa temperat\u016bras p\u0101rveidot\u0101js (10k termistors) ir pievienots zondei, kas ievietojas saules panel\u012b. RH p\u0101rveidot\u0101jam ir nepiecie\u0161ama baro\u0161ana, un tas nodro\u0161ina 0\u20131 V izejas sign\u0101lu. Nepiecie\u0161ama temperat\u016bras konversijas tabula. Piem\u0113rots lieto\u0161anai ar GP1 un GP2 ierakst\u012bt\u0101jiem.<\/li>\n<\/ul>\n<h3>Mitruma sensori \u2013 <a href=\"http:\/\/labostera.lt\/lv\/product-brand\/delta-t-devices-ltd\/\">Delta-T ier\u012b\u010du grupa<\/a><\/h3>\n<p>Vair\u0101k inform\u0101cijas: <strong><a href=\"https:\/\/delta-t.co.uk\/product-category\/meteorology\/met-and-environmental-sensors\/relative-humidity\/\" target=\"_blank\" rel=\"noopener nofollow\">ra\u017eot\u0101ja t\u012bmek\u013ca vietn\u0113<\/a><\/strong> vai nos\u016btiet mums piepras\u012bjumu!<\/p>","protected":false},"excerpt":{"rendered":"<p>Delta-T mitruma zonde \u2014 izv\u0113lieties starp RHT2nl, RHT2v un RHT4nl opcij\u0101m, lai m\u0113r\u012btu mitrumu un gaisa temperat\u016bru. Uzticama sensoru modularit\u0101te un lieliska veiktsp\u0113ja.<\/p>","protected":false},"featured_media":18130,"template":"","meta":[],"product_cat":[83,108,76],"product_tag":[618,633,634],"class_list":{"0":"post-18135","1":"product","2":"type-product","3":"status-publish","4":"has-post-thumbnail","6":"product_brand-delta-t-devices-ltd","7":"product_cat-aplinkotyra","8":"product_cat-hidrologine-meteorologine-iranga","9":"product_cat-laboratorine-iranga","10":"product_tag-delta-t-devices-ltd","11":"product_tag-dregmes-jutikliai","12":"product_tag-dregmes-zondai","14":"first","15":"onbackorder","16":"shipping-taxable","17":"purchasable","18":"product-type-variable"},"_links":{"self":[{"href":"https:\/\/labostera.lt\/lv\/wp-json\/wp\/v2\/product\/18135","targetHints":{"allow":["GET"]}}],"collection":[{"href":"https:\/\/labostera.lt\/lv\/wp-json\/wp\/v2\/product"}],"about":[{"href":"https:\/\/labostera.lt\/lv\/wp-json\/wp\/v2\/types\/product"}],"wp:featuredmedia":[{"embeddable":true,"href":"https:\/\/labostera.lt\/lv\/wp-json\/wp\/v2\/media\/18130"}],"wp:attachment":[{"href":"https:\/\/labostera.lt\/lv\/wp-json\/wp\/v2\/media?parent=18135"}],"wp:term":[{"taxonomy":"product_cat","embeddable":true,"href":"https:\/\/labostera.lt\/lv\/wp-json\/wp\/v2\/product_cat?post=18135"},{"taxonomy":"product_tag","embeddable":true,"href":"https:\/\/labostera.lt\/lv\/wp-json\/wp\/v2\/product_tag?post=18135"}],"curies":[{"name":"wp","href":"https:\/\/api.w.org\/{rel}","templated":true}]}}