{"id":18119,"date":"2024-01-26T15:38:26","date_gmt":"2024-01-26T13:38:26","guid":{"rendered":"http:\/\/labostera.lt\/?post_type=product&#038;p=18119"},"modified":"2024-01-29T10:37:53","modified_gmt":"2024-01-29T08:37:53","slug":"dirvozemio-temperaturos-zondas-delta-t-st-series-soil-temperature-probe","status":"publish","type":"product","link":"https:\/\/labostera.lt\/lv\/priemones-ir-iranga\/laboratorine-iranga\/aplinkotyra\/dirvozemio-tyrimo-iranga\/dirvozemio-temperaturos-zondas-delta-t-st-series-soil-temperature-probe\/","title":{"rendered":"Temperat\u016bras zonde Delta-T temperat\u016bras zonde"},"content":{"rendered":"<h2><strong>\u201eDelta-T Devices Ltd. temperat\u016bras zonde<\/strong><\/h2>\n<ul>\n<li><strong>ST1:<\/strong> Augsnes temperat\u016bras sensors ar 2K termistoru, ner\u016bs\u0113jo\u0161\u0101 t\u0113rauda korpuss, 4,8 mm diametrs, 125 mm garums, 5 m kabelis.<\/li>\n<li><strong>ST2:<\/strong> L\u012bdz\u012bgi k\u0101 ST1, tikai ar augst\u0101kas specifik\u0101cijas termistoru un lab\u0101ku precizit\u0101ti, 4,8 mm diametrs, 125 mm garums, 2 dz\u012bslu 5 m kabelis.<\/li>\n<li><strong>ST3:<\/strong> Sl\u0113gts termistora sensors, kas piem\u0113rots iegremd\u0113\u0161anai t\u012br\u0101 \u016bden\u012b, ner\u016bs\u0113jo\u0161\u0101 t\u0113rauda korpuss, 4,8 mm diametrs, 125 mm garums, 5 m kabelis.<\/li>\n<li><strong>ST4:<\/strong> Augsnes temperat\u016bras sensors ar 10K termistoru, ner\u016bs\u0113jo\u0161\u0101 t\u0113rauda korpuss, 6 mm diametrs, 120 mm garums, 5 m vai 10 m kabelis.<\/li>\n<li><strong>STK1:<\/strong> Univers\u0101ls temperat\u016bras sensors ar ni\u0137e\u013ca-hroma\/ni\u0137e\u013ca-alum\u012bnija savienojumu, K tipa termoelementu, ner\u016bs\u0113jo\u0161\u0101 t\u0113rauda apvalku, 4,8 mm diametru, 125 mm garumu, 5 m kabeli.<\/li>\n<li><strong>GT1:<\/strong> Univers\u0101ls sensors ar 2K termistoru, ner\u016bs\u0113jo\u0161\u0101 t\u0113rauda korpuss, 4,8 mm diametrs, 125 mm garums, 5 m kabelis.<\/li>\n<li><strong>MT2:<\/strong> \u0100tras rea\u0123\u0113\u0161anas lapu temperat\u016bras sensors ar 2K mikrosh\u0113mu, termistoru, kas aizsarg\u0101ts ar vinila p\u0101rkl\u0101jumu, 2,4 mm diametrs, 5 m kabelis.<\/li>\n<li><strong>MT3:<\/strong> Sl\u0113gta tipa katetra sensors elast\u012bg\u0101 neilona caurul\u0113 (100 mm x 2 mm), \u0101trai rea\u0123\u0113\u0161anai, 2K termistors.<\/li>\n<li><strong>AT2:<\/strong> Augstas precizit\u0101tes, ekran\u0113ts gaisa temperat\u016bras sensors, 2K termistors, piem\u0113rots gaisa temperat\u016bras m\u0113r\u012b\u0161anai.<\/li>\n<\/ul>\n<h3>Augsnes temperat\u016bras sensori \u2013 funkcijas un pielietojums<\/h3>\n<p>Delta-T ST s\u0113rijas augsnes temperat\u016bras sensori nodro\u0161ina prec\u012bzus un uzticamus augsnes un gaisa temperat\u016bras m\u0113r\u012bjumus. Katrs variants ir paredz\u0113ts da\u017e\u0101diem apst\u0101k\u013ciem, s\u0101kot no iegremd\u0113jamiem l\u012bdz augsn\u0113 ieb\u016bv\u0113tiem. Izv\u0113lieties sev piem\u0113rot\u0101ko variantu un ieg\u016bstiet augstas kvalit\u0101tes m\u0113r\u012bjumus.<\/p>\n<h3>Noder\u012bgas funkcijas<\/h3>\n<ul>\n<li>Da\u017e\u0101du termistoru un termop\u0101ru izv\u0113le<\/li>\n<li>Piln\u012bb\u0101 ner\u016bs\u0113jo\u0161\u0101 t\u0113rauda korpuss<\/li>\n<li>Da\u017e\u0101du kabe\u013cu garumu iesp\u0113ja<\/li>\n<li>Viegli lietojams un uzst\u0101d\u0101ms<\/li>\n<\/ul>\n<h3>Augsnes un gaisa temperat\u016bras sensori \u2013 <a href=\"http:\/\/labostera.lt\/lv\/product-brand\/delta-t-devices-ltd\/\">Delta-T ier\u012b\u010du grupa<\/a><\/h3>\n<p>Vair\u0101k inform\u0101cijas: <strong><a href=\"https:\/\/delta-t.co.uk\/product-category\/meteorology\/met-and-environmental-sensors\/temperature\/\" target=\"_blank\" rel=\"noopener nofollow\">ra\u017eot\u0101ja t\u012bmek\u013ca vietn\u0113<\/a><\/strong> vai nos\u016btiet mums piepras\u012bjumu!<\/p>","protected":false},"excerpt":{"rendered":"<p>Delta-T temperat\u016bras zonde \u2014 izv\u0113lieties no da\u017e\u0101diem termistoriem un termop\u0101riem prec\u012bzai augsnes un gaisa temperat\u016bras m\u0113r\u012b\u0161anai. Ner\u016bs\u0113jo\u0161\u0101 t\u0113rauda korpuss un vienk\u0101r\u0161a uzst\u0101d\u012b\u0161ana.<\/p>","protected":false},"featured_media":18121,"template":"","meta":[],"product_cat":[83,107,76,110],"product_tag":[618,631,630,632],"class_list":{"0":"post-18119","1":"product","2":"type-product","3":"status-publish","4":"has-post-thumbnail","6":"product_brand-delta-t-devices-ltd","7":"product_cat-aplinkotyra","8":"product_cat-dirvozemio-tyrimo-iranga","9":"product_cat-laboratorine-iranga","10":"product_cat-vandens-kokybes-tyrimo-iranga","11":"product_tag-delta-t-devices-ltd","12":"product_tag-dirvozemio-temperaturos-jutikliai","13":"product_tag-dirvozemio-temperaturos-zondai","14":"product_tag-soil-temperature-probes","16":"first","17":"onbackorder","18":"shipping-taxable","19":"purchasable","20":"product-type-variable"},"_links":{"self":[{"href":"https:\/\/labostera.lt\/lv\/wp-json\/wp\/v2\/product\/18119","targetHints":{"allow":["GET"]}}],"collection":[{"href":"https:\/\/labostera.lt\/lv\/wp-json\/wp\/v2\/product"}],"about":[{"href":"https:\/\/labostera.lt\/lv\/wp-json\/wp\/v2\/types\/product"}],"wp:featuredmedia":[{"embeddable":true,"href":"https:\/\/labostera.lt\/lv\/wp-json\/wp\/v2\/media\/18121"}],"wp:attachment":[{"href":"https:\/\/labostera.lt\/lv\/wp-json\/wp\/v2\/media?parent=18119"}],"wp:term":[{"taxonomy":"product_cat","embeddable":true,"href":"https:\/\/labostera.lt\/lv\/wp-json\/wp\/v2\/product_cat?post=18119"},{"taxonomy":"product_tag","embeddable":true,"href":"https:\/\/labostera.lt\/lv\/wp-json\/wp\/v2\/product_tag?post=18119"}],"curies":[{"name":"wp","href":"https:\/\/api.w.org\/{rel}","templated":true}]}}