{"id":18117,"date":"2024-06-14T14:39:06","date_gmt":"2024-06-14T11:39:06","guid":{"rendered":"http:\/\/labostera.lt\/?post_type=product&#038;p=18117"},"modified":"2024-06-14T15:27:08","modified_gmt":"2024-06-14T12:27:08","slug":"meteorologine-stotele-delta-t-ws-gp2-automatic-weather-station","status":"publish","type":"product","link":"https:\/\/labostera.lt\/lv\/priemones-ir-iranga\/laboratorine-iranga\/aplinkotyra\/hidrologine-meteorologine-iranga\/meteorologine-stotele-delta-t-ws-gp2-automatic-weather-station\/","title":{"rendered":"Meteorolo\u0123isk\u0101 stacija Delta-T WS-GP2 Autom\u0101tisk\u0101 meteorolo\u0123isk\u0101 stacija"},"content":{"rendered":"<h2><strong>Delta-T Devices Ltd. WS-GP2 meteorolo\u0123isk\u0101 stacija<\/strong><\/h2>\n<ul>\n<li>Jaud\u012bga, iztur\u012bga un \u013coti elast\u012bga gaisa stacija<\/li>\n<li>Paredz\u0113ts lieto\u0161anai nelabv\u0113l\u012bgos laika apst\u0101k\u013cos<\/li>\n<li>Pla\u0161s sensoru kl\u0101sts, tostarp augsnes mitruma m\u0113r\u012b\u0161ana<\/li>\n<li>Mobil\u0101 modema savienojums<\/li>\n<li>Savietojams ar DeltaLINK-Cloud tie\u0161saistes datu koplieto\u0161anas platformu<\/li>\n<li>Pilns Penmana-Monteita evapotranspir\u0101cijas vien\u0101dojums tiek apr\u0113\u0137in\u0101ts<\/li>\n<\/ul>\n<p>Uzlabot\u0101 autom\u0101tisk\u0101 meteorolo\u0123isk\u0101 stacija WS-GP2 ir balst\u012bta uz jaud\u012bgo GP2 datu re\u0123istr\u0113t\u0101ju. Tas ir ide\u0101ls risin\u0101jums p\u0113tniec\u012bbai un vides monitoringam att\u0101los un atkl\u0101tos apgabalos. WS-GP2 nodro\u0161ina \u013coti robustu un elast\u012bgu sist\u0113mu \u2014 lietot\u0101ji var izv\u0113l\u0113ties optim\u0101lu sensoru, ierakst\u012bt\u0101ja, baro\u0161anas avota un komunik\u0101cijas kombin\u0101ciju.<\/p>\n<h3>Sensori<\/h3>\n<p>Standarta WS-GP2 ietver sensorus nokri\u0161\u0146u, saules gaismas, augsnes temperat\u016bras, v\u0113ja \u0101truma un virziena, relat\u012bv\u0101 mitruma un gaisa temperat\u016bras m\u0113r\u012b\u0161anai.<\/p>\n<h3>Elast\u012bba<\/h3>\n<p>GP2 datu re\u0123istr\u0113t\u0101jam ir jauda un elast\u012bba, lai apstr\u0101d\u0101tu gandr\u012bz jebkuru vides sensoru, kas noz\u012bm\u0113, ka WS-GP2 meteorolo\u0123isk\u0101 stacija var b\u016bt tik vienk\u0101r\u0161a vai sare\u017e\u0123\u012bta, cik nepiecie\u0161ams j\u016bsu lietojumam. Pat p\u0113c uzst\u0101d\u012b\u0161anas sist\u0113mu ir viegli piel\u0101got j\u016bsu \u012bpa\u0161aj\u0101m vajadz\u012bb\u0101m. Papildus pieejamie sensori ietver barometrisk\u0101 spiediena, augsnes mitruma, augsnes EC, UV, PAR, albedo, neto un dif\u016bz\u0101 starojuma, k\u0101 ar\u012b iztvaiko\u0161anas sensorus.<\/p>\n<h3>Datu apstr\u0101de<\/h3>\n<p>Datus var viegli apkopot, izmantojot kl\u0113pjdatoru ar USB piesl\u0113gvietu vai att\u0101lin\u0101ti, izmantojot mobilo sakaru modema iesp\u0113jas. DeltaLINK programmat\u016bra atvieglo iestat\u012b\u0161anas interv\u0101lu iestat\u012b\u0161anu, k\u0101 ar\u012b saglab\u0101to datu apskati un lejupiel\u0101di.<br \/>\nDatu att\u0113lo\u0161anas opcijas ietver v\u0113ja rozi, br\u0101zmas un vid\u0113jo v\u0113rt\u012bbu (ieskaitot virzienu un vektora vid\u0113jo v\u0113rt\u012bbu).<\/p>\n<h3>SDI-12 iesp\u0113jots<\/h3>\n<p>GP2 datu re\u0123istr\u0113t\u0101js atbalsta SDI-12 ieejas. GP2, kas ir pieejams l\u012bdz 2016. gada martam, var viegli atjaunin\u0101t, izmantojot programmat\u016bru.<\/p>\n<h4>Galven\u0101s iez\u012bmes:<\/h4>\n<ul>\n<li>Milz\u012bga papildu ievades jauda SDI-12 sensoriem<\/li>\n<li>Piln\u012bb\u0101 pieejami analogie un digit\u0101lie kan\u0101li<\/li>\n<li>Elast\u012bga re\u0123istr\u0113\u0161anas ier\u012bce + sensoru t\u012bkli<\/li>\n<\/ul>\n<h3>Papildu meteorolo\u0123ijas funkcijas<\/h3>\n<p>P\u0113t\u012bjumiem, kas saist\u012bti ar evapotranspir\u0101ciju, diennakts laiku, slim\u012bbu prognoz\u0113\u0161anu, v\u0113ja dzes\u0113\u0161anas faktoru, rasu, PID kontroli utt., GP2 uzlabot\u0101s funkcijas pav\u0113rs aizraujo\u0161as iesp\u0113jas.<\/p>\n<h3>Pilns ASCE\/FAO 56 Penman-Monteith iztvaiko\u0161anas apr\u0113\u0137ins<\/h3>\n<p>Meteorolo\u0123isk\u0101 stacija WS-GP2 un DeltaLINK programmat\u016bra (no 3.7 versijas) \u013cauj piln\u012bb\u0101 apr\u0113\u0137in\u0101t ASCE\/FAO-56 Penmana-Monteita vien\u0101dojumu atsauces evapotranspir\u0101cijas (ETo) apr\u0113\u0137in\u0101\u0161anai.<br \/>\nETo tiek apr\u0113\u0137in\u0101ts, izmantojot relat\u012bvo mitrumu, v\u0113ja \u0101trumu, saules starojumu un gaisa temperat\u016bru, ko m\u0113ra WS-GP2 meteorolo\u0123isk\u0101 stacija. \u0160\u012b ETo ievie\u0161anas opcija ietver iesp\u0113ju main\u012bt ra\u017e\u012bbas albedo\/LAI, jumta pretest\u012bbu, ra\u017e\u012bbas augstumu un sensora augstumu.<br \/>\nLietot\u0101ji \u0161o funkciju var viegli atlas\u012bt k\u0101 piel\u0101gotu ierakst\u012b\u0161anas opciju DeltaLINK programmat\u016br\u0101. Apr\u0113\u0137in\u0101to ET var re\u0123istr\u0113t k\u0101 stundas un dienas v\u0113rt\u012bbu \u2014 to var izmantot turpm\u0101kiem individu\u0101liem apr\u0113\u0137iniem vai lauka ap\u016bde\u0146o\u0161anas risin\u0101jumu noteik\u0161anai.<\/p>\n<h3>Piel\u0101go\u0161ana<\/h3>\n<p>GP2 analog\u0101s ieejas var piln\u012bb\u0101 piel\u0101got. Katram kan\u0101lam var b\u016bt savs ievades veids un ierakst\u012b\u0161anas parametri. DeltaLINK programmat\u016bra sniedz lietot\u0101jam kontroli p\u0101r sensora displeja frekvenci, sliek\u0161\u0146iem un m\u0113rvien\u012bb\u0101m, k\u0101 ar\u012b nodro\u0161ina ierakst\u012b\u0161anas opcijas vid\u0113jai, minim\u0101lajai un maksim\u0101lajai v\u0113rt\u012bbai, k\u0101 ar\u012b specializ\u0113tas v\u0113ja opcijas, tostarp v\u0113ja rozi, br\u0101zmas un v\u0113ja vid\u0113jo v\u0113rt\u012bbu.<\/p>\n<h3>Skriptu redaktors<\/h3>\n<p>\u0160\u012b jaud\u012bg\u0101 programmat\u016bras funkcija \u013cauj jums izveidot pak\u0101peniskas darb\u012bbas, lai p\u0101rvald\u012btu vienk\u0101r\u0161us vai sare\u017e\u0123\u012btus procesus vai ierakst\u012b\u0161anas pras\u012bbas. Pied\u0101v\u0101t\u0101s iesp\u0113jas ir tik bag\u0101t\u012bgas un daudzveid\u012bgas, ka iesp\u0113jas ir bezgal\u012bgas. Redaktora saskarne ir viegli lietojama, nav nepiecie\u0161amas programm\u0113\u0161anas valodas.<\/p>\n<ul>\n<li>Kur\u0101 darb\u012bbu sec\u012bb\u0101 ieviest mode\u013cus<\/li>\n<li>Uzlabotas vad\u012bbas un ierakst\u012b\u0161anas iesp\u0113jas<\/li>\n<li>Vienk\u0101r\u0161a lietot\u0101ja saskarne: nav nepiecie\u0161ams ievad\u012bt komandas, nav nepiecie\u0161ama programm\u0113\u0161anas valoda<\/li>\n<li>\u012asteno vienk\u0101r\u0161us vai sare\u017e\u0123\u012btus nosac\u012bjumus, algebriskas izteiksmes un re\u0123istr\u0113 rezult\u0101tu v\u0113rt\u012bbas<\/li>\n<\/ul>\n<h3>Simulators<\/h3>\n<p>\u0160\u012b unik\u0101l\u0101 programmat\u016bras funkcija \u013cauj p\u0101rbaud\u012bt ierakst\u012b\u0161anas programmas pirms faktisk\u0101s aktiviz\u0113\u0161anas. Programm\u0101s, kas ietver meteorolo\u0123iskos datus, ap\u016bde\u0146o\u0161anu vai augsnes mitrumu, main\u012bgos var main\u012bt, lai p\u0101rbaud\u012btu, k\u0101 programma rea\u0123\u0113. Vair\u0101ku gadu ierakst\u012b\u0161anas laiku var simul\u0113t tikai da\u017eu min\u016b\u0161u laik\u0101.<\/p>\n<ul>\n<li>\u012asteno vienk\u0101r\u0161us vai sare\u017e\u0123\u012btus nosac\u012bjumus, algebriskas izteiksmes un re\u0123istr\u0113 rezult\u0101tu v\u0113rt\u012bbas<\/li>\n<li>Izveido un manipul\u0113 ar main\u012bgajiem lielumiem, piem\u0113ram, slim\u012bbas riska faktora gad\u012bjum\u0101<\/li>\n<\/ul>\n<h3>Meteorolo\u0123isk\u0101 stacija \u2013 <a href=\"http:\/\/labostera.lt\/lv\/product-brand\/delta-t-devices-ltd\/\">Delta-T ier\u012b\u010du grupa<\/a><\/h3>\n<p>Vair\u0101k inform\u0101cijas: <strong><a href=\"https:\/\/delta-t.co.uk\/product\/ws-gp2\/\" target=\"_blank\" rel=\"noopener nofollow\">ra\u017eot\u0101ja t\u012bmek\u013ca vietn\u0113<\/a><\/strong> vai nos\u016btiet mums piepras\u012bjumu!<\/p>","protected":false},"excerpt":{"rendered":"<p>Delta-T WS-GP2 meteorolo\u0123isk\u0101 stacija \u2013 jaud\u012bga, iztur\u012bga un elast\u012bga meteorolo\u0123isk\u0101 stacija, kas ir ide\u0101li piem\u0113rota p\u0113t\u012bjumiem sliktos un nelabv\u0113l\u012bgos vides apst\u0101k\u013cos.<\/p>","protected":false},"featured_media":18118,"template":"","meta":[],"product_cat":[83,108,76],"product_tag":[618,460,459],"class_list":{"0":"post-18117","1":"product","2":"type-product","3":"status-publish","4":"has-post-thumbnail","6":"product_brand-delta-t-devices-ltd","7":"product_cat-aplinkotyra","8":"product_cat-hidrologine-meteorologine-iranga","9":"product_cat-laboratorine-iranga","10":"product_tag-delta-t-devices-ltd","11":"product_tag-meteologines-stotys","12":"product_tag-meteorological-stations","14":"first","15":"onbackorder","16":"shipping-taxable","17":"product-type-simple"},"_links":{"self":[{"href":"https:\/\/labostera.lt\/lv\/wp-json\/wp\/v2\/product\/18117","targetHints":{"allow":["GET"]}}],"collection":[{"href":"https:\/\/labostera.lt\/lv\/wp-json\/wp\/v2\/product"}],"about":[{"href":"https:\/\/labostera.lt\/lv\/wp-json\/wp\/v2\/types\/product"}],"wp:featuredmedia":[{"embeddable":true,"href":"https:\/\/labostera.lt\/lv\/wp-json\/wp\/v2\/media\/18118"}],"wp:attachment":[{"href":"https:\/\/labostera.lt\/lv\/wp-json\/wp\/v2\/media?parent=18117"}],"wp:term":[{"taxonomy":"product_cat","embeddable":true,"href":"https:\/\/labostera.lt\/lv\/wp-json\/wp\/v2\/product_cat?post=18117"},{"taxonomy":"product_tag","embeddable":true,"href":"https:\/\/labostera.lt\/lv\/wp-json\/wp\/v2\/product_tag?post=18117"}],"curies":[{"name":"wp","href":"https:\/\/api.w.org\/{rel}","templated":true}]}}