{"id":18111,"date":"2024-01-26T11:05:10","date_gmt":"2024-01-26T09:05:10","guid":{"rendered":"http:\/\/labostera.lt\/?post_type=product&#038;p=18111"},"modified":"2024-01-29T10:38:01","modified_gmt":"2024-01-29T08:38:01","slug":"augalu-vainiko-analizatorius-delta-t-ss1-sunscan-canopy-analysis-system","status":"publish","type":"product","link":"https:\/\/labostera.lt\/lv\/priemones-ir-iranga\/laboratorine-iranga\/aplinkotyra\/augalu-tyrimo-iranga\/augalu-vainiko-analizatorius-delta-t-ss1-sunscan-canopy-analysis-system\/","title":{"rendered":"Delta-T SS1 SunScan nojumes anal\u012bzes sist\u0113ma"},"content":{"rendered":"<h2><strong>\u201eDelta-T Devices Ltd. SS1 SunScan augu vainaga analizators<\/strong><\/h2>\n<ul>\n<li>M\u0113r\u012bjumi, kas uz\u0146emti un p\u0101rraid\u012bti PAR kron\u0101s<\/li>\n<li>Tie\u0161\u0101s lapu plat\u012bbas (LAI) indekss<\/li>\n<li>Izmantojams m\u0101ko\u0146ain\u0101 un skaidr\u0101 laik\u0101<\/li>\n<li>Uzticams, p\u0113tniec\u012bbas l\u012bme\u0146a vainagu analizators<\/li>\n<li>Ide\u0101li piem\u0113rots fenotipiskiem p\u0113t\u012bjumiem<\/li>\n<\/ul>\n<p>SunScan augu vainagu analizatora sist\u0113ma izmanto lauka m\u0113r\u012bjumus par fotosint\u0113tiski akt\u012bvo starojumu (PAR) kult\u016braugos, lai sniegtu v\u0113rt\u012bgu inform\u0101ciju par lapu laukuma laukumu (LAI) un biomasas ra\u017eo\u0161anu.<\/p>\n<p>SunScan kult\u016braugu vainagu analizators ir optimiz\u0113ts PAR m\u0113r\u012b\u0161anai maz\u0101s, regul\u0101r\u0101s vainagos, piem\u0113ram, liel\u0101kaj\u0101 da\u013c\u0101 lauksaimniec\u012bbas kult\u016bru. 1 m zonde \u013cauj \u0101tri apr\u0113\u0137in\u0101t telpisko vid\u0113jo v\u0113rt\u012bbu liel\u0101s plat\u012bb\u0101s un veikt PAR kart\u0113\u0161anu nevienm\u0113r\u012bgi augo\u0161\u0101m kult\u016br\u0101m, piem\u0113ram, v\u012bna d\u0101rziem un aug\u013cu d\u0101rziem. Pateicoties unik\u0101lajam BF5 atsauces PAR saules sensoram, SunScan kult\u016braugu vainagu analizatoru var izmantot pla\u0161\u0101 laika apst\u0101k\u013cu diapazon\u0101.<\/p>\n<h3>Lieto\u0161anas \u0113rtums<\/h3>\n<p>SunScan Plant Crown Analyzer zonde sast\u0101v no 64 PAR sensoriem, kas uzst\u0101d\u012bti uz 1 m garas zondes. Katru reizi, kad tiek veikts m\u0113r\u012bjums, visi sensori tiek sken\u0113ti, un m\u0113r\u012bjumi tiek nos\u016bt\u012bti uz RPDA3 rokas datoru, izmantojot RS232 saskarni. R\u0101d\u012bjums par\u0101da vid\u0113jo PAR l\u012bmeni no zondes, bet visus 64 atsevi\u0161\u0137os m\u0113r\u012bjumus var saglab\u0101t detaliz\u0113tai PAR kartei vai line\u0101rai transektai. Var izv\u0113l\u0113ties autom\u0101tisko re\u0123istr\u0113\u0161anu, lai ieg\u016btu m\u0113r\u012bjumus fiks\u0113t\u0101 viet\u0101 noteikt\u0101 laika period\u0101. Pievienojot zondi datu re\u0123istr\u0113t\u0101jam, t\u0101 var darboties k\u0101 line\u0101rs kvantu sensors (saukts ar\u012b par line\u0101ro kvantu sensoru).<\/p>\n<h3>Iztur\u012bgs rokas dators<\/h3>\n<p>RPDA3 ir \u0101rk\u0101rt\u012bgi iztur\u012bgs rokas dators, kas apkopo un analiz\u0113 m\u0113r\u012bjumus no SunScan zondes. Neboj\u0101tus m\u0113r\u012bjumus un atvasin\u0101t\u0101s funkcijas, piem\u0113ram, LAI, var att\u0113lot, p\u0101rskat\u012bt un saglab\u0101t lauk\u0101, izmantojot SunData programmat\u016bru; m\u0113r\u012bjumu grup\u0101m var apr\u0113\u0137in\u0101t vid\u0113jo v\u0113rt\u012bbu, ja nepiecie\u0161ams. M\u0113r\u012bjumi tiek glab\u0101ti iek\u0161\u0113j\u0101 atmi\u0146\u0101, kur\u0101 ir vair\u0101k nek\u0101 1 miljons m\u0113r\u012bjumu, vai pla\u0161i pieejam\u0101s micro SD kart\u0113s, kas nodro\u0161ina no\u0146emamu datu glab\u0101\u0161anu. Apkopotos datus var viegli p\u0101rs\u016bt\u012bt uz datoru.<\/p>\n<h3>Unik\u0101ls virs vainaga novietots atsauces sensors<\/h3>\n<p>Unik\u0101la SunScan iez\u012bme ir papildu references sensors, kas integr\u0113ts konstrukcij\u0101, lai vienlaikus m\u0113r\u012btu gan tie\u0161o, gan izklied\u0113to gaismu virs vainaga. BF5 saules gaismas sensors nodro\u0161ina \u0161os virs vainaga veicamos references m\u0113r\u012bjumus \u0101tri un \u0113rti. BF5 izmanto fotodio\u017eu mas\u012bvu un unik\u0101lu \u0113nu rakstu, lai apr\u0113\u0137in\u0101tu, vai sp\u012bd saule, un izm\u0113r\u012btu saules gaismas tie\u0161o un izklied\u0113to da\u013cu. Tas piln\u012bb\u0101 nov\u0113r\u0161 ne\u0113rt\u012bbas, kas saist\u012btas ar parasto izklied\u0113t\u0101s gaismas sensoru izmanto\u0161anu, un nepiecie\u0161am\u012bbu past\u0101v\u012bgi regul\u0113t \u0113nojuma gredzenu.<\/p>\n<h3>Bezvadu savienojuma iesp\u0113ja<\/h3>\n<p>Turkl\u0101t starp SunScan zondi un BF5 atsauces sensoru var izmantot bezvadu savienojumu, t\u0101d\u0113j\u0101di nov\u0113r\u0161ot garus savienojo\u0161os kabe\u013cus. Savienojums darbojas 434 MHz licenc\u0113taj\u0101 frekvenc\u0113 un var p\u0101rraid\u012bt l\u012bdz 250 m tie\u0161\u0101 redzam\u012bb\u0101 vai no 100 m l\u012bdz 200 m ve\u0123et\u0101cij\u0101.<\/p>\n<h3>SunScan sal\u012bdzin\u0101jums ar Li-Cor LAI-2000<\/h3>\n<p>2009.\u00a0gada rakst\u0101* \u017eurn\u0101l\u0101 Crop Science tika sal\u012bdzin\u0101ta SunScan vainaga analizatora un LAI-2000 sist\u0113mu izmanto\u0161ana, lai nov\u0113rt\u0113tu LAI augstiem r\u012bsiem, kas audz\u0113ti Benin\u0101. Autori atkl\u0101ja, ka SunScan vainaga analizators sniedza \u013coti noz\u012bm\u012bgus LAI m\u0113r\u012bjumus l\u012bdz pat 4\u00a0m\u00b2.m-2 sal\u012bdzin\u0101jum\u0101 ar kontroles grupu (regresijas l\u012bnijas sl\u012bpums = 1,00, R\u00b2 = 0,96), un secin\u0101ja, ka SunScan var izmantot, lai nov\u0113rt\u0113tu LAI da\u017e\u0101d\u0101s augstos r\u012bsu \u0161\u0137irn\u0113s ar da\u017e\u0101diem vainagu tipiem. * Sone, C., K.\u00a0Saito un K.\u00a0Futakuchi. 2009. Da\u017e\u0101du lapu laukuma nov\u0113rt\u0113\u0161anas meto\u017eu sal\u012bdzin\u0101jums ar augsto r\u012bsu selekcijas metod\u0113m. Crop Sci. 49:1438\u20131443.<\/p>\n<h3>Augu vainagu analizatori \u2013 <a href=\"http:\/\/labostera.lt\/lv\/product-brand\/delta-t-devices-ltd\/\">Delta-T ier\u012b\u010du grupa<\/a><\/h3>\n<p>Vair\u0101k inform\u0101cijas: <strong><a href=\"https:\/\/delta-t.co.uk\/product\/sunscan\/\" target=\"_blank\" rel=\"noopener nofollow\">ra\u017eot\u0101ja t\u012bmek\u013ca vietn\u0113<\/a><\/strong> vai nos\u016btiet mums piepras\u012bjumu!<\/p>","protected":false},"excerpt":{"rendered":"<p>Delta-T SS1 SunScan augu vainagu analizators \u2013 m\u0113ra PAR vainagos un tie\u0161i par\u0101da lapu laukumu. Ide\u0101li piem\u0113rots fenotipiskiem p\u0113t\u012bjumiem.<\/p>","protected":false},"featured_media":18115,"template":"","meta":[],"product_cat":[83,106,76],"product_tag":[628,629,618],"class_list":{"0":"post-18111","1":"product","2":"type-product","3":"status-publish","4":"has-post-thumbnail","6":"product_brand-delta-t-devices-ltd","7":"product_cat-aplinkotyra","8":"product_cat-augalu-tyrimo-iranga","9":"product_cat-laboratorine-iranga","10":"product_tag-augalu-vainiko-analizatoriai","11":"product_tag-canopy-analyzers","12":"product_tag-delta-t-devices-ltd","14":"first","15":"onbackorder","16":"shipping-taxable","17":"purchasable","18":"product-type-simple"},"_links":{"self":[{"href":"https:\/\/labostera.lt\/lv\/wp-json\/wp\/v2\/product\/18111","targetHints":{"allow":["GET"]}}],"collection":[{"href":"https:\/\/labostera.lt\/lv\/wp-json\/wp\/v2\/product"}],"about":[{"href":"https:\/\/labostera.lt\/lv\/wp-json\/wp\/v2\/types\/product"}],"wp:featuredmedia":[{"embeddable":true,"href":"https:\/\/labostera.lt\/lv\/wp-json\/wp\/v2\/media\/18115"}],"wp:attachment":[{"href":"https:\/\/labostera.lt\/lv\/wp-json\/wp\/v2\/media?parent=18111"}],"wp:term":[{"taxonomy":"product_cat","embeddable":true,"href":"https:\/\/labostera.lt\/lv\/wp-json\/wp\/v2\/product_cat?post=18111"},{"taxonomy":"product_tag","embeddable":true,"href":"https:\/\/labostera.lt\/lv\/wp-json\/wp\/v2\/product_tag?post=18111"}],"curies":[{"name":"wp","href":"https:\/\/api.w.org\/{rel}","templated":true}]}}