{"id":18103,"date":"2024-01-26T10:15:45","date_gmt":"2024-01-26T08:15:45","guid":{"rendered":"http:\/\/labostera.lt\/?post_type=product&#038;p=18103"},"modified":"2024-01-29T10:38:05","modified_gmt":"2024-01-29T08:38:05","slug":"lapu-vaizdo-analizatorius-delta-t-windias-leaf-image-analysis-system","status":"publish","type":"product","link":"https:\/\/labostera.lt\/lv\/priemones-ir-iranga\/laboratorine-iranga\/aplinkotyra\/augalu-tyrimo-iranga\/lapu-vaizdo-analizatorius-delta-t-windias-leaf-image-analysis-system\/","title":{"rendered":"Lapu att\u0113lu analizators Delta-T WinDIAS lapu att\u0113lu anal\u012bzes sist\u0113ma"},"content":{"rendered":"<h2><strong>Delta-T Devices Ltd. WinDIAS lapu att\u0113lu analizators<\/strong><\/h2>\n<ul>\n<li>Papildus pieejama lapu laukuma m\u0113r\u012b\u0161anas ier\u012bce<\/li>\n<li>M\u0113ra laukumu, perimetru, garumu, platumu, objektu skaitu un citus r\u0101d\u012bt\u0101jus<\/li>\n<li>Redza infic\u0113tas, vesel\u012bgas un kait\u0113k\u013cu boj\u0101tas lapas<\/li>\n<li>Noklik\u0161\u0137iniet un izv\u0113lieties kr\u0101su<\/li>\n<li>Konveijera opcija \u0101trai lok\u0161\u0146u apstr\u0101dei<\/li>\n<\/ul>\n<p>Jaun\u0101kie uzlabojumi:<\/p>\n<ul>\n<li>Zem\u0101kas cenas konveijera lentu sist\u0113m\u0101m<\/li>\n<li>Regul\u0113jams apgaismojums ar LED apgaismojumu<\/li>\n<li>Uzlabota s\u0113klu skait\u012b\u0161anas iesp\u0113ja<\/li>\n<li>Uzlabots domin\u0113jo\u0161\u0101s zonas z\u012bm\u0113\u0161anas r\u012bks<\/li>\n<\/ul>\n<p>Jaunizveidotais WinDIAS 3 lapu att\u0113lu analizators \u2014 sist\u0113ma \u0101tri un prec\u012bzi m\u0113ra lapu laukumu un \u012bpa\u0161\u012bbas \u2014 ide\u0101li piem\u0113rots augu patolo\u0123ijas un fenotipiskiem p\u0113t\u012bjumiem. WinDIAS anal\u012bzes funkcijas ir piem\u0113rotas lietojumprogramm\u0101m, kur\u0101s prec\u012bza kr\u0101su at\u0161\u0137ir\u0161ana ir kritiski svar\u012bga.<\/p>\n<p>Delta-T Devices bija viens no pirmajiem uz\u0146\u0113mumiem, kas izstr\u0101d\u0101ja lapu att\u0113lveido\u0161anas tehnolo\u0123iju slim\u012bbas izplat\u012bbas noteik\u0161anai. WinDIAS 3 lapu laukuma m\u0113r\u012b\u0161anas sist\u0113ma balst\u0101s uz \u0161o pieredzi, izmantojot augstas iz\u0161\u0137irtsp\u0113jas kameras un skenera tehnolo\u0123iju, lai nodro\u0161in\u0101tu p\u0113tniekiem jaud\u012bgu un \u0113rti lietojamu anal\u012bzes r\u012bku.<\/p>\n<p>WinDIAS sist\u0113ma ir pieejama tr\u012bs versij\u0101s \u2013 daudzfunkcion\u0101l\u0101 instrumentu sist\u0113ma (ar A4 skeneri), standarta sist\u0113ma (ar videokameru) un \u0101tr\u0101 sist\u0113ma (kas pievieno konveijera lentes bloku un var apstr\u0101d\u0101t l\u012bdz 800 loksn\u0113m stund\u0101).<\/p>\n<h3>WinDIAS funkcijas<\/h3>\n<p><strong>\u0100trs slieksnis<\/strong><br \/>\nTr\u012bs sliek\u0161\u0146u iestat\u012b\u0161ana, katrs balstoties uz at\u0161\u0137ir\u012bgu lietot\u0101ja defin\u0113tu kr\u0101su diapazonu. Galvenais slieksnis tiek izmantots galvenaj\u0101m att\u0113la interes\u0113jo\u0161aj\u0101m zon\u0101m, piem\u0113ram, veselaj\u0101m zon\u0101m. Sekund\u0101rie un terci\u0101rie sliek\u0161\u0146i tiek izmantoti cit\u0101s zon\u0101s, piem\u0113ram, infic\u0113t\u0101s vai heterog\u0113n\u0101s zon\u0101s. Sliek\u0161\u0146i tiek iestat\u012bti ar vienk\u0101r\u0161u peles nor\u0101d\u012b\u0161anu un klik\u0161\u0137i interes\u0113jo\u0161aj\u0101 re\u0123ion\u0101. Atlas\u012bt\u0101s zonas att\u0113l\u0101 nekav\u0113joties k\u013c\u016bst redzamas k\u0101 p\u0101rz\u012bm\u0113jumi.<\/p>\n<p><strong>M\u0113r\u012b\u0161ana un redi\u0123\u0113\u0161ana<\/strong><br \/>\nWinDIAS analiz\u0113 sliek\u0161\u0146a re\u0123ionus, lai izm\u0113r\u012btu laukumu, perimetru, garumu, platumu, apa\u013cumu, pagarin\u0101jumu un formas faktoru. Kalibr\u0113\u0161ana tiek veikta pirms line\u0101la. Att\u0113lus var redi\u0123\u0113t ekr\u0101n\u0101, \u013caujot lietot\u0101jam p\u0101rz\u012bm\u0113t robe\u017eas, atdal\u012bt objektus, kas p\u0101rkl\u0101jas, no\u0146emt nevajadz\u012bgu &quot;troksni&quot; un caurumus, pievienot vai dz\u0113st l\u012bnijas vai taisnst\u016brus, k\u0101 ar\u012b aizpild\u012bt ierobe\u017eot\u0101s zonas ar jebkuru kr\u0101su.<\/p>\n<p><strong>Objektu skaits<\/strong><br \/>\nS\u0113klas, skujas vai citus mazus objektus var \u0101tri saskait\u012bt ar WinDIAS (pat ja tie tiek pieskarti). Kr\u0101su slieksnis \u013cauj viegli at\u0161\u0137irt da\u017e\u0101da veida objektus vai slim\u012bbas plankumus. Putek\u013cus un gru\u017eus var no\u0146emt, nosakot objekta minim\u0101lo laukumu.<\/p>\n<p><strong>Datu un att\u0113lu apmai\u0146a<\/strong><br \/>\nWinDIAS import\u0113 att\u0113lus bmp, jpg un tif form\u0101tos, un rezult\u0101tus var saglab\u0101t k\u0101 txt failus, lai tos var\u0113tu viegli import\u0113t programm\u0101 Excel. WinDIAS rezult\u0101tus un att\u0113lus var viegli apmain\u012bt ar cit\u0101m Windows lietojumprogramm\u0101m atskai\u0161u veido\u0161anai un t\u0101l\u0101kai anal\u012bzei.<\/p>\n<p><strong>\u0100tra att\u0113lu partijas apstr\u0101de<\/strong><br \/>\nWinDIAS var autom\u0101tiski analiz\u0113t lielu skaitu lapu att\u0113lu, darbojoties k\u0101 virtu\u0101ls konveijers. \u0160\u012b funkcija iev\u0113rojami ietaupa laiku, apstr\u0101d\u0101jot att\u0113lus, kas ieg\u016bti uz vietas vai nos\u016bt\u012bti no att\u0101las p\u0113tniec\u012bbas laboratorijas. Var apstr\u0101d\u0101t visus piem\u0113rotos att\u0113lus bmp, jpg vai tif form\u0101tos.<\/p>\n<h3>Pieteikumi<\/h3>\n<p><strong>Agronomija, augu fiziolo\u0123ija un fenotipisk\u0101 anal\u012bze:<\/strong><br \/>\nWinDIAS nodro\u0161ina elast\u012bgu resursu kl\u0101stu ar pla\u0161u laboratorijas pielietojumu kl\u0101stu, s\u0101kot no vienk\u0101r\u0161as lapu laukuma m\u0113r\u012b\u0161anas l\u012bdz sare\u017e\u0123\u012btai kr\u0101su sadal\u012bjuma anal\u012bzei. Pievienojot konveijera lentes stiprin\u0101jumu, paveras papildu pielietojuma iesp\u0113jas \u2014 skat\u012bt iepriek\u0161.<\/p>\n<p><strong>Me\u017esaimniec\u012bba:<\/strong><br \/>\nWinDIAS var izmantot gan lapu koku, gan skujkoku sug\u0101m. Prie\u017eu skuju virsmas laukumu var apr\u0113\u0137in\u0101t, reizinot projic\u0113to laukumu ar konversijas koeficientu.<\/p>\n<p>Augu patolo\u0123ija un augu aizsardz\u012bba:<br \/>\nWinDIAS ir optimiz\u0113ts \u0101trai plat\u012bbu anal\u012bzei, kuras pamat\u0101 ir kr\u0101su at\u0161\u0137ir\u012bba, radot daudzas pielietojuma iesp\u0113jas augu patolo\u0123ij\u0101 un augu aizsardz\u012bb\u0101. Piem\u0113ri: s\u0113n\u012b\u0161u un bakt\u0113riju izrais\u012bta nekroze, lapu galu apdegumi un plankumain\u012bba, m\u0113slojuma defic\u012bta simptomi, v\u012brusu infekcija un lapu noveco\u0161ana.<\/p>\n<p><strong>Citi pielietojumi:<\/strong><br \/>\nWinDIAS ir \u013coti daudzpus\u012bgs. Piem\u0113ram, tas var pal\u012bdz\u0113t analiz\u0113t aerofotogr\u0101fijas, lai nov\u0113rt\u0113tu zemes segumu, un to var izmantot kop\u0101 ar piem\u0113rotu t\u0101lummai\u0146as objekt\u012bvu vai USB mikroskopu mazu objektu m\u0113r\u012b\u0161anai un skait\u012b\u0161anai.<\/p>\n<h3>Lapu att\u0113lu analizatori \u2013 <a href=\"http:\/\/labostera.lt\/lv\/product-brand\/delta-t-devices-ltd\/\">Delta-T ier\u012b\u010du grupa<\/a><\/h3>\n<p>Vair\u0101k inform\u0101cijas: <strong><a href=\"https:\/\/delta-t.co.uk\/product\/wd3\/\" target=\"_blank\" rel=\"noopener nofollow\">ra\u017eot\u0101ja t\u012bmek\u013ca vietn\u0113<\/a><\/strong> vai nos\u016btiet mums piepras\u012bjumu!<\/p>","protected":false},"excerpt":{"rendered":"<p>Delta-T WinDIAS att\u0113lu analizators \u2013 \u0101tra un prec\u012bza lapu laukuma m\u0113r\u012b\u0161anas sist\u0113ma. Ide\u0101li piem\u0113rots augu patolo\u0123ijas un fenotipiskajiem p\u0113t\u012bjumiem.<\/p>","protected":false},"featured_media":18105,"template":"","meta":[],"product_cat":[83,106,76],"product_tag":[618,627,626],"class_list":{"0":"post-18103","1":"product","2":"type-product","3":"status-publish","4":"has-post-thumbnail","6":"product_brand-delta-t-devices-ltd","7":"product_cat-aplinkotyra","8":"product_cat-augalu-tyrimo-iranga","9":"product_cat-laboratorine-iranga","10":"product_tag-delta-t-devices-ltd","11":"product_tag-image-analyzers","12":"product_tag-vaizdo-analizatoriai","14":"first","15":"onbackorder","16":"shipping-taxable","17":"purchasable","18":"product-type-variable"},"_links":{"self":[{"href":"https:\/\/labostera.lt\/lv\/wp-json\/wp\/v2\/product\/18103","targetHints":{"allow":["GET"]}}],"collection":[{"href":"https:\/\/labostera.lt\/lv\/wp-json\/wp\/v2\/product"}],"about":[{"href":"https:\/\/labostera.lt\/lv\/wp-json\/wp\/v2\/types\/product"}],"wp:featuredmedia":[{"embeddable":true,"href":"https:\/\/labostera.lt\/lv\/wp-json\/wp\/v2\/media\/18105"}],"wp:attachment":[{"href":"https:\/\/labostera.lt\/lv\/wp-json\/wp\/v2\/media?parent=18103"}],"wp:term":[{"taxonomy":"product_cat","embeddable":true,"href":"https:\/\/labostera.lt\/lv\/wp-json\/wp\/v2\/product_cat?post=18103"},{"taxonomy":"product_tag","embeddable":true,"href":"https:\/\/labostera.lt\/lv\/wp-json\/wp\/v2\/product_tag?post=18103"}],"curies":[{"name":"wp","href":"https:\/\/api.w.org\/{rel}","templated":true}]}}