{"id":18100,"date":"2024-01-26T09:29:51","date_gmt":"2024-01-26T07:29:51","guid":{"rendered":"http:\/\/labostera.lt\/?post_type=product&#038;p=18100"},"modified":"2024-06-03T17:14:59","modified_gmt":"2024-06-03T14:14:59","slug":"lapu-porometras-delta-t-ap4-leaf-porometer","status":"publish","type":"product","link":"https:\/\/labostera.lt\/lv\/priemones-ir-iranga\/laboratorine-iranga\/aplinkotyra\/augalu-tyrimo-iranga\/lapu-porometras-delta-t-ap4-leaf-porometer\/","title":{"rendered":"Lapu porometrs Delta-T AP4 lapu porometrs"},"content":{"rendered":"<h2><strong>\u201eDelta-T Devices Ltd.\u201d AP4 Lap\u0173 Porometras<\/strong><\/h2>\n<ul>\n<li>Tie\u0161a atv\u0101rsn\u012btes vad\u012btsp\u0113jas vai pretest\u012bbas m\u0113r\u012b\u0161ana<\/li>\n<li>Vienk\u0101r\u0161a absol\u016bt\u0101 kalibr\u0113\u0161ana lauk\u0101<\/li>\n<li>Minim\u0101lais loksnes spriegums m\u0113r\u012b\u0161anas laik\u0101<\/li>\n<li>Ide\u0101li piem\u0113rots fenotipiskiem p\u0113t\u012bjumiem<\/li>\n<li>Apbalvots lietot\u0101ja saskarnes dizains<\/li>\n<li>5 gadu garantija<\/li>\n<\/ul>\n<p>Atv\u0101rsn\u012b\u0161u atv\u0113r\u0161an\u0101s ir galvenais faktors lapu virsmu dif\u016bzijas vad\u012btsp\u0113j\u0101, kas kontrol\u0113 gan \u016bdens zudumu no augu lap\u0101m, gan CO2 uz\u0146em\u0161anu fotosint\u0113zes vajadz\u012bb\u0101m. Dif\u016bzijas vad\u012btsp\u0113jas m\u0113r\u012bjumi ir svar\u012bgi augu \u016bdens st\u0101vok\u013ca r\u0101d\u012bt\u0101ji un sniedz v\u0113rt\u012bgas zin\u0101\u0161anas par augu aug\u0161anu un piel\u0101go\u0161anos vides main\u012bgajiem lielumiem.<\/p>\n<h3>AP4 lapu porometra funkcijas<\/h3>\n<p>AP4 lapu porometrs m\u0113ra dif\u016bzijas vad\u012btsp\u0113ju, sal\u012bdzinot prec\u012bzu mitrin\u0101\u0161anas \u0101trumu neliel\u0101 dobum\u0101 (kamer\u0101) ar r\u0101d\u012bjumiem, kas ieg\u016bti no kalibr\u0113\u0161anas pl\u0101ksnes. Pl\u0101tnei ir 6 dif\u016bzijas vad\u012btsp\u0113jas iestat\u012bjumi, kuru v\u0113rt\u012bbas ir prec\u012bzi noteiktas ar gal\u012bgo elementu anal\u012bzi.<\/p>\n<p>Citi porometru un g\u0101zes anal\u012bzes sist\u0113mu precizit\u0101tes indikatori balst\u0101s uz ilgsto\u0161iem laboratorijas iestat\u012bjumiem un kalibr\u0113\u0161anu, kas nav piem\u0113rota lauka apst\u0101k\u013ciem. Turpret\u012b AP4 lapu porometram ir vienk\u0101r\u0161a tie\u0161a lauka kalibr\u0113\u0161ana, izmantojot verific\u0113tu fizik\u0101lu standartu.<\/p>\n<p>AP4 lapu porometram ir daudzas citas funkcijas, kas paredz\u0113tas, lai nodro\u0161in\u0101tu prec\u012bzu un atk\u0101rtojamu m\u0113r\u012bjumu veik\u0161anu p\u0113c iesp\u0113jas vienk\u0101r\u0161\u0101k:<\/p>\n<ul>\n<li>Izsmalcin\u0101ta temperat\u016bras kompens\u0101cija<\/li>\n<li>Ne\u0161\u0137\u012bsto\u0161\u0101 lapu kamera minim\u0101li kav\u0113 nev\u0113lamu atv\u0101rsn\u012b\u0161u aizv\u0113r\u0161anos<\/li>\n<li>Vieglas un ergonomiskas sensoru galvi\u0146as<\/li>\n<li>Liels, skaidrs LCD displejs (8 rindas pa 40 rakstz\u012bm\u0113m)<\/li>\n<li>Pilna QWERTY tastat\u016bra anot\u0101cij\u0101m l\u012bdz pat 1500 m\u0113r\u012bjumiem<\/li>\n<li>Stabils un uzticams r\u012bks fenotipiskiem projektiem<\/li>\n<li>Vis\u0101 pasaul\u0113 tiek izmantoti vair\u0101k nek\u0101 2000 Delta-T porometru.<\/li>\n<\/ul>\n<h3>Porometra dizaina sadarb\u012bba ar profesoru D\u017eonu Monteitu<\/h3>\n<p>Uz\u0146\u0113mums Delta-T Devices ir cie\u0161i sadarbojies ar profesoru D\u017eonu L. Monteitu (1929\u20132012) \u010detrdesmit gadus \u2014 s\u0101kot ar pasaul\u0113 pirm\u0101 autom\u0101tisk\u0101 porometra izgatavo\u0161anu 20.\u00a0gs. septi\u0146desmitajos gados, izmantojot vair\u0101kas sekojo\u0161as versijas, un beidzot ar moderno AP4 porometru.<\/p>\n<p>Delta-T Devices dibin\u0101t\u0101js Eds Poters dal\u012bj\u0101s platform\u0101 ar vair\u0101kiem run\u0101t\u0101jiem, godinot profesoru D\u017eonu L. Monteitu 2013.\u00a0gada Amerikas Agronomijas biedr\u012bbas ikgad\u0113j\u0101 konferenc\u0113 Tamp\u0101, Florid\u0101. Prezent\u0101cij\u0101 tika prezent\u0113ta autom\u0101tisk\u0101 porometra att\u012bst\u012bbas v\u0113sture.<\/p>\n<p>Dinamisk\u0101s dif\u016bzijas porometri, piem\u0113ram, AP4, ir paz\u012bstami ar\u012b k\u0101 stomat\u0101l\u0101s dif\u016bzijas porometri.<\/p>\n<h3>Lap\u0173 Porometrai \u2013 <a href=\"http:\/\/labostera.lt\/lv\/product-brand\/delta-t-devices-ltd\/\">Delta-T ier\u012b\u010du grupa<\/a><\/h3>\n<p>Vair\u0101k inform\u0101cijas: <strong><a href=\"https:\/\/delta-t.co.uk\/product\/ap4\/\" target=\"_blank\" rel=\"noopener nofollow\">ra\u017eot\u0101ja t\u012bmek\u013ca vietn\u0113<\/a><\/strong> vai nos\u016btiet mums piepras\u012bjumu!<\/p>\n<div id=\"gtx-trans\" style=\"position: absolute; left: 496px; top: 111.375px;\">\n<div class=\"gtx-trans-icon\"><\/div>\n<\/div>","protected":false},"excerpt":{"rendered":"<p>Delta-T AP4 porometrs \u2013 tie\u0161a atv\u0101rsn\u012btes vad\u012btsp\u0113jas vai pretest\u012bbas m\u0113r\u012b\u0161ana. Ide\u0101li piem\u0113rots fenotipiskiem p\u0113t\u012bjumiem.<\/p>\n<div id=\"gtx-trans\" style=\"position: absolute; left: 643px; top: -9px;\">\n<div class=\"gtx-trans-icon\"><\/div>\n<\/div>","protected":false},"featured_media":18101,"template":"","meta":[],"product_cat":[83,106,76],"product_tag":[618,625,624],"class_list":{"0":"post-18100","1":"product","2":"type-product","3":"status-publish","4":"has-post-thumbnail","6":"product_brand-delta-t-devices-ltd","7":"product_cat-aplinkotyra","8":"product_cat-augalu-tyrimo-iranga","9":"product_cat-laboratorine-iranga","10":"product_tag-delta-t-devices-ltd","11":"product_tag-porometers","12":"product_tag-porometrai","14":"first","15":"onbackorder","16":"shipping-taxable","17":"purchasable","18":"product-type-simple"},"_links":{"self":[{"href":"https:\/\/labostera.lt\/lv\/wp-json\/wp\/v2\/product\/18100","targetHints":{"allow":["GET"]}}],"collection":[{"href":"https:\/\/labostera.lt\/lv\/wp-json\/wp\/v2\/product"}],"about":[{"href":"https:\/\/labostera.lt\/lv\/wp-json\/wp\/v2\/types\/product"}],"wp:featuredmedia":[{"embeddable":true,"href":"https:\/\/labostera.lt\/lv\/wp-json\/wp\/v2\/media\/18101"}],"wp:attachment":[{"href":"https:\/\/labostera.lt\/lv\/wp-json\/wp\/v2\/media?parent=18100"}],"wp:term":[{"taxonomy":"product_cat","embeddable":true,"href":"https:\/\/labostera.lt\/lv\/wp-json\/wp\/v2\/product_cat?post=18100"},{"taxonomy":"product_tag","embeddable":true,"href":"https:\/\/labostera.lt\/lv\/wp-json\/wp\/v2\/product_tag?post=18100"}],"curies":[{"name":"wp","href":"https:\/\/api.w.org\/{rel}","templated":true}]}}