{"id":18093,"date":"2024-01-25T16:24:32","date_gmt":"2024-01-25T14:24:32","guid":{"rendered":"http:\/\/labostera.lt\/?post_type=product&#038;p=18093"},"modified":"2024-06-03T17:16:58","modified_gmt":"2024-06-03T14:16:58","slug":"ekvitenziometras-delta-t-eq3-equitensiometer","status":"publish","type":"product","link":"https:\/\/labostera.lt\/lv\/priemones-ir-iranga\/laboratorine-iranga\/aplinkotyra\/dirvozemio-tyrimo-iranga\/ekvitenziometras-delta-t-eq3-equitensiometer\/","title":{"rendered":"Ekvitenziometrs Delta-T EQ3 Ekvitenziometrs"},"content":{"rendered":"<h2><strong>\u201eDelta-T Devices Ltd. EQ3 ekvitensiometrs<\/strong><\/h2>\n<ul>\n<li>\u0112rta, prec\u012bza un uzticama alternat\u012bva \u016bdens pild\u012bt\u0101m tenzometra sist\u0113m\u0101m<\/li>\n<li>Lielisks diapazons no 0 l\u012bdz -1000 kPa<\/li>\n<li>Nav nepiecie\u0161ama uzpild\u012b\u0161ana, degaz\u0101cija vai papildin\u0101\u0161ana<\/li>\n<li>Ieb\u016bv\u0113ts temperat\u016bras sensors<\/li>\n<li>Var ierakt zem\u0113 un ir sala iztur\u012bgs (IP68)<\/li>\n<\/ul>\n<p>EQ3 ekvitensiometrs izmanto modernu ThetaProbe tehnolo\u0123iju, lai izvair\u012btos no daudzu ar \u016bdeni pild\u012btu tenziometru probl\u0113m\u0101m. Tas m\u0113ra \u016bdens potenci\u0101lu (matricas potenci\u0101lu) diapazon\u0101 no 0 l\u012bdz -1000 kPa un nodro\u0161ina prec\u012bzu re\u0123istr\u0113tu rezult\u0101tu. Tas ir \u012bpa\u0161i piem\u0113rots lieto\u0161anai saus\u0101s augsn\u0113s.<\/p>\n<h3>K\u0101 tas darbojas<\/h3>\n<p>EQ3 tenzometrs pied\u0101v\u0101 bezapkopes darb\u012bbu pla\u0161\u0101 augsnes \u016bdens potenci\u0101lu diapazon\u0101. Tas nodro\u0161ina uzticamus matricas potenci\u0101la m\u0113r\u012bjumus un augsnes temperat\u016bru.<\/p>\n<p>EQ3 m\u0113rstie\u0146i ir iestr\u0101d\u0101ti porain\u0101 materi\u0101l\u0101 (ekvitensiometr\u0101). \u0160im materi\u0101lam ir zin\u0101ma, stabila saist\u012bba starp \u016bdens saturu un matricas potenci\u0101lu. Kad EQ3 tenzometrs tiek ievietots augsn\u0113, matricas potenci\u0101ls vienl\u012bdz\u012bbas objekt\u0101 l\u012bdzsvarojas ar apk\u0101rt\u0113jo augsni. EQ3 tie\u0161i m\u0113ra matricas materi\u0101la \u016bdens saturu, ko var p\u0101rv\u0113rst apk\u0101rt\u0113j\u0101s augsnes matricas potenci\u0101l\u0101, izmantojot katram ekvitensiometram pievienoto kalibr\u0113\u0161anas l\u012bkni.<\/p>\n<h3>Uzst\u0101d\u012b\u0161ana un lieto\u0161ana<\/h3>\n<p>EQ3 tenzometrs ir ierakts (IP68) un neprasa apkopi. To var ievietot urbt\u0101s bedr\u0113s vai novietot bedres sien\u0101 (p\u0113c tam r\u016bp\u012bgi aizb\u0113rt). Lai palielin\u0101tu ierak\u0161anas dzi\u013cumu, tiek izmantotas papildu pagarin\u0101t\u0101ja caurules.<\/p>\n<p>EQ3 ir iztur\u012bgs, bez apkopes (nav nepiecie\u0161ama papildin\u0101\u0161ana, degaz\u0101cija vai uzpild\u012b\u0161ana), aukstumiztur\u012bgs un ar zemu ener\u0123ijas pat\u0113ri\u0146u; tas noz\u012bm\u0113, ka to var uzst\u0101d\u012bt att\u0101l\u0101s viet\u0101s ilgsto\u0161i. \u0160\u0101dos gad\u012bjumos sensoru datiem var piek\u013c\u016bt bezvadu re\u017e\u012bm\u0101, izmantojot modemu un datu re\u0123istr\u0113t\u0101ju, piem\u0113ram, Delta-T GP2.<\/p>\n<p>Neskatoties uz daudzaj\u0101m priek\u0161roc\u012bb\u0101m, EQ3 nevajadz\u0113tu uzskat\u012bt par \u0101tras rea\u0123\u0113\u0161anas sensoru, kas piln\u012bb\u0101 aptver pla\u0161u \u016bdens potenci\u0101lu diapazonu ar augstu precizit\u0101ti. \u0160\u0101ds sensors v\u0113l nepast\u0101v. EQ3 l\u012bdzsvaro\u0161anas laiks parasti ir vair\u0101kas stundas.<\/p>\n<h3>Adapt\u0101cija<\/h3>\n<p>EQ3 ekvitensiometrs ir ide\u0101li piem\u0113rots ilgtermi\u0146a \u016bdens potenci\u0101la uzraudz\u012bbai augsn\u0113 un substr\u0101tos. To var atst\u0101t uzst\u0101d\u012btu pat sasalu\u0161\u0101s augsn\u0113s. Tipiski pielietojumi ietver vides, augu, augsnes, ekolo\u0123iskos un \u0123eozin\u0101tnes p\u0113t\u012bjumus, k\u0101 ar\u012b civil\u0101s un lauksaimniec\u012bbas in\u017eenierijas pielietojumus.<\/p>\n<p>EQ3 ir pilns diapazons no 0 l\u012bdz -1000 kPa, bet vislab\u0101k\u0101 precizit\u0101te tiek sasniegta diapazon\u0101 no -100 l\u012bdz -500 kPa. Tas padara to ide\u0101li piem\u0113rotu augu \u016bdens stresa test\u0113\u0161anai \u2013 pat \u013coti saus\u0101s augsn\u0113s.<\/p>\n<h3>Datu re\u0123istr\u0113\u0161ana<\/h3>\n<p>EQ3 var re\u0123istr\u0113t jebkuru Delta-T datu re\u0123istr\u0113t\u0101ju, tostarp jaud\u012bgo GP2. Tas ir sader\u012bgs ar\u012b ar daudzu citu ra\u017eot\u0101ju datu re\u0123istr\u0113t\u0101jiem. EQ3 var izmantot ar\u012b ar HH2 mitruma m\u0113r\u012bt\u0101ju, ta\u010du tas par\u0101da tikai nep\u0101rveidotu milivoltu izejas sign\u0101lu, un temperat\u016bras r\u0101d\u012bjums nav pieejams.<\/p>\n<h3>Ekvipotenciometri \u2013 <a href=\"http:\/\/labostera.lt\/lv\/product-brand\/delta-t-devices-ltd\/\">Delta-T ier\u012b\u010du grupa<\/a><\/h3>\n<p>Vair\u0101k inform\u0101cijas: <strong><a href=\"https:\/\/delta-t.co.uk\/product\/eq3\/\" target=\"_blank\" rel=\"noopener nofollow\">ra\u017eot\u0101ja t\u012bmek\u013ca vietn\u0113<\/a><\/strong> vai nos\u016btiet mums piepras\u012bjumu!<\/p>","protected":false},"excerpt":{"rendered":"<p>Delta-T EQ3 ekvipotenciometrs \u2013 uzticams \u016bdens potenci\u0101la m\u0113r\u012bjums ar pla\u0161u diapazonu un ieb\u016bv\u0113tu temperat\u016bras sensoru.<\/p>","protected":false},"featured_media":18094,"template":"","meta":[],"product_cat":[83,107,76],"product_tag":[618,622,623],"class_list":{"0":"post-18093","1":"product","2":"type-product","3":"status-publish","4":"has-post-thumbnail","6":"product_brand-delta-t-devices-ltd","7":"product_cat-aplinkotyra","8":"product_cat-dirvozemio-tyrimo-iranga","9":"product_cat-laboratorine-iranga","10":"product_tag-delta-t-devices-ltd","11":"product_tag-ekvitenziometras","12":"product_tag-equitensiometer","14":"first","15":"onbackorder","16":"shipping-taxable","17":"purchasable","18":"product-type-simple"},"_links":{"self":[{"href":"https:\/\/labostera.lt\/lv\/wp-json\/wp\/v2\/product\/18093","targetHints":{"allow":["GET"]}}],"collection":[{"href":"https:\/\/labostera.lt\/lv\/wp-json\/wp\/v2\/product"}],"about":[{"href":"https:\/\/labostera.lt\/lv\/wp-json\/wp\/v2\/types\/product"}],"wp:featuredmedia":[{"embeddable":true,"href":"https:\/\/labostera.lt\/lv\/wp-json\/wp\/v2\/media\/18094"}],"wp:attachment":[{"href":"https:\/\/labostera.lt\/lv\/wp-json\/wp\/v2\/media?parent=18093"}],"wp:term":[{"taxonomy":"product_cat","embeddable":true,"href":"https:\/\/labostera.lt\/lv\/wp-json\/wp\/v2\/product_cat?post=18093"},{"taxonomy":"product_tag","embeddable":true,"href":"https:\/\/labostera.lt\/lv\/wp-json\/wp\/v2\/product_tag?post=18093"}],"curies":[{"name":"wp","href":"https:\/\/api.w.org\/{rel}","templated":true}]}}