{"id":18085,"date":"2024-06-12T15:21:47","date_gmt":"2024-06-12T12:21:47","guid":{"rendered":"http:\/\/labostera.lt\/?post_type=product&#038;p=18085"},"modified":"2024-06-13T16:35:16","modified_gmt":"2024-06-13T13:35:16","slug":"dirvozemio-dregmes-matuoklis-delta-t-ml3-thetakit-soil-moisture-measurement-kit","status":"publish","type":"product","link":"https:\/\/labostera.lt\/lv\/priemones-ir-iranga\/laboratorine-iranga\/aplinkotyra\/dirvozemio-tyrimo-iranga\/dirvozemio-dregmes-matuoklis-delta-t-ml3-thetakit-soil-moisture-measurement-kit\/","title":{"rendered":"Augsnes mitruma m\u0113r\u012bt\u0101js Delta-T ML3 ThetaKit augsnes mitruma m\u0113r\u012b\u0161anas komplekts"},"content":{"rendered":"<h2><strong>Delta-T Devices Ltd. ML3 ThetaKit augsnes mitruma m\u0113r\u012bt\u0101js<\/strong><\/h2>\n<ul>\n<li>L\u012bderis klas\u0113 \u00b11% augsnes mitruma precizit\u0101t\u0113<\/li>\n<li>Pilns komplekts ar m\u0113rinstrumentu un kasti<\/li>\n<\/ul>\n<p>ML3 ThetaKit nodro\u0161ina zin\u0101tniekiem p\u0101rn\u0113s\u0101jamu instrumentu \u013coti prec\u012bzai, gandr\u012bz moment\u0101nai mitruma l\u012bme\u0146a m\u0113r\u012b\u0161anai augsn\u0113 un substr\u0101tos.<\/p>\n<p>ThetaKit ir viegli lietojams. Vienk\u0101r\u0161i iesl\u0113dziet pievienoto HH2 mitruma m\u0113r\u012bt\u0101ju, piln\u012bb\u0101 ievietojiet sensora galus augsn\u0113 un nospiediet HH2 pogu &quot;nolas\u012bt&quot;, lai par\u0101d\u012btu mitruma m\u0113r\u012bjumu. M\u0113r\u012bjumus var saglab\u0101t ar vienu klik\u0161\u0137i (ja nepiecie\u0161ams) un v\u0113l\u0101k p\u0101rs\u016bt\u012bt uz datoru.<\/p>\n<p>Komplekt\u0101 ietilpst ML3 ThetaProbe augsnes mitruma sensors, HH2 mitruma m\u0113r\u012bt\u0101js (m\u0113r\u012b\u0161anas ier\u012bce), rezerves sensora k\u0101ti un kaste.<\/p>\n<p>Piez\u012bme: Ir pieejami cita veida mitruma m\u0113r\u012b\u0161anas komplekti, ja nepiecie\u0161ami zem\u0101kas izmaksas vai EC m\u0113r\u012bjumi.<\/p>\n<p>ThetaKits ir lieliska izv\u0113le z\u0101laugu lietojumprogramm\u0101m.<\/p>\n<h3>Augsnes mitruma m\u0113r\u012bt\u0101ji \u2013 <a href=\"http:\/\/labostera.lt\/lv\/product-brand\/delta-t-devices-ltd\/\">Delta-T ier\u012b\u010du grupa<\/a><\/h3>\n<p>Vair\u0101k inform\u0101cijas: <strong><a href=\"https:\/\/delta-t.co.uk\/product\/ml3-kit\/\" target=\"_blank\" rel=\"noopener nofollow\">ra\u017eot\u0101ja t\u012bmek\u013ca vietn\u0113<\/a><\/strong> vai nos\u016btiet mums piepras\u012bjumu!<\/p>","protected":false},"excerpt":{"rendered":"<p>Delta-T ML3 ThetaKit augsnes mitruma m\u0113r\u012bt\u0101js \u2013 \u00b1 1% precizit\u0101tes komplekts ar m\u0113rier\u012bci un koferi.<\/p>","protected":false},"featured_media":18087,"template":"","meta":[],"product_cat":[83,107,76],"product_tag":[618,621,619,620],"class_list":{"0":"post-18085","1":"product","2":"type-product","3":"status-publish","4":"has-post-thumbnail","6":"product_brand-delta-t-devices-ltd","7":"product_cat-aplinkotyra","8":"product_cat-dirvozemio-tyrimo-iranga","9":"product_cat-laboratorine-iranga","10":"product_tag-delta-t-devices-ltd","11":"product_tag-dirvozemio-matuoklis","12":"product_tag-dregmes-matuokliai","13":"product_tag-moisture-meters","15":"first","16":"onbackorder","17":"shipping-taxable","18":"purchasable","19":"product-type-simple"},"_links":{"self":[{"href":"https:\/\/labostera.lt\/lv\/wp-json\/wp\/v2\/product\/18085","targetHints":{"allow":["GET"]}}],"collection":[{"href":"https:\/\/labostera.lt\/lv\/wp-json\/wp\/v2\/product"}],"about":[{"href":"https:\/\/labostera.lt\/lv\/wp-json\/wp\/v2\/types\/product"}],"wp:featuredmedia":[{"embeddable":true,"href":"https:\/\/labostera.lt\/lv\/wp-json\/wp\/v2\/media\/18087"}],"wp:attachment":[{"href":"https:\/\/labostera.lt\/lv\/wp-json\/wp\/v2\/media?parent=18085"}],"wp:term":[{"taxonomy":"product_cat","embeddable":true,"href":"https:\/\/labostera.lt\/lv\/wp-json\/wp\/v2\/product_cat?post=18085"},{"taxonomy":"product_tag","embeddable":true,"href":"https:\/\/labostera.lt\/lv\/wp-json\/wp\/v2\/product_tag?post=18085"}],"curies":[{"name":"wp","href":"https:\/\/api.w.org\/{rel}","templated":true}]}}