{"id":18082,"date":"2024-06-12T14:48:56","date_gmt":"2024-06-12T11:48:56","guid":{"rendered":"http:\/\/labostera.lt\/?post_type=product&#038;p=18082"},"modified":"2024-06-13T16:35:17","modified_gmt":"2024-06-13T13:35:17","slug":"dirvozemio-dregmes-zondas-delta-t-ml3-thetaprobe-soil-moisture-sensor","status":"publish","type":"product","link":"https:\/\/labostera.lt\/lv\/priemones-ir-iranga\/laboratorine-iranga\/aplinkotyra\/dirvozemio-tyrimo-iranga\/dirvozemio-dregmes-zondas-delta-t-ml3-thetaprobe-soil-moisture-sensor\/","title":{"rendered":"Augsnes mitruma zonde Delta-T ML3 ThetaProbe augsnes mitruma sensors"},"content":{"rendered":"<h2><strong>Delta-T Devices Ltd. ML3 ThetaProbe augsnes mitruma zonde<\/strong><\/h2>\n<ul>\n<li>L\u012bderis klas\u0113 \u00b11% augsnes mitruma precizit\u0101t\u0113<\/li>\n<li>Var ierakt zem\u0113 vai izmantot k\u0101 p\u0101rn\u0113s\u0101jamu sensoru<\/li>\n<li>Vienk\u0101r\u0161a datu re\u0123istr\u0113\u0161ana (0\u20131 V l\u012bdzstr\u0101va)<\/li>\n<\/ul>\n<p>Ar savu 1% precizit\u0101ti ThetaProbe jau vair\u0101k nek\u0101 20 gadus ir noteicis standartu augsnes mitruma m\u0113r\u012bjumos.<\/p>\n<h3>Augsta precizit\u0101te, tom\u0113r viegli lietojama<\/h3>\n<p>Ar ML3 ThetaProbe augsnes mitruma sensoru ir viegli veikt uzticamus un prec\u012bzus augsnes mitruma m\u0113r\u012bjumus. Vienk\u0101r\u0161i ievietojiet augsnes mitruma sensoru augsn\u0113, pievienojiet to datu re\u0123istr\u0113t\u0101jam vai nolas\u012b\u0161anas ier\u012bcei, nodro\u0161iniet 5\u201314 V l\u012bdzstr\u0101vu ar 18 mA str\u0101vu, un j\u016bs varat re\u0123istr\u0113t augsnes mitrumu da\u017eu sekun\u017eu laik\u0101.<\/p>\n<p>ML3 ThetaProbe ir iztur\u012bgs, to var ierakt zem\u0113 un tam nav nepiecie\u0161ama apkope (vides aizsardz\u012bba atbilst IP68 standartam). To var viegli uzst\u0101d\u012bt dzi\u013cum\u0101, izmantojot papildu pagarin\u0101juma caurules.<\/p>\n<p>ML3 labi rea\u0123\u0113 uz s\u0101ls saturu, t\u0101 salu reakcija ir aprakst\u012bta pie EC50 v\u0113rt\u012bb\u0101m l\u012bdz 2000 mS.m-1. Tam ir ar\u012b pla\u0161s darba temperat\u016bras diapazons, kas \u013cauj to izmantot temperat\u016br\u0101 zem -40 \u00baC (neelast\u012bgi kabe\u013ci).<\/p>\n<p>ML3 ir apr\u012bkots ar termistora sensoru augsnes temperat\u016bras m\u0113r\u012b\u0161anai (sensoram j\u0101b\u016bt piln\u012bb\u0101 ieraktam zem\u0113).<\/p>\n<h3>Datu re\u0123istr\u0113\u0161ana un nolas\u012b\u0161ana<\/h3>\n<p>ML3 var ierakst\u012bt ar jebkuru Delta-T datu re\u0123istr\u0113t\u0101ju; Tas ir sader\u012bgs ar jebkuru ierakst\u012bt\u0101ju, kas var nodro\u0161in\u0101t 5\u201315 V l\u012bdzstr\u0101vas ieejas jaudu un pie\u0146emt 0\u20131 V izejas sign\u0101lu. P\u0101rn\u0113s\u0101jamai lieto\u0161anai ML3 tiek savienots ar HH2 mitruma m\u0113r\u012bt\u0101ju, un tos var pas\u016bt\u012bt kop\u0101 k\u0101 \u0113rtu ThetaKit komplektu \u2014 skat\u012bt zem\u0101k (j\u0101\u0146em v\u0113r\u0101, ka HH2 m\u0113r\u012bt\u0101js nenolasa temperat\u016bru).<\/p>\n<h3>Vienk\u0101r\u0161a uzst\u0101d\u012b\u0161ana<\/h3>\n<p>ML3 ThetaProbe var ierakt zem\u0113, un t\u0101 cilindrisk\u0101 forma atvieglo uzst\u0101d\u012b\u0161anu urbumos (45 mm diametr\u0101). Iztur\u012bgus ner\u016bs\u0113jo\u0161\u0101 t\u0113rauda k\u0101tus var nomain\u012bt, ja tie ir saliekti vai boj\u0101ti. Sensora saspie\u017eamo pamatni var savienot ar papildu 50 cm un 100 cm pagarin\u0101juma caurul\u0113m.<\/p>\n<h3>Adapt\u0101cija<\/h3>\n<p>Tipiski pielietojumi ietver ap\u016bde\u0146o\u0161anu, hidrolo\u0123iju, in\u017eenierb\u016bvniec\u012bbu, augsnes \u016bdens profil\u0113\u0161anu, pies\u0101r\u0146ojuma monitoringu un me\u017esaimniec\u012bbu. T\u0101 k\u0101 ThetaProbe ir paredzama salu reakcija (kas faktiski samazin\u0101s, palielinoties s\u0101ls saturam), to var izmantot pat \u013coti s\u0101\u013c\u0101s augsn\u0113s \u2013 l\u012bdz pat 2000 mS.m-1.<\/p>\n<p>ThetaProbe var izmantot ar\u012b vid\u0113, kas nav saist\u012bta ar augsni.<\/p>\n<h3>ThetaKit<\/h3>\n<p>\u0112rti iepakotaj\u0101 ThetaKit komplekt\u0101 ir viss nepiecie\u0161amais, lai prec\u012bzi noteiktu augsnes mitruma saturu. Komplekt\u0101 ietilpst \u012bpa\u0161s HH2 mitruma m\u0113r\u012bt\u0101js t\u016bl\u012bt\u0113jai nolas\u012b\u0161anai, iespie\u0161an\u0101s instruments ciet\u0101m augsn\u0113m un rezerves cauru\u013cu komplekts.<\/p>\n<p>ThetaKitai ir lieliska izv\u0113le z\u0101liena apstr\u0101dei.<\/p>\n<p>J\u0101atz\u012bm\u0113, ka HH2 m\u0113r\u012bt\u0101js nenolasa un neieraksta temperat\u016bras r\u0101d\u012bjumus.<\/p>\n<h3>Augsnes mitruma sensori \u2013 <a href=\"http:\/\/labostera.lt\/lv\/product-brand\/delta-t-devices-ltd\/\">Delta-T ier\u012b\u010du grupa<\/a><\/h3>\n<p>Vair\u0101k inform\u0101cijas: <strong><a href=\"https:\/\/delta-t.co.uk\/product\/ml3\/\" target=\"_blank\" rel=\"noopener nofollow\">ra\u017eot\u0101ja t\u012bmek\u013ca vietn\u0113<\/a><\/strong> vai nos\u016btiet mums piepras\u012bjumu!<\/p>","protected":false},"excerpt":{"rendered":"<p>Delta-T ML3 ThetaProbe augsnes mitruma zonde \u2013 \u00b1 1% precizit\u0101te, var tikt ierakta zem\u0113 vai izmantota k\u0101 p\u0101rn\u0113s\u0101jama sensora. Vienk\u0101r\u0161a datu re\u0123istr\u0113\u0161ana.<\/p>","protected":false},"featured_media":18084,"template":"","meta":[],"product_cat":[83,107,76],"product_tag":[618,621,619,620],"class_list":{"0":"post-18082","1":"product","2":"type-product","3":"status-publish","4":"has-post-thumbnail","6":"product_brand-delta-t-devices-ltd","7":"product_cat-aplinkotyra","8":"product_cat-dirvozemio-tyrimo-iranga","9":"product_cat-laboratorine-iranga","10":"product_tag-delta-t-devices-ltd","11":"product_tag-dirvozemio-matuoklis","12":"product_tag-dregmes-matuokliai","13":"product_tag-moisture-meters","15":"first","16":"onbackorder","17":"shipping-taxable","18":"purchasable","19":"product-type-simple"},"_links":{"self":[{"href":"https:\/\/labostera.lt\/lv\/wp-json\/wp\/v2\/product\/18082","targetHints":{"allow":["GET"]}}],"collection":[{"href":"https:\/\/labostera.lt\/lv\/wp-json\/wp\/v2\/product"}],"about":[{"href":"https:\/\/labostera.lt\/lv\/wp-json\/wp\/v2\/types\/product"}],"wp:featuredmedia":[{"embeddable":true,"href":"https:\/\/labostera.lt\/lv\/wp-json\/wp\/v2\/media\/18084"}],"wp:attachment":[{"href":"https:\/\/labostera.lt\/lv\/wp-json\/wp\/v2\/media?parent=18082"}],"wp:term":[{"taxonomy":"product_cat","embeddable":true,"href":"https:\/\/labostera.lt\/lv\/wp-json\/wp\/v2\/product_cat?post=18082"},{"taxonomy":"product_tag","embeddable":true,"href":"https:\/\/labostera.lt\/lv\/wp-json\/wp\/v2\/product_tag?post=18082"}],"curies":[{"name":"wp","href":"https:\/\/api.w.org\/{rel}","templated":true}]}}