{"id":18081,"date":"2024-06-12T14:09:22","date_gmt":"2024-06-12T11:09:22","guid":{"rendered":"http:\/\/labostera.lt\/?post_type=product&#038;p=18081"},"modified":"2024-06-13T16:35:18","modified_gmt":"2024-06-13T13:35:18","slug":"dirvozemio-dregmes-matuoklis-delta-t-sm150t-kit-soil-moisture-measurement-kit","status":"publish","type":"product","link":"https:\/\/labostera.lt\/lv\/priemones-ir-iranga\/laboratorine-iranga\/aplinkotyra\/dirvozemio-tyrimo-iranga\/dirvozemio-dregmes-matuoklis-delta-t-sm150t-kit-soil-moisture-measurement-kit\/","title":{"rendered":"Augsnes mitruma m\u0113r\u012bt\u0101js Delta-T SM150T komplekts Augsnes mitruma m\u0113r\u012b\u0161anas komplekts"},"content":{"rendered":"<h2><strong>\u201eDelta-T Devices Ltd. SM150T komplekts augsnes mitruma m\u0113r\u012bt\u0101jam<\/strong><\/h2>\n<ul>\n<li>Piln\u012bgs un pieejams komplekts<\/li>\n<li>\u00b13% precizit\u0101te<\/li>\n<li>P\u0101rn\u0113s\u0101jams un viegli lietojams<\/li>\n<\/ul>\n<p>SM150 mitruma m\u0113r\u012bt\u0101ja komplekts nodro\u0161ina pieejamu un \u0113rti lietojamu instrumentu uzticamu mitruma m\u0113r\u012bjumu ieg\u016b\u0161anai, minim\u0101li ietekm\u0113jot augsni vai substr\u0101tu.<\/p>\n<h3>Ievads<\/h3>\n<p>Komplekt\u0101 ietilpst augsnes mitruma sensors SM150T*, speci\u0101ls mitruma m\u0113r\u012bt\u0101js HH150 un p\u0101rn\u0113s\u0101\u0161anas soma. Kabelis un savienot\u0101js ir \u016bdensnecaurlaid\u012bgi \u2013 oblig\u0101ti tiem, kas var atrasties mitr\u0101 vid\u0113.<\/p>\n<p>HH150 m\u0113r\u012bt\u0101js par\u0101da \u016bdens satura tilpuma da\u013cu (% tilpums). J\u0101atz\u012bm\u0113, ka, lai gan SM150T sensoram ir ieb\u016bv\u0113ts temperat\u016bras sensors, HH150 mitruma m\u0113r\u012bt\u0101js nem\u0113ra un ner\u0101da temperat\u016bru.<\/p>\n<h3>Viegli lietojams<\/h3>\n<p>HH150 rokas mitruma m\u0113r\u012bt\u0101js ir viegls un \u013coti \u0113rti lietojams, jo t\u0101 ir tikai nolas\u0101ma ier\u012bce (nav datu re\u0123istr\u0113\u0161anas vai datora sare\u017e\u0123\u012bjumu). Darb\u012bba ir vienk\u0101r\u0161a \u2014 vienk\u0101r\u0161i ievietojiet SM150T augsn\u0113 vai substr\u0101t\u0101 un nospiediet pogu \u201eNolas\u012bt\u201c, lai ieg\u016btu m\u0113r\u012bjumu.<\/p>\n<h3>D\u0101rzkop\u012bbas pielietojumi<\/h3>\n<p>SM150 komplektam ir substr\u0101tu kalibr\u0113\u0161anas iesp\u0113jas miner\u0101liem, k\u016bdras s\u016bn\u0101m, kokosriekstu, akmens vates un perl\u012bta materi\u0101liem (un tas nodro\u0161ina ar\u012b t\u012bru sprieguma izeju), nodro\u0161inot \u0101tru un stabilu risin\u0101jumu aug\u0161anas apst\u0101k\u013cu p\u0101rbaudei pla\u0161am aug\u0161anas substr\u0101tu veidu kl\u0101stam.<\/p>\n<p>SM150T ir viegli ievietot un uzst\u0101d\u012bt \u2013 t\u0101 as\u0101s tapas minim\u0101li trauc\u0113 augsni un saglab\u0101 s\u0101kotn\u0113jo augsnes strukt\u016bru ap m\u0113rstie\u0146iem.<\/p>\n<h3>Citi Delta-T augsnes mitruma m\u0113r\u012b\u0161anas komplekti<\/h3>\n<p>Ja nepiecie\u0161ama augst\u0101ka precizit\u0101te vai elektrovad\u012btsp\u0113jas (EC) m\u0113r\u012bjums, ir pieejami divi alternat\u012bvi mitruma m\u0113r\u012b\u0161anas komplekti no Delta-T Devices.<\/p>\n<p>*SM150 komplekts iepriek\u0161 bija pieejams ar SM150 sensoru, bet tagad tas ir pieejams ar SM150T sensoru.<\/p>\n<h3>Augsnes mitruma m\u0113r\u012bt\u0101ji \u2013 <a href=\"http:\/\/labostera.lt\/lv\/product-brand\/delta-t-devices-ltd\/\">Delta-T ier\u012b\u010du grupa<\/a><\/h3>\n<p>Vair\u0101k inform\u0101cijas: <strong><a href=\"https:\/\/delta-t.co.uk\/product\/sm150-kit\/\" target=\"_blank\" rel=\"noopener nofollow\">ra\u017eot\u0101ja t\u012bmek\u013ca vietn\u0113<\/a><\/strong> vai nos\u016btiet mums piepras\u012bjumu!<\/p>","protected":false},"excerpt":{"rendered":"<p>Delta-T SM150T augsnes mitruma m\u0113r\u012bt\u0101ja komplekts \u2013 piln\u012bgs un pieejams m\u0113r\u012b\u0161anas komplekts, precizit\u0101te \u00b1 3%, p\u0101rn\u0113s\u0101jams un viegli lietojams.<\/p>","protected":false},"featured_media":18079,"template":"","meta":[],"product_cat":[83,107,76],"product_tag":[618,621,619,620],"class_list":{"0":"post-18081","1":"product","2":"type-product","3":"status-publish","4":"has-post-thumbnail","6":"product_brand-delta-t-devices-ltd","7":"product_cat-aplinkotyra","8":"product_cat-dirvozemio-tyrimo-iranga","9":"product_cat-laboratorine-iranga","10":"product_tag-delta-t-devices-ltd","11":"product_tag-dirvozemio-matuoklis","12":"product_tag-dregmes-matuokliai","13":"product_tag-moisture-meters","15":"first","16":"onbackorder","17":"shipping-taxable","18":"purchasable","19":"product-type-simple"},"_links":{"self":[{"href":"https:\/\/labostera.lt\/lv\/wp-json\/wp\/v2\/product\/18081","targetHints":{"allow":["GET"]}}],"collection":[{"href":"https:\/\/labostera.lt\/lv\/wp-json\/wp\/v2\/product"}],"about":[{"href":"https:\/\/labostera.lt\/lv\/wp-json\/wp\/v2\/types\/product"}],"wp:featuredmedia":[{"embeddable":true,"href":"https:\/\/labostera.lt\/lv\/wp-json\/wp\/v2\/media\/18079"}],"wp:attachment":[{"href":"https:\/\/labostera.lt\/lv\/wp-json\/wp\/v2\/media?parent=18081"}],"wp:term":[{"taxonomy":"product_cat","embeddable":true,"href":"https:\/\/labostera.lt\/lv\/wp-json\/wp\/v2\/product_cat?post=18081"},{"taxonomy":"product_tag","embeddable":true,"href":"https:\/\/labostera.lt\/lv\/wp-json\/wp\/v2\/product_tag?post=18081"}],"curies":[{"name":"wp","href":"https:\/\/api.w.org\/{rel}","templated":true}]}}