{"id":18076,"date":"2024-06-12T13:32:14","date_gmt":"2024-06-12T10:32:14","guid":{"rendered":"http:\/\/labostera.lt\/?post_type=product&#038;p=18076"},"modified":"2024-06-13T16:35:19","modified_gmt":"2024-06-13T13:35:19","slug":"dirvozemio-dregmes-zondas-delta-t-sm150t-soil-moisture-sensor","status":"publish","type":"product","link":"https:\/\/labostera.lt\/lv\/priemones-ir-iranga\/laboratorine-iranga\/aplinkotyra\/dirvozemio-tyrimo-iranga\/dirvozemio-dregmes-zondas-delta-t-sm150t-soil-moisture-sensor\/","title":{"rendered":"Augsnes mitruma sensors Delta-T SM150T augsnes mitruma sensors"},"content":{"rendered":"<h2><strong>\u201eDelta-T Devices Ltd. SM150T augsnes mitruma zonde<\/strong><\/h2>\n<ul>\n<li>Augsnes mitruma precizit\u0101tes p\u0101rliec\u012bba \u00b13%<\/li>\n<li>Ieb\u016bv\u0113ta temperat\u016bras m\u0113r\u012b\u0161ana<\/li>\n<li>Iztur\u012bgs un der\u012bgs 5 gadus<\/li>\n<\/ul>\n<h3>Uzticams augsnes mitruma sensors<\/h3>\n<p>SM150T m\u0113ra augsnes mitrumu un temperat\u016bru ar p\u0113tniec\u012bbas l\u012bme\u0146a precizit\u0101ti. Tas pied\u0101v\u0101 stabilu, robustu un uzticamu veiktsp\u0113ju par pievilc\u012bgu cenu.<\/p>\n<h3>P\u0113tniec\u012bbas l\u012bme\u0146a augsnes mitruma sensors<\/h3>\n<p>SM150T uzlabot\u0101 patent\u0113t\u0101 elektronika un iztur\u012bg\u0101 konstrukcija rada \u013coti uzticamu augsnes mitruma sensoru ar izcilu s\u0101ls un temperat\u016bras stabilit\u0101ti. SM150T ir izstr\u0101d\u0101ts ilgsto\u0161ai uzst\u0101d\u012b\u0161anai pazem\u0113 \u2013 sensors, savienot\u0101ji un kabelis ir aizsarg\u0101ti pret vidi atbilsto\u0161i IP68 standartam. Tas pied\u0101v\u0101 mitruma precizit\u0101ti \u00b1 3% (p\u0113c augsnei specifiskas kalibr\u0113\u0161anas), un ieb\u016bv\u0113tais temperat\u016bras sensors sasniedz precizit\u0101ti \u00b1 0,5\u00b0C.<\/p>\n<h3>Datu ierakst\u012b\u0161ana un nolas\u012b\u0161ana<\/h3>\n<p>SM150T ir div\u0113j\u0101da lietojuma augsnes mitruma sensors \u2014 to var izmantot p\u0101rn\u0113s\u0101jamu, lai ieg\u016btu t\u016bl\u012bt\u0113jus mitruma r\u0101d\u012bjumus, vai atst\u0101t uzst\u0101d\u012btu zem\u0113, savienotu ar datu re\u0123istr\u0113t\u0101ju, nodro\u0161inot ilgtermi\u0146a mitruma un temperat\u016bras datus.<\/p>\n<h3>Uzst\u0101d\u012btajiem sensoriem:<\/h3>\n<p>SM150T datus var re\u0123istr\u0113t ar jebkuru Delta-T Devices datu re\u0123istr\u0113t\u0101ju un daudzu citu ra\u017eot\u0101ju re\u0123istr\u0113\u0161anas ier\u012bc\u0113m (vienk\u0101r\u0161a 0\u20131 V izeja mitrumam, 10K termistors temperat\u016brai). Lai m\u0113r\u012btu temperat\u016bru, sensoram j\u0101b\u016bt piln\u012bb\u0101 ieraktam zem\u0113 un pievienotam datu re\u0123istr\u0113t\u0101jam.<\/p>\n<h3>P\u0101rn\u0113s\u0101jamai lieto\u0161anai:<\/h3>\n<p>SM150T ir pieejams k\u0101 \u0113rts SM150 komplekts, kas ietver korpusu un HH150 nolas\u012b\u0161anas skait\u012bt\u0101ju. Uzziniet vair\u0101k par SM150 komplektu.<\/p>\n<p>J\u0101atz\u012bm\u0113, ka HH150 m\u0113r\u012bt\u0101js, kas tiek pieg\u0101d\u0101ts kop\u0101 ar SM150 komplektu, ir tikai las\u0101ma ier\u012bce. Ja datu glab\u0101\u0161anai un lejupiel\u0101dei ir nepiecie\u0161ams datora savienojums, SM150T j\u0101izmanto kop\u0101 ar HH2 mitruma m\u0113r\u012bt\u0101ju.<\/p>\n<p>Piez\u012bme: Izmantojot p\u0101rn\u0113s\u0101jam\u0101 re\u017e\u012bm\u0101, SM150T sensors nenodro\u0161ina temperat\u016bras r\u0101d\u012bjumu.<\/p>\n<h3>Uzst\u0101d\u012b\u0161ana<\/h3>\n<p>Augsnes mitruma sensoru SM150T ir viegli ievietot un uzst\u0101d\u012bt \u2014 t\u0101 asie tapas minim\u0101li trauc\u0113 augsni un saglab\u0101 s\u0101kotn\u0113jo augsnes strukt\u016bru ap m\u0113rstie\u0146iem. Dzi\u013ci ierakts, cilindrisk\u0101 forma atvieglo uzst\u0101d\u012b\u0161anu ataugu\u0161\u0101s bedr\u0113s. Sensora saspie\u017eamo pamatni var savienot ar papildu 50 cm un 100 cm pagarin\u0101t\u0101ja caurul\u0113m, kas atvieglo uzst\u0101d\u012b\u0161anu un no\u0146em\u0161anu.<\/p>\n<p>SM150T izmanto t\u0101du pa\u0161u augstas kvalit\u0101tes kabe\u013cu un pagarin\u0101t\u0101ja cauru\u013cu kl\u0101stu k\u0101 ML3 un EQ3 sensori.<\/p>\n<h3>Kalibr\u0113\u0161ana<\/h3>\n<p>SM150T ir piln\u012bb\u0101 apr\u012bkots ar visp\u0101r\u012bg\u0101m kalibr\u0113\u0161anas iesp\u0113j\u0101m miner\u0101l\u0101m un organisk\u0101m augsn\u0113m. Ja nepiecie\u0161ams, var veikt divpunktu augsnei specifisku kalibr\u0113\u0161anu, lai nodro\u0161in\u0101tu liel\u0101ku precizit\u0101ti.<\/p>\n<h3>Adapt\u0101cija<\/h3>\n<p><strong>Augsnes zin\u0101tne<\/strong> \u2013 SM150T ir viegli uzst\u0101d\u0101ms un nodro\u0161ina prec\u012bzus augsnes mitruma un temperat\u016bras m\u0113r\u012bjumus, atvieglojot abu parametru vertik\u0101lo profil\u0113\u0161anu. (Temperat\u016bras m\u0113r\u012b\u0161anai nepiecie\u0161ams sensora ierakums).<\/p>\n<p><strong>D\u0101rzkop\u012bba<\/strong> \u2013 SM150T garums ir tikai 143 mm (caurules 51 mm), un to var uzst\u0101d\u012bt audz\u0113\u0161anas maisos un pu\u0137u podos. P\u0101rn\u0113s\u0101jamai lieto\u0161anai SM150 komplekts nodro\u0161ina vienk\u0101r\u0161u un robustu risin\u0101jumu aug\u0161anas apst\u0101k\u013cu vienm\u0113r\u012bguma p\u0101rbaudei da\u017e\u0101dos aug\u0161anas substr\u0101tos. P\u0101rn\u0113s\u0101jamai lieto\u0161anai paredz\u0113t\u0101s kalibr\u0113\u0161anas ietver miner\u0101lmateri\u0101lus, k\u016bdras s\u016bnas, kokosriekstu, akmens vates un perl\u012bta materi\u0101lus (plus neto sprieguma izeju). SM150T pielietojums d\u0101rzkop\u012bb\u0101.<\/p>\n<p><strong>Lauksaimniec\u012bba<\/strong> \u2013 SM150T augsnes mitruma sensora precizit\u0101te un robustums padara to par dabisku izv\u0113li sist\u0113mu integratoriem. Pla\u0161\u0101ku inform\u0101ciju skatiet SM150T sist\u0113mu integratora datu lap\u0101.<\/p>\n<h3>Produkta v\u0113sture<\/h3>\n<p>SM150T aizst\u0101j gan SM300, gan SM150 sensorus, apvienojot to stipr\u0101s puses un pied\u0101v\u0101jot izcilu cenas un v\u0113rt\u012bbas attiec\u012bbu.<\/p>\n<h3>Augsnes mitruma sensori \u2013 <a href=\"http:\/\/labostera.lt\/lv\/product-brand\/delta-t-devices-ltd\/\">Delta-T ier\u012b\u010du grupa<\/a><\/h3>\n<p>Vair\u0101k inform\u0101cijas: <strong><a href=\"https:\/\/delta-t.co.uk\/product\/sm150t\/\" target=\"_blank\" rel=\"noopener nofollow\">ra\u017eot\u0101ja t\u012bmek\u013ca vietn\u0113<\/a><\/strong> vai nos\u016btiet mums piepras\u012bjumu!<\/p>","protected":false},"excerpt":{"rendered":"<p>Delta-T SM150T augsnes mitruma zonde \u2013 uzticami, prec\u012bzi augsnes mitruma un temperat\u016bras dati. Iztur\u012bga, der\u012bga 5 gadus.<\/p>","protected":false},"featured_media":18077,"template":"","meta":[],"product_cat":[83,107,76],"product_tag":[618,621,619,620],"class_list":{"0":"post-18076","1":"product","2":"type-product","3":"status-publish","4":"has-post-thumbnail","6":"product_brand-delta-t-devices-ltd","7":"product_cat-aplinkotyra","8":"product_cat-dirvozemio-tyrimo-iranga","9":"product_cat-laboratorine-iranga","10":"product_tag-delta-t-devices-ltd","11":"product_tag-dirvozemio-matuoklis","12":"product_tag-dregmes-matuokliai","13":"product_tag-moisture-meters","15":"first","16":"onbackorder","17":"shipping-taxable","18":"purchasable","19":"product-type-simple"},"_links":{"self":[{"href":"https:\/\/labostera.lt\/lv\/wp-json\/wp\/v2\/product\/18076","targetHints":{"allow":["GET"]}}],"collection":[{"href":"https:\/\/labostera.lt\/lv\/wp-json\/wp\/v2\/product"}],"about":[{"href":"https:\/\/labostera.lt\/lv\/wp-json\/wp\/v2\/types\/product"}],"wp:featuredmedia":[{"embeddable":true,"href":"https:\/\/labostera.lt\/lv\/wp-json\/wp\/v2\/media\/18077"}],"wp:attachment":[{"href":"https:\/\/labostera.lt\/lv\/wp-json\/wp\/v2\/media?parent=18076"}],"wp:term":[{"taxonomy":"product_cat","embeddable":true,"href":"https:\/\/labostera.lt\/lv\/wp-json\/wp\/v2\/product_cat?post=18076"},{"taxonomy":"product_tag","embeddable":true,"href":"https:\/\/labostera.lt\/lv\/wp-json\/wp\/v2\/product_tag?post=18076"}],"curies":[{"name":"wp","href":"https:\/\/api.w.org\/{rel}","templated":true}]}}