{"id":18073,"date":"2024-06-12T13:04:52","date_gmt":"2024-06-12T10:04:52","guid":{"rendered":"http:\/\/labostera.lt\/?post_type=product&#038;p=18073"},"modified":"2024-06-13T16:35:20","modified_gmt":"2024-06-13T13:35:20","slug":"dirvozemio-matuoklis-delta-t-wet-2-kit-soil-water-measurement-kit","status":"publish","type":"product","link":"https:\/\/labostera.lt\/lv\/priemones-ir-iranga\/laboratorine-iranga\/aplinkotyra\/dirvozemio-tyrimo-iranga\/dirvozemio-matuoklis-delta-t-wet-2-kit-soil-water-measurement-kit\/","title":{"rendered":"Augsnes \u016bdens m\u0113r\u012bt\u0101js Delta-T WET-2 komplekts Augsnes \u016bdens m\u0113r\u012b\u0161anas komplekts"},"content":{"rendered":"<h2><strong>Delta-T Devices Ltd. WET-2 augsnes testera komplekts<\/strong><\/h2>\n<ul>\n<li>M\u0113ra \u016bdens tilpumu, EC un temperat\u016bru<\/li>\n<li>Pilns komplekts ar nolas\u012b\u0161anas ier\u012bci un kasti<\/li>\n<\/ul>\n<h3>Augsnes testera komplekts<\/h3>\n<p>WET komplekts nodro\u0161ina p\u0113tniekiem jaud\u012bgu p\u0101rn\u0113s\u0101jamu r\u012bku aug\u0161anas apst\u0101k\u013cu nov\u0113rt\u0113\u0161anai augsn\u0113 un substr\u0101tos. WET komplekts m\u0113ra un att\u0113lo 3 svar\u012bgus main\u012bgos lielumus, kas ietekm\u0113 augu aug\u0161anu: mitruma saturu, temperat\u016bru un poru \u016bdens vad\u012btsp\u0113ju (ECp) \u2013 augam pieejam\u0101 \u016bdens EC.<\/p>\n<p>Komplekt\u0101 ietilpst WET sensors, HH2 mitruma m\u0113r\u012bt\u0101js (nolas\u012b\u0161anas ier\u012bce) un kaste.<\/p>\n<p>WET komplekts ir apr\u012bkots ar kalibr\u0113\u0161anas iesp\u0113j\u0101m parast\u0101m miner\u0101laugsn\u0113m, organiskaj\u0101m augsn\u0113m, smil\u0161ain\u0101m augsn\u0113m, m\u0101la augsn\u0113m, kokos\u0161\u0137iedras substr\u0101tiem, k\u016bdras podu mais\u012bjumiem, siltumn\u012bcu \u201cminer\u0101laugsn\u0113m\u201d un akmens vates izstr\u0101d\u0101jumiem (vertik\u0101liem un horizont\u0101liem m\u0113r\u012bjumiem).<\/p>\n<h3>Augsnes m\u0113r\u012bt\u0101ji \u2013 <a href=\"http:\/\/labostera.lt\/lv\/product-brand\/delta-t-devices-ltd\/\">Delta-T ier\u012b\u010du grupa<\/a><\/h3>\n<p>Vair\u0101k inform\u0101cijas: <strong><a href=\"https:\/\/delta-t.co.uk\/product\/wet-2-kit\/\" target=\"_blank\" rel=\"noopener nofollow\">ra\u017eot\u0101ja t\u012bmek\u013ca vietn\u0113<\/a><\/strong> vai nos\u016btiet mums piepras\u012bjumu!<\/p>","protected":false},"excerpt":{"rendered":"<p>Delta-T WET-2 komplekts augsnes m\u0113r\u012bt\u0101jam \u2013 m\u0113riet mitrumu, EC un temperat\u016bru ar komplektu, kas ietver WET sensoru, HH2 mitruma m\u0113r\u012bt\u0101ju un korpusu. Sp\u0113c\u012bgs instruments aug\u0161anas apst\u0101k\u013cu nov\u0113rt\u0113\u0161anai.<\/p>","protected":false},"featured_media":18075,"template":"","meta":[],"product_cat":[83,107,76],"product_tag":[297,618,619,292,620,305,302,296],"class_list":{"0":"post-18073","1":"product","2":"type-product","3":"status-publish","4":"has-post-thumbnail","6":"product_brand-delta-t-devices-ltd","7":"product_cat-aplinkotyra","8":"product_cat-dirvozemio-tyrimo-iranga","9":"product_cat-laboratorine-iranga","10":"product_tag-conductuvity-meters","11":"product_tag-delta-t-devices-ltd","12":"product_tag-dregmes-matuokliai","13":"product_tag-laidumo-matuokliai","14":"product_tag-moisture-meters","15":"product_tag-nesiojami-dirvozemio-kokybes-tyrimo-irenginiai","16":"product_tag-temperature-meters","17":"product_tag-temperaturos-matuokliai","19":"first","20":"onbackorder","21":"shipping-taxable","22":"purchasable","23":"product-type-simple"},"_links":{"self":[{"href":"https:\/\/labostera.lt\/lv\/wp-json\/wp\/v2\/product\/18073","targetHints":{"allow":["GET"]}}],"collection":[{"href":"https:\/\/labostera.lt\/lv\/wp-json\/wp\/v2\/product"}],"about":[{"href":"https:\/\/labostera.lt\/lv\/wp-json\/wp\/v2\/types\/product"}],"wp:featuredmedia":[{"embeddable":true,"href":"https:\/\/labostera.lt\/lv\/wp-json\/wp\/v2\/media\/18075"}],"wp:attachment":[{"href":"https:\/\/labostera.lt\/lv\/wp-json\/wp\/v2\/media?parent=18073"}],"wp:term":[{"taxonomy":"product_cat","embeddable":true,"href":"https:\/\/labostera.lt\/lv\/wp-json\/wp\/v2\/product_cat?post=18073"},{"taxonomy":"product_tag","embeddable":true,"href":"https:\/\/labostera.lt\/lv\/wp-json\/wp\/v2\/product_tag?post=18073"}],"curies":[{"name":"wp","href":"https:\/\/api.w.org\/{rel}","templated":true}]}}