{"id":18067,"date":"2024-06-12T10:30:47","date_gmt":"2024-06-12T07:30:47","guid":{"rendered":"http:\/\/labostera.lt\/?post_type=product&#038;p=18067"},"modified":"2024-06-13T16:35:23","modified_gmt":"2024-06-13T13:35:23","slug":"daugiaparametrinis-dirvozemio-matuoklis-delta-t-wet150-kit-multiparameter-soil-measurement-kit","status":"publish","type":"product","link":"https:\/\/labostera.lt\/lv\/priemones-ir-iranga\/laboratorine-iranga\/aplinkotyra\/dirvozemio-tyrimo-iranga\/daugiaparametrinis-dirvozemio-matuoklis-delta-t-wet150-kit-multiparameter-soil-measurement-kit\/","title":{"rendered":"Daudzparametru augsnes m\u0113r\u012b\u0161anas komplekts Delta-T WET150 komplekts"},"content":{"rendered":"<h2><strong>\u201eDelta-T Devices Ltd. WET150 daudzparametru augsnes testeris<\/strong><\/h2>\n<ul>\n<li>L\u0113t\u0101ks p\u0113tniec\u012bbas l\u012bme\u0146a augsnes m\u0113r\u012b\u0161anas komplekts p\u0101rn\u0113s\u0101jamai lieto\u0161anai<\/li>\n<li>T\u016bl\u012bt\u0113ji mitruma, EC un temperat\u016bras m\u0113r\u012bjumi<\/li>\n<li>Komplekt\u0101 ar m\u0113rinstrumentu un kasti<\/li>\n<\/ul>\n<h3>Augsnes m\u0113r\u012bt\u0101ji<\/h3>\n<p><a href=\"http:\/\/labostera.lt\/lv\/product-brand\/delta-t-devices-ltd\/\">Delta-T ier\u012b\u010du grupa<\/a><\/p>\n<p>WE150 komplekts ir p\u0101rn\u0113s\u0101jams un iztur\u012bgs risin\u0101jums p\u0113tniekiem, kuriem j\u0101nov\u0113rt\u0113 mitruma un s\u0101\u013cuma apst\u0101k\u013ci augsn\u0113 un substr\u0101tos.<\/p>\n<p>\u0160is komplekts \u013cauj \u0101tri izm\u0113r\u012bt tr\u012bs svar\u012bgus main\u012bgos lielumus, kas ietekm\u0113 augu aug\u0161anu: mitruma saturu, temperat\u016bru* un elektrovad\u012btsp\u0113ju (EC) \u2013 sp\u0113c\u012bgu kop\u0113jo bar\u012bbas vielu l\u012bme\u0146a r\u0101d\u012bt\u0101ju.<\/p>\n<p>*M\u0113s iesak\u0101m WE150 k\u0101 p\u0101rn\u0113s\u0101jamu rokas sensoru izmantot tikai labi regul\u0113t\u0101s vid\u0113s, kur gaisa temperat\u016bra b\u016btiski neat\u0161\u0137iras no augsnes\/substr\u0101ta temperat\u016bras.<\/p>\n<h3>Komplekta saturs<\/h3>\n<p>Komplekt\u0101 ietilpst WET150 sensors, WET150 rokas m\u0113r\u012bt\u0101js un korpuss. Komplekt\u0101 iek\u013cautie kabe\u013ci un savienot\u0101ji, pareizi savienoti un saspiesti, ir piln\u012bgi \u016bdensnecaurlaid\u012bgi. Rokas WET150 m\u0113r\u012bt\u0101js par\u0101da tilpuma \u016bdens saturu procentos un EC miliseimensos\/metr\u0101.<\/p>\n<p>WET150 m\u0113rier\u012bce ir viegla un \u0113rti lietojama, tikai nolas\u0101ma ier\u012bce (bez datu re\u0123istr\u0113\u0161anas vai cit\u0101m sare\u017e\u0123\u012bjumiem). Komplekta darb\u012bba ir vienk\u0101r\u0161a \u2014 lietot\u0101js ievieto WET150 augsn\u0113 vai substr\u0101t\u0101 un nospie\u017e m\u0113rier\u012bces pogu \u201eNolas\u012bt\u201c, lai veiktu un par\u0101d\u012btu m\u0113r\u012bjumu.<\/p>\n<p>WET150 sensoram ir kalibr\u0113\u0161anas iesp\u0113jas miner\u0101l\u0101m un organisk\u0101m augsn\u0113m, k\u0101 ar\u012b kokosriekstu, k\u016bdras un miner\u0101lvates substr\u0101tiem.<\/p>\n<h3>P\u0113tniec\u012bbas pieteikumi<\/h3>\n<p>WE150 komplektu var izmantot, lai prec\u012bzi un dro\u0161i m\u0113r\u012btu augsnes\/mitruma saturu. Tom\u0113r elektrovad\u012btsp\u0113jas (ECp) m\u0113r\u012b\u0161ana padara to \u012bpa\u0161i piem\u0113rotu d\u0101rzkop\u012bbas p\u0113tniec\u012bbas lietojumiem, piem\u0113ram, m\u0113slo\u0161anai, prec\u012bzai ap\u016bde\u0146o\u0161anai un augsnes mitruma uzraudz\u012bbai.<\/p>\n<h3>Daudzparametru augsnes sensori \u2013 <a href=\"http:\/\/labostera.lt\/lv\/product-brand\/delta-t-devices-ltd\/\">Delta-T ier\u012b\u010du grupa<\/a><\/h3>\n<p>Vair\u0101k inform\u0101cijas: <strong><a href=\"https:\/\/delta-t.co.uk\/product\/wet150-kit\/\" target=\"_blank\" rel=\"noopener nofollow\">ra\u017eot\u0101ja t\u012bmek\u013ca vietn\u0113<\/a><\/strong> vai nos\u016btiet mums piepras\u012bjumu!<\/p>","protected":false},"excerpt":{"rendered":"<p>Delta-T WE150 komplekts daudzparametru augsnes m\u0113r\u012bt\u0101jam \u2013 kompakts un iztur\u012bgs p\u0113tniec\u012bbas l\u012bme\u0146a sensoru komplekts, kas nodro\u0161ina t\u016bl\u012bt\u0113jus augsnes mitruma, EK un temperat\u016bras m\u0113r\u012bjumus. Delta-T instrumentu saime.<\/p>","protected":false},"featured_media":18068,"template":"","meta":[],"product_cat":[83,107,76],"product_tag":[297,618,621,619,292,620,302,296],"class_list":{"0":"post-18067","1":"product","2":"type-product","3":"status-publish","4":"has-post-thumbnail","6":"product_brand-delta-t-devices-ltd","7":"product_cat-aplinkotyra","8":"product_cat-dirvozemio-tyrimo-iranga","9":"product_cat-laboratorine-iranga","10":"product_tag-conductuvity-meters","11":"product_tag-delta-t-devices-ltd","12":"product_tag-dirvozemio-matuoklis","13":"product_tag-dregmes-matuokliai","14":"product_tag-laidumo-matuokliai","15":"product_tag-moisture-meters","16":"product_tag-temperature-meters","17":"product_tag-temperaturos-matuokliai","19":"first","20":"onbackorder","21":"shipping-taxable","22":"purchasable","23":"product-type-simple"},"_links":{"self":[{"href":"https:\/\/labostera.lt\/lv\/wp-json\/wp\/v2\/product\/18067","targetHints":{"allow":["GET"]}}],"collection":[{"href":"https:\/\/labostera.lt\/lv\/wp-json\/wp\/v2\/product"}],"about":[{"href":"https:\/\/labostera.lt\/lv\/wp-json\/wp\/v2\/types\/product"}],"wp:featuredmedia":[{"embeddable":true,"href":"https:\/\/labostera.lt\/lv\/wp-json\/wp\/v2\/media\/18068"}],"wp:attachment":[{"href":"https:\/\/labostera.lt\/lv\/wp-json\/wp\/v2\/media?parent=18067"}],"wp:term":[{"taxonomy":"product_cat","embeddable":true,"href":"https:\/\/labostera.lt\/lv\/wp-json\/wp\/v2\/product_cat?post=18067"},{"taxonomy":"product_tag","embeddable":true,"href":"https:\/\/labostera.lt\/lv\/wp-json\/wp\/v2\/product_tag?post=18067"}],"curies":[{"name":"wp","href":"https:\/\/api.w.org\/{rel}","templated":true}]}}