{"id":18064,"date":"2024-06-12T09:53:36","date_gmt":"2024-06-12T06:53:36","guid":{"rendered":"http:\/\/labostera.lt\/?post_type=product&#038;p=18064"},"modified":"2024-06-13T16:35:25","modified_gmt":"2024-06-13T13:35:25","slug":"daugiaparametrinis-dirvozemio-zondas-delta-t-wet150-multiparameter-soil-sensor","status":"publish","type":"product","link":"https:\/\/labostera.lt\/lv\/priemones-ir-iranga\/laboratorine-iranga\/aplinkotyra\/dirvozemio-tyrimo-iranga\/daugiaparametrinis-dirvozemio-zondas-delta-t-wet150-multiparameter-soil-sensor\/","title":{"rendered":"Daudzparametru augsnes sensors Delta-T WET150 Daudzparametru augsnes sensors"},"content":{"rendered":"<h2><strong>Delta-T Devices Ltd. WET150 daudzparametru augsnes zonde<\/strong><\/h2>\n<ul>\n<li>M\u016bsu jaun\u0101kais p\u0113tniec\u012bbas l\u012bme\u0146a augsnes sensors<\/li>\n<li>M\u0113ra mitrumu, temperat\u016bru un EC<\/li>\n<li>Digit\u0101lais SDI-12 vienk\u0101r\u0161ai sist\u0113mas integr\u0101cijai<\/li>\n<li>Sp\u0113c\u012bgs, iesp\u0113jams polster\u0113jums un zems ener\u0123ijas pat\u0113ri\u0146\u0161<\/li>\n<li>Prec\u012bza aug\u0161anas apst\u0101k\u013cu uzraudz\u012bba<\/li>\n<li>No\u0146emama un ievelkama kabe\u013cu sist\u0113ma<\/li>\n<li>5 gadu garantija<\/li>\n<\/ul>\n<p>WET150 digit\u0101lais daudzparametru augsnes sensors ir Delta-T Devices 40 gadu ilgas p\u0113tniec\u012bbas un izstr\u0101des rezult\u0101ts. Pateicoties vair\u0101kiem b\u016btiskiem dizaina jaunin\u0101jumiem, tas nodro\u0161ina p\u0113tniec\u012bbas l\u012bme\u0146a precizit\u0101ti un konstrukcijas kvalit\u0101ti par cenu, kas iepriek\u0161 tika uzskat\u012bta par neiesp\u0113jamu. Tas ir ide\u0101ls instruments augsnes apst\u0101k\u013cu izp\u0113tei un to integr\u0113\u0161anai SDI-12 vides un d\u0101rzkop\u012bbas m\u0113r\u012bjumu\/p\u0101rvald\u012bbas sist\u0113m\u0101s.<\/p>\n<h3>Digit\u0101lais SDI-12 sensors m\u0113ra tr\u012bs b\u016btiskus main\u012bgos<\/h3>\n<p>Kad sensors iek\u013c\u016bst augsn\u0113 vai substr\u0101t\u0101, WET150 sensors vienlaikus m\u0113ra tr\u012bs b\u016btiskus main\u012bgos, kas ietekm\u0113 augu aug\u0161anu: mitruma saturu, temperat\u016bru un elektrovad\u012btsp\u0113ju (EC) \u2013 sp\u0113c\u012bgu bar\u012bbas vielu l\u012bme\u0146a indikatoru.<\/p>\n<p>Viena no WET150 stipraj\u0101m pus\u0113m ir t\u0101 sp\u0113ja dro\u0161i apr\u0113\u0137in\u0101t poru \u016bdens vad\u012btsp\u0113ju (ECp), kas ir augam pieejamais \u016bdens jonu daudzums.<\/p>\n<p>WET150 patent\u0113t\u0101 sensoru elektronika nodro\u0161ina p\u0113tniec\u012bbas l\u012bme\u0146a l\u012bme\u0146a m\u0113r\u012bjumu precizit\u0101ti ar izcilu s\u0101ls un temperat\u016bras stabilit\u0101ti, kas ir b\u016btiski svar\u012bgi kritiski svar\u012bgiem vad\u012bbas un ap\u016bde\u0146o\u0161anas l\u0113mumiem. Kad sensors iek\u013c\u016bst, temperat\u016bras m\u0113r\u012bjums (nepiecie\u0161ams EC m\u0113r\u012bjuma kompens\u0113\u0161anai \u2014 optim\u0101las precizit\u0101tes ieg\u016b\u0161anai) tiek ieg\u016bts tie\u0161i no sak\u0146u zonas.<\/p>\n<h3>Prec\u012bza augsnes un substr\u0101ta st\u0101vok\u013ca uzraudz\u012bba<\/h3>\n<p>Uzst\u0101dot WET150 kop\u0101 ar aug\u0161anas r\u012bkiem, tas var sniegt prec\u012bzus datus, kas nepiecie\u0161ami efekt\u012bv\u0101m SDI-12 iesp\u0113jot\u0101m automatiz\u0113t\u0101m prec\u012bz\u0101s ap\u016bde\u0146o\u0161anas un vides p\u0101rvald\u012bbas sist\u0113m\u0101m, t\u0101d\u0113j\u0101di samazinot \u016bdens\/m\u0113slojuma pat\u0113ri\u0146u un uzlabojot ra\u017eu un produkta kvalit\u0101ti.<\/p>\n<p>WET150 iztur\u012bgais bl\u012bv\u0113juma dizains padara to ide\u0101li piem\u0113rotu ar\u012b lauka p\u0113t\u012bjumiem un lauksaimniec\u012bbai \u2014 sensorus var atst\u0101t polster\u0113tus ilgsto\u0161i, nezaud\u0113jot veiktsp\u0113ju. WET150 sensorus var st\u0101d\u012bt ar\u012b da\u017e\u0101dos dzi\u013cumos, kas \u013cauj uzraudz\u012bt augsnes mitrumu, temperat\u016bru un EC profilus.<\/p>\n<h3>Digit\u0101l\u0101 SDI-12 saskarne<\/h3>\n<p>WET150 ir digit\u0101ls SDI-12 sensors (piln\u012bb\u0101 atbilst SDI-12 1.3 versijas standartiem). SDI-12 ir standartiz\u0113ta saskarne digit\u0101lo sensoru savieno\u0161anai ar resursdatora ier\u012bci \u2014 parasti ar SDI-12 sader\u012bgu datu re\u0123istr\u0113t\u0101ju, bezvadu mezglu, kontrolieri vai datoru. SDI-12 defin\u0113 gan digit\u0101l\u0101s komunik\u0101cijas, gan sensoru jaudas standartus.<\/p>\n<p>Viena no SDI-12 stipraj\u0101m pus\u0113m ir t\u0101, ka t\u0101 atbalsta vair\u0101ku t\u012bkla sensoru pievieno\u0161anu vienai ieejas SDI-12 iesp\u0113jotai resursdatora ier\u012bcei, t\u0101d\u0113j\u0101di samazinot izmaksas un sare\u017e\u0123\u012bt\u012bbu.<\/p>\n<p>WET150 (t\u0101pat k\u0101 visi SDI-12 sensori) ir mazjaud\u012bgs un tam ir integr\u0113ts mikroprocesors, kas \u013cauj tam divvirzienu veid\u0101 sazin\u0101ties ar SDI-12 galveno ier\u012bci.<\/p>\n<p>WET150 izvad\u012bs metrikas standarta SDI-12 form\u0101t\u0101, ko var nos\u016bt\u012bt un atpaz\u012bt resursdatora ier\u012bce. Mikroprocesora iek\u013cau\u0161ana dod WET150 ar\u012b iesp\u0113ju darbin\u0101t sare\u017e\u0123\u012btus iek\u0161\u0113j\u0101s korekcijas, kompens\u0101cijas un vid\u0113jo\u0161anas algoritmus, kas uzlabo datu kvalit\u0101ti.<\/p>\n<p>SDI-12 protokols ir balst\u012bts uz galven\u0101-pak\u0101rtot\u0101 tipa konfigur\u0101ciju. Kad ir instal\u0113ts SDI-12 t\u012bkls, datu piepras\u012bjumi tiek s\u016bt\u012bti no galven\u0101s ier\u012bces uz pak\u0101rtotajiem WET150 sensoriem. \u0160ie piepras\u012bjumi \u012bslaic\u012bgi aktiviz\u0113 visus t\u012bkl\u0101 eso\u0161os WET150, un rezult\u0101ts ir m\u0113r\u012bjums un datu p\u0101rraides atbilde no izv\u0113l\u0113t\u0101 WET150. Nerea\u0123\u0113jot uz galven\u0101s ier\u012bces piepras\u012bjumu, visi WET150 paliek ener\u0123ijas taup\u012b\u0161anas re\u017e\u012bm\u0101.<\/p>\n<h3>SDI-12 priek\u0161roc\u012bbas<\/h3>\n<ul>\n<li>Izmantojiet vair\u0101kus sensorus ar vienu galveno ier\u012bci, samazinot sare\u017e\u0123\u012bt\u012bbu un izmaksas<\/li>\n<li>Mazjaudas sist\u0113mas, darbin\u0101mas ar baterij\u0101m un barotas caur saskarnes kopni<\/li>\n<li>Daudzus parametrus var p\u0101rraid\u012bt, izmantojot vienk\u0101r\u0161otu vadu savienojumu<\/li>\n<li>Nav precizit\u0101tes zuduma, izmantojot garus kabe\u013cus<\/li>\n<li>Ide\u0101li piem\u0113rots bezvadu lietojumprogramm\u0101m<\/li>\n<\/ul>\n<h3>Kabe\u013ci un savienot\u0101ji<\/h3>\n<p>WET150 ir apr\u012bkots ar augstas kvalit\u0101tes ner\u016bs\u0113jo\u0161\u0101 t\u0113rauda IP68 klases savienot\u0101ju (M12 x 5 kontaktu), kas savieno standarta Delta-T M12 x 5 kontaktu kabe\u013cus un piederumus.<\/p>\n<h3>GP2 SDI-12 datu re\u0123istr\u0113t\u0101js \u2014 ide\u0101ls partneris WET150<\/h3>\n<p>WET150 ir piln\u012bb\u0101 sader\u012bgs ar SDI-12 iesp\u0113jotu GP2 datu re\u0123istr\u0113t\u0101ju un kontrolieri, pied\u0101v\u0101jot vienk\u0101r\u0161u konfigur\u0113\u0161anu, izmantojot nor\u0101d\u012b\u0161anas un klik\u0161\u0137in\u0101\u0161anas funkciju.<\/p>\n<p>Vienam GP2 SDI-12 datu re\u0123istr\u0113t\u0101jam var pievienot l\u012bdz 62 WET150 sensoriem (atkar\u012bb\u0101 no kabe\u013ca garuma un baro\u0161anas pras\u012bb\u0101m).<\/p>\n<p>Papildus SDI-12 ieejai GP2 var ierakst\u012bt 12 analogos kan\u0101lus. Ar SDI-12 sader\u012bgais GP2 datu re\u0123istr\u0113t\u0101js un DeltaLINK \u013cauj \u0101tri un vienk\u0101r\u0161i izveidot sensoru t\u012bklus \u2014 bez bie\u017ei vien sare\u017e\u0123\u012btaj\u0101m programm\u0113\u0161anas metod\u0113m, ko izmanto citi ra\u017eot\u0101ji.<\/p>\n<p>SDI-12 saskarnes un GP2 ierakst\u012bt\u0101ja elast\u012bba, veidojot sensoru t\u012bklu, \u013cauj izmantot da\u017e\u0101das baro\u0161anas un kabe\u013cu konfigur\u0101cijas. Pla\u0161\u0101ku inform\u0101ciju skatiet WET150 lietot\u0101ja rokasgr\u0101mat\u0101. Varat ar\u012b sazin\u0101ties ar mums pa e-pastu. Lai detaliz\u0113ti apspriestu savu programmu, rakstiet uz e-pastu sales@delta-t.co.uk.<\/p>\n<h3>No\u0146em\u0161ana<\/h3>\n<p>WET150 as\u0101s un sp\u0113c\u012bg\u0101s adatas minim\u0101li izjauc augsnes un substr\u0101ta strukt\u016bru, saglab\u0101jot s\u0101kotn\u0113jo strukt\u016bru ap m\u0113r\u012b\u0161anas k\u0101tu un padarot sensoru viegli ievietojamu un uzst\u0101d\u0101mu. Dzi\u013ci cilindrisk\u0101 oderes forma atvieglo uzst\u0101d\u012b\u0161anu urbtos caurumos. Papildus pieejamas pagarin\u0101juma caurules vienk\u0101r\u0161ai uzst\u0101d\u012b\u0161anai un no\u0146em\u0161anai (50 cm un 100 cm garas, savienojamas).<\/p>\n<h3>Adapt\u0101cija<\/h3>\n<ul>\n<li>Augsnes zin\u0101tne \u2014 WET150 viegli integr\u0113jas SDI-12 sist\u0113m\u0101s, nodro\u0161inot p\u0113tniec\u012bbas l\u012bme\u0146a precizit\u0101ti un uzticam\u012bbu, lai p\u0113tnieki var\u0113tu uzraudz\u012bt augsnes vai substr\u0101ta st\u0101vokli.<\/li>\n<li>D\u0101rzkop\u012bba un lauksaimniec\u012bba \u2014 WET150 sensors ir pieejams ar visaptvero\u0161u kalibr\u0113\u0161anas komplektu un nodro\u0161ina vienk\u0101r\u0161u, efekt\u012bvu un iztur\u012bgu risin\u0101jumu apst\u0101k\u013cu vienm\u0113r\u012bguma p\u0101rbaudei pla\u0161\u0101 aug\u0161anas substr\u0101tu kl\u0101st\u0101.<\/li>\n<li>Prec\u012bza ap\u016bde\u0146o\u0161ana \u2014 WET150 sensors ir ide\u0101li piem\u0113rots prec\u012bzai ap\u016bde\u0146o\u0161anai. T\u0101 kompaktais dizains \u013cauj to viegli uzst\u0101d\u012bt audz\u0113\u0161anas maisos.<\/li>\n<\/ul>\n<p>WET150 ir daudzparametru augsnes mitruma sensors. To var uzst\u0101d\u012bt augsn\u0113 vai substr\u0101t\u0101 un savienot ar SDI-12 saimniekier\u012bci (piem\u0113ram, datu re\u0123istr\u0113t\u0101ju), lai nodro\u0161in\u0101tu ilgtermi\u0146a mitruma, temperat\u016bras un EC datu uzraudz\u012bbu. Alternat\u012bvi, to var izmantot k\u0101 komplektu k\u0101 p\u0101rn\u0113s\u0101jamu sensoru, kas savienots ar WET150 indikatora m\u0113r\u012bt\u0101ju, lai veiktu t\u016bl\u012bt\u0113jus mitruma satura un EC m\u0113r\u012bjumus (WET150 sensors p\u0101rn\u0113s\u0101jam\u0101 re\u017e\u012bm\u0101 nenodro\u0161ina temperat\u016bras r\u0101d\u012bjumus).<\/p>\n<p>Kalibr\u0113\u0161ana \u2014 WET150 sensoram ir kalibr\u0113\u0161ana miner\u0101laugsn\u0113m un organiskaj\u0101m augsn\u0113m, k\u0101 ar\u012b kokosriekstu, k\u016bdras un miner\u0101lvates substr\u0101tiem.<\/p>\n<p>Sadarb\u012bba ar Nacion\u0101l\u0101s fizik\u0101l\u0101s laboratorijas (NPL) zin\u0101tniekiem WET150 sensora izstr\u0101d\u0113<br \/>\nApvienot\u0101s Karalistes presti\u017e\u0101s Nacion\u0101l\u0101s fizik\u0101l\u0101s laboratorijas (NPL) izstr\u0101d\u0101t\u0101 m\u0113r\u012b\u0161anas tehnolo\u0123ija bija svar\u012bgs solis WET150 sensora izstr\u0101d\u0113.<\/p>\n<h3>Daudzparametru augsnes sensori \u2013 <a href=\"http:\/\/labostera.lt\/lv\/product-brand\/delta-t-devices-ltd\/\">Delta-T ier\u012b\u010du grupa<\/a><\/h3>\n<p>Vair\u0101k inform\u0101cijas: <strong><a href=\"https:\/\/delta-t.co.uk\/product\/wet150\/\" target=\"_blank\" rel=\"noopener nofollow\">ra\u017eot\u0101ja t\u012bmek\u013ca vietn\u0113<\/a><\/strong> vai nos\u016btiet mums piepras\u012bjumu!<\/p>","protected":false},"excerpt":{"rendered":"<p>Delta-T WE150 \u2013 Daudzparametru augsnes zonde, kas m\u0113ra mitrumu, temperat\u016bru un elektrovad\u012btsp\u0113ju. Prec\u012bza aug\u0161anas apst\u0101k\u013cu uzraudz\u012bba. Detaliz\u0113ta tehnisk\u0101 inform\u0101cija.<\/p>","protected":false},"featured_media":18065,"template":"","meta":[],"product_cat":[83,107,76],"product_tag":[297,618,619,292,620,305,302,296],"class_list":{"0":"post-18064","1":"product","2":"type-product","3":"status-publish","4":"has-post-thumbnail","6":"product_brand-delta-t-devices-ltd","7":"product_cat-aplinkotyra","8":"product_cat-dirvozemio-tyrimo-iranga","9":"product_cat-laboratorine-iranga","10":"product_tag-conductuvity-meters","11":"product_tag-delta-t-devices-ltd","12":"product_tag-dregmes-matuokliai","13":"product_tag-laidumo-matuokliai","14":"product_tag-moisture-meters","15":"product_tag-nesiojami-dirvozemio-kokybes-tyrimo-irenginiai","16":"product_tag-temperature-meters","17":"product_tag-temperaturos-matuokliai","19":"first","20":"onbackorder","21":"shipping-taxable","22":"purchasable","23":"product-type-simple"},"_links":{"self":[{"href":"https:\/\/labostera.lt\/lv\/wp-json\/wp\/v2\/product\/18064","targetHints":{"allow":["GET"]}}],"collection":[{"href":"https:\/\/labostera.lt\/lv\/wp-json\/wp\/v2\/product"}],"about":[{"href":"https:\/\/labostera.lt\/lv\/wp-json\/wp\/v2\/types\/product"}],"wp:featuredmedia":[{"embeddable":true,"href":"https:\/\/labostera.lt\/lv\/wp-json\/wp\/v2\/media\/18065"}],"wp:attachment":[{"href":"https:\/\/labostera.lt\/lv\/wp-json\/wp\/v2\/media?parent=18064"}],"wp:term":[{"taxonomy":"product_cat","embeddable":true,"href":"https:\/\/labostera.lt\/lv\/wp-json\/wp\/v2\/product_cat?post=18064"},{"taxonomy":"product_tag","embeddable":true,"href":"https:\/\/labostera.lt\/lv\/wp-json\/wp\/v2\/product_tag?post=18064"}],"curies":[{"name":"wp","href":"https:\/\/api.w.org\/{rel}","templated":true}]}}