{"id":18059,"date":"2024-06-12T11:01:42","date_gmt":"2024-06-12T08:01:42","guid":{"rendered":"http:\/\/labostera.lt\/?post_type=product&#038;p=18059"},"modified":"2024-06-13T16:35:22","modified_gmt":"2024-06-13T13:35:22","slug":"dregmes-matuoklis-delta-t-hh2-moisture-meter","status":"publish","type":"product","link":"https:\/\/labostera.lt\/lv\/priemones-ir-iranga\/laboratorine-iranga\/aplinkotyra\/dirvozemio-tyrimo-iranga\/dregmes-matuoklis-delta-t-hh2-moisture-meter\/","title":{"rendered":"Mitruma m\u0113r\u012bt\u0101js Delta-T HH2 mitruma m\u0113r\u012bt\u0101js"},"content":{"rendered":"<h2><strong>Delta-T Devices Ltd. HH2 mitruma m\u0113r\u012bt\u0101js<\/strong><\/h2>\n<ul>\n<li>Uzreiz nolasa \u016bdens l\u012bmeni<\/li>\n<li>Nolasa ML3, SM150T, PR2 (analogos un SDI-12) vai WET sensorus<\/li>\n<li>Saglab\u0101 l\u012bdz 1500 ierakstiem ar laika z\u012bmogu<\/li>\n<\/ul>\n<p>HH2 mitruma m\u0113r\u012bt\u0101js ir univers\u0101la dedukcijas ier\u012bce, kas paredz\u0113ta lieto\u0161anai ar Delta-T augsnes mitruma sensoriem. To var izmantot ar PR2 profila zondi (t\u0101 pati analog\u0101 un SDI-12* versija), ML3 Theta zondi, SM150T un WET sensoriem.<\/p>\n<p>HH2 dedukcijas ier\u012bce pied\u0101v\u0101 iespaid\u012bgu funkcionalit\u0101ti kompakt\u0101, rokas ier\u012bc\u0113, kas paredz\u0113ta lieto\u0161anai \u0101rpus telp\u0101m. R\u0101d\u012bjumi tiek par\u0101d\u012bti LCD ekr\u0101n\u0101 un tos var saglab\u0101t atmi\u0146\u0101, lai v\u0113l\u0101k lejupiel\u0101d\u0113tu dator\u0101.<\/p>\n<p>Ier\u012bci var \u0113rti lietot ar vienu roku \u0101rpus telp\u0101m. Katr\u0101 laika z\u012bmoga skat\u0101 ir iek\u013cauts unik\u0101ls parauga numurs, diagrammas identifik\u0101cijas numurs (no A l\u012bdz Z) un sensora atra\u0161an\u0101s vietas numurs (no 1 l\u012bdz 255).<\/p>\n<p>HH2Read Windows datora programmat\u016bra nodro\u0161ina datu import\u0113\u0161anas vedni tie\u0161ai lejupiel\u0101dei programm\u0101 Excel vai cit\u0101s datora izkl\u0101jlapu programm\u0101s vai ap\u016bde\u0146o\u0161anas pl\u0101no\u0161anas programm\u0101s. Varat ar\u012b lejupiel\u0101d\u0113t datus komatiem atdal\u012btu v\u0113rt\u012bbu (CSV) (komatiem atdal\u012bta ASCII) form\u0101t\u0101.<\/p>\n<p>Dati tiek p\u0101rs\u016bt\u012bti uz datoru, izmantojot RS-232 kabeli, kas ir iek\u013cauts katras ier\u012bces komplekt\u0101cij\u0101. L\u016bdzu, \u0146emiet v\u0113r\u0101, ka daudziem m\u016bsdienu datoriem nav RS232 porta; USB savienojumam ir nepiecie\u0161ams USB\u2013RS232 adaptera kabelis (skatiet sada\u013cu \u201cPiederumi\u201d).<\/p>\n<p>*L\u016bdzu, \u0146emiet v\u0113r\u0101, ka HH2 no PR2 SDI-12 sensora nolasa tikai SDI-12 digit\u0101los datus \u2014 tas nav univers\u0101ls SDI-12 m\u0113r\u012bt\u0101js.<\/p>\n<h3>Mitruma m\u0113r\u012bt\u0101ji \u2013 <a href=\"http:\/\/labostera.lt\/lv\/product-brand\/delta-t-devices-ltd\/\">Delta-T ier\u012b\u010du grupa<\/a><\/h3>\n<p>Vair\u0101k inform\u0101cijas: <strong><a href=\"https:\/\/delta-t.co.uk\/product\/hh2\/\" target=\"_blank\" rel=\"noopener nofollow\">ra\u017eot\u0101ja t\u012bmek\u013ca vietn\u0113<\/a><\/strong> vai nos\u016btiet mums piepras\u012bjumu!<\/p>","protected":false},"excerpt":{"rendered":"<p>Mitruma m\u0113r\u012bt\u0101js Delta-T HH2 \u2013 acumirkl\u012b nolasa \u016bdens saturu un ir sader\u012bgs ar da\u017e\u0101diem Delta-T augsnes mitruma sensoriem. Satur l\u012bdz 1500 ierakstiem ar laika z\u012bmogu.<\/p>","protected":false},"featured_media":18063,"template":"","meta":[],"product_cat":[83,107,76],"product_tag":[618,619,620],"class_list":{"0":"post-18059","1":"product","2":"type-product","3":"status-publish","4":"has-post-thumbnail","6":"product_brand-delta-t-devices-ltd","7":"product_cat-aplinkotyra","8":"product_cat-dirvozemio-tyrimo-iranga","9":"product_cat-laboratorine-iranga","10":"product_tag-delta-t-devices-ltd","11":"product_tag-dregmes-matuokliai","12":"product_tag-moisture-meters","14":"first","15":"onbackorder","16":"shipping-taxable","17":"purchasable","18":"product-type-simple"},"_links":{"self":[{"href":"https:\/\/labostera.lt\/lv\/wp-json\/wp\/v2\/product\/18059","targetHints":{"allow":["GET"]}}],"collection":[{"href":"https:\/\/labostera.lt\/lv\/wp-json\/wp\/v2\/product"}],"about":[{"href":"https:\/\/labostera.lt\/lv\/wp-json\/wp\/v2\/types\/product"}],"wp:featuredmedia":[{"embeddable":true,"href":"https:\/\/labostera.lt\/lv\/wp-json\/wp\/v2\/media\/18063"}],"wp:attachment":[{"href":"https:\/\/labostera.lt\/lv\/wp-json\/wp\/v2\/media?parent=18059"}],"wp:term":[{"taxonomy":"product_cat","embeddable":true,"href":"https:\/\/labostera.lt\/lv\/wp-json\/wp\/v2\/product_cat?post=18059"},{"taxonomy":"product_tag","embeddable":true,"href":"https:\/\/labostera.lt\/lv\/wp-json\/wp\/v2\/product_tag?post=18059"}],"curies":[{"name":"wp","href":"https:\/\/api.w.org\/{rel}","templated":true}]}}