{"id":17603,"date":"2024-01-11T13:04:00","date_gmt":"2024-01-11T13:04:00","guid":{"rendered":"http:\/\/labostera.lt\/?post_type=product&#038;p=17603"},"modified":"2024-01-23T18:07:43","modified_gmt":"2024-01-23T16:07:43","slug":"nanodaleliu-dydzio-ir-zeta-potencialo-analizatorius-bettersize-instruments-benano-180-zeta-pro-nanoparticles-sizes-and-zeta-potencial-analyzer","status":"publish","type":"product","link":"https:\/\/labostera.lt\/lv\/priemones-ir-iranga\/laboratorine-iranga\/analitine-iranga\/medziagu-savybiu-nustatymo-prietaisai\/nanodaleliu-dydzio-ir-zeta-potencialo-analizatorius-bettersize-instruments-benano-180-zeta-pro-nanoparticles-sizes-and-zeta-potencial-analyzer\/","title":{"rendered":"Nanoda\u013ci\u0146u izm\u0113ru un zeta potenci\u0101la analizators Bettersize Instruments BeNano 180 Zeta Pro Nanoda\u013ci\u0146u izm\u0113ru un zeta potenci\u0101la analizators"},"content":{"rendered":"<h2><strong>Bettersize Instruments Ltd. BeNano 180 Zeta Pro nanoda\u013ci\u0146u izm\u0113ra un zeta potenci\u0101la analizators<\/strong><\/h2>\n<p>BeNano s\u0113rija ir jaun\u0101k\u0101s paaudzes nanoda\u013ci\u0146u izm\u0113ra un zeta potenci\u0101la analizatori, ko izstr\u0101d\u0101jusi Bettersize Instruments. Sist\u0113m\u0101 ir integr\u0113ta dinamisk\u0101 gaismas izkliede (DLS), elektrofor\u0113tisk\u0101 gaismas izkliede (ELS) un statisk\u0101 gaismas izkliede (SLS), kas nodro\u0161ina prec\u012bzus nanoda\u013ci\u0146u izm\u0113ra, zeta potenci\u0101la un molekulmasas m\u0113r\u012bjumus. BeNano s\u0113rija tiek pla\u0161i pielietota akad\u0113miskajos un ra\u017eo\u0161anas procesos da\u017e\u0101d\u0101s jom\u0101s, tostarp, bet ne tikai: \u0137\u012bmiskaj\u0101 in\u017eenierij\u0101, farm\u0101cij\u0101, p\u0101rtikas un dz\u0113rienu r\u016bpniec\u012bb\u0101, tin\u0161u un pigmentu ra\u017eo\u0161an\u0101, dz\u012bv\u012bbas zin\u0101tn\u0113s utt.<\/p>\n<ul>\n<li><strong>Funkcijas un priek\u0161roc\u012bbas:<\/strong>\n<ul>\n<li>Izm\u0113ru diapazons: 0,3 nm\u201315 \u03bcm<\/li>\n<li>Minim\u0101lais parauga tilpums 3 \u03bcL<\/li>\n<li>APD (lav\u012bnu fotodiodes) detektors ar izcilu jut\u012bbu<\/li>\n<li>Autom\u0101tiska l\u0101zera intensit\u0101tes regul\u0113\u0161ana<\/li>\n<li>Viedais rezult\u0101tu nov\u0113rt\u0113\u0161anas algoritms<\/li>\n<li>DLS atstarot\u0101s gaismas (173\u00b0) noteik\u0161anas tehnolo\u0123ija<\/li>\n<li>Lietot\u0101ja regul\u0113jams dispersijas tilpums koncentr\u0113tiem paraugiem<\/li>\n<li>PALS (f\u0101zes anal\u012bzes gaismas izkliedes) tehnolo\u0123ija<\/li>\n<li>Programm\u0113jama temperat\u016bras kontroles sist\u0113ma<\/li>\n<li>Atbilst 21 CFR 11. da\u013cas, ISO 22412, ISO 13099 pras\u012bb\u0101m<\/li>\n<\/ul>\n<\/li>\n<\/ul>\n<ol>\n<li><strong>Atkl\u0101jiet p\u0113tniec\u012bbas pieaugo\u0161o potenci\u0101lu ar BeNano<\/strong>\n<ul>\n<li><strong>Zoomable ELS tehnolo\u0123ija: PALS<\/strong><br \/>\nPALS tehnolo\u0123ija efekt\u012bvi atdala un iz\u0161\u0137ir elektrofor\u0113tisko uzved\u012bbu pat v\u0101ji kust\u012bgu paraugu gad\u012bjum\u0101 izoelektrisk\u0101 punkta tuvum\u0101 vai augsta s\u0101ls satura kl\u0101tb\u016btn\u0113.<\/li>\n<li><strong>DLS tehnolo\u0123ija ar t\u0101lummai\u0146u: atpaka\u013cizkliedes noteik\u0161ana<\/strong><br \/>\nAtpaka\u013cizklied\u0113t\u0101 DLS optika var noteikt daudz liel\u0101ku izkliedes apjomu sal\u012bdzin\u0101jum\u0101 ar 90 gr\u0101du optiku. Apvienojum\u0101 ar p\u0101rvietojamu m\u0113r\u012b\u0161anas poz\u012bciju, atpaka\u013cizkliedes DLS pied\u0101v\u0101 daudz augst\u0101ku jut\u012bbu un iesp\u0113ju m\u0113r\u012bt \u013coti du\u013c\u0137ainus paraugus.<\/li>\n<li><strong>Temperat\u016bras tendences m\u0113r\u012b\u0161ana<\/strong><br \/>\nTemperat\u016bras tendences m\u0113r\u012bjumus var viegli veikt e\u013c\u013cas jut\u012bgiem paraugiem, izmantojot ieprogramm\u0113tu standarta darb\u012bbu (SOP). BeNano var noteikt izm\u0113ru rezult\u0101tu temperat\u016bras p\u0101rejas punktu, kas ir olbaltumvielu paraugu agreg\u0101cijas temperat\u016bra.<\/li>\n<li><strong>Stabils un iztur\u012bgs optiskais s\u0113deklis<\/strong><br \/>\nBeNano izmanto 50 mW cietvielu l\u0101zeru, vienvirziena \u0161\u0137iedru sist\u0113mu un augstas veiktsp\u0113jas APD detektoru, kas nodro\u0161ina stabilu, pla\u0161a diapazona un \u013coti uzticamu noteik\u0161anas sp\u0113ju.<\/li>\n<li><strong>P\u0113tniec\u012bbas l\u012bme\u0146a programmat\u016bra<\/strong><br \/>\nBeNano programmat\u016bra var inteli\u0123enti nov\u0113rt\u0113t un apstr\u0101d\u0101t izklied\u0113t\u0101s gaismas sign\u0101lus, lai uzlabotu sign\u0101la kvalit\u0101ti un rezult\u0101tu stabilit\u0101ti. Da\u017e\u0101die ieb\u016bv\u0113tie skait\u013co\u0161anas re\u017e\u012bmi var aptvert pla\u0161u p\u0113tniec\u012bbas un pielietojuma jomu kl\u0101stu.<\/li>\n<li><strong>Nepiecie\u0161ams \u013coti mazs parauga tilpums<\/strong><br \/>\nMaza parauga tilpuma m\u0113r\u012b\u0161ana ir b\u016btiska agr\u012bn\u0101s stadijas p\u0113tniec\u012bbai un att\u012bst\u012bbai farm\u0101cijas nozar\u0113 un akad\u0113miskaj\u0101 vid\u0113. Ar kapil\u0101ro m\u0113r\u0161\u016bnu prec\u012bzai izm\u0113ra m\u0113r\u012b\u0161anai nepiecie\u0161ami tikai 3\u20135 \u03bcl parauga.<\/li>\n<\/ul>\n<\/li>\n<li><strong>Dinamisk\u0101s gaismas izkliedes (DLS) objekta izm\u0113rs<\/strong><br \/>\nDinamisk\u0101 gaismas izkliede (DLS), ko sauc ar\u012b par fotonu korel\u0101cijas spektroskopiju (PCS) vai kvazielastisko gaismas izkliedi (QELS), ir metode Brauna kust\u012bbas m\u0113r\u012b\u0161anai disper\u0123\u0113jo\u0161\u0101 l\u012bdzekl\u012b. Tas ir balst\u012bts uz principu, ka maz\u0101kas da\u013ci\u0146as p\u0101rvietojas \u0101tr\u0101k, bet liel\u0101kas da\u013ci\u0146as p\u0101rvietojas l\u0113n\u0101k. Da\u013ci\u0146u izkliedes intensit\u0101ti nosaka lav\u012bnas fotodiode (APD) un p\u0113c tam, izmantojot korelatoru, p\u0101rveido korel\u0101cijas funkcij\u0101. No \u0161\u012bs korel\u0101cijas funkcijas tiek m\u0113r\u012bts dif\u016bzijas koeficients (D).<br \/>\n<img decoding=\"async\" width=\"173\" height=\"65\" class=\"aligncenter size-medium wp-image-17607\" src=\"http:\/\/labostera.lt\/wp-content\/uploads\/2024\/01\/d2_equation_1.png\" alt=\"D2 Equation 1\" \/><br \/>\nHidrodinamisko diametru (DH) un t\u0101 sadal\u012bjumu var apr\u0113\u0137in\u0101t, izmantojot Stoksa-Ein\u0161teina vien\u0101dojumu, kas saista dif\u016bzijas koeficientu ar da\u013ci\u0146u izm\u0113ru.<br \/>\n<img fetchpriority=\"high\" decoding=\"async\" width=\"677\" height=\"646\" class=\"aligncenter size-medium wp-image-17608\" src=\"http:\/\/labostera.lt\/wp-content\/uploads\/2024\/01\/dls.png\" alt=\"DLS\" srcset=\"https:\/\/labostera.lt\/wp-content\/uploads\/2024\/01\/dls.png 677w, https:\/\/labostera.lt\/wp-content\/uploads\/2024\/01\/dls-570x544.png 570w, https:\/\/labostera.lt\/wp-content\/uploads\/2024\/01\/dls-600x573.png 600w, https:\/\/labostera.lt\/wp-content\/uploads\/2024\/01\/dls-300x286.png 300w\" sizes=\"(max-width: 677px) 100vw, 677px\" \/><\/li>\n<li><strong>Atpaka\u013cizkliedes noteik\u0161anas tehnolo\u0123ija<\/strong>\n<ul>\n<li><strong>Pla\u0161s koncentr\u0101cijas diapazons<\/strong><br \/>\nOptimiz\u0113jot noteik\u0161anas poz\u012bciju, \u013coti koncentr\u0113tus paraugus var noteikt parauga \u0161\u016bnas malas tuvum\u0101, efekt\u012bvi samazinot daudzk\u0101rt\u0113jas gaismas izkliedes ietekmi.<\/li>\n<li><strong>Augst\u0101ka jut\u012bba<\/strong><br \/>\n8\u201310 reizes liel\u0101ks izkliedes apjoms un aptuveni 10 reizes liel\u0101ka jut\u012bba sal\u012bdzin\u0101jum\u0101 ar tradicion\u0101lo 90\u00b0 optisko konstrukciju.<\/li>\n<li><strong>Augst\u0101ka izm\u0113ra aug\u0161\u0113j\u0101 robe\u017ea<\/strong><br \/>\nTas samazina daudzk\u0101rt\u0113ju gaismas izkliedes efektu no liel\u0101m da\u013ci\u0146\u0101m un zin\u0101m\u0101 m\u0113r\u0101 samazina lielo da\u013ci\u0146u skaita sv\u0101rst\u012bbas daudz liel\u0101k\u0101 izkliedes tilpuma d\u0113\u013c.<\/li>\n<li><strong>Lab\u0101ka atk\u0101rtojam\u012bba<\/strong><br \/>\nDLS atpaka\u013cizkliedes tehnolo\u0123iju maz\u0101k ietekm\u0113 putek\u013cu piemais\u012bjumi un nevienm\u0113r\u012bgi izklied\u0113ti aglomer\u0101ti, nodro\u0161inot lab\u0101ku atk\u0101rtojam\u012bbu.<\/li>\n<\/ul>\n<p>Inteli\u0123ent\u0101 optim\u0101l\u0101s noteik\u0161anas poz\u012bcijas mekl\u0113\u0161anas funkcija autom\u0101tiski nosaka optim\u0101lo noteik\u0161anas poz\u012bciju, pamatojoties uz parauga lielumu, koncentr\u0101ciju un izkliedes sp\u0113ju, lai sasniegtu visaugst\u0101ko m\u0113r\u012bjumu precizit\u0101ti un pied\u0101v\u0101tu elast\u012bbu da\u017e\u0101du paraugu veidu un koncentr\u0101ciju noteik\u0161an\u0101. \u0160\u012b funkcija ir \u012bpa\u0161i noder\u012bga, str\u0101d\u0101jot ar da\u017e\u0101diem paraugiem, katram no kuriem ir savas unik\u0101las izkliedes \u012bpa\u0161\u012bbas un koncentr\u0101cija.<br \/>\n<img decoding=\"async\" width=\"558\" height=\"477\" class=\"aligncenter size-medium wp-image-17609\" src=\"http:\/\/labostera.lt\/wp-content\/uploads\/2024\/01\/intelligent_search_for_the_optimal_detection_position.png\" alt=\"Intelligent Search for the Optimal Detection Position\" srcset=\"https:\/\/labostera.lt\/wp-content\/uploads\/2024\/01\/intelligent_search_for_the_optimal_detection_position.png 558w, https:\/\/labostera.lt\/wp-content\/uploads\/2024\/01\/intelligent_search_for_the_optimal_detection_position-300x256.png 300w\" sizes=\"(max-width: 558px) 100vw, 558px\" \/><\/li>\n<li><strong>Zeta potenci\u0101la m\u0113r\u012b\u0161ana ar elektrofor\u0113tisk\u0101s gaismas izkliedes (ELS) pal\u012bdz\u012bbu<\/strong><br \/>\n\u016adens sist\u0113m\u0101s l\u0101d\u0113t\u0101s da\u013ci\u0146as ieskauj pretjoni, kas veido iek\u0161\u0113jo Sterna sl\u0101ni un \u0101r\u0113jo aksi\u0101lo sl\u0101ni. Zeta potenci\u0101ls ir elektriskais potenci\u0101ls aksi\u0101l\u0101 sl\u0101\u0146a saskarn\u0113. Zeta potenci\u0101la pieaugums nor\u0101da uz liel\u0101ku stabilit\u0101ti un maz\u0101ku agreg\u0101ciju suspensijas sist\u0113m\u0101. Elektrofor\u0113tisk\u0101 gaismas izkliede (ELS) m\u0113ra elektrofor\u0113tisko mobilit\u0101ti, izmantojot izklied\u0113t\u0101s gaismas Doplera nob\u012bdes, ko var izmantot, lai noteiktu parauga zeta potenci\u0101lu saska\u0146\u0101 ar Henrija vien\u0101dojumu.<br \/>\n<img loading=\"lazy\" decoding=\"async\" width=\"149\" height=\"61\" class=\"aligncenter size-medium wp-image-17612\" src=\"http:\/\/labostera.lt\/wp-content\/uploads\/2024\/01\/henry_s_equation.png\" alt=\"Henry S Equation\" \/><br \/>\n<img loading=\"lazy\" decoding=\"async\" width=\"461\" height=\"457\" class=\"aligncenter size-medium wp-image-17611\" src=\"http:\/\/labostera.lt\/wp-content\/uploads\/2024\/01\/potential_distribution_at_particle_surface.png\" alt=\"Potential Distribution at Particle Surface\" srcset=\"https:\/\/labostera.lt\/wp-content\/uploads\/2024\/01\/potential_distribution_at_particle_surface.png 461w, https:\/\/labostera.lt\/wp-content\/uploads\/2024\/01\/potential_distribution_at_particle_surface-100x100.png 100w, https:\/\/labostera.lt\/wp-content\/uploads\/2024\/01\/potential_distribution_at_particle_surface-300x297.png 300w, https:\/\/labostera.lt\/wp-content\/uploads\/2024\/01\/potential_distribution_at_particle_surface-150x150.png 150w\" sizes=\"(max-width: 461px) 100vw, 461px\" \/><img loading=\"lazy\" decoding=\"async\" width=\"420\" height=\"268\" class=\"aligncenter size-medium wp-image-17610\" src=\"http:\/\/labostera.lt\/wp-content\/uploads\/2024\/01\/electrostatic_forces_between_particles.png\" alt=\"Electrostatic Forces Between Particles\" srcset=\"https:\/\/labostera.lt\/wp-content\/uploads\/2024\/01\/electrostatic_forces_between_particles.png 420w, https:\/\/labostera.lt\/wp-content\/uploads\/2024\/01\/electrostatic_forces_between_particles-300x191.png 300w\" sizes=\"(max-width: 420px) 100vw, 420px\" \/><\/li>\n<li><strong>F\u0101zes anal\u012bzes gaismas izkliede (PALS)<\/strong>\n<ul>\n<li><strong>Prec\u012bza m\u0113r\u012b\u0161anas tehnolo\u0123ija paraugiem ar zemu elektrofor\u0113tisko mobilit\u0101ti<\/strong><\/li>\n<li><strong>Efekt\u012bvs paraugiem organiskajos \u0161\u0137\u012bdin\u0101t\u0101jos ar zem\u0101m dielektrisk\u0101m \u012bpa\u0161\u012bb\u0101m<\/strong><\/li>\n<li><strong>Uzticam\u0101ki rezult\u0101ti ar paraugiem ar augstu vad\u012btsp\u0113ju<\/strong><\/li>\n<\/ul>\n<p><img loading=\"lazy\" decoding=\"async\" width=\"1000\" height=\"316\" class=\"aligncenter size-medium wp-image-17613\" src=\"http:\/\/labostera.lt\/wp-content\/uploads\/2024\/01\/phase_plot_of_pals.jpg\" alt=\"Phase Plot of PALS\" srcset=\"https:\/\/labostera.lt\/wp-content\/uploads\/2024\/01\/phase_plot_of_pals.jpg 1000w, https:\/\/labostera.lt\/wp-content\/uploads\/2024\/01\/phase_plot_of_pals-570x180.jpg 570w, https:\/\/labostera.lt\/wp-content\/uploads\/2024\/01\/phase_plot_of_pals-600x190.jpg 600w, https:\/\/labostera.lt\/wp-content\/uploads\/2024\/01\/phase_plot_of_pals-300x95.jpg 300w, https:\/\/labostera.lt\/wp-content\/uploads\/2024\/01\/phase_plot_of_pals-768x243.jpg 768w\" sizes=\"(max-width: 1000px) 100vw, 1000px\" \/><\/li>\n<li><strong>Statisk\u0101 gaismas izkliede (SLS)<\/strong><br \/>\nStatisk\u0101 gaismas izkliede (SLS) ir tehnolo\u0123ija, kas m\u0113ra izkliedes intensit\u0101ti, vid\u0113jo molekulmasu (M<sub>w<\/sub>) un otrais viri\u0101lais koeficients (A<sub>2<\/sub>), izmantojot Releja vien\u0101dojumu:<br \/>\n<img loading=\"lazy\" decoding=\"async\" width=\"367\" height=\"153\" class=\"aligncenter size-medium wp-image-17614\" src=\"http:\/\/labostera.lt\/wp-content\/uploads\/2024\/01\/sls_equation.png\" alt=\"SLS Equation\" srcset=\"https:\/\/labostera.lt\/wp-content\/uploads\/2024\/01\/sls_equation.png 367w, https:\/\/labostera.lt\/wp-content\/uploads\/2024\/01\/sls_equation-300x125.png 300w\" sizes=\"(max-width: 367px) 100vw, 367px\" \/><br \/>\nKur c ir parauga koncentr\u0101cija, \u03b8 ir detekt\u0113\u0161anas le\u0146\u0137is, R<sub>\u03b8<\/sub> ir Releja koeficients, ko izmanto, lai defin\u0113tu izklied\u0113t\u0101s gaismas intensit\u0101tes attiec\u012bbu pret kr\u012bto\u0161o gaismu le\u0146\u0137\u012b \u03b8, M<sub>w<\/sub> ir parauga vid\u0113j\u0101 molekulmasa, A<sub>2<\/sub> ir otrais viri\u0101lais koeficients, un K ir ar (dn\/dc)<sup>2<\/sup> saist\u012bt\u0101 konstante.<br \/>\nMolekulmasas m\u0113r\u012b\u0161anas laik\u0101 tiek noteikta parauga izkliedes intensit\u0101te da\u017e\u0101d\u0101s koncentr\u0101cij\u0101s. Izmantojot zin\u0101ma standarta (piem\u0113ram, toluola) izkliedes intensit\u0101ti un Releja koeficientu, tiek apr\u0113\u0137in\u0101tas un Debaja diagramm\u0101 att\u0113lotas da\u017e\u0101d\u0101s koncentr\u0101cij\u0101s ieg\u016bt\u0101 parauga Releja koeficienta v\u0113rt\u012bbas. P\u0113c tam molekulmasu un otro viri\u0101la koeficientu ieg\u016bst no Debye diagrammas line\u0101r\u0101s regresijas krustpunkta un sl\u012bpuma.<br \/>\n<img loading=\"lazy\" decoding=\"async\" width=\"1258\" height=\"764\" class=\"aligncenter size-medium wp-image-17616\" src=\"http:\/\/labostera.lt\/wp-content\/uploads\/2024\/01\/scattered-light-of-macromolecules.png\" alt=\"Scattered Light of Macromolecules\" srcset=\"https:\/\/labostera.lt\/wp-content\/uploads\/2024\/01\/scattered-light-of-macromolecules.png 1258w, https:\/\/labostera.lt\/wp-content\/uploads\/2024\/01\/scattered-light-of-macromolecules-570x346.png 570w, https:\/\/labostera.lt\/wp-content\/uploads\/2024\/01\/scattered-light-of-macromolecules-600x364.png 600w, https:\/\/labostera.lt\/wp-content\/uploads\/2024\/01\/scattered-light-of-macromolecules-300x182.png 300w, https:\/\/labostera.lt\/wp-content\/uploads\/2024\/01\/scattered-light-of-macromolecules-1024x622.png 1024w, https:\/\/labostera.lt\/wp-content\/uploads\/2024\/01\/scattered-light-of-macromolecules-768x466.png 768w\" sizes=\"(max-width: 1258px) 100vw, 1258px\" \/><img loading=\"lazy\" decoding=\"async\" width=\"1027\" height=\"538\" class=\"aligncenter size-medium wp-image-17615\" src=\"http:\/\/labostera.lt\/wp-content\/uploads\/2024\/01\/concentrations.png\" alt=\"Concentrations\" srcset=\"https:\/\/labostera.lt\/wp-content\/uploads\/2024\/01\/concentrations.png 1027w, https:\/\/labostera.lt\/wp-content\/uploads\/2024\/01\/concentrations-570x299.png 570w, https:\/\/labostera.lt\/wp-content\/uploads\/2024\/01\/concentrations-600x314.png 600w, https:\/\/labostera.lt\/wp-content\/uploads\/2024\/01\/concentrations-300x157.png 300w, https:\/\/labostera.lt\/wp-content\/uploads\/2024\/01\/concentrations-1024x536.png 1024w, https:\/\/labostera.lt\/wp-content\/uploads\/2024\/01\/concentrations-768x402.png 768w\" sizes=\"(max-width: 1027px) 100vw, 1027px\" \/><\/li>\n<li><strong>Mikroreolo\u0123ija, m\u0113r\u012bta ar DLS<\/strong><br \/>\nMikroreolo\u0123ija, ko m\u0113ra ar dinamisko gaismas izkliedi (DLS mikroreolo\u0123ija), ir ekonomiska un efekt\u012bva metode, kas izmanto dinamisko gaismas izkliedi, lai noteiktu reolo\u0123isk\u0101s \u012bpa\u0161\u012bbas. Analiz\u0113jot kolo\u012bdo nov\u0113rot\u0101ju da\u013ci\u0146u Brauna kust\u012bbu, inform\u0101ciju par sist\u0113mas viskoelast\u012bgaj\u0101m \u012bpa\u0161\u012bb\u0101m, piem\u0113ram, viskoelast\u012bgo moduli, komplekso viskozit\u0101ti un lieces moduli, var ieg\u016bt, izmantojot visp\u0101rin\u0101to Stoksa-Ein\u0161teina vien\u0101dojumu.<br \/>\n<img loading=\"lazy\" decoding=\"async\" width=\"461\" height=\"62\" class=\"aligncenter size-medium wp-image-17617\" src=\"http:\/\/labostera.lt\/wp-content\/uploads\/2024\/01\/stokes_einstein_equation.png\" alt=\"Stokes Einstein Equation\" srcset=\"https:\/\/labostera.lt\/wp-content\/uploads\/2024\/01\/stokes_einstein_equation.png 461w, https:\/\/labostera.lt\/wp-content\/uploads\/2024\/01\/stokes_einstein_equation-300x40.png 300w\" sizes=\"(max-width: 461px) 100vw, 461px\" \/><\/p>\n<ul>\n<li><strong>Funkcijas un priek\u0161roc\u012bbas:<\/strong><\/li>\n<li>P\u0113ta reolo\u0123isk\u0101s \u012bpa\u0161\u012bbas, m\u0113rot termiski vad\u012btu nov\u0113rot\u0101ja da\u013ci\u0146u kust\u012bbu p\u0113t\u0101maj\u0101 materi\u0101l\u0101<\/li>\n<li>Atvieglo m\u0113r\u012bjumus pla\u0161\u0101 frekven\u010du diapazon\u0101<\/li>\n<li>Pielieto nelielu spriegumu nov\u0113rot\u0101ja da\u013ci\u0146\u0101m<\/li>\n<li>Nepiecie\u0161ams tikai mikrolitra parauga tilpums<\/li>\n<li>Pievieno meh\u0101nisk\u0101s reolo\u0123ijas inform\u0101ciju<\/li>\n<li>Piem\u0113rots v\u0101ji struktur\u0113tiem paraugiem<\/li>\n<\/ul>\n<\/li>\n<li><strong>Temperat\u016bras tendences m\u0113r\u012b\u0161ana<\/strong>\n<ul style=\"list-style-type: none;\">\n<li><strong>M\u0113r\u012b\u0161anas parametri:<\/strong>\n<ul>\n<li>Izm\u0113rs pret temperat\u016bru<\/li>\n<li>Zeta potenci\u0101ls pret temperat\u016bru<\/li>\n<\/ul>\n<\/li>\n<li><strong>Funkcijas:<\/strong>\n<ul>\n<li>Izmanto, lai p\u0101rbaud\u012btu olbaltumvielu formulas stabilit\u0101ti<\/li>\n<li>Veicina noveco\u0161anos re\u0101llaik\u0101, paaugstinot temperat\u016bru<\/li>\n<\/ul>\n<\/li>\n<li><strong>Ieguvums:<\/strong>\n<ul>\n<li>Vienk\u0101r\u0161s olbaltumvielu formulas stabilit\u0101tes tests<\/li>\n<li>Noveco\u0161an\u0101s veicin\u0101\u0161ana re\u0101llaik\u0101, paaugstinot temperat\u016bru<\/li>\n<\/ul>\n<\/li>\n<\/ul>\n<p><img loading=\"lazy\" decoding=\"async\" width=\"904\" height=\"411\" class=\"aligncenter size-medium wp-image-17618\" src=\"http:\/\/labostera.lt\/wp-content\/uploads\/2024\/01\/size_vs_temperature_trend_measurement_of_the_bsa_protein.png\" alt=\"Size vs Temperature Trend Measurement of the BSA Protein\" srcset=\"https:\/\/labostera.lt\/wp-content\/uploads\/2024\/01\/size_vs_temperature_trend_measurement_of_the_bsa_protein.png 904w, https:\/\/labostera.lt\/wp-content\/uploads\/2024\/01\/size_vs_temperature_trend_measurement_of_the_bsa_protein-570x259.png 570w, https:\/\/labostera.lt\/wp-content\/uploads\/2024\/01\/size_vs_temperature_trend_measurement_of_the_bsa_protein-600x273.png 600w, https:\/\/labostera.lt\/wp-content\/uploads\/2024\/01\/size_vs_temperature_trend_measurement_of_the_bsa_protein-300x136.png 300w, https:\/\/labostera.lt\/wp-content\/uploads\/2024\/01\/size_vs_temperature_trend_measurement_of_the_bsa_protein-768x349.png 768w\" sizes=\"(max-width: 904px) 100vw, 904px\" \/><\/li>\n<li><strong>pH tendences m\u0113r\u012b\u0161ana<\/strong>\n<ul style=\"list-style-type: none;\">\n<li><strong>M\u0113r\u012b\u0161anas parametri:<\/strong>\n<ul>\n<li>Zeta potenci\u0101ls pret pH<\/li>\n<li>Izoelektriskais punkts<\/li>\n<li>Kairin\u0101m\u012bba pret pH<\/li>\n<\/ul>\n<\/li>\n<li><strong>Funkcijas:<\/strong>\n<ul>\n<li>Augstas precizit\u0101tes terci\u0101r\u0101s titr\u0113\u0161anas s\u016bk\u0146i<\/li>\n<li>Kontrol\u0113ts peristaltiskais s\u016bknis ar lielu pl\u016bsmu un \u0101trumu<\/li>\n<li>Univers\u0101ls elektrods<\/li>\n<li>Automatiz\u0113ta \u0161\u0137\u012bduma izv\u0113le, pamatojoties uz s\u0101kotn\u0113j\u0101m un m\u0113r\u0137a pH v\u0113rt\u012bb\u0101m, izmantojot viedu programmat\u016bru<\/li>\n<\/ul>\n<\/li>\n<li><strong>Ieguvums:<\/strong>\n<ul>\n<li>M\u0113r\u012bjumu veik\u0161ana aiz\u0146em maz\u0101k laika<\/li>\n<li>Uzlabo rezult\u0101tu konsekvenci un atk\u0101rtojam\u012bbu<\/li>\n<li>Samazina p\u0113tnieku darba slodzi<\/li>\n<li>Vienk\u0101r\u0161o operatora kvalifik\u0101cijas pras\u012bbas<\/li>\n<li>Veicina noveco\u0161anos re\u0101llaik\u0101, paaugstinot temperat\u016bru<\/li>\n<li>Samazina saskari ar agres\u012bviem \u0161\u0137idrumiem<\/li>\n<\/ul>\n<\/li>\n<\/ul>\n<p><img loading=\"lazy\" decoding=\"async\" width=\"901\" height=\"333\" class=\"aligncenter size-medium wp-image-17619\" src=\"http:\/\/labostera.lt\/wp-content\/uploads\/2024\/01\/ph_measurement.png\" alt=\"pH Measurement\" srcset=\"https:\/\/labostera.lt\/wp-content\/uploads\/2024\/01\/ph_measurement.png 901w, https:\/\/labostera.lt\/wp-content\/uploads\/2024\/01\/ph_measurement-570x211.png 570w, https:\/\/labostera.lt\/wp-content\/uploads\/2024\/01\/ph_measurement-600x222.png 600w, https:\/\/labostera.lt\/wp-content\/uploads\/2024\/01\/ph_measurement-300x111.png 300w, https:\/\/labostera.lt\/wp-content\/uploads\/2024\/01\/ph_measurement-768x284.png 768w\" sizes=\"(max-width: 901px) 100vw, 901px\" \/><\/li>\n<li><strong>P\u0113tniec\u012bbas l\u012bme\u0146a programmat\u016bra<\/strong>\n<ul>\n<li><strong>SOP nodro\u0161ina m\u0113r\u012bjumu precizit\u0101ti un piln\u012bgumu<\/strong><\/li>\n<li><strong>Autom\u0101tiska vid\u0113j\u0101s v\u0113rt\u012bbas un standartnovirzes apr\u0113\u0137in\u0101\u0161ana rezult\u0101tiem un statistikai<\/strong><\/li>\n<li><strong>Vair\u0101ku m\u0113r\u012bjumu rezult\u0101tu sal\u012bdzin\u0101\u0161ana, izmantojot statistiku un izseko\u0161anas funkcijas<\/strong><\/li>\n<li><strong>Rezult\u0101tu un inform\u0101cijas att\u0113lo\u0161ana re\u0101llaik\u0101<\/strong><\/li>\n<li><strong>Vair\u0101k nek\u0101 100 pieejami parametri p\u0113tniec\u012bbai, kvalit\u0101tes kontrolei, kvalit\u0101tes nodro\u0161in\u0101\u0161anai un ra\u017eo\u0161anai<\/strong><\/li>\n<li><strong>Bezmaksas dz\u012bvesveida uzlabo\u0161anas iesp\u0113jas<\/strong><\/li>\n<\/ul>\n<p><img loading=\"lazy\" decoding=\"async\" width=\"398\" height=\"246\" class=\"aligncenter size-medium wp-image-17620\" src=\"http:\/\/labostera.lt\/wp-content\/uploads\/2024\/01\/software.png\" alt=\"Software\" srcset=\"https:\/\/labostera.lt\/wp-content\/uploads\/2024\/01\/software.png 398w, https:\/\/labostera.lt\/wp-content\/uploads\/2024\/01\/software-300x185.png 300w\" sizes=\"(max-width: 398px) 100vw, 398px\" \/><\/li>\n<li><strong>Atbilst\u012bba FDA 21 CFR 11. da\u013cai<\/strong><br \/>\nBeNano programmat\u016bras sist\u0113ma atbilst 21 CFR 11. da\u013cas noteikumiem, kas ierobe\u017eo piek\u013cuvi tikai pilnvarot\u0101m person\u0101m, izmantojot lietot\u0101jv\u0101rda un paroles sist\u0113mu ierakstu elektroniskai parakst\u012b\u0161anai, piek\u013cuves \u017eurn\u0101liem, izmai\u0146u \u017eurn\u0101liem vai darb\u012bbu izpildei. Aktiviz\u0101cijas kodu var izmantot, lai palielin\u0101tu dro\u0161\u012bbas iestat\u012bjumus un nodro\u0161in\u0101tu atbilst\u012bbu, savuk\u0101rt &quot;audita taka&quot; \u013cauj p\u0101rskat\u012bt pareizu sist\u0113mas dro\u0161\u012bbu un datu integrit\u0101ti.<br \/>\n<img loading=\"lazy\" decoding=\"async\" width=\"399\" height=\"242\" class=\"aligncenter size-medium wp-image-17624\" src=\"http:\/\/labostera.lt\/wp-content\/uploads\/2024\/01\/21_cfr_part_11.png\" alt=\"21 CFR Part 11\" srcset=\"https:\/\/labostera.lt\/wp-content\/uploads\/2024\/01\/21_cfr_part_11.png 399w, https:\/\/labostera.lt\/wp-content\/uploads\/2024\/01\/21_cfr_part_11-300x182.png 300w\" sizes=\"(max-width: 399px) 100vw, 399px\" \/><\/li>\n<\/ol>\n<h3>Analizatori \u2013 <a href=\"http:\/\/labostera.lt\/lv\/product-brand\/bettersize-instruments-ltd\/\" target=\"_blank\" rel=\"noopener\">Lab\u0101ks izm\u0113rs<\/a><\/h3>\n<p>Vair\u0101k inform\u0101cijas: <a href=\"https:\/\/www.bettersizeinstruments.com\/products\/benano-180-zeta-pro\/\" target=\"_blank\" rel=\"noopener nofollow\">ra\u017eot\u0101ja t\u012bmek\u013ca vietn\u0113<\/a> vai nos\u016btiet mums piepras\u012bjumu!<\/p>","protected":false},"excerpt":{"rendered":"<p>&#8222;Bettersize Instruments Ltd.&#8221; BeNano 180 Zeta Pro nanodaleli\u0173 dyd\u017eio ir zeta potencialo analizatorius BeNano Serija yra naujausios kartos nanodaleli\u0173 dyd\u017eio ir zeta potencialo analizatoriai, sukurti Bettersize Instruments. Dinamin\u0117 \u0161viesos sklaidos (DLS), elektroforezin\u0117 \u0161viesos sklaida (ELS) ir statin\u0117 \u0161viesos sklaida (SLS) integruotos \u012f sistem\u0105, suteikiant tikslius nanodaleli\u0173 dyd\u017eio, zeta potencialo ir molekulin\u0117s mas\u0117s matavimus. BeNano Serija [&hellip;]<\/p>\n","protected":false},"featured_media":17626,"template":"","meta":[],"product_cat":[82,76,101],"product_tag":[565,588,587,589,590],"class_list":{"0":"post-17603","1":"product","2":"type-product","3":"status-publish","4":"has-post-thumbnail","6":"product_brand-bettersize-instruments-ltd","7":"product_cat-analitine-iranga","8":"product_cat-laboratorine-iranga","9":"product_cat-medziagu-savybiu-nustatymo-prietaisai","10":"product_tag-bettersize-instruments-ltd","11":"product_tag-nanodaleliu-dydzio-analizatoriai","12":"product_tag-nanoparticles-size-analyzers","13":"product_tag-zeta-potencial-analyzers","14":"product_tag-zeta-potencialio-analizatoriai","16":"first","17":"onbackorder","18":"shipping-taxable","19":"purchasable","20":"product-type-simple"},"_links":{"self":[{"href":"https:\/\/labostera.lt\/lv\/wp-json\/wp\/v2\/product\/17603","targetHints":{"allow":["GET"]}}],"collection":[{"href":"https:\/\/labostera.lt\/lv\/wp-json\/wp\/v2\/product"}],"about":[{"href":"https:\/\/labostera.lt\/lv\/wp-json\/wp\/v2\/types\/product"}],"wp:featuredmedia":[{"embeddable":true,"href":"https:\/\/labostera.lt\/lv\/wp-json\/wp\/v2\/media\/17626"}],"wp:attachment":[{"href":"https:\/\/labostera.lt\/lv\/wp-json\/wp\/v2\/media?parent=17603"}],"wp:term":[{"taxonomy":"product_cat","embeddable":true,"href":"https:\/\/labostera.lt\/lv\/wp-json\/wp\/v2\/product_cat?post=17603"},{"taxonomy":"product_tag","embeddable":true,"href":"https:\/\/labostera.lt\/lv\/wp-json\/wp\/v2\/product_tag?post=17603"}],"curies":[{"name":"wp","href":"https:\/\/api.w.org\/{rel}","templated":true}]}}