{"id":17599,"date":"2024-01-11T12:49:41","date_gmt":"2024-01-11T12:49:41","guid":{"rendered":"http:\/\/labostera.lt\/?post_type=product&#038;p=17599"},"modified":"2024-01-23T18:06:53","modified_gmt":"2024-01-23T16:06:53","slug":"dinaminio-vaizdo-analizatorius-bettersize-instruments-bevision-d2-dynamic-image-analyzer","status":"publish","type":"product","link":"https:\/\/labostera.lt\/lv\/priemones-ir-iranga\/laboratorine-iranga\/analitine-iranga\/medziagu-savybiu-nustatymo-prietaisai\/dinaminio-vaizdo-analizatorius-bettersize-instruments-bevision-d2-dynamic-image-analyzer\/","title":{"rendered":"Dinamisk\u0101 att\u0113lu analizators Bettersize Instruments BeVision D2 dinamisk\u0101 att\u0113lu analizators"},"content":{"rendered":"<h2><strong>Bettersize Instruments Ltd. BeVision D2 dinamisk\u0101 att\u0113lu analizators<\/strong><\/h2>\n<p>BeVision D2 nodro\u0161ina efekt\u012bvu risin\u0101jumu sausu, augstas iespie\u0161an\u0101s sp\u0113jas pulveru vai granulu izm\u0113ra un formas anal\u012bzei. BeVision D2 var izm\u0113r\u012bt desmitiem t\u016bksto\u0161u da\u013ci\u0146u tr\u012bs min\u016b\u0161u laik\u0101. Apvienojot \u0101trgaitas kameru ar prec\u012bzu telecentrisku objekt\u012bvu, BeVision D2 efekt\u012bvi analiz\u0113 da\u013ci\u0146u izm\u0113ru un formu 30\u201310\u00a0000 \u03bcm diapazon\u0101.<\/p>\n<ul>\n<li><strong>Funkcijas un priek\u0161roc\u012bbas:<\/strong>\n<ul>\n<li>M\u0113r\u012b\u0161anas diapazons: 30\u201310\u00a0000 \u00b5m<\/li>\n<li>24 da\u017e\u0101di da\u013ci\u0146u izm\u0113ra un formas parametri<\/li>\n<li>Augsta paraugu caurlaidsp\u0113ja: Izm\u0113riet 10\u00a0000 da\u013ci\u0146u 3 min\u016bt\u0113s<\/li>\n<li>Izcila reprodukcija<\/li>\n<li>Rezult\u0101ti atbilst ISO 9276-6 standartam.<\/li>\n<li>Piln\u012bb\u0101 automatiz\u0113ta darb\u012bba<\/li>\n<li>Jaud\u012bga programmat\u016bra nodro\u0161ina visaptvero\u0161u nov\u0113rt\u0113jumu<\/li>\n<li>Sal\u012bdzinot ar skr\u012bninga rezult\u0101tiem<\/li>\n<\/ul>\n<\/li>\n<\/ul>\n<ol>\n<li><strong>K\u0101p\u0113c izv\u0113l\u0113ties att\u0113lu anal\u012bzes metodi?<\/strong>\n<ul>\n<li>Vienk\u0101r\u0161s<br \/>\nNofotograf\u0113jiet da\u013ci\u0146as, identific\u0113jiet t\u0101s un p\u0113c tam izm\u0113riet to izm\u0113ru un formu. Katrs att\u0113la anal\u012bzes solis ir vienk\u0101r\u0161s un skaidrs.<\/li>\n<li>Formas anal\u012bze<br \/>\nPamatojoties uz da\u013ci\u0146u tie\u0161u apskati, ir iesp\u0113jams analiz\u0113t ne tikai da\u013ci\u0146u izm\u0113ru, bet ar\u012b to formu.<\/li>\n<li>Redz\u0113t noz\u012bm\u0113 tic\u0113t<br \/>\nAtt\u0113lu anal\u012bzes metode nosaka katras atsevi\u0161\u0137\u0101s da\u013ci\u0146as izm\u0113ru un formu un p\u0113c tam tos statistiski samazina. Var prec\u012bzi zi\u0146ot par da\u013ci\u0146u izm\u0113ra vai formas sadal\u012bjumu.<\/li>\n<\/ul>\n<\/li>\n<li><strong>K\u0101p\u0113c izv\u0113l\u0113ties dinamisko att\u0113lu anal\u012bzes metodi?<\/strong>\n<ul>\n<li>Efektivit\u0101te<br \/>\nVienm\u0113r\u012bga da\u013ci\u0146u pl\u016bsma caur m\u0113r\u012b\u0161anas zonu pal\u012bdz sasniegt augstu m\u0113r\u012bjumu efektivit\u0101ti.<\/li>\n<li>Jut\u012bba pret liel\u0101m da\u013ci\u0146\u0101m<br \/>\nDinamisk\u0101s att\u0113lu anal\u012bzes metode ir jut\u012bga pret liel\u0101m da\u013ci\u0146\u0101m; ir iesp\u0113jams pat nov\u0113rt\u0113t lielu da\u013ci\u0146u izm\u0113ru.<\/li>\n<li>Uzticami rezult\u0101ti<br \/>\nMaksim\u0101lais izm\u0113r\u012bto da\u013ci\u0146u skaits nodro\u0161ina m\u0113r\u012bjumu rezult\u0101tu statistisko noz\u012bm\u012bgumu.<\/li>\n<\/ul>\n<\/li>\n<li><strong>BeVision D2 apr\u012bkojums: garant\u0113ta precizit\u0101te un efektivit\u0101te jums<\/strong><br \/>\nLai veiktu da\u013ci\u0146u izm\u0113ra un formas m\u0113r\u012bjumus daudzos da\u017e\u0101dos pielietojumos, BeVision D2 ir apr\u012bkots ar pla\u0161u aparat\u016bras kl\u0101stu. Atkar\u012bb\u0101 no parauga materi\u0101la \u012bpa\u0161\u012bb\u0101m, lab\u0101k\u0101s aparat\u016bras izv\u0113le pal\u012bdz izm\u0113r\u012bt da\u013ci\u0146u izm\u0113ru un formu ar optim\u0101lu precizit\u0101ti un efektivit\u0101ti.<br \/>\n<img fetchpriority=\"high\" decoding=\"async\" width=\"1000\" height=\"515\" class=\"aligncenter size-medium wp-image-17601\" src=\"http:\/\/labostera.lt\/wp-content\/uploads\/2024\/01\/bevision_d2_hardware.png\" alt=\"BeVision D2 Hardware\" srcset=\"https:\/\/labostera.lt\/wp-content\/uploads\/2024\/01\/bevision_d2_hardware.png 1000w, https:\/\/labostera.lt\/wp-content\/uploads\/2024\/01\/bevision_d2_hardware-570x294.png 570w, https:\/\/labostera.lt\/wp-content\/uploads\/2024\/01\/bevision_d2_hardware-600x309.png 600w, https:\/\/labostera.lt\/wp-content\/uploads\/2024\/01\/bevision_d2_hardware-300x155.png 300w, https:\/\/labostera.lt\/wp-content\/uploads\/2024\/01\/bevision_d2_hardware-768x396.png 768w\" sizes=\"(max-width: 1000px) 100vw, 1000px\" \/><\/li>\n<li><strong>Da\u013ci\u0146u izm\u0113ra un formas parametri:<\/strong>\n<ul>\n<li><strong>Izm\u0113ra parametri:<\/strong><br \/>\nEkvivalenti diametri: laukuma ekvivalentais diametrs, perimetra ekvivalentais diametrs;<br \/>\nSesku diametri: maksim\u0101lais un minim\u0101lais sesku diametrs, XLF (\u201cgarums\u201d);<br \/>\nM\u0101rti\u0146a diametri: maksim\u0101lais un minim\u0101lais M\u0101rti\u0146a diametrs;<br \/>\nLe\u0123endas elipse: liel\u0101 un maz\u0101 ass;<br \/>\n<img decoding=\"async\" width=\"1000\" height=\"845\" class=\"aligncenter size-medium wp-image-17597\" src=\"http:\/\/labostera.lt\/wp-content\/uploads\/2024\/01\/bevision_m1_size_parameters.jpg\" alt=\"BeVision M1 Size Parameters\" srcset=\"https:\/\/labostera.lt\/wp-content\/uploads\/2024\/01\/bevision_m1_size_parameters.jpg 1000w, https:\/\/labostera.lt\/wp-content\/uploads\/2024\/01\/bevision_m1_size_parameters-570x482.jpg 570w, https:\/\/labostera.lt\/wp-content\/uploads\/2024\/01\/bevision_m1_size_parameters-600x507.jpg 600w, https:\/\/labostera.lt\/wp-content\/uploads\/2024\/01\/bevision_m1_size_parameters-300x254.jpg 300w, https:\/\/labostera.lt\/wp-content\/uploads\/2024\/01\/bevision_m1_size_parameters-768x649.jpg 768w\" sizes=\"(max-width: 1000px) 100vw, 1000px\" \/><\/li>\n<li><strong>Formas parametri:<\/strong><br \/>\nAt\u0161\u0137ir\u012bbas lielums divos virzienos: malu attiec\u012bba, garuma\/platuma attiec\u012bba, eliptiskuma attiec\u012bba;<br \/>\nApa\u013cumam un vertik\u0101lai formai: apa\u013cums, nel\u012bdzenums, bl\u012bvums, izple\u0161an\u0101s koeficients, kastes koeficients;<br \/>\nKont\u016bras plaisa: plaisa, izliekums, bl\u012bvums;<br \/>\nGarenisk\u0101m da\u013ci\u0146\u0101m: pagarin\u0101jums, taisnums;<\/li>\n<\/ul>\n<\/li>\n<li><strong>BeVision programmat\u016bra: Vizualiz\u0113jiet ieskatu ieg\u016b\u0161anai:<\/strong><br \/>\n<img decoding=\"async\" width=\"988\" height=\"782\" class=\"aligncenter size-medium wp-image-17602\" src=\"http:\/\/labostera.lt\/wp-content\/uploads\/2024\/01\/bevision_d2_applications.png\" alt=\"BeVision D2 Applications\" srcset=\"https:\/\/labostera.lt\/wp-content\/uploads\/2024\/01\/bevision_d2_applications.png 988w, https:\/\/labostera.lt\/wp-content\/uploads\/2024\/01\/bevision_d2_applications-570x451.png 570w, https:\/\/labostera.lt\/wp-content\/uploads\/2024\/01\/bevision_d2_applications-600x475.png 600w, https:\/\/labostera.lt\/wp-content\/uploads\/2024\/01\/bevision_d2_applications-300x237.png 300w, https:\/\/labostera.lt\/wp-content\/uploads\/2024\/01\/bevision_d2_applications-768x608.png 768w\" sizes=\"(max-width: 988px) 100vw, 988px\" \/><\/li>\n<\/ol>\n<h3>Analizatori \u2013 <a href=\"http:\/\/labostera.lt\/lv\/product-brand\/bettersize-instruments-ltd\/\" target=\"_blank\" rel=\"noopener\">Lab\u0101ks izm\u0113rs<\/a><\/h3>\n<p>Vair\u0101k inform\u0101cijas: <a href=\"https:\/\/www.bettersizeinstruments.com\/products\/bevision-d2-dynamic-image-analyzer\/\" target=\"_blank\" rel=\"noopener nofollow\">ra\u017eot\u0101ja t\u012bmek\u013ca vietn\u0113<\/a> vai nos\u016btiet mums piepras\u012bjumu!<\/p>","protected":false},"excerpt":{"rendered":"<p>&#8222;Bettersize Instruments Ltd.&#8221; BeVision D2 dinaminio vaizdo analizatorius BeVision D2 suteikia efektyv\u0173 sprendim\u0105 d\u017ei\u016bviems, auk\u0161to skvarbumo milteliams ar granul\u0117ms dyd\u017eio ir formos analizei. BeVision D2 gali matuoti de\u0161imtis t\u016bkstan\u010di\u0173 daleli\u0173 per tris minutes. Kombinuojant greit\u0105 kamer\u0105 su tiksliu telecentriniu objektyvu, BeVision D2 efektyviai analizuoja daleli\u0173 dyd\u012f ir form\u0105 30 &#8211; 10,000 \u03bcm diapazone. Savyb\u0117s ir [&hellip;]<\/p>\n","protected":false},"featured_media":17600,"template":"","meta":[],"product_cat":[82,76,101],"product_tag":[565,572,573],"class_list":{"0":"post-17599","1":"product","2":"type-product","3":"status-publish","4":"has-post-thumbnail","6":"product_brand-bettersize-instruments-ltd","7":"product_cat-analitine-iranga","8":"product_cat-laboratorine-iranga","9":"product_cat-medziagu-savybiu-nustatymo-prietaisai","10":"product_tag-bettersize-instruments-ltd","11":"product_tag-dinaminio-vaizdo-analizatoriai","12":"product_tag-dynamic-image-analyzers","14":"first","15":"onbackorder","16":"shipping-taxable","17":"purchasable","18":"product-type-simple"},"_links":{"self":[{"href":"https:\/\/labostera.lt\/lv\/wp-json\/wp\/v2\/product\/17599","targetHints":{"allow":["GET"]}}],"collection":[{"href":"https:\/\/labostera.lt\/lv\/wp-json\/wp\/v2\/product"}],"about":[{"href":"https:\/\/labostera.lt\/lv\/wp-json\/wp\/v2\/types\/product"}],"wp:featuredmedia":[{"embeddable":true,"href":"https:\/\/labostera.lt\/lv\/wp-json\/wp\/v2\/media\/17600"}],"wp:attachment":[{"href":"https:\/\/labostera.lt\/lv\/wp-json\/wp\/v2\/media?parent=17599"}],"wp:term":[{"taxonomy":"product_cat","embeddable":true,"href":"https:\/\/labostera.lt\/lv\/wp-json\/wp\/v2\/product_cat?post=17599"},{"taxonomy":"product_tag","embeddable":true,"href":"https:\/\/labostera.lt\/lv\/wp-json\/wp\/v2\/product_tag?post=17599"}],"curies":[{"name":"wp","href":"https:\/\/api.w.org\/{rel}","templated":true}]}}