{"id":17593,"date":"2024-01-11T12:12:48","date_gmt":"2024-01-11T12:12:48","guid":{"rendered":"http:\/\/labostera.lt\/?post_type=product&#038;p=17593"},"modified":"2024-01-23T18:07:50","modified_gmt":"2024-01-23T16:07:50","slug":"automatinio-statinio-vaizdo-analizatorius-bettersize-instruments-bevision-m1-automatic-static-image-analyzer","status":"publish","type":"product","link":"https:\/\/labostera.lt\/lv\/priemones-ir-iranga\/laboratorine-iranga\/analitine-iranga\/medziagu-savybiu-nustatymo-prietaisai\/automatinio-statinio-vaizdo-analizatorius-bettersize-instruments-bevision-m1-automatic-static-image-analyzer\/","title":{"rendered":"Bettersize Instruments BeVision M1 autom\u0101tiskais statisko att\u0113lu analizators"},"content":{"rendered":"<h2><strong>Bettersize Instruments Ltd. BeVision M1 autom\u0101tiskais statisko att\u0113lu analizators<\/strong><\/h2>\n<p>BeVision M1 ir automatiz\u0113ta att\u0113lu sken\u0113\u0161anas sist\u0113ma, kas \u012bpa\u0161i izstr\u0101d\u0101ta filtru da\u013ci\u0146u t\u012br\u012bbas anal\u012bzei. Apr\u012bkots ar metalur\u0123isko mikroskopu, programm\u0113jamu motoriz\u0113tu platformu, autofokusa funkciju un augstas iz\u0161\u0137irtsp\u0113jas CMOS, BeVision M1 var uztvert un identific\u0113t katru atsevi\u0161\u0137o da\u013ci\u0146u, autom\u0101tiski apvienojot att\u0113lus liel\u0101 kop\u0113j\u0101 att\u0113l\u0101.<\/p>\n<ul>\n<li><strong>Funkcijas un priek\u0161roc\u012bbas:<\/strong>\n<ul>\n<li>M\u0113r\u012b\u0161anas diapazons: no 1 l\u012bdz 10 000 \u00b5m<\/li>\n<li>Rezult\u0101ti atbilst ISO 9276-6 standartam.<\/li>\n<li>Augsti reprodukt\u012bvie r\u0101d\u012bt\u0101ji<\/li>\n<li>\u0100trgaitas CCD kamera<\/li>\n<li>Jaud\u012bga programmat\u016bra atvieglo darbu<\/li>\n<li>Autom\u0101tisks paraugu stat\u012bvs ar augstu pozicion\u0113\u0161anas precizit\u0101ti<\/li>\n<li>24 da\u017e\u0101di da\u013ci\u0146u izm\u0113ra un formas parametri<\/li>\n<li>Svar\u012bga virsmas t\u012br\u012bbas m\u0113r\u012bjumu sast\u0101vda\u013ca<\/li>\n<\/ul>\n<\/li>\n<\/ul>\n<ol>\n<li><strong>K\u0101p\u0113c izv\u0113l\u0113ties att\u0113lu anal\u012bzes metodi?<\/strong>\n<ul>\n<li>Vienk\u0101r\u0161s<br \/>\nNofotograf\u0113jiet da\u013ci\u0146as, identific\u0113jiet t\u0101s un p\u0113c tam izm\u0113riet to izm\u0113ru un formu. Katrs att\u0113la anal\u012bzes solis ir vienk\u0101r\u0161s un skaidrs.<\/li>\n<li>Formas anal\u012bze<br \/>\nPamatojoties uz da\u013ci\u0146u tie\u0161u apskati, ir iesp\u0113jams analiz\u0113t ne tikai da\u013ci\u0146u izm\u0113ru, bet ar\u012b to formu.<\/li>\n<li>Redz\u0113t noz\u012bm\u0113 tic\u0113t<br \/>\nAtt\u0113lu anal\u012bzes metode nosaka katras atsevi\u0161\u0137\u0101s da\u013ci\u0146as izm\u0113ru un formu un p\u0113c tam tos statistiski samazina. Var prec\u012bzi zi\u0146ot par da\u013ci\u0146u izm\u0113ra vai formas sadal\u012bjumu.<\/li>\n<\/ul>\n<\/li>\n<li><strong>K\u0101p\u0113c izv\u0113l\u0113ties statisk\u0101s att\u0113lu anal\u012bzes metodi?<\/strong>\n<ul>\n<li>Skaidrs skats<br \/>\nStatiskaj\u0101 att\u0113lu anal\u012bz\u0113 mikroskopi un augstas iz\u0161\u0137irtsp\u0113jas kameras ir specializ\u0113tas augstas kvalit\u0101tes da\u013ci\u0146u att\u0113lu ieg\u016b\u0161anai.<\/li>\n<li>Jut\u012bba pret maz\u0101m da\u013ci\u0146\u0101m<br \/>\nStatisk\u0101 att\u0113la anal\u012bzes metode ir jut\u012bga pret maz\u0101m da\u013ci\u0146\u0101m; ir iesp\u0113jams pat nov\u0113rt\u0113t mazu da\u013ci\u0146u izm\u0113ru.<\/li>\n<li>Mazs parauga tilpums<br \/>\nStatisk\u0101s att\u0113la anal\u012bzes metodei pietiek ar nelielu parauga tilpumu. M\u0113r\u012b\u0161anai pietiek ar da\u017eiem pilieniem emulsijas vai da\u017eiem mikrogramiem pulvera.<\/li>\n<\/ul>\n<\/li>\n<li><strong>Efekt\u012bva sken\u0113\u0161ana un panor\u0101mas re\u017e\u012bms<\/strong>\n<ol>\n<li><strong>Sken\u0113\u0161anas re\u017e\u012bms<\/strong><br \/>\nBeVision M1 sken\u0113\u0161anas re\u017e\u012bma darbpl\u016bsma ir vispirms uz\u0146emt fotoatt\u0113lu, p\u0113c tam analiz\u0113t att\u0113lu, stat\u012bvam p\u0101rvietojoties, uz\u0146emt v\u0113l vienu fotoatt\u0113lu, kad stat\u012bvs sasniedz jaunu poz\u012bciju, un atk\u0101rtot \u0161o procesu.<br \/>\nBeVision programmat\u016bra sken\u0113\u0161anas procesa laik\u0101 att\u0113lo rezult\u0101tus tie\u0161raid\u0113. Sken\u0113\u0161anas re\u017e\u012bms tiek pla\u0161i izmantots t\u0101 efektivit\u0101tes un uzticam\u012bbas d\u0113\u013c.<br \/>\n<img fetchpriority=\"high\" decoding=\"async\" width=\"664\" height=\"476\" class=\"aligncenter size-medium wp-image-17594\" src=\"http:\/\/labostera.lt\/wp-content\/uploads\/2024\/01\/the_workflow_of_the_bevision_m1.jpg\" alt=\"Workflow of the BeVision M1\" srcset=\"https:\/\/labostera.lt\/wp-content\/uploads\/2024\/01\/the_workflow_of_the_bevision_m1.jpg 664w, https:\/\/labostera.lt\/wp-content\/uploads\/2024\/01\/the_workflow_of_the_bevision_m1-570x409.jpg 570w, https:\/\/labostera.lt\/wp-content\/uploads\/2024\/01\/the_workflow_of_the_bevision_m1-600x430.jpg 600w, https:\/\/labostera.lt\/wp-content\/uploads\/2024\/01\/the_workflow_of_the_bevision_m1-300x215.jpg 300w\" sizes=\"(max-width: 664px) 100vw, 664px\" \/><\/p>\n<ul>\n<li>Efekt\u012bvs un uzticams sken\u0113\u0161anas re\u017e\u012bms<br \/>\nAutom\u0101tiskais sken\u0113\u0161anas process uzlabo test\u0113\u0161anas efektivit\u0101ti, vienlaikus uz\u0146emot att\u0113lus un p\u0101rvietojot stat\u012bvu, t\u0101d\u0113j\u0101di palielinot efektivit\u0101ti n\u0101kamaj\u0101 l\u012bmen\u012b. Efekt\u012bvais sken\u0113\u0161anas re\u017e\u012bms analiz\u0113 daudzas da\u013ci\u0146as vien\u0101 test\u0101, t\u0101d\u0113j\u0101di palielinot rezult\u0101ta statistisko noz\u012bm\u012bgumu.<br \/>\n<img decoding=\"async\" width=\"1000\" height=\"406\" class=\"aligncenter size-medium wp-image-17595\" src=\"http:\/\/labostera.lt\/wp-content\/uploads\/2024\/01\/efficient_and_reliable_scanning_mode.jpg\" alt=\"Efficient and Reliable Scanning Mode\" srcset=\"https:\/\/labostera.lt\/wp-content\/uploads\/2024\/01\/efficient_and_reliable_scanning_mode.jpg 1000w, https:\/\/labostera.lt\/wp-content\/uploads\/2024\/01\/efficient_and_reliable_scanning_mode-570x231.jpg 570w, https:\/\/labostera.lt\/wp-content\/uploads\/2024\/01\/efficient_and_reliable_scanning_mode-600x244.jpg 600w, https:\/\/labostera.lt\/wp-content\/uploads\/2024\/01\/efficient_and_reliable_scanning_mode-300x122.jpg 300w, https:\/\/labostera.lt\/wp-content\/uploads\/2024\/01\/efficient_and_reliable_scanning_mode-768x312.jpg 768w\" sizes=\"(max-width: 1000px) 100vw, 1000px\" \/><\/li>\n<\/ul>\n<\/li>\n<li><strong>Panor\u0101mas re\u017e\u012bms<\/strong><br \/>\nPanor\u0101mas re\u017e\u012bms ir atsevi\u0161\u0137u att\u0113lu apvieno\u0161ana panor\u0101m\u0101 pirms to anal\u012bzes. Ar panor\u0101mu ir viegli izm\u0113r\u012bt visu da\u013ci\u0146u skaitu noteikt\u0101 re\u0123ion\u0101, k\u0101 ar\u012b katras da\u013ci\u0146as izm\u0113ru un formu, pat ja da\u013ci\u0146a ir liela. Prec\u012bza da\u013ci\u0146u skait\u012b\u0161ana ir \u013coti svar\u012bga da\u017e\u0101d\u0101s nozar\u0113s, piem\u0113ram, autob\u016bves vai farm\u0101cijas r\u016bpniec\u012bb\u0101.<\/p>\n<ul>\n<li><strong>Makrov\u012bzijas apvieno\u0161ana ar mikrodeta\u013c\u0101m<\/strong><br \/>\nBeVision M1 veido panor\u0101mas, kas fiks\u0113 visas izstarot\u0101s da\u013ci\u0146as milimetra l\u012bme\u0146a re\u0123ion\u0101 un saglab\u0101 to formas deta\u013cas. Skaidra panor\u0101ma pal\u012bdz prec\u012bzi saskait\u012bt da\u013ci\u0146as makrore\u0123ion\u0101 un analiz\u0113t da\u013ci\u0146u izm\u0113ru un formu bez jebk\u0101diem atlikumiem.<br \/>\n<img decoding=\"async\" width=\"577\" height=\"392\" class=\"aligncenter size-medium wp-image-17596\" src=\"http:\/\/labostera.lt\/wp-content\/uploads\/2024\/01\/bevision_m1_panoramic_mode_.jpg\" alt=\"BeVision M1 Panoramic Mode\" srcset=\"https:\/\/labostera.lt\/wp-content\/uploads\/2024\/01\/bevision_m1_panoramic_mode_.jpg 577w, https:\/\/labostera.lt\/wp-content\/uploads\/2024\/01\/bevision_m1_panoramic_mode_-570x387.jpg 570w, https:\/\/labostera.lt\/wp-content\/uploads\/2024\/01\/bevision_m1_panoramic_mode_-300x204.jpg 300w\" sizes=\"(max-width: 577px) 100vw, 577px\" \/><\/li>\n<\/ul>\n<\/li>\n<\/ol>\n<\/li>\n<li><strong>Da\u013ci\u0146u izm\u0113ra un formas parametri:<\/strong>\n<ul>\n<li style=\"list-style-type: none;\">\n<ul>\n<li><strong>Izm\u0113ra parametri:<\/strong><br \/>\nEkvivalenti diametri: laukuma ekvivalentais diametrs, perimetra ekvivalentais diametrs;<br \/>\nSesku diametri: maksim\u0101lais un minim\u0101lais sesku diametrs, XLF (\u201cgarums\u201d);<br \/>\nM\u0101rti\u0146a diametri: maksim\u0101lais un minim\u0101lais M\u0101rti\u0146a diametrs;<br \/>\nLe\u0123endas elipse: liel\u0101 un maz\u0101 ass;<br \/>\n<img loading=\"lazy\" decoding=\"async\" width=\"1000\" height=\"845\" class=\"aligncenter size-medium wp-image-17597\" src=\"http:\/\/labostera.lt\/wp-content\/uploads\/2024\/01\/bevision_m1_size_parameters.jpg\" alt=\"BeVision M1 Size Parameters\" srcset=\"https:\/\/labostera.lt\/wp-content\/uploads\/2024\/01\/bevision_m1_size_parameters.jpg 1000w, https:\/\/labostera.lt\/wp-content\/uploads\/2024\/01\/bevision_m1_size_parameters-570x482.jpg 570w, https:\/\/labostera.lt\/wp-content\/uploads\/2024\/01\/bevision_m1_size_parameters-600x507.jpg 600w, https:\/\/labostera.lt\/wp-content\/uploads\/2024\/01\/bevision_m1_size_parameters-300x254.jpg 300w, https:\/\/labostera.lt\/wp-content\/uploads\/2024\/01\/bevision_m1_size_parameters-768x649.jpg 768w\" sizes=\"(max-width: 1000px) 100vw, 1000px\" \/><\/li>\n<li><strong>Formas parametri:<\/strong><br \/>\nAt\u0161\u0137ir\u012bbas lielums divos virzienos: malu attiec\u012bba, garuma\/platuma attiec\u012bba, eliptiskuma attiec\u012bba;<br \/>\nApa\u013cumam un vertik\u0101lai formai: apa\u013cums, nel\u012bdzenums, bl\u012bvums, izple\u0161an\u0101s koeficients, kastes koeficients;<br \/>\nKont\u016bras plaisa: plaisa, izliekums, bl\u012bvums;<br \/>\nGarenisk\u0101m da\u013ci\u0146\u0101m: pagarin\u0101jums, taisnums;<br \/>\n<img loading=\"lazy\" decoding=\"async\" width=\"997\" height=\"1000\" class=\"aligncenter size-medium wp-image-17590\" src=\"http:\/\/labostera.lt\/wp-content\/uploads\/2024\/01\/shape-parameters.jpg\" alt=\"BeVision S1 Shape Parameters\" srcset=\"https:\/\/labostera.lt\/wp-content\/uploads\/2024\/01\/shape-parameters.jpg 997w, https:\/\/labostera.lt\/wp-content\/uploads\/2024\/01\/shape-parameters-570x572.jpg 570w, https:\/\/labostera.lt\/wp-content\/uploads\/2024\/01\/shape-parameters-100x100.jpg 100w, https:\/\/labostera.lt\/wp-content\/uploads\/2024\/01\/shape-parameters-600x602.jpg 600w, https:\/\/labostera.lt\/wp-content\/uploads\/2024\/01\/shape-parameters-300x300.jpg 300w, https:\/\/labostera.lt\/wp-content\/uploads\/2024\/01\/shape-parameters-150x150.jpg 150w, https:\/\/labostera.lt\/wp-content\/uploads\/2024\/01\/shape-parameters-768x770.jpg 768w\" sizes=\"(max-width: 997px) 100vw, 997px\" \/><\/li>\n<\/ul>\n<\/li>\n<\/ul>\n<\/li>\n<li><strong>BeVision programmat\u016bra: Vizualiz\u0113jiet ieskatu ieg\u016b\u0161anai:<\/strong><br \/>\n<img loading=\"lazy\" decoding=\"async\" width=\"2213\" height=\"2614\" class=\"aligncenter size-medium wp-image-17589\" src=\"http:\/\/labostera.lt\/wp-content\/uploads\/2024\/01\/bevision_s1_bevision_software.png\" alt=\"BeVision S1 Software\" srcset=\"https:\/\/labostera.lt\/wp-content\/uploads\/2024\/01\/bevision_s1_bevision_software.png 2213w, https:\/\/labostera.lt\/wp-content\/uploads\/2024\/01\/bevision_s1_bevision_software-570x673.png 570w, https:\/\/labostera.lt\/wp-content\/uploads\/2024\/01\/bevision_s1_bevision_software-600x709.png 600w, https:\/\/labostera.lt\/wp-content\/uploads\/2024\/01\/bevision_s1_bevision_software-254x300.png 254w, https:\/\/labostera.lt\/wp-content\/uploads\/2024\/01\/bevision_s1_bevision_software-867x1024.png 867w, https:\/\/labostera.lt\/wp-content\/uploads\/2024\/01\/bevision_s1_bevision_software-768x907.png 768w, https:\/\/labostera.lt\/wp-content\/uploads\/2024\/01\/bevision_s1_bevision_software-1300x1536.png 1300w, https:\/\/labostera.lt\/wp-content\/uploads\/2024\/01\/bevision_s1_bevision_software-1734x2048.png 1734w\" sizes=\"(max-width: 2213px) 100vw, 2213px\" \/><\/li>\n<\/ol>\n<h3>Analizatori \u2013 <a href=\"http:\/\/labostera.lt\/lv\/product-brand\/bettersize-instruments-ltd\/\" target=\"_blank\" rel=\"noopener\">Lab\u0101ks izm\u0113rs<\/a><\/h3>\n<p>Vair\u0101k inform\u0101cijas: <a href=\"https:\/\/www.bettersizeinstruments.com\/products\/bevision-m1-image-scanning-particle-size-analyzer\/\" target=\"_blank\" rel=\"noopener nofollow\">ra\u017eot\u0101ja t\u012bmek\u013ca vietn\u0113<\/a> vai nos\u016btiet mums piepras\u012bjumu!<\/p>","protected":false},"excerpt":{"rendered":"<p>&#8222;Bettersize Instruments Ltd.&#8221; BeVision M1 automatinio statinio vaizdo analizatorius BeVision M1 yra automatizuota vaizdo skenavimo sistema, skirta ypa\u010d tiktinai filtr\u0173 daleli\u0173 \u0161varumo analizei. Apr\u016bpinta metalurginiu mikroskopu, programuojamu motorizuotu stendu, automatinio fokusavimo funkcija ir auk\u0161tos rai\u0161kos CMOS, BeVision M1 gali u\u017efiksuoti ir atpa\u017einti kiekvien\u0105 atskir\u0105 dalel\u0119, automati\u0161kai suvedant vaizdus \u012f didel\u012f bendr\u0105 vaizd\u0105. Savyb\u0117s ir privalumai: [&hellip;]<\/p>\n","protected":false},"featured_media":17598,"template":"","meta":[],"product_cat":[82,76,101],"product_tag":[565,585,586],"class_list":{"0":"post-17593","1":"product","2":"type-product","3":"status-publish","4":"has-post-thumbnail","6":"product_brand-bettersize-instruments-ltd","7":"product_cat-analitine-iranga","8":"product_cat-laboratorine-iranga","9":"product_cat-medziagu-savybiu-nustatymo-prietaisai","10":"product_tag-bettersize-instruments-ltd","11":"product_tag-static-image-analyzers","12":"product_tag-statinio-vaizdo-analizatoriai","14":"first","15":"onbackorder","16":"shipping-taxable","17":"purchasable","18":"product-type-simple"},"_links":{"self":[{"href":"https:\/\/labostera.lt\/lv\/wp-json\/wp\/v2\/product\/17593","targetHints":{"allow":["GET"]}}],"collection":[{"href":"https:\/\/labostera.lt\/lv\/wp-json\/wp\/v2\/product"}],"about":[{"href":"https:\/\/labostera.lt\/lv\/wp-json\/wp\/v2\/types\/product"}],"wp:featuredmedia":[{"embeddable":true,"href":"https:\/\/labostera.lt\/lv\/wp-json\/wp\/v2\/media\/17598"}],"wp:attachment":[{"href":"https:\/\/labostera.lt\/lv\/wp-json\/wp\/v2\/media?parent=17593"}],"wp:term":[{"taxonomy":"product_cat","embeddable":true,"href":"https:\/\/labostera.lt\/lv\/wp-json\/wp\/v2\/product_cat?post=17593"},{"taxonomy":"product_tag","embeddable":true,"href":"https:\/\/labostera.lt\/lv\/wp-json\/wp\/v2\/product_tag?post=17593"}],"curies":[{"name":"wp","href":"https:\/\/api.w.org\/{rel}","templated":true}]}}