{"id":17588,"date":"2024-01-11T11:10:30","date_gmt":"2024-01-11T11:10:30","guid":{"rendered":"http:\/\/labostera.lt\/?post_type=product&#038;p=17588"},"modified":"2024-01-23T17:52:27","modified_gmt":"2024-01-23T15:52:27","slug":"statinio-vaizdo-analizatorius-bettersize-instruments-bevision-s1-static-image-analyzer","status":"publish","type":"product","link":"https:\/\/labostera.lt\/lv\/priemones-ir-iranga\/laboratorine-iranga\/analitine-iranga\/medziagu-savybiu-nustatymo-prietaisai\/statinio-vaizdo-analizatorius-bettersize-instruments-bevision-s1-static-image-analyzer\/","title":{"rendered":"Statisk\u0101 att\u0113lu analizators Bettersize Instruments BeVision S1 statisk\u0101 att\u0113lu analizators"},"content":{"rendered":"<h2><strong>Bettersize Instruments Ltd. BeVision S1 statisk\u0101 att\u0113la analizators<\/strong><\/h2>\n<p>BeVision S1 apvieno gaismas mikroskopijas un att\u0113lu anal\u012bzes metodes, nodro\u0161inot skaidru un prec\u012bzu pulveru vai suspensiju izm\u0113ra un formas sadal\u012bjumu. Ar savu augsto 100x precizit\u0101ti BeVision S1 var efekt\u012bvi analiz\u0113t un uztvert da\u013ci\u0146as, kuru izm\u0113rs ir pat 1 \u03bcm.<\/p>\n<ul>\n<li><strong>Funkcijas un priek\u0161roc\u012bbas:<\/strong>\n<ul>\n<li>M\u0113r\u012b\u0161anas diapazons: no 1 l\u012bdz 3000 \u00b5m<\/li>\n<li>24 da\u017e\u0101di da\u013ci\u0146u izm\u0113ra un formas parametri<\/li>\n<li>Mode\u013ci pieejami da\u017e\u0101diem pielietojumiem<\/li>\n<li>M\u0113r\u012bjumi gan sausos, gan mitros apst\u0101k\u013cos<\/li>\n<li>Rezult\u0101ti atbilst ISO 9276-6 standartam.<\/li>\n<li>Bud\u017eetam draudz\u012bga alternat\u012bva \u0161\u0137\u012bduma da\u013ci\u0146u anal\u012bzei<\/li>\n<li>Jaud\u012bga programmat\u016bra atvieglo darbu<\/li>\n<li>Piem\u0113roti zi\u0146ojumi da\u017e\u0101d\u0101m nov\u0113rt\u0113\u0161anas iesp\u0113j\u0101m<\/li>\n<\/ul>\n<\/li>\n<\/ul>\n<ol>\n<li><strong>K\u0101p\u0113c izv\u0113l\u0113ties att\u0113lu anal\u012bzes metodi?<\/strong>\n<ul>\n<li>Vienk\u0101r\u0161s<br \/>\nNofotograf\u0113jiet da\u013ci\u0146as, identific\u0113jiet t\u0101s un p\u0113c tam izm\u0113riet to izm\u0113ru un formu. Katrs att\u0113la anal\u012bzes solis ir vienk\u0101r\u0161s un skaidrs.<\/li>\n<li>Formas anal\u012bze<br \/>\nPamatojoties uz da\u013ci\u0146u tie\u0161u apskati, ir iesp\u0113jams analiz\u0113t ne tikai da\u013ci\u0146u izm\u0113ru, bet ar\u012b to formu.<\/li>\n<li>Redz\u0113t noz\u012bm\u0113 tic\u0113t<br \/>\nAtt\u0113lu anal\u012bzes metode nosaka katras atsevi\u0161\u0137\u0101s da\u013ci\u0146as izm\u0113ru un formu un p\u0113c tam tos statistiski samazina. Var prec\u012bzi zi\u0146ot par da\u013ci\u0146u izm\u0113ra vai formas sadal\u012bjumu.<\/li>\n<\/ul>\n<\/li>\n<li><strong>K\u0101p\u0113c izv\u0113l\u0113ties statisk\u0101s att\u0113lu anal\u012bzes metodi?<\/strong>\n<ul>\n<li>Skaidrs skats<br \/>\nStatiskaj\u0101 att\u0113lu anal\u012bz\u0113 mikroskopi un augstas iz\u0161\u0137irtsp\u0113jas kameras ir specializ\u0113tas augstas kvalit\u0101tes da\u013ci\u0146u att\u0113lu ieg\u016b\u0161anai.<\/li>\n<li>Jut\u012bba pret maz\u0101m da\u013ci\u0146\u0101m<br \/>\nStatisk\u0101 att\u0113la anal\u012bzes metode ir jut\u012bga pret maz\u0101m da\u013ci\u0146\u0101m; ir iesp\u0113jams pat nov\u0113rt\u0113t mazu da\u013ci\u0146u izm\u0113ru.<\/li>\n<li>Mazs parauga tilpums<br \/>\nStatisk\u0101s att\u0113la anal\u012bzes metodei pietiek ar nelielu parauga tilpumu. M\u0113r\u012b\u0161anai pietiek ar da\u017eiem pilieniem emulsijas vai da\u017eiem mikrogramiem pulvera.<\/li>\n<\/ul>\n<\/li>\n<li><strong>Da\u013ci\u0146u izm\u0113ra un formas parametri:<\/strong>\n<ul>\n<li><strong>Izm\u0113ra parametri:<\/strong><br \/>\nEkvivalenti diametri: laukuma ekvivalentais diametrs, perimetra ekvivalentais diametrs;<br \/>\nSesku diametri: maksim\u0101lais un minim\u0101lais sesku diametrs, XLF (\u201cgarums\u201d);<br \/>\nM\u0101rti\u0146a diametri: maksim\u0101lais un minim\u0101lais M\u0101rti\u0146a diametrs;<br \/>\nLe\u0123endas elipse: liel\u0101 un maz\u0101 ass;<br \/>\n<img fetchpriority=\"high\" decoding=\"async\" width=\"1000\" height=\"845\" class=\"aligncenter size-medium wp-image-17591\" src=\"http:\/\/labostera.lt\/wp-content\/uploads\/2024\/01\/bevision_s1_size_parameters.jpg\" alt=\"BeVision S1 Size Parameters\" srcset=\"https:\/\/labostera.lt\/wp-content\/uploads\/2024\/01\/bevision_s1_size_parameters.jpg 1000w, https:\/\/labostera.lt\/wp-content\/uploads\/2024\/01\/bevision_s1_size_parameters-570x482.jpg 570w, https:\/\/labostera.lt\/wp-content\/uploads\/2024\/01\/bevision_s1_size_parameters-600x507.jpg 600w, https:\/\/labostera.lt\/wp-content\/uploads\/2024\/01\/bevision_s1_size_parameters-300x254.jpg 300w, https:\/\/labostera.lt\/wp-content\/uploads\/2024\/01\/bevision_s1_size_parameters-768x649.jpg 768w\" sizes=\"(max-width: 1000px) 100vw, 1000px\" \/><\/li>\n<li><strong>Formas parametri:<\/strong><br \/>\nAt\u0161\u0137ir\u012bbas lielums divos virzienos: malu attiec\u012bba, garuma\/platuma attiec\u012bba, eliptiskuma attiec\u012bba;<br \/>\nApa\u013cumam un vertik\u0101lai formai: apa\u013cums, nel\u012bdzenums, bl\u012bvums, izple\u0161an\u0101s koeficients, kastes koeficients;<br \/>\nKont\u016bras plaisa: plaisa, izliekums, bl\u012bvums;<br \/>\nGarenisk\u0101m da\u013ci\u0146\u0101m: pagarin\u0101jums, taisnums;<br \/>\n<img decoding=\"async\" width=\"997\" height=\"1000\" class=\"aligncenter size-medium wp-image-17590\" src=\"http:\/\/labostera.lt\/wp-content\/uploads\/2024\/01\/shape-parameters.jpg\" alt=\"BeVision S1 Shape Parameters\" srcset=\"https:\/\/labostera.lt\/wp-content\/uploads\/2024\/01\/shape-parameters.jpg 997w, https:\/\/labostera.lt\/wp-content\/uploads\/2024\/01\/shape-parameters-570x572.jpg 570w, https:\/\/labostera.lt\/wp-content\/uploads\/2024\/01\/shape-parameters-100x100.jpg 100w, https:\/\/labostera.lt\/wp-content\/uploads\/2024\/01\/shape-parameters-600x602.jpg 600w, https:\/\/labostera.lt\/wp-content\/uploads\/2024\/01\/shape-parameters-300x300.jpg 300w, https:\/\/labostera.lt\/wp-content\/uploads\/2024\/01\/shape-parameters-150x150.jpg 150w, https:\/\/labostera.lt\/wp-content\/uploads\/2024\/01\/shape-parameters-768x770.jpg 768w\" sizes=\"(max-width: 997px) 100vw, 997px\" \/><\/li>\n<\/ul>\n<\/li>\n<li><strong>BeVision programmat\u016bra: Vizualiz\u0113jiet ieskatu ieg\u016b\u0161anai:<\/strong><br \/>\n<img decoding=\"async\" width=\"2213\" height=\"2614\" class=\"aligncenter size-medium wp-image-17589\" src=\"http:\/\/labostera.lt\/wp-content\/uploads\/2024\/01\/bevision_s1_bevision_software.png\" alt=\"BeVision S1 Software\" srcset=\"https:\/\/labostera.lt\/wp-content\/uploads\/2024\/01\/bevision_s1_bevision_software.png 2213w, https:\/\/labostera.lt\/wp-content\/uploads\/2024\/01\/bevision_s1_bevision_software-570x673.png 570w, https:\/\/labostera.lt\/wp-content\/uploads\/2024\/01\/bevision_s1_bevision_software-600x709.png 600w, https:\/\/labostera.lt\/wp-content\/uploads\/2024\/01\/bevision_s1_bevision_software-254x300.png 254w, https:\/\/labostera.lt\/wp-content\/uploads\/2024\/01\/bevision_s1_bevision_software-867x1024.png 867w, https:\/\/labostera.lt\/wp-content\/uploads\/2024\/01\/bevision_s1_bevision_software-768x907.png 768w, https:\/\/labostera.lt\/wp-content\/uploads\/2024\/01\/bevision_s1_bevision_software-1300x1536.png 1300w, https:\/\/labostera.lt\/wp-content\/uploads\/2024\/01\/bevision_s1_bevision_software-1734x2048.png 1734w\" sizes=\"(max-width: 2213px) 100vw, 2213px\" \/><\/li>\n<\/ol>\n<h3>Analizatori \u2013 <a href=\"http:\/\/labostera.lt\/lv\/product-brand\/bettersize-instruments-ltd\/\" target=\"_blank\" rel=\"noopener\">Lab\u0101ks izm\u0113rs<\/a><\/h3>\n<p>Vair\u0101k inform\u0101cijas: <a href=\"https:\/\/www.bettersizeinstruments.com\/products\/bevision-s1-image-particle-size-analyzer\/\" target=\"_blank\" rel=\"noopener nofollow\">ra\u017eot\u0101ja t\u012bmek\u013ca vietn\u0113<\/a> vai nos\u016btiet mums piepras\u012bjumu!<\/p>","protected":false},"excerpt":{"rendered":"<p>&#8222;Bettersize Instruments Ltd.&#8221; BeVision S1 statinio vaizdo analizatorius BeVision S1 jungia \u0161viesiosios mikroskopijos ir vaizdo analiz\u0117s metodus, suteikianti ai\u0161kius ir tikslus milteli\u0173 ar suspensij\u0173 dyd\u017eio ir formos pasiskirstymus. Su did\u017eiuoju 100x tikslumu BeVision S1 galima efektyviai analizuoti ir u\u017efiksuoti net 1\u03bcm daleles. Savyb\u0117s ir privalumai: Matavimo diapazonas: nuo 1 iki 3,000 \u00b5m 24 skirtingi daleli\u0173 [&hellip;]<\/p>\n","protected":false},"featured_media":17592,"template":"","meta":[],"product_cat":[82,76,101],"product_tag":[565,585,586],"class_list":{"0":"post-17588","1":"product","2":"type-product","3":"status-publish","4":"has-post-thumbnail","6":"product_brand-bettersize-instruments-ltd","7":"product_cat-analitine-iranga","8":"product_cat-laboratorine-iranga","9":"product_cat-medziagu-savybiu-nustatymo-prietaisai","10":"product_tag-bettersize-instruments-ltd","11":"product_tag-static-image-analyzers","12":"product_tag-statinio-vaizdo-analizatoriai","14":"first","15":"onbackorder","16":"shipping-taxable","17":"purchasable","18":"product-type-simple"},"_links":{"self":[{"href":"https:\/\/labostera.lt\/lv\/wp-json\/wp\/v2\/product\/17588","targetHints":{"allow":["GET"]}}],"collection":[{"href":"https:\/\/labostera.lt\/lv\/wp-json\/wp\/v2\/product"}],"about":[{"href":"https:\/\/labostera.lt\/lv\/wp-json\/wp\/v2\/types\/product"}],"wp:featuredmedia":[{"embeddable":true,"href":"https:\/\/labostera.lt\/lv\/wp-json\/wp\/v2\/media\/17592"}],"wp:attachment":[{"href":"https:\/\/labostera.lt\/lv\/wp-json\/wp\/v2\/media?parent=17588"}],"wp:term":[{"taxonomy":"product_cat","embeddable":true,"href":"https:\/\/labostera.lt\/lv\/wp-json\/wp\/v2\/product_cat?post=17588"},{"taxonomy":"product_tag","embeddable":true,"href":"https:\/\/labostera.lt\/lv\/wp-json\/wp\/v2\/product_tag?post=17588"}],"curies":[{"name":"wp","href":"https:\/\/api.w.org\/{rel}","templated":true}]}}