{"id":17584,"date":"2024-01-11T09:44:29","date_gmt":"2024-01-11T09:44:29","guid":{"rendered":"http:\/\/labostera.lt\/?post_type=product&#038;p=17584"},"modified":"2024-01-23T17:47:15","modified_gmt":"2024-01-23T15:47:15","slug":"automatinis-biriu-medziagu-charakteristikos-analizatorius-bettersize-instruments-powderpro-a1-automatic-powder-characteristic-analyzer","status":"publish","type":"product","link":"https:\/\/labostera.lt\/lv\/priemones-ir-iranga\/laboratorine-iranga\/analitine-iranga\/medziagu-savybiu-nustatymo-prietaisai\/automatinis-biriu-medziagu-charakteristikos-analizatorius-bettersize-instruments-powderpro-a1-automatic-powder-characteristic-analyzer\/","title":{"rendered":"Bettersize Instruments PowderPro A1 autom\u0101tiskais pulvera raksturlielumu analizators"},"content":{"rendered":"<h2><strong>Bettersize Instruments Ltd. PowderPro A1 autom\u0101tiskais beramkravu raksturojuma analizators<\/strong><\/h2>\n<p>Pulvera \u012bpa\u0161\u012bbu testeris PowderPro A1 integr\u0113 daudzas jaun\u0101k\u0101s tehnolo\u0123ijas, piem\u0113ram, inteli\u0123entu vad\u012bbu, izmantojot Wi-Fi, att\u0113lu apstr\u0101des tehnolo\u0123iju un 3D elektromagn\u0113tisk\u0101s vibr\u0101cijas tehnolo\u0123iju. Tas var \u0101tri, vienk\u0101r\u0161i un prec\u012bzi izm\u0113r\u012bt pulveru fizik\u0101l\u0101s \u012bpa\u0161\u012bbas. K\u0101 vieds pulvera \u012bpa\u0161\u012bbu testeris, tas ir b\u016btisks r\u012bks, kas pal\u012bdz izprast un p\u0113t\u012bt pulvermateri\u0101lus.<\/p>\n<ul>\n<li style=\"list-style-type: none;\"><strong>Funkcijas un priek\u0161roc\u012bbas:<\/strong>\n<ul>\n<li>Kompakts dizains<\/li>\n<li>Daudzkrit\u0113riju p\u0101rvald\u012bba<\/li>\n<li>\u0112rta datu izvade<\/li>\n<li>Vieda datu p\u0101rs\u016bt\u012b\u0161ana<\/li>\n<li>Automatiz\u0113ta vad\u012bba un video tehnolo\u0123ija<\/li>\n<\/ul>\n<\/li>\n<\/ul>\n<ul>\n<li style=\"list-style-type: none;\"><strong>PowderPro A1 testera funkcijas un priek\u0161roc\u012bbas:<\/strong>\n<ol>\n<li><strong>Izm\u0113r\u012btie un apr\u0113\u0137in\u0101tie parametri:<\/strong><br \/>\nAutom\u0101tiski m\u0113ra le\u0146\u0137i, nos\u0113\u0161an\u0101s le\u0146\u0137i, l\u0101psti\u0146as le\u0146\u0137i, graudu un tekst\u016bras bl\u012bvumu, dispersiju un citus datus. Apr\u0113\u0137ina diver\u0123ences, saspie\u0161anas, vienm\u0113r\u012bguma utt. le\u0146\u0137i.<\/li>\n<li><strong>Le\u0146\u0137u m\u0113r\u012b\u0161ana, izmantojot att\u0113la metodi:<\/strong><br \/>\nFotograf\u0113\u0161anas augstas iz\u0161\u0137irtsp\u0113jas CCD tehnolo\u0123ija nodro\u0161ina prec\u012bzus le\u0146\u0137a m\u0113r\u012bjumus.<\/li>\n<li><strong>Patent\u0113ta sl\u012bpuma vibr\u0101cijas tehnolo\u0123ija:<\/strong><br \/>\nNodro\u0161ina pulvera virsmas gludumu un palielina m\u0113r\u012bjumu precizit\u0101ti.<\/li>\n<li><strong>Automatiz\u0113t\u0101 vad\u012bbas tehnolo\u0123ija:<\/strong><br \/>\nPiln\u012bb\u0101 autom\u0101tiska vad\u012bba, izmantojot datoru vai mobilo ier\u012bci, nodro\u0161ina \u0113rtu lieto\u0161anu un uzticamus rezult\u0101tus.<\/li>\n<li><strong>Atbilst\u012bba:<\/strong><br \/>\nASTM D6393-08\/D6393-14, ISO 3953:1993, USP32-NF27&lt;616&gt;, EP7.0 07\/2010:20934E.<\/li>\n<li><strong>Datu komunik\u0101cija:<\/strong><br \/>\nElektroniskie svari autom\u0101tiski p\u0101rs\u016bta svara datus uz sist\u0113mu.<\/li>\n<li><strong>Uzlabotas bl\u012bvuma tehnolo\u0123ijas ir k\u013cuvu\u0161as par:<\/strong><br \/>\nMain\u012bga frekvence un sl\u012bpuma vibr\u0101cija nodro\u0161ina vienm\u0113r\u012bgu bl\u012bvumu, uzlabojot m\u0113r\u012bjumu precizit\u0101ti.<\/li>\n<li><strong>Izm\u0113ri:<\/strong>\n<ul>\n<li>Virziena le\u0146\u0137is<br \/>\n<img fetchpriority=\"high\" decoding=\"async\" width=\"600\" height=\"131\" class=\"aligncenter size-medium wp-image-17585\" src=\"http:\/\/labostera.lt\/wp-content\/uploads\/2024\/01\/measure_angle_of_repose.jpg\" alt=\"Measure Angle of Repose\" srcset=\"https:\/\/labostera.lt\/wp-content\/uploads\/2024\/01\/measure_angle_of_repose.jpg 600w, https:\/\/labostera.lt\/wp-content\/uploads\/2024\/01\/measure_angle_of_repose-570x124.jpg 570w, https:\/\/labostera.lt\/wp-content\/uploads\/2024\/01\/measure_angle_of_repose-300x66.jpg 300w\" sizes=\"(max-width: 600px) 100vw, 600px\" \/><\/li>\n<li>Beramkravu un saspiest\u0101 tilpuma bl\u012bvums<br \/>\n<img decoding=\"async\" width=\"600\" height=\"285\" class=\"aligncenter size-medium wp-image-17586\" src=\"http:\/\/labostera.lt\/wp-content\/uploads\/2024\/01\/measure_bulk_density_and_tapped_density.jpg\" alt=\"Measure Bulk Density and Tapped Density\" srcset=\"https:\/\/labostera.lt\/wp-content\/uploads\/2024\/01\/measure_bulk_density_and_tapped_density.jpg 600w, https:\/\/labostera.lt\/wp-content\/uploads\/2024\/01\/measure_bulk_density_and_tapped_density-570x271.jpg 570w, https:\/\/labostera.lt\/wp-content\/uploads\/2024\/01\/measure_bulk_density_and_tapped_density-300x143.jpg 300w\" sizes=\"(max-width: 600px) 100vw, 600px\" \/><\/li>\n<\/ul>\n<\/li>\n<\/ol>\n<\/li>\n<\/ul>\n<h3>Analizatori \u2013 <a href=\"http:\/\/labostera.lt\/lv\/product-brand\/bettersize-instruments-ltd\/\" target=\"_blank\" rel=\"noopener\">Lab\u0101ks izm\u0113rs<\/a><\/h3>\n<p>Vair\u0101k inform\u0101cijas: <a href=\"https:\/\/www.bettersizeinstruments.com\/products\/powderpro-a1-powder-characterization\/\" target=\"_blank\" rel=\"noopener nofollow\">ra\u017eot\u0101ja t\u012bmek\u013ca vietn\u0113<\/a> vai nos\u016btiet mums piepras\u012bjumu!<\/p>","protected":false},"excerpt":{"rendered":"<p>&#8222;Bettersize Instruments Ltd.&#8221; PowderPro A1 automatinio biri\u0173 med\u017eiag\u0173 charakteristikos analizatorius Pulverio savyb\u0117s testeris PowderPro A1 integruoja daugyb\u0119 naujausi\u0173 technologij\u0173, tokias kaip i\u0161manusis valdymas per Wi-Fi, vaizdo apdorojimo technologija ir 3D elektromagnetin\u0117 vibracijos technologij\u0105. Jis gali matuoti milteli\u0173 fizikines savybes greitu, paprastu ir tiksliu b\u016bdu. Kaip i\u0161manusis pulverio savybi\u0173 testeris, tai yra b\u016btinas \u012frankis, padedantis suprasti [&hellip;]<\/p>\n","protected":false},"featured_media":17587,"template":"","meta":[],"product_cat":[82,76,101],"product_tag":[565,582,581,578,579],"class_list":{"0":"post-17584","1":"product","2":"type-product","3":"status-publish","4":"has-post-thumbnail","6":"product_brand-bettersize-instruments-ltd","7":"product_cat-analitine-iranga","8":"product_cat-laboratorine-iranga","9":"product_cat-medziagu-savybiu-nustatymo-prietaisai","10":"product_tag-bettersize-instruments-ltd","11":"product_tag-bulk-density-analyzers","12":"product_tag-piltines-birios-medziagos-tankio-analizatoriai","13":"product_tag-suspaustos-birios-medziagos-tankio-analizatoriai","14":"product_tag-tap-density-analyzers","16":"first","17":"onbackorder","18":"shipping-taxable","19":"purchasable","20":"product-type-simple"},"_links":{"self":[{"href":"https:\/\/labostera.lt\/lv\/wp-json\/wp\/v2\/product\/17584","targetHints":{"allow":["GET"]}}],"collection":[{"href":"https:\/\/labostera.lt\/lv\/wp-json\/wp\/v2\/product"}],"about":[{"href":"https:\/\/labostera.lt\/lv\/wp-json\/wp\/v2\/types\/product"}],"wp:featuredmedia":[{"embeddable":true,"href":"https:\/\/labostera.lt\/lv\/wp-json\/wp\/v2\/media\/17587"}],"wp:attachment":[{"href":"https:\/\/labostera.lt\/lv\/wp-json\/wp\/v2\/media?parent=17584"}],"wp:term":[{"taxonomy":"product_cat","embeddable":true,"href":"https:\/\/labostera.lt\/lv\/wp-json\/wp\/v2\/product_cat?post=17584"},{"taxonomy":"product_tag","embeddable":true,"href":"https:\/\/labostera.lt\/lv\/wp-json\/wp\/v2\/product_tag?post=17584"}],"curies":[{"name":"wp","href":"https:\/\/api.w.org\/{rel}","templated":true}]}}