{"id":17564,"date":"2024-01-10T14:23:43","date_gmt":"2024-01-10T14:23:43","guid":{"rendered":"http:\/\/labostera.lt\/?post_type=product&#038;p=17564"},"modified":"2024-01-23T17:42:29","modified_gmt":"2024-01-23T15:42:29","slug":"piltines-birios-medziagos-tankio-ir-srauto-greicio-analizatorius-bettersize-instruments-hflow-1-bulk-density-and-flow-rate-analyzer","status":"publish","type":"product","link":"https:\/\/labostera.lt\/lv\/priemones-ir-iranga\/laboratorine-iranga\/analitine-iranga\/medziagu-savybiu-nustatymo-prietaisai\/piltines-birios-medziagos-tankio-ir-srauto-greicio-analizatorius-bettersize-instruments-hflow-1-bulk-density-and-flow-rate-analyzer\/","title":{"rendered":"Bettersize Instruments HFlow 1 tilpuma bl\u012bvuma un pl\u016bsmas \u0101truma analizators"},"content":{"rendered":"<h2><strong>Bettersize Instruments Ltd. HFlow 1 tilpuma bl\u012bvuma un pl\u016bsmas \u0101truma analizators<\/strong><\/h2>\n<p>HFlow 1 pl\u016bsmas \u0101truma analizators ir uzticams un prec\u012bzs instruments farmaceitisko un met\u0101lu pulveru beramkravu bl\u012bvuma un pl\u016bsmas \u0101truma m\u0113r\u012b\u0161anai. Tas \u013cauj paraugam pl\u016bst caur parasto Hola piltuvi, K\u0101rnija piltuvi vai Gustavsona piltuvi, nodro\u0161inot prec\u012bzus un uzticamus pulvera pl\u016bsmas m\u0113r\u012bjumus. Atbilst USP, Ph. Eur., ASTM un ISO standartiem, padarot to ide\u0101li piem\u0113rotu lieto\u0161anai laboratorij\u0101s un ra\u017eo\u0161anas r\u016bpn\u012bc\u0101s, kas str\u0101d\u0101 ar farmaceitiskiem un met\u0101lu pulveriem.<\/p>\n<ul>\n<li style=\"list-style-type: none;\"><strong>Funkcijas un priek\u0161roc\u012bbas:<\/strong>\n<ul>\n<li>M\u0113r\u012b\u0161ana: Berammateri\u0101la tilpuma bl\u012bvums un pl\u016bsmas \u0101trums<\/li>\n<li>Tehnolo\u0123ija: pl\u016bsmas \u0101truma m\u0113r\u012b\u0161anas piltuve<\/li>\n<li>Tr\u012bs piltuvju veidi: Hola (2,5 mm atv\u0113rums), K\u0101rnija (5 mm atv\u0113rums) un Gustavsona (2,5 mm atv\u0113rums).<\/li>\n<\/ul>\n<\/li>\n<\/ul>\n<ol>\n<li><strong>M\u0113r\u012b\u0161ana: tilpuma bl\u012bvums un pl\u016bsmas \u0101trums<\/strong><br \/>\nHFlow 1 m\u0113ra gan tilpuma bl\u012bvumu, gan pl\u016bsmas \u0101trumu farmaceitiskajos un met\u0101lu pulveros, pied\u0101v\u0101jot tr\u012bs standarta piltuves \u2014 Hall, Carney un Gustavsson. Atbilst USP, Ph. Eur., ASTM un ISO standartiem, padarot to piel\u0101gojamu da\u017e\u0101diem lietojumiem, \u013caujot klientiem izv\u0113l\u0113ties to, kas vislab\u0101k atbilst vi\u0146u m\u0113r\u012bjumu pras\u012bb\u0101m.<\/li>\n<li><strong>M\u0113r\u012b\u0161anas proced\u016bra<\/strong>\n<ul>\n<li>Berammateri\u0101la tilpuma bl\u012bvums <img fetchpriority=\"high\" decoding=\"async\" width=\"1000\" height=\"350\" class=\"size-medium wp-image-17576 aligncenter\" src=\"http:\/\/labostera.lt\/wp-content\/uploads\/2024\/01\/bulk_density_measurement_procedure.jpg\" alt=\"Bulk Density Measurement Procedure\" srcset=\"https:\/\/labostera.lt\/wp-content\/uploads\/2024\/01\/bulk_density_measurement_procedure.jpg 1000w, https:\/\/labostera.lt\/wp-content\/uploads\/2024\/01\/bulk_density_measurement_procedure-570x200.jpg 570w, https:\/\/labostera.lt\/wp-content\/uploads\/2024\/01\/bulk_density_measurement_procedure-600x210.jpg 600w, https:\/\/labostera.lt\/wp-content\/uploads\/2024\/01\/bulk_density_measurement_procedure-300x105.jpg 300w, https:\/\/labostera.lt\/wp-content\/uploads\/2024\/01\/bulk_density_measurement_procedure-768x269.jpg 768w\" sizes=\"(max-width: 1000px) 100vw, 1000px\" \/><\/li>\n<li>Pl\u016bsmas \u0101trums <img decoding=\"async\" width=\"1000\" height=\"360\" class=\"size-medium wp-image-17577 aligncenter\" src=\"http:\/\/labostera.lt\/wp-content\/uploads\/2024\/01\/flow_rate_measurement_procedure.jpg\" alt=\"Flow Rate Measurement Procedure\" srcset=\"https:\/\/labostera.lt\/wp-content\/uploads\/2024\/01\/flow_rate_measurement_procedure.jpg 1000w, https:\/\/labostera.lt\/wp-content\/uploads\/2024\/01\/flow_rate_measurement_procedure-570x205.jpg 570w, https:\/\/labostera.lt\/wp-content\/uploads\/2024\/01\/flow_rate_measurement_procedure-600x216.jpg 600w, https:\/\/labostera.lt\/wp-content\/uploads\/2024\/01\/flow_rate_measurement_procedure-300x108.jpg 300w, https:\/\/labostera.lt\/wp-content\/uploads\/2024\/01\/flow_rate_measurement_procedure-768x276.jpg 768w\" sizes=\"(max-width: 1000px) 100vw, 1000px\" \/><\/li>\n<\/ul>\n<\/li>\n<li><strong>Pielietojuma piem\u0113rs<\/strong><br \/>\nDa\u017e\u0101du met\u0101lu pulveru tilpuma bl\u012bvuma un pl\u016bsmas \u0101truma anal\u012bze, ko izmanto adit\u012bvaj\u0101 ra\u017eo\u0161an\u0101 (AM).<br \/>\nHFlow 1 ar Hola, K\u0101rnija un Gustavsona piltuv\u0113m ar da\u017e\u0101d\u0101m atver\u0113m un le\u0146\u0137iem var izmantot, lai p\u0101rbaud\u012btu da\u017e\u0101du met\u0101lu adit\u012bvo mode\u013cveida pulveru tilpuma bl\u012bvumu un pl\u016bsmas \u0101trumu, nov\u0113rt\u0113jot to saspie\u017eam\u012bbu.<\/li>\n<li><strong>Sader\u012bba<\/strong><br \/>\nBettersizer 2600 l\u0101zerdifrakcijas analizatora un HFlow 1 kombin\u0101cija pal\u012bdz saglab\u0101t AM pulveru da\u013ci\u0146u izm\u0113ra sadal\u012bjumu un pl\u016bstam\u012bbas \u012bpa\u0161\u012bbas.<br \/>\nBar\u012bbas sagatavo\u0161anas proces\u0101 mazas da\u013ci\u0146as m\u0113dz agreg\u0113ties, kas var pasliktin\u0101t pulverveida sl\u0101\u0146a saist\u012b\u0161an\u0101s procesus. Aglomer\u0101ti trauc\u0113s pulvera pl\u016bsmu, palielinot starpda\u013ci\u0146u berzi.<\/li>\n<\/ol>\n<h3>Analizatori \u2013 <a href=\"http:\/\/labostera.lt\/lv\/product-brand\/bettersize-instruments-ltd\/\" target=\"_blank\" rel=\"noopener\">Lab\u0101ks izm\u0113rs<\/a><\/h3>\n<p>Vair\u0101k inform\u0101cijas: <a href=\"https:\/\/www.bettersizeinstruments.com\/products\/hflow-1-metal-powder-flowability-tester\/\" target=\"_blank\" rel=\"noopener nofollow\">ra\u017eot\u0101ja t\u012bmek\u013ca vietn\u0113<\/a> vai nos\u016btiet mums piepras\u012bjumu!<\/p>","protected":false},"excerpt":{"rendered":"<p>&#8222;Bettersize Instruments Ltd.&#8221; HFlow 1 piltin\u0117s birios med\u017eiagos tankio ir srauto grei\u010dio analizatorius HFlow 1 srauto grei\u010dio matavimo analizatorius yra patikimas ir tikslus prietaisas, skirtas matuoti biri\u0173 med\u017eiag\u0173 piltin\u012f tank\u012f ir srauto greit\u012f farmaciniuose ir metaliniuose milteliuose. Jis leid\u017eia m\u0117giniui tek\u0117ti per \u012fprast\u0105 Hall piltuv\u0117l\u012f, Carney piltuv\u0117l\u012f arba Gustavsson piltuv\u0117l\u012f, suteikdamas tikslius ir patikimus milteli\u0173 [&hellip;]<\/p>\n","protected":false},"featured_media":17578,"template":"","meta":[],"product_cat":[82,76,101],"product_tag":[565,582,583,581,584],"class_list":{"0":"post-17564","1":"product","2":"type-product","3":"status-publish","4":"has-post-thumbnail","6":"product_brand-bettersize-instruments-ltd","7":"product_cat-analitine-iranga","8":"product_cat-laboratorine-iranga","9":"product_cat-medziagu-savybiu-nustatymo-prietaisai","10":"product_tag-bettersize-instruments-ltd","11":"product_tag-bulk-density-analyzers","12":"product_tag-flow-rate-analyzers","13":"product_tag-piltines-birios-medziagos-tankio-analizatoriai","14":"product_tag-srauto-greicio-analizatoriai","16":"first","17":"onbackorder","18":"shipping-taxable","19":"purchasable","20":"product-type-simple"},"_links":{"self":[{"href":"https:\/\/labostera.lt\/lv\/wp-json\/wp\/v2\/product\/17564","targetHints":{"allow":["GET"]}}],"collection":[{"href":"https:\/\/labostera.lt\/lv\/wp-json\/wp\/v2\/product"}],"about":[{"href":"https:\/\/labostera.lt\/lv\/wp-json\/wp\/v2\/types\/product"}],"wp:featuredmedia":[{"embeddable":true,"href":"https:\/\/labostera.lt\/lv\/wp-json\/wp\/v2\/media\/17578"}],"wp:attachment":[{"href":"https:\/\/labostera.lt\/lv\/wp-json\/wp\/v2\/media?parent=17564"}],"wp:term":[{"taxonomy":"product_cat","embeddable":true,"href":"https:\/\/labostera.lt\/lv\/wp-json\/wp\/v2\/product_cat?post=17564"},{"taxonomy":"product_tag","embeddable":true,"href":"https:\/\/labostera.lt\/lv\/wp-json\/wp\/v2\/product_tag?post=17564"}],"curies":[{"name":"wp","href":"https:\/\/api.w.org\/{rel}","templated":true}]}}