{"id":17555,"date":"2024-01-10T13:34:50","date_gmt":"2024-01-10T13:34:50","guid":{"rendered":"http:\/\/labostera.lt\/?post_type=product&#038;p=17555"},"modified":"2024-01-23T17:34:55","modified_gmt":"2024-01-23T15:34:55","slug":"piltines-birios-medziagos-tankio-analizatorius-bettersize-instruments-bedensi-b-series-bulk-density-analyzer","status":"publish","type":"product","link":"https:\/\/labostera.lt\/lv\/priemones-ir-iranga\/laboratorine-iranga\/analitine-iranga\/medziagu-savybiu-nustatymo-prietaisai\/piltines-birios-medziagos-tankio-analizatorius-bettersize-instruments-bedensi-b-series-bulk-density-analyzer\/","title":{"rendered":"Tilpuma bl\u012bvuma analizators Bettersize Instruments BeDensi B s\u0113rijas tilpuma bl\u012bvuma analizators"},"content":{"rendered":"<h2><strong>Bettersize Instruments Ltd. BeDensi B s\u0113rijas tilpuma bl\u012bvuma analizators<\/strong><\/h2>\n<ol>\n<li><strong>BeDensi B1 \u2013 tilpuma bl\u012bvuma m\u0113r\u012bt\u0101js<\/strong><br \/>\nBeDensi B1 ir specializ\u0113ts bl\u012bvuma m\u0113r\u012bt\u0101js, kas paredz\u0113ts paraugu, kas nav met\u0101la pulveru, bl\u012bvuma nov\u0113rt\u0113\u0161anai. Izmantojot dabisk\u0101s nogulsn\u0113\u0161anas metodi, tas atbilst GB\/T 16913-4.3 standartiem un tiek izmantots p\u0101rtikas, r\u016bpniecisko \u0137\u012bmisko vielu, ener\u0123ijas akumulatoru pulvera, zin\u0101tnisko p\u0113t\u012bjumu instit\u016btu un kvalit\u0101tes kontroles organiz\u0101ciju jom\u0101.<\/p>\n<ul>\n<li style=\"list-style-type: none;\"><strong>Funkcijas un priek\u0161roc\u012bbas:<\/strong>\n<ul>\n<li>M\u0113r\u012b\u0161ana: Bl\u012bvums<\/li>\n<li>Testa paraugs: Iz\u0146emot met\u0101la pulveri<\/li>\n<li>Tehnolo\u0123ija: Dabisko nokri\u0161\u0146u metode<\/li>\n<\/ul>\n<\/li>\n<\/ul>\n<ul>\n<li><strong>Parauga sagatavo\u0161ana:<\/strong> \u017d\u0101v\u0113t 105\u00b0C temperat\u016br\u0101 4 stundas, izspiest caur 80 sietu, lai atdal\u012btu piemais\u012bjumus<\/li>\n<li><strong>M\u0113r\u012b\u0161anas proced\u016bra:<\/strong> Tilpuma bl\u012bvums tr\u012bs sec\u012bgos testos, rezult\u0101tu vid\u0113jais r\u0101d\u012bt\u0101js<br \/>\n<img fetchpriority=\"high\" decoding=\"async\" width=\"900\" height=\"324\" class=\"aligncenter size-medium wp-image-17580\" src=\"http:\/\/labostera.lt\/wp-content\/uploads\/2024\/01\/bulk_density_measurement_of_bedensi_b1_bulk_density_tester.jpg\" alt=\"Bulk Density Measurement of BeDensi B1 Bulk Density Tester\" srcset=\"https:\/\/labostera.lt\/wp-content\/uploads\/2024\/01\/bulk_density_measurement_of_bedensi_b1_bulk_density_tester.jpg 900w, https:\/\/labostera.lt\/wp-content\/uploads\/2024\/01\/bulk_density_measurement_of_bedensi_b1_bulk_density_tester-570x205.jpg 570w, https:\/\/labostera.lt\/wp-content\/uploads\/2024\/01\/bulk_density_measurement_of_bedensi_b1_bulk_density_tester-600x216.jpg 600w, https:\/\/labostera.lt\/wp-content\/uploads\/2024\/01\/bulk_density_measurement_of_bedensi_b1_bulk_density_tester-300x108.jpg 300w, https:\/\/labostera.lt\/wp-content\/uploads\/2024\/01\/bulk_density_measurement_of_bedensi_b1_bulk_density_tester-768x276.jpg 768w\" sizes=\"(max-width: 900px) 100vw, 900px\" \/><\/li>\n<\/ul>\n<\/li>\n<li><strong>BeDensi B1-S - Scott Volumemeter<\/strong><br \/>\nBeDensi B1-S ir Scott tilpimetrs, kas paredz\u0113ts met\u0101la pulveru un granul\u0113tu materi\u0101lu bl\u012bvuma m\u0113r\u012b\u0161anai. Ar kompaktu un iztur\u012bgu dizainu B1-S ir ide\u0101li piem\u0113rots laboratorij\u0101m un r\u016bpn\u012bc\u0101m, \u013caujot nov\u0113rt\u0113t pulvera pl\u016bsmu un iepako\u0161anas \u012bpa\u0161\u012bbas. Ieteicams lieto\u0161anai da\u017e\u0101d\u0101s farmakopej\u0101s, tostarp USP un Ph. Eur. standarti.<\/p>\n<ul>\n<li style=\"list-style-type: none;\"><strong>Funkcijas un priek\u0161roc\u012bbas:<\/strong>\n<ul>\n<li>M\u0113r\u012b\u0161ana: Bl\u012bvums<\/li>\n<li>Tehnolo\u0123ija: Scott Volimeter<\/li>\n<\/ul>\n<\/li>\n<\/ul>\n<ul>\n<li><strong>Princips:<\/strong> Pulveris non\u0101k aug\u0161pus\u0113 uzst\u0101d\u012btaj\u0101 izpl\u016bdes siet\u0101 un dabiski vai ar \u0101r\u0113ja sp\u0113ka pal\u012bdz\u012bbu iesl\u012bd sav\u0101k\u0161anas kast\u0113. Tie p\u0101rvietojas caur \u010detr\u0101m stikla pl\u0101ksn\u0113m, kas ir sl\u012bpas 25\u00b0 le\u0146\u0137\u012b, un izejas k\u0101rbas kvadr\u0101tveida izeju, visbeidzot non\u0101kot cilindrisk\u0101s kr\u016bz\u012bt\u0113s ar 25 ml tilpumu, vienlaikus paliekot br\u012bv\u0101 st\u0101vokl\u012b. Cilindriskaj\u0101 trauk\u0101 eso\u0161\u0101 pulvera masa tiek nosv\u0113rta, nosakot pulvera bl\u012bvumu.<\/li>\n<li><strong>M\u0113r\u012b\u0161anas proced\u016bra:<\/strong> Tilpuma bl\u012bvums tr\u012bs sec\u012bgos testos, rezult\u0101tu vid\u0113jais r\u0101d\u012bt\u0101js<br \/>\n<img decoding=\"async\" width=\"900\" height=\"365\" class=\"aligncenter size-medium wp-image-17579\" src=\"http:\/\/labostera.lt\/wp-content\/uploads\/2024\/01\/bulk_density_measurement_procedure_ofbedensi_b1_s_scott_volumeter.jpg\" alt=\"Bulk Density Measurement Procedure of BeDensi B1 S Scott Volumeter\" srcset=\"https:\/\/labostera.lt\/wp-content\/uploads\/2024\/01\/bulk_density_measurement_procedure_ofbedensi_b1_s_scott_volumeter.jpg 900w, https:\/\/labostera.lt\/wp-content\/uploads\/2024\/01\/bulk_density_measurement_procedure_ofbedensi_b1_s_scott_volumeter-570x231.jpg 570w, https:\/\/labostera.lt\/wp-content\/uploads\/2024\/01\/bulk_density_measurement_procedure_ofbedensi_b1_s_scott_volumeter-600x243.jpg 600w, https:\/\/labostera.lt\/wp-content\/uploads\/2024\/01\/bulk_density_measurement_procedure_ofbedensi_b1_s_scott_volumeter-300x122.jpg 300w, https:\/\/labostera.lt\/wp-content\/uploads\/2024\/01\/bulk_density_measurement_procedure_ofbedensi_b1_s_scott_volumeter-768x311.jpg 768w\" sizes=\"(max-width: 900px) 100vw, 900px\" \/><\/li>\n<li><strong>Sader\u012bba:<\/strong> Bettersizer ST l\u0101zerdifrakcijas analizatora un BeDensi B1-S sadarb\u012bbas ietvaros tiek p\u0113t\u012bta da\u013ci\u0146u izm\u0113ra un bl\u012bvuma saist\u012bba sakaus\u0113jumu materi\u0101lu gad\u012bjum\u0101.<\/li>\n<\/ul>\n<\/li>\n<\/ol>\n<h3>Analizatori \u2013 <a href=\"http:\/\/labostera.lt\/lv\/product-brand\/bettersize-instruments-ltd\/\" target=\"_blank\" rel=\"noopener\">Lab\u0101ks izm\u0113rs<\/a><\/h3>\n<p>Vair\u0101k inform\u0101cijas: <a href=\"https:\/\/www.bettersizeinstruments.com\/products\/by-series\/bedensi\/\" target=\"_blank\" rel=\"noopener nofollow\">ra\u017eot\u0101ja t\u012bmek\u013ca vietn\u0113<\/a> vai nos\u016btiet mums piepras\u012bjumu!<\/p>","protected":false},"excerpt":{"rendered":"<p>&#8222;Bettersize Instruments Ltd.&#8221; BeDensi B Series piltin\u0117s birios med\u017eiagos tankio analizatorius BeDensi B1 &#8211; piltin\u0117s birios med\u017eiagos tankio matuoklis BeDensi B1 yra specializuotas tankio matuoklis, skirtas vertinti m\u0117gini\u0173 tank\u012f, i\u0161skyrus metalinius miltelius. Naudodamas nat\u016bral\u0173 nusodinimo metod\u0105, jis laikosi GB\/T 16913-4.3 standart\u0173 ir naudojamas maisto, pramon\u0117s chemijos, energijos baterij\u0173 milteli\u0173, mokslini\u0173 tyrim\u0173 institut\u0173 ir kokyb\u0117s kontrol\u0117s [&hellip;]<\/p>\n","protected":false},"featured_media":17559,"template":"","meta":[],"product_cat":[82,76,101],"product_tag":[565,582,581],"class_list":{"0":"post-17555","1":"product","2":"type-product","3":"status-publish","4":"has-post-thumbnail","6":"product_brand-bettersize-instruments-ltd","7":"product_cat-analitine-iranga","8":"product_cat-laboratorine-iranga","9":"product_cat-medziagu-savybiu-nustatymo-prietaisai","10":"product_tag-bettersize-instruments-ltd","11":"product_tag-bulk-density-analyzers","12":"product_tag-piltines-birios-medziagos-tankio-analizatoriai","14":"first","15":"onbackorder","16":"shipping-taxable","17":"purchasable","18":"product-type-variable"},"_links":{"self":[{"href":"https:\/\/labostera.lt\/lv\/wp-json\/wp\/v2\/product\/17555","targetHints":{"allow":["GET"]}}],"collection":[{"href":"https:\/\/labostera.lt\/lv\/wp-json\/wp\/v2\/product"}],"about":[{"href":"https:\/\/labostera.lt\/lv\/wp-json\/wp\/v2\/types\/product"}],"wp:featuredmedia":[{"embeddable":true,"href":"https:\/\/labostera.lt\/lv\/wp-json\/wp\/v2\/media\/17559"}],"wp:attachment":[{"href":"https:\/\/labostera.lt\/lv\/wp-json\/wp\/v2\/media?parent=17555"}],"wp:term":[{"taxonomy":"product_cat","embeddable":true,"href":"https:\/\/labostera.lt\/lv\/wp-json\/wp\/v2\/product_cat?post=17555"},{"taxonomy":"product_tag","embeddable":true,"href":"https:\/\/labostera.lt\/lv\/wp-json\/wp\/v2\/product_tag?post=17555"}],"curies":[{"name":"wp","href":"https:\/\/api.w.org\/{rel}","templated":true}]}}