{"id":17547,"date":"2024-01-10T11:38:18","date_gmt":"2024-01-10T11:38:18","guid":{"rendered":"http:\/\/labostera.lt\/?post_type=product&#038;p=17547"},"modified":"2024-01-23T17:35:44","modified_gmt":"2024-01-23T15:35:44","slug":"suspaustos-birios-medziagos-tankio-analizatorius-bettersize-instruments-bedensi-t-pro-series-tap-density-analyzer","status":"publish","type":"product","link":"https:\/\/labostera.lt\/lv\/priemones-ir-iranga\/laboratorine-iranga\/analitine-iranga\/medziagu-savybiu-nustatymo-prietaisai\/suspaustos-birios-medziagos-tankio-analizatorius-bettersize-instruments-bedensi-t-pro-series-tap-density-analyzer\/","title":{"rendered":"Kompakts tilpuma bl\u012bvuma analizators Bettersize Instruments BeDensi T Pro s\u0113rijas piesk\u0101riena bl\u012bvuma analizators"},"content":{"rendered":"<h2><strong>\u201eBettersize Instruments Ltd. BeDensi T Pro s\u0113rijas saspiest\u0101 tilpuma bl\u012bvuma analizators<\/strong><\/h2>\n<p>BeDensi T Pro s\u0113rija ir uzticams kompakt\u0101 bl\u012bvuma m\u0113r\u012bt\u0101js, ko izstr\u0101d\u0101jis Bettersize. Tam ir intuit\u012bva darb\u012bba un tas atbilst USP (USP&lt;616&gt;), EP (EP2.9.34), ASTM un ISO standartiem. Tas var izm\u0113r\u012bt tilpuma bl\u012bvumu un kompakto bl\u012bvumu ar atk\u0101rtojam\u012bbu 1,0%, pal\u012bdzot izprast da\u017e\u0101du beramkravu pl\u016bsmu.<\/p>\n<ol>\n<li><strong>ATBILST\u012aBA<\/strong><br \/>\nBeDensi T Pro s\u0113rija atbalsta 25, 100 un 250 ml cilindrus, 3 mm vai 14 mm piliena augstumu un 100\u2013300 pilienu\/min \u0101trumu, atbilstot da\u017e\u0101diem nozares standartiem.<\/p>\n<ul style=\"list-style-type: none;\">\n<li><strong>USP un EP metodes II<\/strong>\n<ul>\n<li>Kritiena augstums\/\u0101trums: 3 mm\/100\u2013300 kritieni min\u22121<\/li>\n<li>Cilindrs: 25 vai 100 vai 250 ml<\/li>\n<\/ul>\n<\/li>\n<li><strong>USP un EP metodes I<\/strong>\n<ul>\n<li>Kritiena augstums\/\u0101trums: 3 mm\/250 kritieni min\u22121<\/li>\n<li>Cilindrs: 25 vai 100 vai 250 ml<\/li>\n<\/ul>\n<\/li>\n<li><strong>ASTM<\/strong>\n<ul>\n<li>Kritiena augstums\/\u0101trums: 3 mm vai 14 mm; 100\u2013300 kritieni min\u22121<\/li>\n<li>Cilindrs: 25 vai 100 vai 250 ml<\/li>\n<\/ul>\n<\/li>\n<li><strong>ISO<\/strong>\n<ul>\n<li>Kritiena augstums\/\u0101trums: 3 mm \/ 250 pilieni min\u22121; 14 mm \/ 300 pilieni min\u22121<\/li>\n<li>Cilindrs: 250 vai 100 ml<\/li>\n<\/ul>\n<\/li>\n<li><strong>Lietot\u0101ja defin\u0113ts<\/strong>\n<ul>\n<li>Kritiena augstums\/\u0101trums: 3 mm\/250 kritieni min\u22121<\/li>\n<li>Cilindrs: 250 vai 100 ml<\/li>\n<\/ul>\n<\/li>\n<\/ul>\n<\/li>\n<li><strong>STANDARTIZ\u0112TAS M\u0112R\u012a\u0160ANAS PROCED\u016aRAS<\/strong>\n<ol>\n<li><strong>Izv\u0113lieties cilindra izm\u0113ru<\/strong><br \/>\nAtkar\u012bb\u0101 no paraugu veida un bl\u012bvuma j\u0101izv\u0113las atbilsto\u0161ais cilindra izm\u0113rs (pieejami 25 ml, 100 ml un 250 ml). Novietojiet cilindru uz balsta un nofiks\u0113jiet to ar tur\u0113t\u0101ju.<\/li>\n<li><strong>Iestatiet testa nosac\u012bjumus<\/strong><br \/>\nIevadiet pilienu skaitu un \u0101trumu. Pilienu skaits: 1\u201399999 \u0100trums: 100\u2013300 pilieni\/min Piem\u0113rs: Pilienu skaits ir 10, 500 un 1250, un \u0101trums ir 250 pilieni\/min (piliena augstums 3 mm) saska\u0146\u0101 ar USP un EP.<\/li>\n<li><strong>Svara paraugs<\/strong><br \/>\nIzk\u0101\u0161 paraugu caur 1,0 mm sietu. Nosver paraugu gramos un uzman\u012bgi ielej cilindr\u0101. P\u0113c tam s\u0101c testu.<\/li>\n<li><strong>Sken\u0113\u0161anas ska\u013cums<\/strong><br \/>\nVid\u0113j\u0101 v\u0113rt\u012bba tiek ieg\u016bta no trim m\u0113r\u012bjumiem.<\/li>\n<li><strong>Druk\u0101t p\u0101rskatu<\/strong><br \/>\nIevadiet svara un saspiest\u0101 tilpuma v\u0113rt\u012bbas, BeDensi T Pro s\u0113rija autom\u0101tiski apr\u0113\u0137in\u0101s saspiest\u0101 bl\u012bvuma v\u0113rt\u012bbu un, nospie\u017eot druk\u0101\u0161anas pogu, izdruk\u0101s atskaiti. Rezult\u0101tus var izmantot, lai apr\u0113\u0137in\u0101tu Hausnera koeficientu (HR) un saspie\u017eam\u012bbas indeksu (CI), k\u0101 ar\u012b t\u0101l\u0101k nov\u0113rt\u0113tu parauga pl\u016bsmu.<\/li>\n<\/ol>\n<\/li>\n<\/ol>\n<h3>Analizatori \u2013 <a href=\"http:\/\/labostera.lt\/lv\/product-brand\/bettersize-instruments-ltd\/\" target=\"_blank\" rel=\"noopener\">Lab\u0101ks izm\u0113rs<\/a><\/h3>\n<p>Vair\u0101k inform\u0101cijas: <a href=\"https:\/\/www.bettersizeinstruments.com\/products\/bedensi-t-series-tapped-density-meter\/\" target=\"_blank\" rel=\"noopener nofollow\">ra\u017eot\u0101ja t\u012bmek\u013ca vietn\u0113<\/a> vai nos\u016btiet mums piepras\u012bjumu!<\/p>","protected":false},"excerpt":{"rendered":"<p>&#8222;Bettersize Instruments Ltd.&#8221; BeDensi T Pro Series suspaustos birios med\u017eiagos tankio analizatorius BeDensi T Pro Serija yra patikimas suspausto tankio matuoklis, sukurtas \u201eBettersize\u201c. Jis i\u0161siskiria intuityviu veikimu, laikantis USP (USP&lt;616&gt;), EP (EP2.9.34), ASTM ir ISO standart\u0173. Jis gali matuoti biri\u0173 med\u017eiag\u0173 tank\u012f ir suspaudimo tank\u012f su 1,0% pakartojamumu, padedant suprasti \u012fvairi\u0173 biri\u0173 med\u017eiag\u0173 sraut\u0105. ATITIKTIS [&hellip;]<\/p>\n","protected":false},"featured_media":17549,"template":"","meta":[],"product_cat":[82,76,101],"product_tag":[565,578,579],"class_list":{"0":"post-17547","1":"product","2":"type-product","3":"status-publish","4":"has-post-thumbnail","6":"product_brand-bettersize-instruments-ltd","7":"product_cat-analitine-iranga","8":"product_cat-laboratorine-iranga","9":"product_cat-medziagu-savybiu-nustatymo-prietaisai","10":"product_tag-bettersize-instruments-ltd","11":"product_tag-suspaustos-birios-medziagos-tankio-analizatoriai","12":"product_tag-tap-density-analyzers","14":"first","15":"onbackorder","16":"shipping-taxable","17":"purchasable","18":"product-type-variable"},"_links":{"self":[{"href":"https:\/\/labostera.lt\/lv\/wp-json\/wp\/v2\/product\/17547","targetHints":{"allow":["GET"]}}],"collection":[{"href":"https:\/\/labostera.lt\/lv\/wp-json\/wp\/v2\/product"}],"about":[{"href":"https:\/\/labostera.lt\/lv\/wp-json\/wp\/v2\/types\/product"}],"wp:featuredmedia":[{"embeddable":true,"href":"https:\/\/labostera.lt\/lv\/wp-json\/wp\/v2\/media\/17549"}],"wp:attachment":[{"href":"https:\/\/labostera.lt\/lv\/wp-json\/wp\/v2\/media?parent=17547"}],"wp:term":[{"taxonomy":"product_cat","embeddable":true,"href":"https:\/\/labostera.lt\/lv\/wp-json\/wp\/v2\/product_cat?post=17547"},{"taxonomy":"product_tag","embeddable":true,"href":"https:\/\/labostera.lt\/lv\/wp-json\/wp\/v2\/product_tag?post=17547"}],"curies":[{"name":"wp","href":"https:\/\/api.w.org\/{rel}","templated":true}]}}