{"id":17536,"date":"2024-01-10T08:29:23","date_gmt":"2024-01-10T08:29:23","guid":{"rendered":"http:\/\/labostera.lt\/?post_type=product&#038;p=17536"},"modified":"2024-01-23T17:13:33","modified_gmt":"2024-01-23T15:13:33","slug":"lazerinis-difrakcijos-daleliu-dydzio-analizatorius-bettersize-instruments-bettersizer-st-laser-diffraction-particle-size-analyzer","status":"publish","type":"product","link":"https:\/\/labostera.lt\/lv\/priemones-ir-iranga\/laboratorine-iranga\/analitine-iranga\/medziagu-savybiu-nustatymo-prietaisai\/lazerinis-difrakcijos-daleliu-dydzio-analizatorius-bettersize-instruments-bettersizer-st-laser-diffraction-particle-size-analyzer\/","title":{"rendered":"L\u0101zera difrakcijas da\u013ci\u0146u izm\u0113ra analizators Bettersize Instruments Bettersizer ST l\u0101zera difrakcijas da\u013ci\u0146u izm\u0113ra analizators"},"content":{"rendered":"<h2><strong>Bettersize Instruments Ltd. Bettersizer ST l\u0101zera difrakcijas da\u013ci\u0146u izm\u0113ra analizators<\/strong><\/h2>\n<p>Bettersizer ST ir automatiz\u0113ts l\u0101zera difrakcijas da\u013ci\u0146u izm\u0113ra analizators, kas paredz\u0113ts r\u016bpnieciskas kvalit\u0101tes kontroles vajadz\u012bb\u0101m. T\u0101 patent\u0113t\u0101 DLOS (divk\u0101r\u0161o l\u0113cu optisk\u0101 sist\u0113ma) nodro\u0161ina, ka instruments sniedz konsekventus un uzticamus da\u013ci\u0146u izm\u0113ra sadal\u012bjuma rezult\u0101tus. SOP (standarta darb\u012bbas proced\u016bras) un automatiz\u0113t\u0101s anal\u012bzes proced\u016bras ir izstr\u0101d\u0101tas, lai ietaup\u012btu j\u016bsu v\u0113rt\u012bgo laiku kvalit\u0101tes kontroles nol\u016bkos. Izlaidiet sare\u017e\u0123\u012bt\u0101s darb\u012bbas ar Bettersizer ST: vienk\u0101r\u0161i noklik\u0161\u0137iniet uz \u201cS\u0101kt\u201d, pievienojiet paraugu, un Bettersizer ST sniegs jums da\u013ci\u0146u izm\u0113ra sadal\u012bjuma anal\u012bzi.<\/p>\n<ol style=\"list-style-type: upper-roman;\">\n<li><strong>INOVAT\u012aVA DLOS TEHNOLO\u0122IJA<\/strong><br \/>\nDLOS (divk\u0101r\u0161o l\u0113cu optisk\u0101 sist\u0113ma) ir patent\u0113ta optisk\u0101 sist\u0113ma, ko izstr\u0101d\u0101jusi Bettersize Instruments. DLOS izmanto vienu l\u0101zera avotu un divas lielas Furj\u0113 l\u0113cas, un platle\u0146\u0137a fotodetektori uz priek\u0161u, s\u0101niem un atpaka\u013c nodro\u0161ina konsekventus un prec\u012bzus rezult\u0101tus ar m\u0113r\u012bjumu diapazonu no 0,1 l\u012bdz 1000 \u03bcm.<\/p>\n<ul>\n<li style=\"list-style-type: none;\"><strong>Funkcijas<\/strong>\n<ul>\n<li>Augsta iz\u0161\u0137irtsp\u0113ja un precizit\u0101te, ko nodro\u0161ina divas lielas Furj\u0113 l\u0113cas<\/li>\n<li>Papla\u0161in\u0101ts m\u0113r\u012bjumu diapazons ar 86 \u0101trgaitas fotodetektoriem<\/li>\n<li>Kompakts dizains, kas nov\u0113r\u0161 nepiecie\u0161am\u012bbu p\u0113c loc\u0101mas optikas<\/li>\n<li>Koherents l\u0101zera avots nodro\u0161ina nep\u0101rtrauktu izkliedes spektru ar nemain\u012bgiem vi\u013c\u0146u garumiem<\/li>\n<\/ul>\n<\/li>\n<\/ul>\n<ul>\n<li style=\"list-style-type: none;\"><strong>Priek\u0161roc\u012bbas<\/strong>\n<ul>\n<li>M\u0113r\u012b\u0161anas diapazons: 0,1\u20131000 \u03bcm<\/li>\n<li>Izvair\u012b\u0161an\u0101s no novirz\u0113m no l\u012bnijas<\/li>\n<li>DLOS kompaktais dizains nov\u0113r\u0161 optisk\u0101s \u0161\u0137iedras loc\u012b\u0161anos, kas ir pak\u013cauta l\u012bniju aber\u0101cij\u0101m<\/li>\n<li>Viena l\u0101zera avota izmanto\u0161ana nodro\u0161ina uzticamus rezult\u0101tus un efektivit\u0101ti<\/li>\n<\/ul>\n<\/li>\n<\/ul>\n<\/li>\n<li><strong>LIELISKA ATK\u0100RTOJAM\u012aBA<\/strong><br \/>\nBettersizer ST lielisk\u0101 atk\u0101rtojam\u012bba nodro\u0161ina uzticamus rezult\u0101tus. \u0100tri m\u0113r\u012bjumi ar konsekventiem un uzticamiem rezult\u0101tiem var atvieglot kvalit\u0101tes kontroles slogu.<\/p>\n<ul>\n<li>Sign\u0101lu p\u0101rraides sist\u0113mas stabilit\u0101te<\/li>\n<li>Efekt\u012bva dispersijas sist\u0113ma<\/li>\n<li>Autom\u0101tisk\u0101 mar\u0161rut\u0113\u0161ana vienm\u0113r uztur ier\u012bci optim\u0101l\u0101 st\u0101vokl\u012b<\/li>\n<li>Sign\u0101la uztver\u0161anas frekvence l\u012bdz 3500 reiz\u0113m sekund\u0113<\/li>\n<\/ul>\n<\/li>\n<li><strong>EFEKTIVIT\u0100TE UN IZTUR\u012aBA<\/strong><br \/>\nBettersizer ST nodro\u0161in\u0101t\u0101 izcil\u0101 iztur\u012bba nodro\u0161ina uzticamus rezult\u0101tus. Prec\u012bzus m\u0113r\u012bjumus var ieg\u016bt pat p\u0113c iztur\u012bbas testa.<\/p>\n<ul>\n<li>Integr\u0113ta apak\u0161\u0113j\u0101s pl\u0101ksnes l\u012bste ier\u012bces aizsardz\u012bbai<\/li>\n<li>Prec\u012bzus m\u0113r\u012bjumus var ieg\u016bt pat p\u0113c iztur\u012bbas p\u0101rbaudes<\/li>\n<li>\u0160\u0137iedras pusloka l\u0101zera avota ilgs kalpo\u0161anas laiks<\/li>\n<li>Ilgm\u016b\u017e\u012bga cirkul\u0101cijas tvertne ar lietuvie\u0161u t\u0113rauda lie\u0161anu<\/li>\n<li>Jaudas zi\u0146\u0101 regul\u0113jama ultraska\u0146as dispersijas ier\u012bce ar aizsardz\u012bbu pret darb\u012bbu bez \u016bdens<\/li>\n<\/ul>\n<\/li>\n<li><strong>KOMPAKTS DIZAINS<\/strong><br \/>\nIetaupiet v\u0113rt\u012bgu darba vietu r\u016bpn\u012bc\u0101s un laboratorij\u0101s, izmantojot iek\u0161telpu mitr\u0101s dispersijas sist\u0113mu. DLOS nodro\u0161ina rezult\u0101tu precizit\u0101ti un ticam\u012bbu, izvairoties no izliektiem optiskajiem elementiem, kuriem rakstur\u012bgas novirzes no l\u012bnijas.<\/p>\n<ul>\n<li>Vienk\u0101r\u0161a paraugu \u0161\u016bnu demont\u0101\u017ea nodro\u0161ina \u0101tru t\u012br\u012b\u0161anu, ko var viegli izdar\u012bt bez profesion\u0101liem instrumentiem un p\u0101rm\u0113r\u012bg\u0101m t\u012br\u012b\u0161anas formul\u0101m.<\/li>\n<li>Cirkul\u0101cijas tvertnes autom\u0101tisk\u0101s t\u012br\u012b\u0161anas funkcija iev\u0113rojami atvieglo ier\u012bces apkopi.<\/li>\n<li>Autom\u0101tisk\u0101s t\u012br\u012b\u0161anas proced\u016bru var viegli piel\u0101got programmat\u016brai.<\/li>\n<\/ul>\n<\/li>\n<li><strong>\u012aPA\u0160UMTIES\u012aBAS PRIEK\u0160ROC\u012aBAS<\/strong><br \/>\nIetaupiet v\u0113rt\u012bgu darba vietu r\u016bpn\u012bc\u0101s un laboratorij\u0101s, izmantojot iek\u0161telpu mitr\u0101s dispersijas sist\u0113mu. DLOS nodro\u0161ina rezult\u0101tu precizit\u0101ti un ticam\u012bbu, izvairoties no izliektiem optiskajiem elementiem, kuriem rakstur\u012bgas novirzes no l\u012bnijas.<\/p>\n<ul>\n<li>Pieejama cena l\u0101zera da\u013ci\u0146u izm\u0113ra analizatora uzst\u0101d\u012b\u0161anai<\/li>\n<li>Ar DLOS var sasniegt m\u0113r\u012bjumu diapazonus, kas aptver liel\u0101ko da\u013cu pielietojumu, bez papildu izmaks\u0101m par otru l\u0101zera avotu.<\/li>\n<\/ul>\n<\/li>\n<\/ol>\n<h3>L\u0101zera difrakcijas da\u013ci\u0146u izm\u0113ra analizatori \u2013 <a href=\"http:\/\/labostera.lt\/lv\/product-brand\/bettersize-instruments-ltd\/\" target=\"_blank\" rel=\"noopener\">Lab\u0101ks izm\u0113rs<\/a><\/h3>\n<p>Vair\u0101k inform\u0101cijas: <a href=\"https:\/\/www.bettersizeinstruments.com\/products\/bettersizer-st-laser-particle-size-analyzer\/\" target=\"_blank\" rel=\"noopener nofollow\">ra\u017eot\u0101ja t\u012bmek\u013ca vietn\u0113<\/a> vai nos\u016btiet mums piepras\u012bjumu!<\/p>","protected":false},"excerpt":{"rendered":"<p>&#8222;Bettersize Instruments Ltd.&#8221; Bettersizer ST lazerinis difrakcijos daleli\u0173 dyd\u017eio analizatorius Bettersizer ST yra automatizuotas lazerin\u0117s difrakcijos daleli\u0173 dyd\u017eio analizatorius, skirtas pramoniniam kokyb\u0117s kontrol\u0117s tikslui. Jo patentuota DLOS (Dual Lens Optical System) u\u017etikrina, kad prietaisas teikt\u0173 nuoseklius ir patikimus daleli\u0173 dyd\u017eio pasiskirstymo rezultatus. SOP (Standartin\u0117 darbo proced\u016bra) ir automatizuotos analiz\u0117s proced\u016bros sukurtos, siekiant jums sutaupyti verting\u0105 [&hellip;]<\/p>\n","protected":false},"featured_media":17537,"template":"","meta":[],"product_cat":[82,76,101],"product_tag":[565,568,567,566,569],"class_list":{"0":"post-17536","1":"product","2":"type-product","3":"status-publish","4":"has-post-thumbnail","6":"product_brand-bettersize-instruments-ltd","7":"product_cat-analitine-iranga","8":"product_cat-laboratorine-iranga","9":"product_cat-medziagu-savybiu-nustatymo-prietaisai","10":"product_tag-bettersize-instruments-ltd","11":"product_tag-daleliu-dydzio-analizatoriai","12":"product_tag-laser-diffraction-analyzers","13":"product_tag-lazeriniai-difrakcijos-analizatoriai","14":"product_tag-particle-size-analyzers","16":"first","17":"onbackorder","18":"shipping-taxable","19":"purchasable","20":"product-type-simple"},"_links":{"self":[{"href":"https:\/\/labostera.lt\/lv\/wp-json\/wp\/v2\/product\/17536","targetHints":{"allow":["GET"]}}],"collection":[{"href":"https:\/\/labostera.lt\/lv\/wp-json\/wp\/v2\/product"}],"about":[{"href":"https:\/\/labostera.lt\/lv\/wp-json\/wp\/v2\/types\/product"}],"wp:featuredmedia":[{"embeddable":true,"href":"https:\/\/labostera.lt\/lv\/wp-json\/wp\/v2\/media\/17537"}],"wp:attachment":[{"href":"https:\/\/labostera.lt\/lv\/wp-json\/wp\/v2\/media?parent=17536"}],"wp:term":[{"taxonomy":"product_cat","embeddable":true,"href":"https:\/\/labostera.lt\/lv\/wp-json\/wp\/v2\/product_cat?post=17536"},{"taxonomy":"product_tag","embeddable":true,"href":"https:\/\/labostera.lt\/lv\/wp-json\/wp\/v2\/product_tag?post=17536"}],"curies":[{"name":"wp","href":"https:\/\/api.w.org\/{rel}","templated":true}]}}