{"id":17534,"date":"2024-01-10T07:18:05","date_gmt":"2024-01-10T07:18:05","guid":{"rendered":"http:\/\/labostera.lt\/?post_type=product&#038;p=17534"},"modified":"2024-01-23T16:27:06","modified_gmt":"2024-01-23T14:27:06","slug":"lazerinis-difrakcijos-daleliu-dydzio-ir-formos-analizatorius-bettersize-instruments-bettersizer-s3-plus-laser-diffraction-particle-size-and-shape-analyzer","status":"publish","type":"product","link":"https:\/\/labostera.lt\/lv\/priemones-ir-iranga\/laboratorine-iranga\/analitine-iranga\/medziagu-savybiu-nustatymo-prietaisai\/lazerinis-difrakcijos-daleliu-dydzio-ir-formos-analizatorius-bettersize-instruments-bettersizer-s3-plus-laser-diffraction-particle-size-and-shape-analyzer\/","title":{"rendered":"L\u0101zera difrakcijas da\u013ci\u0146u izm\u0113ra un formas analizators Bettersize Instruments Bettersizer S3 Plus l\u0101zera difrakcijas da\u013ci\u0146u izm\u0113ra un formas analizators"},"content":{"rendered":"<h2><strong>\u201eBettersize Instruments Ltd. Bettersizer S3 Plus l\u0101zera difrakcijas da\u013ci\u0146u izm\u0113ra un formas analizators<\/strong><\/h2>\n<p>Betterizer S3 Plus apvieno l\u0101zera difrakciju un dinamisko att\u0113lu anal\u012bzi vien\u0101 instrument\u0101. Tas var izm\u0113r\u012bt da\u013ci\u0146u izm\u0113ru un formu no 0,01 \u03bcm l\u012bdz 3500 \u03bcm. T\u0101 izcil\u0101 jut\u012bba gan \u012bpa\u0161i smalk\u0101m, gan p\u0101r\u0101k liel\u0101m da\u013ci\u0146\u0101m un nep\u0101rsp\u0113jam\u0101 iz\u0161\u0137irtsp\u0113ja padara to par vissp\u0113c\u012bg\u0101ko izm\u0113ra un formas analizatoru lietot\u0101jiem pla\u0161\u0101 nozaru kl\u0101st\u0101, pied\u0101v\u0101jot jaunus risin\u0101jumus padzi\u013cin\u0101t\u0101kai da\u013ci\u0146u raksturo\u0161anai.<\/p>\n<ol style=\"list-style-type: upper-roman;\">\n<li><strong>Patent\u0113ta DLOI (divu l\u0113cu un sl\u012bp\u0101s kri\u0161anas) sist\u0113ma: l\u0101zera difrakcija<\/strong><br \/>\nL\u0101zera difrakcijas tehnolo\u0123ija joproj\u0101m ir izv\u0113les metode ikdienas da\u013ci\u0146u izm\u0113ra anal\u012bzei pla\u0161\u0101 nozaru kl\u0101st\u0101. Bettersizer S3 Plus izmanto patent\u0113tu DLOI sist\u0113mu, kuras pamat\u0101 ir Furj\u0113 strukt\u016bra, nodro\u0161inot prec\u012bzu \u012bpa\u0161i smalku da\u013ci\u0146u m\u0113r\u012b\u0161anu no 0,01 \u03bcm.<\/p>\n<ul>\n<li style=\"list-style-type: none;\"><strong>Funkcijas<\/strong>\n<ul>\n<li>Prec\u012bzi m\u0113ra \u012bpa\u0161i smalkas da\u013ci\u0146as pla\u0161\u0101 le\u0146\u0137a diapazon\u0101 (0,02\u2013165\u00b0) ar 96 detektoriem<\/li>\n<li>Sp\u0113c\u012bga optisk\u0101 sist\u0113ma ar izcilu iz\u0161\u0137irtsp\u0113ju, izmantojot divu objekt\u012bvu dizainu<\/li>\n<li>Viena \u012bsvi\u013c\u0146u l\u0101zera sist\u0113ma (532 nm) \u0123ener\u0113 nep\u0101rtrauktu izkliedes spektru ar koherentu vi\u013c\u0146a garumu<\/li>\n<li>Nav nepiecie\u0161ams stabiliz\u0101cijas un iesil\u0161anas laiks, izmantojot cietvielu gaismas avotu<\/li>\n<\/ul>\n<\/li>\n<\/ul>\n<\/li>\n<li><strong>Divk\u0101r\u0161\u0101s kameras sist\u0113ma: dinamiska att\u0113lu anal\u012bze<\/strong><br \/>\nDinamisk\u0101 att\u0113lu anal\u012bze var uzlabot j\u016bsu izpratni par materi\u0101liem, sniedzot detaliz\u0113tu formas vai morfolo\u0123isko inform\u0101ciju neatkar\u012bgi no l\u0101zera difrakcijas. Atsevi\u0161\u0137as da\u013ci\u0146as ar specifisk\u0101m \u0123eometrisk\u0101m \u012bpa\u0161\u012bb\u0101m, piem\u0113ram, aglomer\u0101tus, sasmalcin\u0101tas da\u013ci\u0146as un sve\u0161\u0137erme\u0146us, var efekt\u012bvi nov\u0113rot, izmantojot divu kameru sist\u0113mu.<\/p>\n<ul>\n<li style=\"list-style-type: none;\"><strong>Funkcijas<\/strong>\n<ul>\n<li>0,5x un 10x kameras \u2014 uztver \u0101rk\u0101rt\u012bgi pla\u0161u da\u013ci\u0146u izm\u0113ru diapazonu<\/li>\n<li>\u0100tri stroboskopiski gaismas avoti \u2014 60 sekund\u0113s uztver l\u012bdz pat 10\u00a0000 da\u013ci\u0146u att\u0113lus, pied\u0101v\u0101jot autentiskus formas rezult\u0101tus<\/li>\n<li>Piem\u0113rots heterog\u0113nu paraugu ar nezin\u0101m\u0101m optiskaj\u0101m \u012bpa\u0161\u012bb\u0101m m\u0113r\u012b\u0161anai<\/li>\n<\/ul>\n<\/li>\n<\/ul>\n<\/li>\n<li><strong>Revolucion\u0101ra kombin\u0101cija: l\u0101zera difrakcija ar dinamisko att\u0113lu anal\u012bzi<\/strong><br \/>\nBettersizer S3 Plus integr\u0113 l\u0101zera difrakciju un dinamisko att\u0113lu anal\u012bzi vien\u0101 instrument\u0101, \u013caujot vienlaikus raksturot da\u013ci\u0146u izm\u0113ru, izm\u0113ru sadal\u012bjumu un da\u013ci\u0146u formu pla\u0161\u0101 dinamisk\u0101 diapazon\u0101. Str\u0101d\u0101jot sinhroni, lietot\u0101ji var ieg\u016bt dzi\u013c\u0101ku izpratni par materi\u0101lu uzved\u012bbu, pa\u0101trinot probl\u0113mu risin\u0101\u0161anu un meto\u017eu izstr\u0101di.<\/p>\n<ul>\n<li style=\"list-style-type: none;\"><strong>Funkcijas<\/strong>\n<ul>\n<li>DLOI sist\u0113ma \u2013 prec\u012bzi m\u0113ra \u012bpa\u0161i smalkas da\u013ci\u0146as no 0,01 \u03bcm<\/li>\n<li>Divk\u0101r\u0161\u0101s kameras att\u0113lveido\u0161anas sist\u0113ma \u2014 efekt\u012bvi nosaka \u012bpa\u0161i lielas da\u013ci\u0146as l\u012bdz 3500 \u03bcm<\/li>\n<li>2-in-1 sist\u0113ma \u2013 vienlaikus ieg\u016bst da\u013ci\u0146u izm\u0113ra un formas rezult\u0101tus<\/li>\n<li>\u0100tri rezult\u0101ti \u2013 \u0101tri \u0123ener\u0113 rezult\u0101tus 10 sekund\u0113s<\/li>\n<\/ul>\n<\/li>\n<\/ul>\n<\/li>\n<\/ol>\n<p><img fetchpriority=\"high\" decoding=\"async\" width=\"800\" height=\"572\" class=\"aligncenter size-medium wp-image-17581\" src=\"http:\/\/labostera.lt\/wp-content\/uploads\/2024\/01\/s3_plus.jpg\" alt=\"Bettersize S3 Plus Overview\" srcset=\"https:\/\/labostera.lt\/wp-content\/uploads\/2024\/01\/s3_plus.jpg 800w, https:\/\/labostera.lt\/wp-content\/uploads\/2024\/01\/s3_plus-570x408.jpg 570w, https:\/\/labostera.lt\/wp-content\/uploads\/2024\/01\/s3_plus-600x429.jpg 600w, https:\/\/labostera.lt\/wp-content\/uploads\/2024\/01\/s3_plus-300x215.jpg 300w, https:\/\/labostera.lt\/wp-content\/uploads\/2024\/01\/s3_plus-768x549.jpg 768w\" sizes=\"(max-width: 800px) 100vw, 800px\" \/><\/p>\n<h3>L\u0101zera difrakcijas analizatori \u2013 <a href=\"http:\/\/labostera.lt\/lv\/product-brand\/bettersize-instruments-ltd\/\" target=\"_blank\" rel=\"noopener\">Lab\u0101ks izm\u0113rs<\/a><\/h3>\n<p>Vair\u0101k inform\u0101cijas: <a href=\"https:\/\/www.bettersizeinstruments.com\/products\/bettersizer-s3-plus\/\" target=\"_blank\" rel=\"noopener nofollow\">ra\u017eot\u0101ja t\u012bmek\u013ca vietn\u0113<\/a> vai nos\u016btiet mums piepras\u012bjumu!<\/p>","protected":false},"excerpt":{"rendered":"<p>Bettersizer S3 Plus ir l\u0101zera difrakcijas un dinamisk\u0101s att\u0113lu anal\u012bzes analizators, kas m\u0113ra da\u013ci\u0146u izm\u0113ru un formu no 0,01 \u03bcm l\u012bdz 3500 \u03bcm.<\/p>","protected":false},"featured_media":17535,"template":"","meta":[],"product_cat":[82,76,101],"product_tag":[565,568,570,572,573,567,566,571,569],"class_list":{"0":"post-17534","1":"product","2":"type-product","3":"status-publish","4":"has-post-thumbnail","6":"product_brand-bettersize-instruments-ltd","7":"product_cat-analitine-iranga","8":"product_cat-laboratorine-iranga","9":"product_cat-medziagu-savybiu-nustatymo-prietaisai","10":"product_tag-bettersize-instruments-ltd","11":"product_tag-daleliu-dydzio-analizatoriai","12":"product_tag-daleliu-formos-analizatoriai","13":"product_tag-dinaminio-vaizdo-analizatoriai","14":"product_tag-dynamic-image-analyzers","15":"product_tag-laser-diffraction-analyzers","16":"product_tag-lazeriniai-difrakcijos-analizatoriai","17":"product_tag-particle-shape-analyzers","18":"product_tag-particle-size-analyzers","20":"first","21":"onbackorder","22":"shipping-taxable","23":"purchasable","24":"product-type-simple"},"_links":{"self":[{"href":"https:\/\/labostera.lt\/lv\/wp-json\/wp\/v2\/product\/17534","targetHints":{"allow":["GET"]}}],"collection":[{"href":"https:\/\/labostera.lt\/lv\/wp-json\/wp\/v2\/product"}],"about":[{"href":"https:\/\/labostera.lt\/lv\/wp-json\/wp\/v2\/types\/product"}],"wp:featuredmedia":[{"embeddable":true,"href":"https:\/\/labostera.lt\/lv\/wp-json\/wp\/v2\/media\/17535"}],"wp:attachment":[{"href":"https:\/\/labostera.lt\/lv\/wp-json\/wp\/v2\/media?parent=17534"}],"wp:term":[{"taxonomy":"product_cat","embeddable":true,"href":"https:\/\/labostera.lt\/lv\/wp-json\/wp\/v2\/product_cat?post=17534"},{"taxonomy":"product_tag","embeddable":true,"href":"https:\/\/labostera.lt\/lv\/wp-json\/wp\/v2\/product_tag?post=17534"}],"curies":[{"name":"wp","href":"https:\/\/api.w.org\/{rel}","templated":true}]}}