{"id":17523,"date":"2024-01-09T13:28:35","date_gmt":"2024-01-09T13:28:35","guid":{"rendered":"http:\/\/labostera.lt\/?post_type=product&#038;p=17523"},"modified":"2024-01-23T15:44:45","modified_gmt":"2024-01-23T13:44:45","slug":"lazerinis-difrakcijos-daleliu-dydzio-analizatorius-bettersize-instruments-bettersizer-2600-laser-diffraction-particle-size-analyzer","status":"publish","type":"product","link":"https:\/\/labostera.lt\/lv\/priemones-ir-iranga\/laboratorine-iranga\/analitine-iranga\/medziagu-savybiu-nustatymo-prietaisai\/lazerinis-difrakcijos-daleliu-dydzio-analizatorius-bettersize-instruments-bettersizer-2600-laser-diffraction-particle-size-analyzer\/","title":{"rendered":"L\u0101zera difrakcijas da\u013ci\u0146u izm\u0113ra analizators Bettersize Instruments Bettersizer 2600 l\u0101zera difrakcijas da\u013ci\u0146u izm\u0113ra analizators"},"content":{"rendered":"<h2><strong>Bettersize Instruments Ltd. Bettersizer 2600 l\u0101zera difrakcijas da\u013ci\u0146u izm\u0113ra analizators<\/strong><\/h2>\n<ul>\n<li><strong>Bettersizer 2600<\/strong> ir jaud\u012bgs un daudzpus\u012bgs da\u013ci\u0146u izm\u0113ra analizators, kas darbojas saska\u0146\u0101 ar l\u0101zera difrakcijas metod\u0113m un atbilst ISO 13320 standartam.<\/li>\n<li>M\u016bsu tr\u012bs patent\u0113t\u0101s tehnolo\u0123ijas paver jaunas iesp\u0113jas gandr\u012bz ikvienai nozarei un pielietojumam, pied\u0101v\u0101jot pla\u0161u m\u0113r\u012bjumu izm\u0113ru diapazonu, kas \u013cauj lietot\u0101jiem p\u0101rbaud\u012bt materi\u0101lus no 0,02 \u03bcm l\u012bdz 2600 \u03bcm. Pateicoties modul\u0101rajai konstrukcijai, gan mitros, gan sausos m\u0113r\u012bjumus var veikt vien\u0101 instrument\u0101 un programmat\u016br\u0101, nodro\u0161inot datu integrit\u0101ti.<\/li>\n<\/ul>\n<p>OPTISK\u0100S SIST\u0112MAS PARE\u0122OJUMI<\/p>\n<ul>\n<li>Stabila optisk\u0101 sist\u0113ma ar augstu iz\u0161\u0137irtsp\u0113ju un jut\u012bbu.<\/li>\n<li>Augsta sign\u0101la un trok\u0161\u0146a attiec\u012bba \u012bpa\u0161i smalk\u0101m da\u013ci\u0146\u0101m.<\/li>\n<li>Pla\u0161s m\u0113r\u012bjumu diapazons: no 0,02 \u03bcm l\u012bdz 2600 \u03bcm.<\/li>\n<li>Viena l\u0101zera sist\u0113ma (635 nm) \u2013 spektr\u0101 nav da\u017e\u0101du vi\u013c\u0146u garumu sajaukuma.<\/li>\n<\/ul>\n<p>Augsta iz\u0161\u0137irtsp\u0113ja<br \/>\nBettersizer 2600, pateicoties t\u0101 augstajai iz\u0161\u0137irtsp\u0113jai, var atdal\u012bt da\u017e\u0101dus materi\u0101lus ar da\u017e\u0101da izm\u0113ra da\u013ci\u0146\u0101m vien\u0101 m\u0113r\u012bjum\u0101.<br \/>\n<img fetchpriority=\"high\" decoding=\"async\" width=\"1016\" height=\"361\" class=\"aligncenter size-medium wp-image-17583\" src=\"http:\/\/labostera.lt\/wp-content\/uploads\/2024\/01\/2600_pic.png\" alt=\"Bettersize 2600\" srcset=\"https:\/\/labostera.lt\/wp-content\/uploads\/2024\/01\/2600_pic.png 1016w, https:\/\/labostera.lt\/wp-content\/uploads\/2024\/01\/2600_pic-570x203.png 570w, https:\/\/labostera.lt\/wp-content\/uploads\/2024\/01\/2600_pic-600x213.png 600w, https:\/\/labostera.lt\/wp-content\/uploads\/2024\/01\/2600_pic-300x107.png 300w, https:\/\/labostera.lt\/wp-content\/uploads\/2024\/01\/2600_pic-768x273.png 768w\" sizes=\"(max-width: 1016px) 100vw, 1016px\" \/><br \/>\nAugsta jut\u012bba<br \/>\nPak\u0101peniski pievienojot vienu paraugu otram, Bettersizer 2600 par\u0101da da\u013ci\u0146u izm\u0113ra sadal\u012bjuma izmai\u0146as pa l\u012bkni, apstiprinot t\u0101 izcilo jut\u012bbu.<\/p>\n<ol style=\"list-style-type: upper-roman;\">\n<li><strong>P\u016bkaina un apgriezta p\u016bkaina dizaina kombin\u0101cija<\/strong><br \/>\nBettersizer 2600 ir perfekta Furj\u0113 un apgriezt\u0101 Furj\u0113 dizaina kombin\u0101cija. \u0160is viedais dizains \u013cauj, no vienas puses, noteikt sve\u0161\u0137erme\u0146us \u013coti pla\u0161\u0101 le\u0146\u0137a diapazon\u0101 no 0,016\u00b0 l\u012bdz 165\u00b0. No otras puses, at\u0161\u0137ir\u012bb\u0101 no apgriezt\u0101 Furj\u0113 dizaina, da\u013ci\u0146\u0101m nav j\u0101atrodas vien\u0101 plakn\u0113, t\u0101d\u0113j\u0101di pan\u0101kot vienlaic\u012bgu prec\u012bzu mazu un lielu da\u013ci\u0146u m\u0113r\u012b\u0161anu.<\/p>\n<ul>\n<li style=\"list-style-type: none;\"><strong>Funkcijas<\/strong>\n<ul>\n<li>Sf\u0113risks detektoru mas\u012bvs: priek\u0161\u0113jie, s\u0101nu un aizmugur\u0113jie detektori vis\u0101s 92 da\u013c\u0101s;<\/li>\n<li>\u013boti liels Furj\u0113 objekt\u012bvs;<\/li>\n<li>Mazs izm\u0113rs: kompakts dizains vietas taup\u012b\u0161anai.<\/li>\n<\/ul>\n<\/li>\n<\/ul>\n<\/li>\n<li><strong>Sl\u012bpa parauga \u0161\u016bna<\/strong>\n<ul>\n<li style=\"list-style-type: none;\"><strong>K\u0101da ir kop\u0113j\u0101 iek\u0161\u0113j\u0101s atstaro\u0161anas reakcija?<\/strong><\/li>\n<li>Gaismas atstaro\u0161an\u0101s, kas rodas, kad t\u0101 tr\u0101pa saskarn\u0113 ar uzl\u0101des le\u0146\u0137i, kas ir liel\u0101ks par p\u0101ra ier\u012bces kritisko le\u0146\u0137i.<\/li>\n<li style=\"list-style-type: none;\"><strong>K\u0101 samazin\u0101t piln\u012bgas iek\u0161\u0113j\u0101s atstaro\u0161anas ietekmi?<\/strong><\/li>\n<li>Noliecot parauga \u0161\u016bnu, palielin\u0101j\u0101s kr\u012bto\u0161\u0101s gaismas uztver\u0161anas le\u0146\u0137is, lai samazin\u0101tu piln\u012bgas iek\u0161\u0113j\u0101s atstaro\u0161anas ietekmi.<\/li>\n<li style=\"list-style-type: none;\"><strong>Sl\u012bpas parauga \u0161\u016bnas priek\u0161roc\u012bbas<\/strong>\n<ul>\n<li>Iev\u0113rojami samazina piln\u012bgas iek\u0161\u0113j\u0101s atstaro\u0161anas ietekmi;<\/li>\n<li>Pla\u0161s m\u0113r\u012bjumu diapazons, pateicoties lielajam izklied\u0113t\u0101s gaismas uztver\u0161anas le\u0146\u0137im.<\/li>\n<\/ul>\n<\/li>\n<\/ul>\n<\/li>\n<li><strong>SALOK\u0100M\u0100S KASTES IZM\u0112RI<\/strong>\n<ul>\n<li style=\"list-style-type: none;\">Saska\u0146\u0101 ar Mie teoriju, l\u0101zera difrakcijas m\u0113r\u012bjumi ir sare\u017e\u0123\u012bti \u0161\u0101diem paraugu veidiem:\n<ul>\n<li>Paraugi ar piln\u012bgi nezin\u0101mu komplekso elast\u012bbu;<\/li>\n<li>Paraugi ar heterog\u0113nu \u0137\u012bmisko sast\u0101vu;<\/li>\n<li>Paraugi ar iev\u0113rojami at\u0161\u0137ir\u012bg\u0101m da\u013ci\u0146u optiskaj\u0101m \u012bpa\u0161\u012bb\u0101m sal\u012bdzin\u0101jum\u0101 ar pamatmateri\u0101lu;<\/li>\n<li>Paraugi ar izteikti sp\u0113c\u012bgu optisko izkliedi (zems Abes skaitlis).<\/li>\n<\/ul>\n<\/li>\n<\/ul>\n<ul>\n<li style=\"list-style-type: none;\">Liek\u0161anas indeksa m\u0113r\u012b\u0161ana ir viens no lab\u0101kajiem risin\u0101jumiem. Bettersizer 2600 var:\n<ul>\n<li>Nosakiet elast\u012bbu paraugiem ar nezin\u0101mu elast\u012bbu;<\/li>\n<li>Izm\u0113r\u012bt paraugus ar nezin\u0101m\u0101m \u012bpa\u0161\u012bb\u0101m;<\/li>\n<li>Lai p\u0101rbaud\u012btu zin\u0101mos materi\u0101la datus noteiktam gaismas vi\u013c\u0146a garumam;<\/li>\n<li>Sniedziet pamatparametrus da\u013ci\u0146u izm\u0113ru sadal\u012bjuma apr\u0113\u0137in\u0101\u0161anai re\u0101llaik\u0101.<\/li>\n<\/ul>\n<\/li>\n<\/ul>\n<ul>\n<li style=\"list-style-type: none;\">Mitruma m\u0113r\u012b\u0161anas priek\u0161roc\u012bbas:\n<ul>\n<li>Stabil\u0101ki m\u0113r\u012bjumu rezult\u0101ti sal\u012bdzin\u0101jum\u0101 ar sausajiem m\u0113r\u012bjumiem;<\/li>\n<li>Atk\u0101rtojam\u012bbas test\u0113\u0161anas iesp\u0113ja;<\/li>\n<li>Piem\u0113rots \u013coti smalk\u0101m da\u013ci\u0146\u0101m un trausliem paraugiem.<\/li>\n<\/ul>\n<\/li>\n<\/ul>\n<ul>\n<li style=\"list-style-type: none;\">Saus\u0101s m\u0113r\u012b\u0161anas priek\u0161roc\u012bbas:\n<ul>\n<li>\u0100tri m\u0113r\u012bjumi;<\/li>\n<li>Nav nepiecie\u0161ams virsmas aktivators, zemas izmaksas un videi draudz\u012bgs;<\/li>\n<li>Piem\u0113rots paraugiem, kas ir viegli disper\u0123\u0113jami un nav trausli.<\/li>\n<li>Maz\u0101ka main\u012bba m\u0113r\u012b\u0161anas procesa laik\u0101.<\/li>\n<\/ul>\n<\/li>\n<\/ul>\n<\/li>\n<\/ol>\n<h3>L\u0101zera difrakcijas da\u013ci\u0146u izm\u0113ra analizatori \u2013 <a href=\"http:\/\/labostera.lt\/lv\/product-brand\/bettersize-instruments-ltd\/\" target=\"_blank\" rel=\"noopener\">Lab\u0101ks izm\u0113rs<\/a><\/h3>\n<p>Vair\u0101k inform\u0101cijas: <a href=\"https:\/\/www.bettersizeinstruments.com\/products\/bettersizer-2600-laser-particle-size-analyzer\/\" target=\"_blank\" rel=\"noopener nofollow\">ra\u017eot\u0101ja t\u012bmek\u013ca vietn\u0113<\/a> vai nos\u016btiet mums piepras\u012bjumu!<\/p>","protected":false},"excerpt":{"rendered":"<p><strong>Bettersize Instruments Ltd.<\/strong> iepaz\u012bstina ar Bettersizer 2600 l\u0101zerdifrakcijas analizatoru \u2013 jaud\u012bgu un daudzpus\u012bgu ier\u012bci da\u013ci\u0146u izm\u0113ra anal\u012bzei. Atbilst ISO 13320 standartam un ir apr\u012bkots ar trim patent\u0113t\u0101m tehnolo\u0123ij\u0101m.<\/p>","protected":false},"featured_media":17532,"template":"","meta":[],"product_cat":[82,76,101],"product_tag":[565,568,567,566,569],"class_list":{"0":"post-17523","1":"product","2":"type-product","3":"status-publish","4":"has-post-thumbnail","6":"product_brand-bettersize-instruments-ltd","7":"product_cat-analitine-iranga","8":"product_cat-laboratorine-iranga","9":"product_cat-medziagu-savybiu-nustatymo-prietaisai","10":"product_tag-bettersize-instruments-ltd","11":"product_tag-daleliu-dydzio-analizatoriai","12":"product_tag-laser-diffraction-analyzers","13":"product_tag-lazeriniai-difrakcijos-analizatoriai","14":"product_tag-particle-size-analyzers","16":"first","17":"onbackorder","18":"shipping-taxable","19":"purchasable","20":"product-type-simple"},"_links":{"self":[{"href":"https:\/\/labostera.lt\/lv\/wp-json\/wp\/v2\/product\/17523","targetHints":{"allow":["GET"]}}],"collection":[{"href":"https:\/\/labostera.lt\/lv\/wp-json\/wp\/v2\/product"}],"about":[{"href":"https:\/\/labostera.lt\/lv\/wp-json\/wp\/v2\/types\/product"}],"wp:featuredmedia":[{"embeddable":true,"href":"https:\/\/labostera.lt\/lv\/wp-json\/wp\/v2\/media\/17532"}],"wp:attachment":[{"href":"https:\/\/labostera.lt\/lv\/wp-json\/wp\/v2\/media?parent=17523"}],"wp:term":[{"taxonomy":"product_cat","embeddable":true,"href":"https:\/\/labostera.lt\/lv\/wp-json\/wp\/v2\/product_cat?post=17523"},{"taxonomy":"product_tag","embeddable":true,"href":"https:\/\/labostera.lt\/lv\/wp-json\/wp\/v2\/product_tag?post=17523"}],"curies":[{"name":"wp","href":"https:\/\/api.w.org\/{rel}","templated":true}]}}