{"id":17166,"date":"2023-12-19T14:32:35","date_gmt":"2023-12-19T14:32:35","guid":{"rendered":"http:\/\/labostera.lt\/?post_type=product&#038;p=17166"},"modified":"2024-02-22T11:30:05","modified_gmt":"2024-02-22T09:30:05","slug":"klinikiniu-igudziu-skubios-pagalbos-simuliatoriai-kyoto-kagaku-clinical-skills-emergency-response-er-simulators","status":"publish","type":"product","link":"https:\/\/labostera.lt\/lv\/priemones-ir-iranga\/mokymo-priemones-ir-iranga\/modeliai-manekenai-muliazai\/klinikiniu-igudziu-skubios-pagalbos-simuliatoriai-kyoto-kagaku-clinical-skills-emergency-response-er-simulators\/","title":{"rendered":"Kl\u012bnisko prasmju neatliekam\u0101s pal\u012bdz\u012bbas (NRP) simulatori Kioto Kagaku kl\u012bnisk\u0101s prasmes neatliekam\u0101s pal\u012bdz\u012bbas (NRP) simulatori"},"content":{"rendered":"<p><strong>Kyoto Kagaku Co., Ltd. Kl\u012bnisko prasmju \u0101rk\u0101rtas situ\u0101ciju simulatoru raksturojums<\/strong>:<br \/>\nKatalog\u0101 ir iek\u013cauti \u0161\u0101di simulatori:<\/p>\n<ul>\n<li>Traheostomijas simulators<\/li>\n<li>Neatliekam\u0101s\/ak\u016bt\u0101s v\u0113dera ultraska\u0146as fantoms \u201cFAST\/ER FAN\u201d \u2013 \u0100TR\u0100\/ak\u016bt\u0101 v\u0113dera ultraska\u0146as fantoms \u201cFAST\/ER FAN\u201d<\/li>\n<li>Sare\u017e\u0123\u012btu elpce\u013cu p\u0101rvald\u012bbas simulatora nov\u0113rt\u0113\u0161anas sist\u0113ma<\/li>\n<li>Sare\u017e\u0123\u012bta elpce\u013cu p\u0101rvald\u012bbas simulatora apm\u0101c\u012bbas modelis<\/li>\n<li>Sare\u017e\u0123\u012btu elpce\u013cu p\u0101rvald\u012bbas simulatora demonstr\u0101cijas modelis<\/li>\n<li>Sare\u017e\u0123\u012btu elpce\u013cu p\u0101rvald\u012bbas simulators bronhofiberskopijai<\/li>\n<\/ul>\n<p>Vair\u0101k inform\u0101cijas: <a href=\"https:\/\/www.kyotokagaku.com\/en\/products\/search_cate\/\" target=\"_blank\" rel=\"noopener nofollow\">ra\u017eot\u0101ja t\u012bmek\u013ca vietn\u0113<\/a> vai nos\u016btiet mums piepras\u012bjumu!<\/p>","protected":false},"excerpt":{"rendered":"<p><strong>Pied\u0101v\u0101jam pla\u0161u ier\u012b\u010du izv\u0113li no Jap\u0101nas ra\u017eot\u0101ja Kyoto Kagaku Co., Ltd.<\/strong>, kura uz\u0146\u0113mums koncentr\u0113jas uz produktu un procesu efektivit\u0101tes nep\u0101rtrauktu uzlabo\u0161anu, cen\u0161oties pied\u0101v\u0101t lab\u0101kos tehnolo\u0123iskos risin\u0101jumus medic\u012bnisk\u0101s simul\u0101cijas nozar\u0113m kopum\u0101.<\/p>","protected":false},"featured_media":17172,"template":"","meta":[],"product_cat":[75,79,81],"product_tag":[538,547,546,541,522,490,491,548,537,536],"class_list":{"0":"post-17166","1":"product","2":"type-product","3":"status-publish","4":"has-post-thumbnail","6":"product_brand-kyoto-kagaku-co-ltd","7":"product_cat-modeliai-manekenai-muliazai","8":"product_cat-mokymo-priemones-ir-iranga","9":"product_cat-ultragarsiniai-fantomai","10":"product_tag-clinical-skills-simulators","11":"product_tag-emergency-response-simulators","12":"product_tag-er-simulators","13":"product_tag-klinikiniu-igudziu-simuliatoriai","14":"product_tag-kyoto-kagaku-co-ltd","15":"product_tag-simulators","16":"product_tag-simuliatoriai","17":"product_tag-skubios-pagalbos-simuliatoriai","18":"product_tag-ultragarsiniai-fantomai","19":"product_tag-ultrasound-phantoms","21":"first","22":"onbackorder","23":"shipping-taxable","24":"purchasable","25":"product-type-variable"},"_links":{"self":[{"href":"https:\/\/labostera.lt\/lv\/wp-json\/wp\/v2\/product\/17166","targetHints":{"allow":["GET"]}}],"collection":[{"href":"https:\/\/labostera.lt\/lv\/wp-json\/wp\/v2\/product"}],"about":[{"href":"https:\/\/labostera.lt\/lv\/wp-json\/wp\/v2\/types\/product"}],"wp:featuredmedia":[{"embeddable":true,"href":"https:\/\/labostera.lt\/lv\/wp-json\/wp\/v2\/media\/17172"}],"wp:attachment":[{"href":"https:\/\/labostera.lt\/lv\/wp-json\/wp\/v2\/media?parent=17166"}],"wp:term":[{"taxonomy":"product_cat","embeddable":true,"href":"https:\/\/labostera.lt\/lv\/wp-json\/wp\/v2\/product_cat?post=17166"},{"taxonomy":"product_tag","embeddable":true,"href":"https:\/\/labostera.lt\/lv\/wp-json\/wp\/v2\/product_tag?post=17166"}],"curies":[{"name":"wp","href":"https:\/\/api.w.org\/{rel}","templated":true}]}}