{"id":17028,"date":"2023-12-19T08:58:02","date_gmt":"2023-12-19T08:58:02","guid":{"rendered":"http:\/\/labostera.lt\/?post_type=product&#038;p=17028"},"modified":"2024-02-22T11:30:18","modified_gmt":"2024-02-22T09:30:18","slug":"fizines-apziuros-simuliatoriai-kyoto-kagaku-physical-examination-simulators","status":"publish","type":"product","link":"https:\/\/labostera.lt\/lv\/priemones-ir-iranga\/mokymo-priemones-ir-iranga\/modeliai-manekenai-muliazai\/fizines-apziuros-simuliatoriai-kyoto-kagaku-physical-examination-simulators\/","title":{"rendered":"Fizisk\u0101s apskates simulatori Kioto Kagaku fizisk\u0101s apskates simulatori"},"content":{"rendered":"<p><strong>Kyoto Kagaku Co., Ltd. Fizisk\u0101s apskates simulatoru raksturojums<\/strong>:<br \/>\nKatalog\u0101 ir iek\u013cauti \u0161\u0101di simulatori:<\/p>\n<ul>\n<li>Pediatrisk\u0101 plau\u0161u ska\u0146as auskult\u0101cijas trena\u017eieris<\/li>\n<li>Asinsspiediena m\u0113r\u012b\u0161anas treneris II<\/li>\n<li>V\u0113dera dobuma simulators izmekl\u0113\u0161anai<\/li>\n<li>Galvas un kakla palp\u0101cijas treneris<\/li>\n<li>Fizisk\u0101s nov\u0113rt\u0113\u0161anas simulators &quot;Physiko&quot;<\/li>\n<li>Fizisk\u0101s nov\u0113rt\u0113\u0161anas simulators \u201cPhysiko\u201d Plus \u2013 fizisk\u0101s nov\u0113rt\u0113\u0161anas simulators \u201cPhysiko Plus\u201d<\/li>\n<li>Kardiolo\u0123ijas pacienta simulators &quot;K&quot; II \u2013 Kardiolo\u0123ijas pacienta simulators &quot;K&quot; II<\/li>\n<li>Plau\u0161u ska\u0146as auskult\u0101cijas trena\u017eieris &quot;LSAT&quot; II<\/li>\n<li>Dzirdes izmekl\u0113\u0161anas simulators II \u2013 AUS izmekl\u0113\u0161anas simulators II<\/li>\n<li>Acu p\u0101rbaudes simulators \u2013 ACU p\u0101rbaudes simulators<\/li>\n<li>Nazofaring\u0101las uztriepes sav\u0101k\u0161anas simulators<\/li>\n<li>Digit\u0101l\u0101s taisn\u0101s zarnas izmekl\u0113\u0161anas simulators<\/li>\n<li>Prostatas izmekl\u0113\u0161anas simulators<\/li>\n<li>Prostatas un taisn\u0101s zarnas simulators<\/li>\n<li>S\u0113klinieku ultraska\u0146as fantoms<\/li>\n<li>3D kolonoskopa apm\u0101c\u012bbas simulators NKS \u2013 3D kolonoskopa apm\u0101c\u012bbas simulators NKS<\/li>\n<li>Kolonoskopijas apm\u0101c\u012bbas simulators \u2013 kolonoskopijas apm\u0101c\u012bbas simulators<\/li>\n<li>Ultraska\u0146as izmekl\u0113\u0161anas apm\u0101c\u012bbas fantoms \u201cABDFAN\u201d<\/li>\n<li>Ultraska\u0146as izmekl\u0113\u0161anas apm\u0101c\u012bbas fantoms &quot;ECHOZY&quot;<\/li>\n<\/ul>\n<p>Vair\u0101k inform\u0101cijas: <a href=\"https:\/\/www.kyotokagaku.com\/en\/products\/search_cate\/\" target=\"_blank\" rel=\"noopener nofollow\">ra\u017eot\u0101ja t\u012bmek\u013ca vietn\u0113<\/a> vai nos\u016btiet mums piepras\u012bjumu!<\/p>","protected":false},"excerpt":{"rendered":"<p><strong>Pied\u0101v\u0101jam pla\u0161u ier\u012b\u010du izv\u0113li no Jap\u0101nas ra\u017eot\u0101ja Kyoto Kagaku Co., Ltd.<\/strong>, kura uz\u0146\u0113mums koncentr\u0113jas uz produktu un procesu efektivit\u0101tes nep\u0101rtrauktu uzlabo\u0161anu, cen\u0161oties pied\u0101v\u0101t lab\u0101kos tehnolo\u0123iskos risin\u0101jumus medic\u012bnisk\u0101s simul\u0101cijas nozar\u0113m kopum\u0101.<\/p>","protected":false},"featured_media":17044,"template":"","meta":[],"product_cat":[75,79,81],"product_tag":[534,522,576,577,575,535,490,491,537,536],"class_list":{"0":"post-17028","1":"product","2":"type-product","3":"status-publish","4":"has-post-thumbnail","6":"product_brand-kyoto-kagaku-co-ltd","7":"product_cat-modeliai-manekenai-muliazai","8":"product_cat-mokymo-priemones-ir-iranga","9":"product_cat-ultragarsiniai-fantomai","10":"product_tag-fizines-apziuros-simuliatoriai","11":"product_tag-kyoto-kagaku-co-ltd","12":"product_tag-manekenai","13":"product_tag-modeliai","14":"product_tag-muliazai","15":"product_tag-physical-examination-simulators","16":"product_tag-simulators","17":"product_tag-simuliatoriai","18":"product_tag-ultragarsiniai-fantomai","19":"product_tag-ultrasound-phantoms","21":"first","22":"onbackorder","23":"shipping-taxable","24":"purchasable","25":"product-type-variable"},"_links":{"self":[{"href":"https:\/\/labostera.lt\/lv\/wp-json\/wp\/v2\/product\/17028","targetHints":{"allow":["GET"]}}],"collection":[{"href":"https:\/\/labostera.lt\/lv\/wp-json\/wp\/v2\/product"}],"about":[{"href":"https:\/\/labostera.lt\/lv\/wp-json\/wp\/v2\/types\/product"}],"wp:featuredmedia":[{"embeddable":true,"href":"https:\/\/labostera.lt\/lv\/wp-json\/wp\/v2\/media\/17044"}],"wp:attachment":[{"href":"https:\/\/labostera.lt\/lv\/wp-json\/wp\/v2\/media?parent=17028"}],"wp:term":[{"taxonomy":"product_cat","embeddable":true,"href":"https:\/\/labostera.lt\/lv\/wp-json\/wp\/v2\/product_cat?post=17028"},{"taxonomy":"product_tag","embeddable":true,"href":"https:\/\/labostera.lt\/lv\/wp-json\/wp\/v2\/product_tag?post=17028"}],"curies":[{"name":"wp","href":"https:\/\/api.w.org\/{rel}","templated":true}]}}