{"id":16959,"date":"2023-12-11T11:10:37","date_gmt":"2023-12-11T11:10:37","guid":{"rendered":"http:\/\/labostera.lt\/?post_type=product&#038;p=16959"},"modified":"2024-10-18T15:19:05","modified_gmt":"2024-10-18T12:19:05","slug":"pacientu-prieziuros-simuliatoriai-kyoto-kagaku-patient-care-simulators","status":"publish","type":"product","link":"https:\/\/labostera.lt\/lv\/priemones-ir-iranga\/mokymo-priemones-ir-iranga\/modeliai-manekenai-muliazai\/pacientu-prieziuros-simuliatoriai-kyoto-kagaku-patient-care-simulators\/","title":{"rendered":"Pacientu apr\u016bpes simulatori Kioto Kagaku pacientu apr\u016bpes simulatori"},"content":{"rendered":"<p><strong>Kyoto Kagaku Co., Ltd. Pacientu apr\u016bpes simulatoru raksturojums<\/strong>:<br \/>\nKatalog\u0101 ir iek\u013cauti \u0161\u0101di simulatori:<\/p>\n<ul>\n<li>Pacientu apr\u016bpes simulators &quot;J\u0101&quot;<\/li>\n<li>Pacientu apr\u016bpes simulators &quot;Keiko&quot;<\/li>\n<li>Pacientu apr\u016bpes simulators &quot;\u0136irsis&quot; \u2013 Pacientu apr\u016bpes simulators &quot;\u0136irsis&quot;<\/li>\n<li>Peld\u0113\u0161an\u0101s un stacion\u0101r\u0101s apr\u016bpes simulators (v\u012brie\u0161iem)<\/li>\n<li>Elpce\u013cu ats\u016bk\u0161anas trena\u017eieris<\/li>\n<li>Caurules baro\u0161anas simulators (NG, OG un PEG)<\/li>\n<li>V\u012brie\u0161u\/sievie\u0161u suprapubisk\u0101 katetra apr\u016bpes simulators<\/li>\n<li>V\u012brie\u0161u\/sievie\u0161u kateteriz\u0101cijas\/klizmas simulators<\/li>\n<li>Strap-on kateteriz\u0101cijas\/klizmas simulators<\/li>\n<li>Pieaugu\u0161o auti\u0146biks\u012b\u0161u mai\u0146as treneris<\/li>\n<li>Medic\u012bnisk\u0101s p\u0113du apr\u016bpes simulators<\/li>\n<li>Bedr\u012b\u0161u t\u016bskas simulators \u2013 bedr\u012b\u0161u t\u016bskas simulators<\/li>\n<li>Izgul\u0113jumu simulators<\/li>\n<li>Mutes dobuma kop\u0161anas simulators Advanced<\/li>\n<li>Ievada ultraska\u0146as apm\u0101c\u012bbas bloks \u201c\u012aSTAIS ASINSVADS\u201d<\/li>\n<\/ul>\n<p>Vair\u0101k inform\u0101cijas: <a href=\"https:\/\/www.kyotokagaku.com\/en\/products\/search_cate\/\" target=\"_blank\" rel=\"noopener nofollow\">ra\u017eot\u0101ja t\u012bmek\u013ca vietn\u0113<\/a> vai nos\u016btiet mums piepras\u012bjumu!<\/p>","protected":false},"excerpt":{"rendered":"<p><strong>Pied\u0101v\u0101jam pla\u0161u ier\u012b\u010du izv\u0113li no Jap\u0101nas ra\u017eot\u0101ja Kyoto Kagaku Co., Ltd.<\/strong>, kura uz\u0146\u0113mums koncentr\u0113jas uz produktu un procesu efektivit\u0101tes nep\u0101rtrauktu uzlabo\u0161anu, cen\u0161oties pied\u0101v\u0101t lab\u0101kos tehnolo\u0123iskos risin\u0101jumus medic\u012bnisk\u0101s simul\u0101cijas nozar\u0113m kopum\u0101.<\/p>","protected":false},"featured_media":16985,"template":"","meta":[],"product_cat":[75,79,81],"product_tag":[522,576,577,575,533,532,490,491,537,536],"class_list":{"0":"post-16959","1":"product","2":"type-product","3":"status-publish","4":"has-post-thumbnail","6":"product_brand-kyoto-kagaku-co-ltd","7":"product_cat-modeliai-manekenai-muliazai","8":"product_cat-mokymo-priemones-ir-iranga","9":"product_cat-ultragarsiniai-fantomai","10":"product_tag-kyoto-kagaku-co-ltd","11":"product_tag-manekenai","12":"product_tag-modeliai","13":"product_tag-muliazai","14":"product_tag-pacientu-prieziuros-simuliatoriai","15":"product_tag-patient-care-simulators","16":"product_tag-simulators","17":"product_tag-simuliatoriai","18":"product_tag-ultragarsiniai-fantomai","19":"product_tag-ultrasound-phantoms","21":"first","22":"onbackorder","23":"shipping-taxable","24":"purchasable","25":"product-type-variable"},"_links":{"self":[{"href":"https:\/\/labostera.lt\/lv\/wp-json\/wp\/v2\/product\/16959","targetHints":{"allow":["GET"]}}],"collection":[{"href":"https:\/\/labostera.lt\/lv\/wp-json\/wp\/v2\/product"}],"about":[{"href":"https:\/\/labostera.lt\/lv\/wp-json\/wp\/v2\/types\/product"}],"wp:featuredmedia":[{"embeddable":true,"href":"https:\/\/labostera.lt\/lv\/wp-json\/wp\/v2\/media\/16985"}],"wp:attachment":[{"href":"https:\/\/labostera.lt\/lv\/wp-json\/wp\/v2\/media?parent=16959"}],"wp:term":[{"taxonomy":"product_cat","embeddable":true,"href":"https:\/\/labostera.lt\/lv\/wp-json\/wp\/v2\/product_cat?post=16959"},{"taxonomy":"product_tag","embeddable":true,"href":"https:\/\/labostera.lt\/lv\/wp-json\/wp\/v2\/product_tag?post=16959"}],"curies":[{"name":"wp","href":"https:\/\/api.w.org\/{rel}","templated":true}]}}