{"id":16870,"date":"2023-11-30T09:34:17","date_gmt":"2023-11-30T09:34:17","guid":{"rendered":"http:\/\/labostera.lt\/?post_type=product&#038;p=16870"},"modified":"2024-01-23T15:18:54","modified_gmt":"2024-01-23T13:18:54","slug":"nuotolines-prieigos-deze-smc-international-training-rab-400-remote-access-box","status":"publish","type":"product","link":"https:\/\/labostera.lt\/lv\/priemones-ir-iranga\/mokymo-priemones-ir-iranga\/industrija-4-0\/nuotolines-prieigos-deze-smc-international-training-rab-400-remote-access-box\/","title":{"rendered":"Att\u0101l\u0101s piek\u013cuves kaste SMC International Training RAB-400 att\u0101l\u0101s piek\u013cuves kaste"},"content":{"rendered":"<h2><strong>SMC Espa\u00f1a SAU RAB-400 t\u0101lvad\u012bbas piek\u013cuves bloks<\/strong><\/h2>\n<ul>\n<li><strong>RAB-400<\/strong> \u2013 Att\u0101l\u0101s piek\u013cuves lodzi\u0146\u0161\n<ul>\n<li><strong>DRO\u0160S SAVIENOJUMS:<\/strong> Dro\u0161a un kontrol\u0113ta piek\u013cuve da\u017e\u0101d\u0101m ier\u012bc\u0113m ar interneta saskarni, piem\u0113ram, programm\u0113jamiem kontrolieriem, ma\u0161\u012bnredzes kamer\u0101m, sadarb\u012bbas robotiem, cilv\u0113ka-ma\u0161\u012bnas saskarn\u0113m (HMI), datoriem utt.<\/li>\n<li><strong>VIENK\u0100R\u0160A KONFIGUR\u0100CIJA:<\/strong> \u0100tra un vienk\u0101r\u0161a konfigur\u0113\u0161ana, izmantojot RAB-400 Assistant programmat\u016bru. \u0160\u012b ir t\u012bmek\u013ca lietojumprogramma, kas \u013cauj \u0101tri konfigur\u0113t tr\u012bs vienk\u0101r\u0161os so\u013cos (nepiecie\u0161ama oper\u0113t\u0101jsist\u0113ma MS Windows 10).<\/li>\n<li><strong>RE\u0100LLAIKA UZRAUDZ\u012aBA:<\/strong> Skats re\u0101llaik\u0101 un piek\u013cuve sader\u012bg\u0101m ier\u012bc\u0113m.<\/li>\n<\/ul>\n<\/li>\n<li><strong>RAB-400 ietver:<\/strong>\n<ul>\n<li><strong>Vad\u012bbas panelis<\/strong><\/li>\n<li><strong>Komplekts ar IP kameru + stat\u012bvu:<\/strong>\n<ul>\n<li>IP kamera<\/li>\n<li>Stat\u012bvs, kas piel\u0101gojas poz\u012bcijai un augstumam<\/li>\n<li>Atbalsta da\u013ca<\/li>\n<li>Ethernet t\u012bkla kabelis (10 m)<\/li>\n<\/ul>\n<\/li>\n<li><strong>USB zibatmi\u0146as disks:<\/strong>\n<ul>\n<li>Dokument\u0101cija<\/li>\n<li>RAB-400 pal\u012bgprogrammat\u016bra<\/li>\n<li>Sertifik\u0101ti un paroles<\/li>\n<\/ul>\n<\/li>\n<\/ul>\n<\/li>\n<\/ul>\n<h3>Simulatori \u2013 <a href=\"http:\/\/labostera.lt\/lv\/product-brand\/smc-espana-s-a-u\/\" target=\"_blank\" rel=\"noopener\">SMC<\/a><\/h3>\n<p>Vair\u0101k inform\u0101cijas: <a href=\"https:\/\/www.smctraining.com\/en\/webpage\/indexpage\/1723\" target=\"_blank\" rel=\"noopener nofollow\">ra\u017eot\u0101ja t\u012bmek\u013ca vietn\u0113<\/a> vai nos\u016btiet mums piepras\u012bjumu!<\/p>","protected":false},"excerpt":{"rendered":"<p><strong>Pied\u0101v\u0101jam pla\u0161u Sp\u0101nijas ra\u017eot\u0101ja &quot;SMC Espa\u00f1a SAU&quot; iek\u0101rtu izv\u0113li.<\/strong>, kura uz\u0146\u0113mums koncentr\u0113jas uz produktu un procesu efektivit\u0101tes nep\u0101rtrauktu uzlabo\u0161anu, cen\u0161oties pied\u0101v\u0101t lab\u0101kos tehnolo\u0123iskos risin\u0101jumus tehniski zin\u0101tnisk\u0101s p\u0113tniec\u012bbas un simul\u0101cijas nozar\u0113m kopum\u0101.<\/p>","protected":false},"featured_media":16871,"template":"","meta":[],"product_cat":[494,79],"product_tag":[498,497,487],"class_list":{"0":"post-16870","1":"product","2":"type-product","3":"status-publish","4":"has-post-thumbnail","6":"product_brand-smc-espana-s-a-u","7":"product_cat-industrija-4-0","8":"product_cat-mokymo-priemones-ir-iranga","9":"product_tag-industrija-4-0","10":"product_tag-industry-4-0","11":"product_tag-smc-espana-s-a-u","13":"first","14":"onbackorder","15":"shipping-taxable","16":"purchasable","17":"product-type-simple"},"_links":{"self":[{"href":"https:\/\/labostera.lt\/lv\/wp-json\/wp\/v2\/product\/16870","targetHints":{"allow":["GET"]}}],"collection":[{"href":"https:\/\/labostera.lt\/lv\/wp-json\/wp\/v2\/product"}],"about":[{"href":"https:\/\/labostera.lt\/lv\/wp-json\/wp\/v2\/types\/product"}],"wp:featuredmedia":[{"embeddable":true,"href":"https:\/\/labostera.lt\/lv\/wp-json\/wp\/v2\/media\/16871"}],"wp:attachment":[{"href":"https:\/\/labostera.lt\/lv\/wp-json\/wp\/v2\/media?parent=16870"}],"wp:term":[{"taxonomy":"product_cat","embeddable":true,"href":"https:\/\/labostera.lt\/lv\/wp-json\/wp\/v2\/product_cat?post=16870"},{"taxonomy":"product_tag","embeddable":true,"href":"https:\/\/labostera.lt\/lv\/wp-json\/wp\/v2\/product_tag?post=16870"}],"curies":[{"name":"wp","href":"https:\/\/api.w.org\/{rel}","templated":true}]}}