{"id":16859,"date":"2023-11-30T09:19:35","date_gmt":"2023-11-30T09:19:35","guid":{"rendered":"http:\/\/labostera.lt\/?post_type=product&#038;p=16859"},"modified":"2024-01-23T15:07:22","modified_gmt":"2024-01-23T13:07:22","slug":"modulinis-surinkimo-simuliatorius-smc-international-training-mas-200-modular-assembly-simulator","status":"publish","type":"product","link":"https:\/\/labostera.lt\/lv\/priemones-ir-iranga\/mokymo-priemones-ir-iranga\/industrija-4-0\/modulinis-surinkimo-simuliatorius-smc-international-training-mas-200-modular-assembly-simulator\/","title":{"rendered":"Modul\u0101r\u0101 mont\u0101\u017eas simulators SMC International Training MAS-200 modul\u0101r\u0101 mont\u0101\u017eas simulators"},"content":{"rendered":"<h2><strong>SMC Espa\u00f1a SAU MAS-200 modu\u013cu mont\u0101\u017eas simulators<\/strong><\/h2>\n<ul>\n<li><strong>MAS-200<\/strong>\n<ul>\n<li>Modul\u0101ras apm\u0101c\u012bbu sist\u0113mas, kas simul\u0113 re\u0101lu r\u016bpniecisk\u0101s mont\u0101\u017eas procesu.<\/li>\n<li>Sast\u0101v no piec\u0101m stacij\u0101m, katra no kur\u0101m veic da\u013cu no gatav\u0101 produkta mont\u0101\u017eas.<\/li>\n<li>Stacijas ir piln\u012bgi autonomas, kas \u013cauj t\u0101m veidot piln\u012bgu ra\u017eo\u0161anas \u0161\u016bnu.<\/li>\n<li>MAS-200 komponenti tiek izmantoti r\u016bpniec\u012bb\u0101, sniedzot detaliz\u0113tas zin\u0101\u0161anas par automatiz\u0113t\u0101m r\u016bpnieciskaj\u0101m tehnolo\u0123ij\u0101m.<\/li>\n<li>Ieskaitot SCADA r\u012bku, kas \u013cauj uzraudz\u012bt ier\u012b\u010du statusu, kontrol\u0113t procesu re\u0101llaik\u0101 un \u0123ener\u0113t statistiku.<\/li>\n<\/ul>\n<\/li>\n<li><strong>MAS-201: Pamatnes padeve ar nepareizu deta\u013cu noteik\u0161anu un izme\u0161anu<\/strong>\n<ul>\n<li>Pamatne tiek padota, p\u0101rbaudot orient\u0101ciju un p\u0101rvietojot to uz mont\u0101\u017eas poz\u012bciju.<\/li>\n<li>Ieskaitot TROUB-200 k\u013c\u016bmju simul\u0101cijas sist\u0113mu.<\/li>\n<\/ul>\n<\/li>\n<li><strong>MAS-202: V\u0101ka pozicion\u0113\u0161ana<\/strong>\n<ul>\n<li>Ievieto v\u0101ku sagatav\u0113.<\/li>\n<li>Ieskaitot TROUB-200 k\u013c\u016bmju simul\u0101cijas sist\u0113mu.<\/li>\n<\/ul>\n<\/li>\n<li><strong>MAS-203: Gult\u0146u ievieto\u0161ana<\/strong>\n<ul>\n<li>Padodiet gultni un p\u0101rvietojiet to uzst\u0101d\u012b\u0161anas poz\u012bcij\u0101.<\/li>\n<li>Ieskaitot TROUB-200 k\u013c\u016bmju simul\u0101cijas sist\u0113mu.<\/li>\n<\/ul>\n<\/li>\n<li><strong>MAS-204: V\u0101rpstas ievieto\u0161ana<\/strong>\n<ul>\n<li>Padodiet v\u0101rpstu un p\u0101rvietojiet to uzst\u0101d\u012b\u0161anas poz\u012bcij\u0101.<\/li>\n<li>Ieskaitot TROUB-200 k\u013c\u016bmju simul\u0101cijas sist\u0113mu.<\/li>\n<\/ul>\n<\/li>\n<li><strong>MAS-205: Deta\u013cu p\u0101rvieto\u0161ana<\/strong>\n<ul>\n<li>Atbild\u012bgs par visu no cit\u0101m stacij\u0101m sa\u0146emto deta\u013cu mont\u0101\u017eu vai demont\u0101\u017eu.<\/li>\n<li>Ir divas versijas: ar pneimatisko indeks\u0113\u0161anas plakni vai ar se\u0161u asu robotu.<\/li>\n<li>\u0160\u012bs stacijas PLC ir t\u012bkla galvenais vad\u012bt\u0101js PLC cit\u0101s stacij\u0101s. Taj\u0101 ir vad\u012bbas panelis, tastat\u016bra, trauksmes sign\u0101ls, baro\u0161anas avots un savienojumi gaisam un elektr\u012bbai.<\/li>\n<\/ul>\n<\/li>\n<li><strong>MAS-205B: Robotiz\u0113ta p\u0101rvieto\u0161ana<\/strong>\n<ul>\n<li>Ir iek\u013cauta iesp\u0113ja apg\u016bt robotiku, veicot visu deta\u013cu mont\u0101\u017eas un demont\u0101\u017eas uzdevumus.<\/li>\n<li>Robots veic mont\u0101\u017eas un demont\u0101\u017eas uzdevumus ar diviem rot\u0113jo\u0161iem instrumentiem.<\/li>\n<li>Ieskaitot TROUB-200 k\u013c\u016bmju simul\u0101cijas sist\u0113mu.<\/li>\n<\/ul>\n<\/li>\n<\/ul>\n<h3>Automatiz\u0101cija \u2013 Simulatori \u2013 <a href=\"http:\/\/labostera.lt\/lv\/product-brand\/smc-espana-s-a-u\/\" target=\"_blank\" rel=\"noopener\">SMC<\/a><\/h3>\n<p>Vair\u0101k inform\u0101cijas: <a href=\"https:\/\/www.smctraining.com\/en\/webpage\/indexpage\/365\" target=\"_blank\" rel=\"noopener nofollow\">ra\u017eot\u0101ja t\u012bmek\u013ca vietn\u0113<\/a> vai nos\u016btiet mums piepras\u012bjumu!<\/p>","protected":false},"excerpt":{"rendered":"<p><strong>Pied\u0101v\u0101jam pla\u0161u Sp\u0101nijas ra\u017eot\u0101ja &quot;SMC Espa\u00f1a SAU&quot; iek\u0101rtu izv\u0113li.<\/strong>, kura uz\u0146\u0113mums koncentr\u0113jas uz produktu un procesu efektivit\u0101tes nep\u0101rtrauktu uzlabo\u0161anu, cen\u0161oties pied\u0101v\u0101t lab\u0101kos tehnolo\u0123iskos risin\u0101jumus tehniski zin\u0101tnisk\u0101s p\u0113tniec\u012bbas un simul\u0101cijas nozar\u0113m kopum\u0101.<\/p>","protected":false},"featured_media":16863,"template":"","meta":[],"product_cat":[494,79,74],"product_tag":[498,497,516,515,490,491,487],"class_list":{"0":"post-16859","1":"product","2":"type-product","3":"status-publish","4":"has-post-thumbnail","6":"product_brand-smc-espana-s-a-u","7":"product_cat-industrija-4-0","8":"product_cat-mokymo-priemones-ir-iranga","9":"product_cat-simuliatoriai","10":"product_tag-industrija-4-0","11":"product_tag-industry-4-0","12":"product_tag-modular-assembly-simulators","13":"product_tag-moduliniai-surinkimo-simuliatoriai","14":"product_tag-simulators","15":"product_tag-simuliatoriai","16":"product_tag-smc-espana-s-a-u","18":"first","19":"onbackorder","20":"shipping-taxable","21":"purchasable","22":"product-type-variable"},"_links":{"self":[{"href":"https:\/\/labostera.lt\/lv\/wp-json\/wp\/v2\/product\/16859","targetHints":{"allow":["GET"]}}],"collection":[{"href":"https:\/\/labostera.lt\/lv\/wp-json\/wp\/v2\/product"}],"about":[{"href":"https:\/\/labostera.lt\/lv\/wp-json\/wp\/v2\/types\/product"}],"wp:featuredmedia":[{"embeddable":true,"href":"https:\/\/labostera.lt\/lv\/wp-json\/wp\/v2\/media\/16863"}],"wp:attachment":[{"href":"https:\/\/labostera.lt\/lv\/wp-json\/wp\/v2\/media?parent=16859"}],"wp:term":[{"taxonomy":"product_cat","embeddable":true,"href":"https:\/\/labostera.lt\/lv\/wp-json\/wp\/v2\/product_cat?post=16859"},{"taxonomy":"product_tag","embeddable":true,"href":"https:\/\/labostera.lt\/lv\/wp-json\/wp\/v2\/product_tag?post=16859"}],"curies":[{"name":"wp","href":"https:\/\/api.w.org\/{rel}","templated":true}]}}